{"id":4733,"date":"2019-06-12T11:34:29","date_gmt":"2019-06-12T17:34:29","guid":{"rendered":"https:\/\/advancedsofttissuerelease.com\/?post_type=product&#038;p=4733"},"modified":"2025-09-23T20:47:35","modified_gmt":"2025-09-24T00:47:35","slug":"lean-programm-2","status":"publish","type":"product","link":"https:\/\/advancedsofttissuerelease.com\/de\/product\/lean-program\/","title":{"rendered":"Schlankheitsprogramm &amp; Nahrungserg\u00e4nzungsmittel"},"content":{"rendered":"<div dir=\"ltr\">\n<h1><strong><span class=\"\" style=\"font-size: 12pt; color: #333333;\">Lean-Programm &amp; Erg\u00e4nzungen<\/span><\/strong><\/h1>\n<p><span class=\"\" style=\"color: #333333;\">Das Lean-Programm von ASTR ist ein aktueller, wissenschaftlicher Ansatz, der auf Hunderten von Studien basiert, die sich auf den besten Weg zur Gewichtsabnahme durch Nahrungserg\u00e4nzung, Ern\u00e4hrung und Verhaltens\u00e4nderung konzentrieren. Dies ist ein Schritt-f\u00fcr-Schritt-Ern\u00e4hrungsplan, der das Erstellen einer Einkaufsliste, Rezeptbeispiele, Self-Care-Rezepte, Videoanweisungen zur Umsetzung des Lean-Programms und eine Schritt-f\u00fcr-Schritt-Anleitung umfasst.<\/span><\/p>\n<\/div>\n<h2><span class=\"\" style=\"font-size: 12pt; color: #333333;\"><b class=\"\">Welche Erkrankungen\/Patienten w\u00fcrden am meisten vom Lean-Programm von ASTR profitieren?<\/b><\/span><\/h2>\n<ul>\n<li><span class=\"\" style=\"color: #333333;\">Diabetiker\/Pr\u00e4diabetiker\/insulinresistent<\/span><\/li>\n<li><span class=\"\" style=\"color: #333333;\">Chronische M\u00fcdigkeit \/ niedrige Energie<\/span><\/li>\n<li><span class=\"\" style=\"color: #333333;\">\u00dcbergewicht<\/span><\/li>\n<li><span class=\"\" style=\"color: #333333;\">Hoher Blutdruck<\/span><\/li>\n<li><span class=\"\" style=\"color: #333333;\">Hohe Triglyceridwerte<\/span><\/li>\n<li><span class=\"\" style=\"color: #333333;\">Hoher Cholesterinspiegel<\/span><\/li>\n<li><span style=\"color: #333333;\">Syndrom X<\/span><\/li>\n<\/ul>\n<p><span style=\"color: #333333;\"><b>Was ist inbegriffen:<\/b><\/span><\/p>\n<ul>\n<li><span style=\"color: #333333;\">Anleitungsvideo<\/span><\/li>\n<li><span style=\"color: #333333;\">Beispielrezepte<span class=\"Apple-converted-space\">\u00a0<\/span><\/span><\/li>\n<li><span style=\"color: #333333;\">Speisepl\u00e4ne<\/span><\/li>\n<li><span style=\"color: #333333;\">ASTR Lean-Handbuch<\/span><\/li>\n<li><span style=\"color: #333333;\">Erg\u00e4nzungen<\/span>\n<ul>\n<li><span style=\"color: #333333;\">Kollagen Aktiv<\/span><\/li>\n<li><span style=\"color: #333333;\">B-aktiv<\/span><\/li>\n<li><span style=\"color: #333333;\">Jod aktiv<\/span><\/li>\n<li><span style=\"color: #333333;\">Probiotisch Max<\/span><\/li>\n<\/ul>\n<\/li>\n<\/ul>\n<p><span style=\"color: #333333;\"><b>Erg\u00e4nzungen:<span class=\"Apple-converted-space\">\u00a0<\/span><\/b><\/span><\/p>\n<p><a href=\"https:\/\/advancedsofttissuerelease.com\/de\/produkt\/kollagenaktiv-2\/\"><strong>Kollagenaktiv &gt;<\/strong><\/a><\/p>\n<ul>\n<li>Unterst\u00fctzt den Prozess der Selbstreparatur des Knorpels<\/li>\n<li>Unterst\u00fctzt den Prozess der Sehnenselbstreparatur<\/li>\n<li>Unterst\u00fctzt den Prozess der Selbstreparatur der B\u00e4nder<\/li>\n<li>Unterst\u00fctzt den Prozess der Faszien-Selbstreparatur<\/li>\n<li>Unterst\u00fctzt gesundes Haar<\/li>\n<li>Unterst\u00fctzt gesunde Haut<\/li>\n<li>Unterst\u00fctzt gesunde N\u00e4gel<\/li>\n<li>Unterst\u00fctzt die Gelenkschmierung<\/li>\n<li>Unterst\u00fctzt die Gelenkd\u00e4mpfung<\/li>\n<li>F\u00f6rdert die Biosynthese des Bindegewebes<\/li>\n<\/ul>\n<div class=\"page\" title=\"Seite 1\">\n<div class=\"section\">\n<div class=\"layoutArea\">\n<div class=\"column\">\n<p>Kollagen ist ein wesentlicher Bestandteil von Haut, Haaren, N\u00e4geln, Gelenken und Bindegewebe. Collagen Aktive Inhaltsstoffe: Vitamin C, Magnesium, Collagen Typ 1, Hyalurons\u00e4ure, Gelatinehydrolysat. Collagen Active unterst\u00fctzt eine gesunde Knorpel-, Sehnen-, B\u00e4nder-, Faszien- und Gelenkfunktion.<\/p>\n<\/div>\n<\/div>\n<\/div>\n<\/div>\n<p><a href=\"https:\/\/advancedsofttissuerelease.com\/de\/produkt\/b-aktiv-2\/\"><strong>B Aktiv &gt;<\/strong><\/a><\/p>\n<ul>\n<li><span style=\"color: #333333;\">Unterst\u00fctzt den Kohlenhydratstoffwechsel<\/span><\/li>\n<li><span style=\"color: #333333;\">Unterst\u00fctzt die Funktion des Nervensystems<\/span><\/li>\n<li><span style=\"color: #333333;\">Unterst\u00fctzt die Funktion des Nebennierensystems<\/span><\/li>\n<li><span style=\"color: #333333;\">Unterst\u00fctzt die Funktion des Immunsystems<\/span><\/li>\n<li><span style=\"color: #333333;\">Unterst\u00fctzt die kardiovaskul\u00e4re Gesundheit<\/span><\/li>\n<li><span style=\"color: #333333;\">Unterst\u00fctzt eine gesunde geistige Funktion und Stimmung<\/span><\/li>\n<\/ul>\n<p><span style=\"color: #333333;\">Das aktive Nahrungserg\u00e4nzungsmittel ASTR B unterst\u00fctzt den Kohlenhydratstoffwechsel, die Funktion des Nerven-\/Nebennieren-\/Immunsystems, die kardiovaskul\u00e4re Gesundheit sowie eine gesunde geistige Funktion und Stimmung. B Active enth\u00e4lt das gesamte Spektrum der B-Vitamine; aktivierte Formen von B2, B6 und B12; Benfotiamin; und Fols\u00e4ure.*<\/span><\/p>\n<p><a href=\"https:\/\/advancedsofttissuerelease.com\/de\/produkt\/jodaktiv-2\/\"><strong>Jod aktiv &gt;<\/strong><\/a><\/p>\n<ul>\n<li>Unterst\u00fctzt die Gesundheit der Schilddr\u00fcse<\/li>\n<li>Hilft, gesundes Brustgewebe zu erhalten<\/li>\n<li>Unterst\u00fctzt eine gesunde Synthese von Schilddr\u00fcsenhormonen<\/li>\n<li>Reduzieren Sie oxidativen Stress<\/li>\n<li>Unterst\u00fctzt gesunde Augen<\/li>\n<li>Unterst\u00fctzt das Immunsystem<\/li>\n<li>Unterst\u00fctzt den Entgiftungsprozess<\/li>\n<li>Unterst\u00fctzt eine gesunde Magen-Darm-Schleimhaut<\/li>\n<li>Antioxidans<\/li>\n<\/ul>\n<p><a href=\"https:\/\/advancedsofttissuerelease.com\/de\/produkt\/probiotisch-max-2\/\"><strong>Probiotic Max \u2013 18 St\u00e4mme&gt;<\/strong><\/a><\/p>\n<ul>\n<li><span style=\"color: #333333;\">Unterst\u00fctzt eine gesunde Mikrobiota<\/span><\/li>\n<li><span style=\"color: #333333;\">Unterst\u00fctzt die nat\u00fcrliche Immunantwort<\/span><\/li>\n<li><span style=\"color: #333333;\">Unterst\u00fctzt die Laktoseverdauung<\/span><\/li>\n<li><span style=\"color: #333333;\">Unterst\u00fctzt die Darmt\u00e4tigkeit<\/span><\/li>\n<li><span style=\"color: #333333;\">Unterst\u00fctzt ein gesundes Darmmikrobiom<\/span><\/li>\n<li><span style=\"color: #333333;\">Ausgew\u00e4hlt f\u00fcr seine Lebensf\u00e4higkeit und Stabilit\u00e4t<\/span><\/li>\n<\/ul>\n<p><span style=\"color: #333333;\">Das ASTR Probiotic Max Supplement unterst\u00fctzt eine gesunde Mikrobiota, die nat\u00fcrliche Immunantwort, die Laktoseverdauung und die Regelm\u00e4\u00dfigkeit des Darms. Probiotic Max Strain enth\u00e4lt verschiedene probiotische St\u00e4mme zur Unterst\u00fctzung eines gesunden Darmmikrobioms. Diese St\u00e4mme wurden nicht nur aufgrund ihrer gesundheitlichen Vorteile und erg\u00e4nzenden Wirkungen ausgew\u00e4hlt, sondern auch aufgrund ihrer Lebensf\u00e4higkeit und Stabilit\u00e4t. Um die Bakterien vor Licht und Feuchtigkeit zu sch\u00fctzen, werden f\u00fcr beide Formeln lichtundurchl\u00e4ssige und mit Folie ausgekleidete Verpackungen verwendet.*<\/span><\/p>\n<p style=\"text-align: center;\"><span style=\"color: #333333; font-size: 8pt;\">Diese Aussagen wurden nicht von der Food and Drug Administration bewertet. Dieses Produkt ist nicht zur Diagnose, Behandlung, Heilung oder Vorbeugung von Krankheiten bestimmt.<\/span><\/p>","protected":false},"excerpt":{"rendered":"<p><span class=\"\">Schritt-f\u00fcr-Schritt-Programm mit Lean-Support-Tipps,\u00a0<\/span><span class=\"\">Ern\u00e4hrungsplan, <\/span><span class=\"\">Rezepte, Einkaufslisten und Nahrungserg\u00e4nzungsmittel, die Ihnen helfen, die Ursache Ihrer zugrunde liegenden Gesundheitsprobleme anzugehen.<\/span><\/p>","protected":false},"featured_media":44089,"template":"","meta":{"_analytify_skip_tracking":false},"product_brand":[],"product_cat":[1782],"product_tag":[1247,1246,1938,1939],"woo-feed-brand":[],"class_list":{"0":"post-4733","1":"product","2":"type-product","3":"status-publish","4":"has-post-thumbnail","6":"product_cat-health-supplement-kits","7":"product_tag-lean-program","8":"product_tag-weight-loss","9":"product_tag-weight-loss-supplements","10":"product_tag-weight-management-program","11":"product_shipping_class-regular-shipping","13":"first","14":"instock","15":"sale","16":"featured","17":"taxable","18":"shipping-taxable","19":"purchasable","20":"product-type-simple"},"exclude_global_add_ons":[],"addons":[],"_links":{"self":[{"href":"https:\/\/advancedsofttissuerelease.com\/de\/wp-json\/wp\/v2\/product\/4733","targetHints":{"allow":["GET"]}}],"collection":[{"href":"https:\/\/advancedsofttissuerelease.com\/de\/wp-json\/wp\/v2\/product"}],"about":[{"href":"https:\/\/advancedsofttissuerelease.com\/de\/wp-json\/wp\/v2\/types\/product"}],"version-history":[{"count":0,"href":"https:\/\/advancedsofttissuerelease.com\/de\/wp-json\/wp\/v2\/product\/4733\/revisions"}],"wp:featuredmedia":[{"embeddable":true,"href":"https:\/\/advancedsofttissuerelease.com\/de\/wp-json\/wp\/v2\/media\/44089"}],"wp:attachment":[{"href":"https:\/\/advancedsofttissuerelease.com\/de\/wp-json\/wp\/v2\/media?parent=4733"}],"wp:term":[{"taxonomy":"product_brand","embeddable":true,"href":"https:\/\/advancedsofttissuerelease.com\/de\/wp-json\/wp\/v2\/product_brand?post=4733"},{"taxonomy":"product_cat","embeddable":true,"href":"https:\/\/advancedsofttissuerelease.com\/de\/wp-json\/wp\/v2\/product_cat?post=4733"},{"taxonomy":"product_tag","embeddable":true,"href":"https:\/\/advancedsofttissuerelease.com\/de\/wp-json\/wp\/v2\/product_tag?post=4733"},{"taxonomy":"woo-feed-brand","embeddable":true,"href":"https:\/\/advancedsofttissuerelease.com\/de\/wp-json\/wp\/v2\/woo-feed-brand?post=4733"}],"curies":[{"name":"wp","href":"https:\/\/api.w.org\/{rel}","templated":true}]}}