{"id":8431,"date":"2019-12-24T09:22:46","date_gmt":"2019-12-24T17:22:46","guid":{"rendered":"https:\/\/advancedsofttissuerelease.com\/?post_type=product&#038;p=8431"},"modified":"2024-11-06T12:12:28","modified_gmt":"2024-11-06T17:12:28","slug":"zink-aktiv-2","status":"publish","type":"product","link":"https:\/\/advancedsofttissuerelease.com\/de\/product\/zinc-active\/","title":{"rendered":"Zink Aktiv"},"content":{"rendered":"<h1><span style=\"font-size: 12pt;\">Zink Aktiv<\/span><\/h1>\n<ul>\n<li>Unterst\u00fctzt das Immunsystem<\/li>\n<li>Unterst\u00fctzt die neurologische Funktion<\/li>\n<li>Unterst\u00fctzt den N\u00e4hrstoffstoffwechsel<\/li>\n<li>Unterst\u00fctzt die reproduktive Gesundheit<\/li>\n<li>Unterst\u00fctzt das hormonelle Gleichgewicht<\/li>\n<li>Sinneswahrnehmung unterst\u00fctzen<\/li>\n<li>Unterst\u00fctzt die antioxidative Aktivit\u00e4t<\/li>\n<li>Unterst\u00fctzt enzymatische Reaktionen<\/li>\n<li>Unterst\u00fctzt den Eiwei\u00dfstoffwechsel<\/li>\n<\/ul>\n<div class=\"page\" title=\"Seite 2\">\n<div class=\"layoutArea\">\n<div class=\"column\">\n<div class=\"page\" title=\"Seite 1\">\n<div class=\"section\">\n<div class=\"layoutArea\">\n<div class=\"column\">\n<p>&nbsp;<\/p>\n<\/div>\n<\/div>\n<\/div>\n<\/div>\n<p><strong>Beinhaltet nicht<\/strong>\u00a0 Weizen, Gluten, Mais, Hefe, Soja, Tier- oder Milchprodukte, Fisch, Schalentiere, Erdn\u00fcsse, Baumn\u00fcsse, Ei, Zutaten aus gentechnisch ver\u00e4nderten Organismen (GVO), k\u00fcnstliche Farbstoffe, k\u00fcnstliche S\u00fc\u00dfstoffe oder k\u00fcnstliche Konservierungsstoffe.<\/p>\n<\/div>\n<\/div>\n<\/div>\n<p style=\"text-align: center;\"><span style=\"font-size: 8pt;\">*Diese Aussagen wurden nicht von der Food and Drug Administration bewertet. Dieses Produkt ist nicht zur Diagnose, Behandlung, Heilung oder Vorbeugung von Krankheiten bestimmt.\u00a0<\/span><\/p>","protected":false},"excerpt":{"rendered":"<p>Zinc Active Supports immune system Supports neurological function Supports nutrients metabolism Supports reproductive health Supports hormonal balance Support sensory perception Supports antioxidant activity Supports enzymatic reactions Supports protein metabolism &nbsp; Does Not Contain\u00a0 Wheat, gluten, corn, yeast, soy, animal or dairy products, fish, shellfish, peanuts, tree nuts, egg, ingredients derived from genetically modified organisms (GMOs), [&hellip;]<\/p>\n","protected":false},"featured_media":28588,"template":"","meta":{"_analytify_skip_tracking":false},"product_brand":[],"product_cat":[515],"product_tag":[629,521,1524,637,1525,1522,1523],"woo-feed-brand":[],"class_list":{"0":"post-8431","1":"product","2":"type-product","3":"status-publish","4":"has-post-thumbnail","6":"product_cat-supplements","7":"product_tag-antioxidant","8":"product_tag-astr-supplement","9":"product_tag-enzymatic-reactions","10":"product_tag-immune","11":"product_tag-protein-metabolism","12":"product_tag-reproductive","13":"product_tag-sensory","14":"product_shipping_class-regular-shipping","16":"first","17":"instock","18":"taxable","19":"shipping-taxable","20":"purchasable","21":"product-type-variable-subscription"},"exclude_global_add_ons":[],"addons":[],"_links":{"self":[{"href":"https:\/\/advancedsofttissuerelease.com\/de\/wp-json\/wp\/v2\/product\/8431","targetHints":{"allow":["GET"]}}],"collection":[{"href":"https:\/\/advancedsofttissuerelease.com\/de\/wp-json\/wp\/v2\/product"}],"about":[{"href":"https:\/\/advancedsofttissuerelease.com\/de\/wp-json\/wp\/v2\/types\/product"}],"version-history":[{"count":0,"href":"https:\/\/advancedsofttissuerelease.com\/de\/wp-json\/wp\/v2\/product\/8431\/revisions"}],"wp:featuredmedia":[{"embeddable":true,"href":"https:\/\/advancedsofttissuerelease.com\/de\/wp-json\/wp\/v2\/media\/28588"}],"wp:attachment":[{"href":"https:\/\/advancedsofttissuerelease.com\/de\/wp-json\/wp\/v2\/media?parent=8431"}],"wp:term":[{"taxonomy":"product_brand","embeddable":true,"href":"https:\/\/advancedsofttissuerelease.com\/de\/wp-json\/wp\/v2\/product_brand?post=8431"},{"taxonomy":"product_cat","embeddable":true,"href":"https:\/\/advancedsofttissuerelease.com\/de\/wp-json\/wp\/v2\/product_cat?post=8431"},{"taxonomy":"product_tag","embeddable":true,"href":"https:\/\/advancedsofttissuerelease.com\/de\/wp-json\/wp\/v2\/product_tag?post=8431"},{"taxonomy":"woo-feed-brand","embeddable":true,"href":"https:\/\/advancedsofttissuerelease.com\/de\/wp-json\/wp\/v2\/woo-feed-brand?post=8431"}],"curies":[{"name":"wp","href":"https:\/\/api.w.org\/{rel}","templated":true}]}}