{"id":1113,"date":"2019-01-04T21:21:11","date_gmt":"2019-01-04T21:21:11","guid":{"rendered":"https:\/\/advancedsofttissuerelease.com\/?page_id=1113"},"modified":"2022-02-16T12:30:54","modified_gmt":"2022-02-16T19:30:54","slug":"politica-de-devoluciones-2","status":"publish","type":"page","link":"https:\/\/advancedsofttissuerelease.com\/es\/return-policy\/","title":{"rendered":"Pol\u00edtica de devoluciones"},"content":{"rendered":"<p><strong>Pol\u00edtica de devoluciones <\/strong><\/p>\r\n\r\n\r\n\r\n<p>\u00a1En ASTR, estamos totalmente comprometidos a brindarles a nuestros clientes la m\u00e1s alta calidad de atenci\u00f3n! \u00a1Sabemos que nuestros productos y servicios funcionan y queremos que se sienta 100% seguro al elegirnos para sus necesidades de atenci\u00f3n m\u00e9dica! Si no eres\u00a0<b>satisfecho<\/b>\u00a0con nuestras herramientas, programas online o cursos online, puedes solicitar la devoluci\u00f3n de tu compra en un plazo de\u00a0<b>14 dias<\/b>\u00a0de recibir nuestros productos y cursos. Todas las devoluciones deben iniciarse y devolverse antes del d\u00eda 14 de recibir los art\u00edculos. Esto incluye cursos en l\u00ednea. Esta pol\u00edtica de devoluci\u00f3n es v\u00e1lida solo para compradores por primera vez. Nuestra promesa de satisfacci\u00f3n 100% no se aplica a cremas, suplementos, programas con suplementos incluidos, evaluaciones de Telesalud\/consultas telef\u00f3nicas, tratamientos en nuestra cl\u00ednica o capacitaci\u00f3n privada. Para devoluciones elegibles, reembolsamos el monto total menos los costos de env\u00edo y una tarifa de reposici\u00f3n de existencias 20%. Para los planes de pago, la tarifa de reabastecimiento de 20% se deducir\u00e1 de su primer pago realizado. No pagamos el env\u00edo de devoluci\u00f3n.\u00a0<\/p>\r\n\r\n\r\n\r\n\r\n\r\n\r\n\r\n\r\n\r\n<p><span style=\"font-size: 12pt;\"> \r\n\r\n <\/span><\/p>\r\n<p><span style=\"font-size: 12pt;\">Los descuentos y las promociones no son acumulables. Los descuentos actuales no se pueden aplicar a compras pasadas. Las compras anteriores no se pueden reembolsar para que el cliente pueda comprar al precio de descuento actual.<\/span><\/p>","protected":false},"excerpt":{"rendered":"<p>Return Policy At ASTR, we are fully committed to providing our customers with the highest quality of care! We know our products and services work and we want you to feel 100% confident when choosing us for your healthcare needs! If you are not\u00a0satisfied\u00a0with our tools, online programs or online courses, you can request a [&hellip;]<\/p>\n","protected":false},"author":1,"featured_media":0,"parent":0,"menu_order":0,"comment_status":"closed","ping_status":"closed","template":"","meta":{"_analytify_skip_tracking":false,"footnotes":""},"class_list":["post-1113","page","type-page","status-publish","hentry"],"_links":{"self":[{"href":"https:\/\/advancedsofttissuerelease.com\/es\/wp-json\/wp\/v2\/pages\/1113","targetHints":{"allow":["GET"]}}],"collection":[{"href":"https:\/\/advancedsofttissuerelease.com\/es\/wp-json\/wp\/v2\/pages"}],"about":[{"href":"https:\/\/advancedsofttissuerelease.com\/es\/wp-json\/wp\/v2\/types\/page"}],"author":[{"embeddable":true,"href":"https:\/\/advancedsofttissuerelease.com\/es\/wp-json\/wp\/v2\/users\/1"}],"replies":[{"embeddable":true,"href":"https:\/\/advancedsofttissuerelease.com\/es\/wp-json\/wp\/v2\/comments?post=1113"}],"version-history":[{"count":0,"href":"https:\/\/advancedsofttissuerelease.com\/es\/wp-json\/wp\/v2\/pages\/1113\/revisions"}],"wp:attachment":[{"href":"https:\/\/advancedsofttissuerelease.com\/es\/wp-json\/wp\/v2\/media?parent=1113"}],"curies":[{"name":"wp","href":"https:\/\/api.w.org\/{rel}","templated":true}]}}