{"id":11130,"date":"2020-03-27T14:42:18","date_gmt":"2020-03-27T21:42:18","guid":{"rendered":"https:\/\/advancedsofttissuerelease.com\/?page_id=11130"},"modified":"2020-04-16T10:19:05","modified_gmt":"2020-04-16T17:19:05","slug":"proveedor-aprender-mas-sobre-astr","status":"publish","type":"page","link":"https:\/\/advancedsofttissuerelease.com\/es\/provider-learn-more-about-astr\/","title":{"rendered":"proveedor: aprenda m\u00e1s sobre ASTR"},"content":{"rendered":"<div data-elementor-type=\"wp-page\" data-elementor-id=\"11130\" class=\"elementor elementor-11130\" data-elementor-post-type=\"page\">\n\t\t\t\t\t\t<section class=\"elementor-section elementor-top-section elementor-element elementor-element-4b8af0d elementor-section-stretched elementor-section-boxed elementor-section-height-default elementor-section-height-default\" data-id=\"4b8af0d\" data-element_type=\"section\" data-e-type=\"section\" data-settings=\"{&quot;stretch_section&quot;:&quot;section-stretched&quot;}\">\n\t\t\t\t\t\t<div class=\"elementor-container elementor-column-gap-default\">\n\t\t\t\t\t<div class=\"elementor-column elementor-col-100 elementor-top-column elementor-element elementor-element-9a90ae3\" data-id=\"9a90ae3\" data-element_type=\"column\" data-e-type=\"column\">\n\t\t\t<div class=\"elementor-widget-wrap elementor-element-populated\">\n\t\t\t\t\t\t<div class=\"elementor-element elementor-element-f56a20c elementor-widget elementor-widget-heading\" data-id=\"f56a20c\" data-element_type=\"widget\" data-e-type=\"widget\" data-widget_type=\"heading.default\">\n\t\t\t\t<div class=\"elementor-widget-container\">\n\t\t\t\t\t<h2 class=\"elementor-heading-title elementor-size-default\"><a href=\"https:\/\/advancedsofttissuerelease.com\/es\/producto\/astr-online-course-tool-set-2\/\">Cursos y herramientas para proveedores<\/a><\/h2>\t\t\t\t<\/div>\n\t\t\t\t<\/div>\n\t\t\t\t\t<\/div>\n\t\t<\/div>\n\t\t\t\t\t<\/div>\n\t\t<\/section>\n\t\t\t\t<section class=\"elementor-section elementor-top-section elementor-element elementor-element-1b7a4e9 elementor-section-stretched elementor-section-boxed elementor-section-height-default elementor-section-height-default\" data-id=\"1b7a4e9\" data-element_type=\"section\" data-e-type=\"section\" data-settings=\"{&quot;stretch_section&quot;:&quot;section-stretched&quot;}\">\n\t\t\t\t\t\t<div class=\"elementor-container elementor-column-gap-default\">\n\t\t\t\t\t<div class=\"elementor-column elementor-col-100 elementor-top-column elementor-element elementor-element-bc495b7\" data-id=\"bc495b7\" data-element_type=\"column\" data-e-type=\"column\">\n\t\t\t<div class=\"elementor-widget-wrap elementor-element-populated\">\n\t\t\t\t\t\t<div class=\"elementor-element elementor-element-6878304 elementor-widget elementor-widget-text-editor\" data-id=\"6878304\" data-element_type=\"widget\" data-e-type=\"widget\" data-widget_type=\"text-editor.default\">\n\t\t\t\t<div class=\"elementor-widget-container\">\n\t\t\t\t\t\t\t\t\t<p style=\"text-align: center;\"><span style=\"font-size: 12pt; color: #000000;\"><a style=\"color: #000000;\" href=\"https:\/\/advancedsofttissuerelease.com\/es\/producto\/astr-online-course-tool-set-2\/\">Minimizar la energ\u00eda. Maximizar los resultados.<\/a><\/span><\/p>\t\t\t\t\t\t\t\t<\/div>\n\t\t\t\t<\/div>\n\t\t\t\t\t<\/div>\n\t\t<\/div>\n\t\t\t\t\t<\/div>\n\t\t<\/section>\n\t\t\t\t<section class=\"elementor-section elementor-top-section elementor-element elementor-element-db60a9a elementor-section-stretched elementor-section-boxed elementor-section-height-default elementor-section-height-default\" data-id=\"db60a9a\" data-element_type=\"section\" data-e-type=\"section\" data-settings=\"{&quot;stretch_section&quot;:&quot;section-stretched&quot;}\">\n\t\t\t\t\t\t<div class=\"elementor-container elementor-column-gap-default\">\n\t\t\t\t\t<div class=\"elementor-column elementor-col-100 elementor-top-column elementor-element elementor-element-2f450f2\" data-id=\"2f450f2\" data-element_type=\"column\" data-e-type=\"column\">\n\t\t\t<div class=\"elementor-widget-wrap elementor-element-populated\">\n\t\t\t\t\t\t<div class=\"elementor-element elementor-element-210ee5b elementor-widget elementor-widget-video\" data-id=\"210ee5b\" data-element_type=\"widget\" data-e-type=\"widget\" data-settings=\"{&quot;youtube_url&quot;:&quot;https:\\\/\\\/www.youtube.com\\\/watch?v=sLYyz5FjT88&quot;,&quot;video_type&quot;:&quot;youtube&quot;,&quot;controls&quot;:&quot;yes&quot;}\" data-widget_type=\"video.default\">\n\t\t\t\t<div class=\"elementor-widget-container\">\n\t\t\t\t\t\t\t<div class=\"elementor-wrapper elementor-open-inline\">\n\t\t\t<div class=\"elementor-video\"><\/div>\t\t<\/div>\n\t\t\t\t\t\t<\/div>\n\t\t\t\t<\/div>\n\t\t\t\t\t<\/div>\n\t\t<\/div>\n\t\t\t\t\t<\/div>\n\t\t<\/section>\n\t\t\t\t<section class=\"elementor-section elementor-top-section elementor-element elementor-element-6413530f elementor-section-stretched elementor-section-boxed elementor-section-height-default elementor-section-height-default\" data-id=\"6413530f\" data-element_type=\"section\" data-e-type=\"section\" data-settings=\"{&quot;stretch_section&quot;:&quot;section-stretched&quot;}\">\n\t\t\t\t\t\t<div class=\"elementor-container elementor-column-gap-default\">\n\t\t\t\t\t<div class=\"elementor-column elementor-col-100 elementor-top-column elementor-element elementor-element-3f1b7b5e\" data-id=\"3f1b7b5e\" data-element_type=\"column\" data-e-type=\"column\">\n\t\t\t<div class=\"elementor-widget-wrap elementor-element-populated\">\n\t\t\t\t\t\t<div class=\"elementor-element elementor-element-13bddaed elementor-widget elementor-widget-text-editor\" data-id=\"13bddaed\" data-element_type=\"widget\" data-e-type=\"widget\" data-widget_type=\"text-editor.default\">\n\t\t\t\t<div class=\"elementor-widget-container\">\n\t\t\t\t\t\t\t\t\t<p><span style=\"color: #000000;\"><strong>\u00bfQu\u00e9 es ASTR? <span class=\"Apple-converted-space\">\u00a0<\/span><\/strong><\/span><\/p><p>ASTR es un modelo de tratamiento biopsicosocial que utiliza herramientas, maniobras y metodolog\u00edas \u00fanicas y patentadas para tratar r\u00e1pidamente el dolor en su origen. El tratamiento ASTR aborda la inflamaci\u00f3n al observar la nutrici\u00f3n y el an\u00e1lisis de sangre de los pacientes, la liberaci\u00f3n de tejido cicatricial y fascia, los puntos gatillo y los espasmos musculares, la ergonom\u00eda y la postura, la mec\u00e1nica corporal, la marcha, el ejercicio y la modificaci\u00f3n del comportamiento.<\/p><hr \/><p><strong>\u00a0<\/strong><\/p><p><span style=\"color: #000000;\"><strong>\u00bfPor qu\u00e9 los proveedores eligen ASTR?<\/strong><\/span><\/p><div class=\"\"><span class=\"\">Hay 3 razones principales por las que los proveedores de atenci\u00f3n m\u00e9dica eligen ASTR\u00a0<\/span><span class=\"\"><br \/><\/span><\/div><div class=\"\">\u00a0<\/div><div class=\"\"><p><span class=\"\"><span class=\"\">1.\u00a0<\/span><\/span>Nuestras herramientas funcionan <span style=\"color: #000000;\"><b>r\u00e1pidos y est\u00e1n dise\u00f1ados ergon\u00f3micamente pensando en los proveedores:\u00a0<\/b><\/span><\/p><p>\u00a1Antes de ASTR, estaba exhausto tratando a docenas de pacientes todos los d\u00edas, haciendo 20 minutos de terapia manual por paciente solo para tratar 1 PARTE DEL CUERPO! Empec\u00e9 a sufrir de t\u00fanel carpiano y dolor cr\u00f3nico en el hombro por todo el trabajo que estaba poniendo en cada paciente. \u00a1Con las herramientas ASTR, los proveedores usan energ\u00eda m\u00ednima y pueden tratar m\u00faltiples partes del cuerpo en 5 a 10 minutos!<\/p><\/div><div class=\"\"><span class=\"\"><b class=\"\">\u00a0<\/b><\/span><\/div><div class=\"\"><p><span class=\"\"><span class=\"\">2.\u00a0<\/span><\/span>Nuestras herramientas funcionan <span style=\"color: #000000;\"><b>efectivamente<\/b><\/span>:\u00a0<\/p><p>Antes de ASTR, ve\u00eda a los pacientes durante 3 a 6 meses antes de darles de alta y muchos volv\u00edan m\u00e1s tarde con el mismo problema. Seg\u00fan un estudio de cuello ASTR reciente, 83% de los pacientes experimentaron un alivio significativo del dolor y un mayor rango de movimiento dentro de su primer tratamiento ASTR y 87% segu\u00edan sin dolor desde el diagn\u00f3stico original cuando les hicimos un seguimiento 1 o 2 a\u00f1os despu\u00e9s.<\/p><\/div><div>\u00a0<\/div><div class=\"\"><p><span class=\"\"><span class=\"\">3.\u00a0<\/span><\/span>Nuestras herramientas funcionan <b><span style=\"color: #000000;\">suavemente<\/span>:<\/b><\/p><p>Desafortunadamente, los pacientes est\u00e1n condicionados a creer que para que el tratamiento sea efectivo, debe ser doloroso e invasivo. En ASTR, nuestro enfoque de tratamiento es siempre virtualmente<b> sin dolor. <\/b>Creemos que el dolor es el mecanismo de protecci\u00f3n del cuerpo para mantenernos a salvo. Las herramientas de ASTR se deslizan suavemente sobre la piel y no causan traumatismos ni hematomas. \u00a1Los pacientes describen el tratamiento como suave y relajante y en realidad esperan ansiosos el tratamiento! Como resultado, crece la satisfacci\u00f3n del paciente y la confianza en su proveedor de atenci\u00f3n m\u00e9dica y, como resultado, se convierten en clientes leales.<\/p><\/div><div class=\"\"><hr \/><\/div><p><strong>\u00a0<\/strong><\/p><p><span style=\"color: #000000;\"><strong>\u00bfQui\u00e9n puede tomar el curso en l\u00ednea de ASTR?<\/strong><\/span><\/p><p><strong>Cualquiera<\/strong>! \u00a1Fisioterapeutas, quiropr\u00e1cticos, masajistas, m\u00e9dicos natur\u00f3patas y enfermeras son solo algunos de los profesionales de la salud que toman nuestros cursos en l\u00ednea y compran herramientas!<\/p><hr \/><p><strong>\u00a0<\/strong><\/p><p><span style=\"color: #000000;\"><strong>\u00bfC\u00f3mo logro mejores resultados con mis pacientes que usan ASTR?<\/strong><\/span><\/p><p>Para obtener los mejores resultados, recomendamos tomar el curso en l\u00ednea con el kit de herramientas y agregar dos Magnaheals. \u00a1Esto es todo lo que necesitas para empezar!<\/p><hr \/><p><strong>\u00a0<\/strong><\/p><p><span style=\"color: #000000;\"><strong>\u00bfCu\u00e1nto tiempo tendr\u00e9 acceso al curso?<\/strong><\/span><\/p><p><strong>Un a\u00f1o<\/strong>. Hay una tarifa de renovaci\u00f3n despu\u00e9s de que esto expire.<\/p><hr \/><p><strong>\u00a0<\/strong><\/p><p><span style=\"color: #000000;\"><strong>\u00bfCu\u00e1nto tiempo tomar\u00e1 terminar el curso?<\/strong><\/span><\/p><p>La mayor\u00eda de los proveedores completan nuestro curso en l\u00ednea en un fin de semana, pero puede tomarse su tiempo y aprender a su propio ritmo. Puedes saltar a las secciones que te interesen o puedes aprender de principio a fin. \u00a1Lo que funcione para ti! Con m\u00e1s de 14 horas de contenido grabado, tiene todo lo que necesita para aprender los conceptos b\u00e1sicos de ASTR, incluida la pr\u00e1ctica extensiva de la parte de terapia manual de nuestro modelo de tratamiento.<span class=\"Apple-converted-space\">\u00a0<\/span><\/p><hr \/><p><strong>\u00a0<\/strong><\/p><p><span style=\"color: #000000;\"><strong>\u00bfEst\u00e1n incluidas las pruebas?<\/strong><\/span><\/p><p><strong>S\u00ed<\/strong>. Al final de cada secci\u00f3n del curso, tendr\u00e1 la oportunidad de realizar la prueba en l\u00ednea para cada secci\u00f3n. Los videos en l\u00ednea lo preparar\u00e1n para las pruebas y no cobramos a los proveedores por las pruebas.<span class=\"Apple-converted-space\">\u00a0<\/span><\/p><hr \/><p><strong>\u00a0<\/strong><\/p><p><span style=\"color: #000000;\"><strong>\u00bfRecibir\u00e9 CEU?<\/strong><\/span><\/p><p><strong>S\u00ed<\/strong>, al finalizar el curso online y las pruebas online, podr\u00e1s imprimir tu certificado CEU sin coste alguno.<\/p><p style=\"text-align: center;\"><span style=\"font-size: 14pt;\"><a href=\"https:\/\/advancedsofttissuerelease.com\/es\/producto\/astr-online-course-tool-set-2\/\"><span style=\"color: #0000ff;\">Comprar conjunto de herramientas para proveedores &gt;<\/span><\/a><\/span><\/p>\t\t\t\t\t\t\t\t<\/div>\n\t\t\t\t<\/div>\n\t\t\t\t\t<\/div>\n\t\t<\/div>\n\t\t\t\t\t<\/div>\n\t\t<\/section>\n\t\t\t\t<\/div>","protected":false},"excerpt":{"rendered":"<p>Provider Courses &amp; Tools Minimize Energy. Maximize Outcomes. https:\/\/www.youtube.com\/watch?v=sLYyz5FjT88 What is ASTR? \u00a0 ASTR is a biopsychosocial treatment model that uses unique patented tools, maneuvers and methodologies to quickly treat pain at its source. ASTR treatment addresses inflammation, by looking at patients nutrition and bloodwork, scar tissue and fascia release, trigger points and muscle spasms, [&hellip;]<\/p>\n","protected":false},"author":1,"featured_media":0,"parent":0,"menu_order":0,"comment_status":"closed","ping_status":"closed","template":"","meta":{"_analytify_skip_tracking":false,"footnotes":""},"class_list":["post-11130","page","type-page","status-publish","hentry"],"_links":{"self":[{"href":"https:\/\/advancedsofttissuerelease.com\/es\/wp-json\/wp\/v2\/pages\/11130","targetHints":{"allow":["GET"]}}],"collection":[{"href":"https:\/\/advancedsofttissuerelease.com\/es\/wp-json\/wp\/v2\/pages"}],"about":[{"href":"https:\/\/advancedsofttissuerelease.com\/es\/wp-json\/wp\/v2\/types\/page"}],"author":[{"embeddable":true,"href":"https:\/\/advancedsofttissuerelease.com\/es\/wp-json\/wp\/v2\/users\/1"}],"replies":[{"embeddable":true,"href":"https:\/\/advancedsofttissuerelease.com\/es\/wp-json\/wp\/v2\/comments?post=11130"}],"version-history":[{"count":0,"href":"https:\/\/advancedsofttissuerelease.com\/es\/wp-json\/wp\/v2\/pages\/11130\/revisions"}],"wp:attachment":[{"href":"https:\/\/advancedsofttissuerelease.com\/es\/wp-json\/wp\/v2\/media?parent=11130"}],"curies":[{"name":"wp","href":"https:\/\/api.w.org\/{rel}","templated":true}]}}