{"id":113,"date":"2015-08-17T04:38:48","date_gmt":"2015-08-17T04:38:48","guid":{"rendered":"https:\/\/advancedsofttissuerelease.com\/certification-renewal\/"},"modified":"2022-02-04T00:14:37","modified_gmt":"2022-02-04T07:14:37","slug":"certificacion-renovacion-2","status":"publish","type":"page","link":"https:\/\/advancedsofttissuerelease.com\/es\/certification-renewal\/","title":{"rendered":"Renovaci\u00f3n de Certificaci\u00f3n"},"content":{"rendered":"<h1><span style=\"color: #696969;\"><span style=\"font-family: verdana,geneva,sans-serif;\"><span style=\"font-size: 28px;\">ASTR<\/span><span style=\"font-size: 28px;\">\u00a0Renovaci\u00f3n de Certificaci\u00f3n<\/span><\/span><\/span><\/h1>\n<p><span style=\"color: #696969;\"><span style=\"font-family: verdana,geneva,sans-serif;\"><span style=\"font-size: 22px;\">\u00bfPor qu\u00e9 renovar su certificaci\u00f3n?<\/span><\/span><\/span><\/p>\n<p><span style=\"color: #696969;\"><span style=\"font-family: verdana,geneva,sans-serif;\">La renovaci\u00f3n de la certificaci\u00f3n es una parte importante para mantener actualizados a los m\u00e9dicos de ASTR con nuevos hallazgos e investigaciones.\u00a0<\/span><\/span><\/p>\n<p><span style=\"color: #696969;\"><span style=\"font-family: verdana,geneva,sans-serif;\"><u><strong>Nuevos hallazgos:<\/strong><\/u>\u00a0La especialidad ASTR es din\u00e1mica. Cambia y avanza constantemente para satisfacer mejor la necesidad de la sociedad de un alivio del dolor r\u00e1pido, no invasivo y a largo plazo.\u00a0<\/span><\/span><\/p>\n<p><span style=\"color: #696969;\"><span style=\"font-family: verdana,geneva,sans-serif;\"><u><strong>Investigar:<\/strong><\/u>\u00a0El equipo de ASTR trabaja diariamente para mantener la posici\u00f3n de ASTR como la especialidad m\u00e1s avanzada en la industria de la salud. A trav\u00e9s de la investigaci\u00f3n y la experimentaci\u00f3n, nuestro equipo est\u00e1 constantemente\u00a0<\/span><\/span><span style=\"color: #696969; font-family: verdana, geneva, sans-serif;\">desarrollar nuevas teor\u00edas, metodolog\u00edas, herramientas y dispositivos.<\/span><\/p>\n<p><u style=\"font-family: verdana, geneva, sans-serif; color: #696969;\"><strong>Acceso:<\/strong><\/u><span style=\"font-family: verdana, geneva, sans-serif; color: #696969;\"> Mantener un ASTR activo<\/span><span style=\"font-family: verdana, geneva, sans-serif; color: #696969;\">\u00a0la certificaci\u00f3n permite que un m\u00e9dico use ASTR<\/span><span style=\"font-family: verdana, geneva, sans-serif; color: #696969;\">\u00a0y todos sus t\u00edtulos asociados, marcas registradas y patentes.\u00a0<\/span><\/p>\n<p>&nbsp;<\/p>\n<p><span style=\"color: #696969;\"><span style=\"font-family: verdana,geneva,sans-serif;\"><span style=\"font-size: 22px;\">Proceso de renovaci\u00f3n:\u00a0<\/span><\/span><\/span><\/p>\n<div><\/div>\n<p><span style=\"color: #696969; font-family: verdana, geneva, sans-serif;\">Los m\u00e9dicos deben renovar su ASTR<\/span><sup style=\"color: #696969; font-family: verdana, geneva, sans-serif;\"><span style=\"font-size: 13.3333px;\">\u00a0<\/span><\/sup><span style=\"color: #696969; font-family: verdana, geneva, sans-serif;\">certificaciones antes de las fechas de vencimiento.\u00a0<\/span><span style=\"font-family: verdana, geneva, sans-serif; color: #696969;\">ASTR<\/span><sup style=\"font-family: verdana, geneva, sans-serif; color: #696969;\"><span style=\"font-size: 13.3333330154419px;\">\u00a0<\/span><\/sup><span style=\"font-family: verdana, geneva, sans-serif; color: #696969;\">Los proveedores de atenci\u00f3n m\u00e9dica certificados pueden renovar sus certificaciones completando una de las siguientes opciones cada dos a\u00f1os: \u00a0<\/span><\/p>\n<ul>\n<li><span style=\"color: #696969;\"><span style=\"font-family: verdana,geneva,sans-serif;\">Ver videos educativos de ASTR<\/span><\/span><\/li>\n<li><span style=\"color: #696969;\"><span style=\"font-family: verdana,geneva,sans-serif;\">Asistir al menos a una conferencia sobre liberaci\u00f3n avanzada de tejidos blandos<\/span><\/span><\/li>\n<\/ul>\n<p>&nbsp;<\/p>\n<p><span style=\"color: #696969;\"><span style=\"font-family: verdana,geneva,sans-serif;\"><span style=\"font-size: 22px;\">ASTR caducado<\/span><sup><span style=\"font-size: 13.3333330154419px;\">\u00a0<\/span><\/sup><span style=\"font-size: 22px;\">Certificaci\u00f3n:\u00a0<\/span><\/span><\/span><\/p>\n<p><span style=\"color: #696969;\"><span style=\"font-family: verdana,geneva,sans-serif;\">Si un m\u00e9dico no puede o no quiere renovar su ASTR<sup><span style=\"font-size: 13.3333330154419px;\">\u00a0<\/span><\/sup>certificaci\u00f3n, ya no podr\u00e1n usar ASTR, ASTR, Advanced Soft Tissue Release y Advanced Soft Tissue Release<sup><span style=\"font-size: 13.3333330154419px;\">\u00a0<\/span><\/sup>T\u00edtulos de especialista, marcas y patentes despu\u00e9s de la caducidad de la certificaci\u00f3n. Adem\u00e1s, la distribuci\u00f3n de ASTR<sup><span style=\"font-size: 13.3333330154419px;\">\u00a0<\/span><\/sup>materiales o afirmar ser un ASTR certificado<sup><span style=\"font-size: 13.3333330154419px;\">\u00a0<\/span><\/sup>proveedor est\u00e1n prohibidos cuando la certificaci\u00f3n no se renueva.\u00a0<\/span><\/span><\/p>\n<p><span style=\"color: #696969;\"><span style=\"font-family: verdana,geneva,sans-serif;\">Si un m\u00e9dico no puede renovar su ASTR<sup><span style=\"font-size: 13.3333330154419px;\">\u00a0<\/span><\/sup>certificaci\u00f3n debido a circunstancias atenuantes, comun\u00edquese con nuestra oficina y el curso de acci\u00f3n se determinar\u00e1 caso por caso.\u00a0<\/span><\/span><\/p>\n<p><a href=\"https:\/\/advancedsofttissuerelease.com\/es\/astr-healthcare-proveedor-course\/\">Convi\u00e9rtase en proveedor de ASTR<\/a><\/p>","protected":false},"excerpt":{"rendered":"<p>ASTR\u00a0Certification Renewal Why renew your certification? Certification renewal is an important part of keeping ASTR\u00a0clinicians up to date with new findings and research.\u00a0 New Findings:\u00a0The ASTR\u00a0specialty is dynamic. It is constantly changing and advancing to better meet society&#8217;s need for fast, non-invasive, long-term pain relief.\u00a0 Research:\u00a0The ASTR\u00a0team works on a daily basis to maintain ASTR&#8217;s [&hellip;]<\/p>\n","protected":false},"author":2447,"featured_media":0,"parent":0,"menu_order":9,"comment_status":"closed","ping_status":"closed","template":"","meta":{"_analytify_skip_tracking":false,"footnotes":""},"class_list":["post-113","page","type-page","status-publish","hentry"],"_links":{"self":[{"href":"https:\/\/advancedsofttissuerelease.com\/es\/wp-json\/wp\/v2\/pages\/113","targetHints":{"allow":["GET"]}}],"collection":[{"href":"https:\/\/advancedsofttissuerelease.com\/es\/wp-json\/wp\/v2\/pages"}],"about":[{"href":"https:\/\/advancedsofttissuerelease.com\/es\/wp-json\/wp\/v2\/types\/page"}],"author":[{"embeddable":true,"href":"https:\/\/advancedsofttissuerelease.com\/es\/wp-json\/wp\/v2\/users\/2447"}],"replies":[{"embeddable":true,"href":"https:\/\/advancedsofttissuerelease.com\/es\/wp-json\/wp\/v2\/comments?post=113"}],"version-history":[{"count":0,"href":"https:\/\/advancedsofttissuerelease.com\/es\/wp-json\/wp\/v2\/pages\/113\/revisions"}],"wp:attachment":[{"href":"https:\/\/advancedsofttissuerelease.com\/es\/wp-json\/wp\/v2\/media?parent=113"}],"curies":[{"name":"wp","href":"https:\/\/api.w.org\/{rel}","templated":true}]}}