{"id":115,"date":"2015-08-17T15:00:35","date_gmt":"2015-08-17T15:00:35","guid":{"rendered":"https:\/\/advancedsofttissuerelease.com\/our-team\/"},"modified":"2022-03-16T12:27:47","modified_gmt":"2022-03-16T18:27:47","slug":"nuestro-equipo-2","status":"publish","type":"page","link":"https:\/\/advancedsofttissuerelease.com\/es\/our-team\/","title":{"rendered":"Nuestro equipo"},"content":{"rendered":"<div data-elementor-type=\"wp-page\" data-elementor-id=\"115\" class=\"elementor elementor-115\" data-elementor-post-type=\"page\">\n\t\t\t\t\t\t<section class=\"elementor-section elementor-top-section elementor-element elementor-element-88158d1 elementor-section-stretched elementor-section-boxed elementor-section-height-default elementor-section-height-default\" data-id=\"88158d1\" data-element_type=\"section\" data-e-type=\"section\" data-settings=\"{&quot;stretch_section&quot;:&quot;section-stretched&quot;}\">\n\t\t\t\t\t\t<div class=\"elementor-container elementor-column-gap-default\">\n\t\t\t\t\t<div class=\"elementor-column elementor-col-100 elementor-top-column elementor-element elementor-element-eb18aef\" data-id=\"eb18aef\" data-element_type=\"column\" data-e-type=\"column\">\n\t\t\t<div class=\"elementor-widget-wrap elementor-element-populated\">\n\t\t\t\t\t\t<div class=\"elementor-element elementor-element-90eebb7 elementor-widget elementor-widget-uael-advanced-heading\" data-id=\"90eebb7\" data-element_type=\"widget\" data-e-type=\"widget\" data-widget_type=\"uael-advanced-heading.default\">\n\t\t\t\t<div class=\"elementor-widget-container\">\n\t\t\t\t\t\n\t\t<div class=\"uael-module-content uael-heading-wrapper\">\n\t\t\t\t\t\t\n\t\t\t<h1 class=\"uael-heading\">\n\t\t\t\t\t\t\t\t\t\t<span class=\"uael-heading-text elementor-inline-editing uael-size--default\" data-elementor-setting-key=\"heading_title\" data-elementor-inline-editing-toolbar=\"basic\">Nuestro equipo<\/span>\n\t\t\t\t\t\t\t<\/h1>\n\n\t\t\t\n\t\t\t\n\t\t\t\n\t\t\t\t\t\t<\/div>\n\t\t\t\t\t\t<\/div>\n\t\t\t\t<\/div>\n\t\t\t\t\t<\/div>\n\t\t<\/div>\n\t\t\t\t\t<\/div>\n\t\t<\/section>\n\t\t\t\t<section class=\"elementor-section elementor-top-section elementor-element elementor-element-80f1693 elementor-section-stretched elementor-section-boxed elementor-section-height-default elementor-section-height-default\" data-id=\"80f1693\" data-element_type=\"section\" data-e-type=\"section\" data-settings=\"{&quot;stretch_section&quot;:&quot;section-stretched&quot;}\">\n\t\t\t\t\t\t<div class=\"elementor-container elementor-column-gap-default\">\n\t\t\t\t\t<div class=\"elementor-column elementor-col-50 elementor-top-column elementor-element elementor-element-5c9f04d\" data-id=\"5c9f04d\" data-element_type=\"column\" data-e-type=\"column\">\n\t\t\t<div class=\"elementor-widget-wrap elementor-element-populated\">\n\t\t\t\t\t\t<div class=\"elementor-element elementor-element-4a5a57e elementor-widget elementor-widget-image\" data-id=\"4a5a57e\" data-element_type=\"widget\" data-e-type=\"widget\" data-widget_type=\"image.default\">\n\t\t\t\t<div class=\"elementor-widget-container\">\n\t\t\t\t\t\t\t\t\t\t\t\t\t\t\t<img fetchpriority=\"high\" decoding=\"async\" width=\"2086\" height=\"2560\" src=\"https:\/\/advancedsofttissuerelease.com\/wp-content\/uploads\/2019\/01\/Dr-Joseph-Jacobs-DPT-ASTR-ACN-scaled.jpg\" class=\"attachment-full size-full wp-image-1630\" alt=\"Dr-Joseph-Jacobs-DPT-ASTR-ACN\" srcset=\"https:\/\/advancedsofttissuerelease.com\/wp-content\/uploads\/2019\/01\/Dr-Joseph-Jacobs-DPT-ASTR-ACN-scaled.jpg 2086w, https:\/\/advancedsofttissuerelease.com\/wp-content\/uploads\/2019\/01\/Dr-Joseph-Jacobs-DPT-ASTR-ACN-1251x1536.jpg 1251w, https:\/\/advancedsofttissuerelease.com\/wp-content\/uploads\/2019\/01\/Dr-Joseph-Jacobs-DPT-ASTR-ACN-1668x2048.jpg 1668w, https:\/\/advancedsofttissuerelease.com\/wp-content\/uploads\/2019\/01\/Dr-Joseph-Jacobs-DPT-ASTR-ACN-10x12.jpg 10w, https:\/\/advancedsofttissuerelease.com\/wp-content\/uploads\/2019\/01\/Dr-Joseph-Jacobs-DPT-ASTR-ACN-1024x1257.jpg 1024w\" sizes=\"(max-width: 2086px) 100vw, 2086px\" \/>\t\t\t\t\t\t\t\t\t\t\t\t\t\t\t<\/div>\n\t\t\t\t<\/div>\n\t\t\t\t\t<\/div>\n\t\t<\/div>\n\t\t\t\t<div class=\"elementor-column elementor-col-50 elementor-top-column elementor-element elementor-element-2b7dd4d\" data-id=\"2b7dd4d\" data-element_type=\"column\" data-e-type=\"column\">\n\t\t\t<div class=\"elementor-widget-wrap elementor-element-populated\">\n\t\t\t\t\t\t<div class=\"elementor-element elementor-element-ac13155 elementor-widget elementor-widget-heading\" data-id=\"ac13155\" data-element_type=\"widget\" data-e-type=\"widget\" data-widget_type=\"heading.default\">\n\t\t\t\t<div class=\"elementor-widget-container\">\n\t\t\t\t\t<h1 class=\"elementor-heading-title elementor-size-default\">Joseph Jacobs, DPT, ACN, ASTR<\/h1>\t\t\t\t<\/div>\n\t\t\t\t<\/div>\n\t\t\t\t<div class=\"elementor-element elementor-element-b1ae527 elementor-icon-list--layout-traditional elementor-list-item-link-full_width elementor-widget elementor-widget-icon-list\" data-id=\"b1ae527\" data-element_type=\"widget\" data-e-type=\"widget\" data-widget_type=\"icon-list.default\">\n\t\t\t\t<div class=\"elementor-widget-container\">\n\t\t\t\t\t\t\t<ul class=\"elementor-icon-list-items\">\n\t\t\t\t\t\t\t<li class=\"elementor-icon-list-item\">\n\t\t\t\t\t\t\t\t\t\t\t<span class=\"elementor-icon-list-icon\">\n\t\t\t\t\t\t\t<i aria-hidden=\"true\" class=\"auxicon auxicon-primitive-dot\"><\/i>\t\t\t\t\t\t<\/span>\n\t\t\t\t\t\t\t\t\t\t<span class=\"elementor-icon-list-text\">Doctor en Fisioterapia<\/span>\n\t\t\t\t\t\t\t\t\t<\/li>\n\t\t\t\t\t\t\t\t<li class=\"elementor-icon-list-item\">\n\t\t\t\t\t\t\t\t\t\t\t<span class=\"elementor-icon-list-icon\">\n\t\t\t\t\t\t\t<i aria-hidden=\"true\" class=\"auxicon auxicon-primitive-dot\"><\/i>\t\t\t\t\t\t<\/span>\n\t\t\t\t\t\t\t\t\t\t<span class=\"elementor-icon-list-text\">Nutricionista Cl\u00ednica Avanzada<\/span>\n\t\t\t\t\t\t\t\t\t<\/li>\n\t\t\t\t\t\t\t\t<li class=\"elementor-icon-list-item\">\n\t\t\t\t\t\t\t\t\t\t\t<span class=\"elementor-icon-list-icon\">\n\t\t\t\t\t\t\t<i aria-hidden=\"true\" class=\"auxicon auxicon-primitive-dot\"><\/i>\t\t\t\t\t\t<\/span>\n\t\t\t\t\t\t\t\t\t\t<span class=\"elementor-icon-list-text\">Functional Medicine Practitioner &amp; Instructor<\/span>\n\t\t\t\t\t\t\t\t\t<\/li>\n\t\t\t\t\t\t\t\t<li class=\"elementor-icon-list-item\">\n\t\t\t\t\t\t\t\t\t\t\t<span class=\"elementor-icon-list-icon\">\n\t\t\t\t\t\t\t<i aria-hidden=\"true\" class=\"auxicon auxicon-primitive-dot\"><\/i>\t\t\t\t\t\t<\/span>\n\t\t\t\t\t\t\t\t\t\t<span class=\"elementor-icon-list-text\">Inventor de ASTR<\/span>\n\t\t\t\t\t\t\t\t\t<\/li>\n\t\t\t\t\t\t\t\t<li class=\"elementor-icon-list-item\">\n\t\t\t\t\t\t\t\t\t\t\t<span class=\"elementor-icon-list-icon\">\n\t\t\t\t\t\t\t<i aria-hidden=\"true\" class=\"auxicon auxicon-primitive-dot\"><\/i>\t\t\t\t\t\t<\/span>\n\t\t\t\t\t\t\t\t\t\t<span class=\"elementor-icon-list-text\">Recibi\u00f3 la aprobaci\u00f3n de 8 patentes.<\/span>\n\t\t\t\t\t\t\t\t\t<\/li>\n\t\t\t\t\t\t\t\t<li class=\"elementor-icon-list-item\">\n\t\t\t\t\t\t\t\t\t\t\t<span class=\"elementor-icon-list-icon\">\n\t\t\t\t\t\t\t<i aria-hidden=\"true\" class=\"auxicon auxicon-primitive-dot\"><\/i>\t\t\t\t\t\t<\/span>\n\t\t\t\t\t\t\t\t\t\t<span class=\"elementor-icon-list-text\">Educar a los m\u00e9dicos de todo el mundo<\/span>\n\t\t\t\t\t\t\t\t\t<\/li>\n\t\t\t\t\t\t\t\t<li class=\"elementor-icon-list-item\">\n\t\t\t\t\t\t\t\t\t\t\t<span class=\"elementor-icon-list-icon\">\n\t\t\t\t\t\t\t<i aria-hidden=\"true\" class=\"auxicon auxicon-primitive-dot\"><\/i>\t\t\t\t\t\t<\/span>\n\t\t\t\t\t\t\t\t\t\t<span class=\"elementor-icon-list-text\">Sobreviviente de c\u00e1ncer<\/span>\n\t\t\t\t\t\t\t\t\t<\/li>\n\t\t\t\t\t\t<\/ul>\n\t\t\t\t\t\t<\/div>\n\t\t\t\t<\/div>\n\t\t\t\t\t<\/div>\n\t\t<\/div>\n\t\t\t\t\t<\/div>\n\t\t<\/section>\n\t\t\t\t<section class=\"elementor-section elementor-top-section elementor-element elementor-element-64e73f8 elementor-section-stretched elementor-section-boxed elementor-section-height-default elementor-section-height-default\" data-id=\"64e73f8\" data-element_type=\"section\" data-e-type=\"section\" data-settings=\"{&quot;stretch_section&quot;:&quot;section-stretched&quot;}\">\n\t\t\t\t\t\t<div class=\"elementor-container elementor-column-gap-default\">\n\t\t\t\t\t<div class=\"elementor-column elementor-col-50 elementor-top-column elementor-element elementor-element-f172cb9\" data-id=\"f172cb9\" data-element_type=\"column\" data-e-type=\"column\">\n\t\t\t<div class=\"elementor-widget-wrap elementor-element-populated\">\n\t\t\t\t\t\t<div class=\"elementor-element elementor-element-67ab3fc elementor-widget elementor-widget-text-editor\" data-id=\"67ab3fc\" data-element_type=\"widget\" data-e-type=\"widget\" data-widget_type=\"text-editor.default\">\n\t\t\t\t<div class=\"elementor-widget-container\">\n\t\t\t\t\t\t\t\t\t<p>El doctor Joseph Jacobs es un sobreviviente de c\u00e1ncer. Sol\u00eda sufrir de migra\u00f1as cr\u00f3nicas, dolores de cabeza, fatiga y dolor antes de que inventara la especialidad ASTR. Tiene un doctorado en fisioterapia del Dominican College en Nueva York y una licenciatura concentrada en administraci\u00f3n de hoteles y restaurantes de la Universidad Fairleigh Dickinson en Nueva Jersey.<\/p><p>El Dr. Jacobs comenz\u00f3 a investigar y desarrollar su nueva especialidad para tratar el dolor de los pacientes con mayor eficacia que los m\u00e9todos que hab\u00eda aprendido en la escuela. De 2011 a 2021, continu\u00f3 desarrollando las maniobras, herramientas y metodolog\u00edas que componen ASTR, y contin\u00faa refinando los elementos de ASTR a trav\u00e9s de investigaciones en curso. La liberaci\u00f3n avanzada de tejidos blandos (ASTR) ha sido registrada por la Oficina de Marcas y Patentes de EE. UU.<\/p><p><strong>\u00a0<\/strong><strong style=\"color: var( --e-global-color-text ); font-family: var( --e-global-typography-text-font-family ), verdana;\">Las t\u00e9cnicas e instrumentos que ha inventado el doctor Jacobs incluyen:\u00a0<\/strong><\/p><p>\u2013 Liberaci\u00f3n avanzada de tejido blando\u00ae (ASTR\u00ae)<\/p><p>\u2013 T\u00e9cnica de liberaci\u00f3n de tensi\u00f3nTM<\/p><p>\u2013 Instrumentos ASTR I, II, III, IV, V y VI (Patentado)<\/p><p>\u2013 Fascia ScaleTM<\/p><p>\u2013 Fibrosis (Scar) ScaleTM<\/p><p>\u2013 Trigger Point Scale\u2122<\/p><p>\u2013 Escala de espasmo muscularTM<\/p><p>\u2013 BioPsycho Release (BPR)TM<\/p><p>\u00a0<\/p><p>La ambici\u00f3n de vida del Dr. Jacobs es desarrollar e investigar continuamente nuevos instrumentos, teor\u00edas y metodolog\u00edas para revolucionar la industria m\u00e9dica a fin de aliviar el dolor de manera m\u00e1s r\u00e1pida y efectiva.<\/p><p>El Dr. Jacobs contin\u00faa difundiendo su conocimiento e investigaci\u00f3n al ense\u00f1ar a m\u00e9dicos y proveedores de atenci\u00f3n m\u00e9dica en todo el mundo a trav\u00e9s de una variedad de plataformas, que incluyen hablar en TedX Talks y aparecer en varias revistas. Se conf\u00eda en el Dr. Jacobs para ofrecer alivio del dolor a largo plazo y una terapia ASTR eficaz a pacientes de todo el mundo.<\/p><p><strong>La Dra. Jacobs cree firmemente en la educaci\u00f3n continua y ha le\u00eddo libros y tomado clases sobre los siguientes temas:<\/strong><\/p><p>\u2013 Medicina Funcional<\/p><p>- Nutrici\u00f3n<\/p><p>\u2013 Liberaci\u00f3n miofascial<\/p><p>\u2013 Esfuerzo-contraesfuerzo<\/p><p>\u2013 T\u00e9cnica de Energ\u00eda Muscular (MET)<\/p><p>\u2013 Movilizaci\u00f3n de Tejidos Blandos<\/p><p>\u2013 Movilizaci\u00f3n conjunta (incluido el concepto Mulligan)<\/p><p>\u2013 Liberaci\u00f3n del punto gatillo<\/p><p>\u2013 T\u00e9cnica de liberaci\u00f3n de reflejo primario (PRRT)<\/p><p>\u2013 Facilitaci\u00f3n Neuromuscular Propioceptiva (FNP)<\/p><p>\u2013 Reeducaci\u00f3n neuromuscular<\/p><p>\u2013 Movilizaci\u00f3n del tejido conectivo<\/p><p>\u2013 Liberaci\u00f3n Craneoscaral<\/p><p>\u2013 Distorsi\u00f3n fascial<\/p><p>\u2013 Movilizaci\u00f3n Visceral<\/p><p>\u2013 Terapia Bowen<\/p><p>\u2013 Rolfing<\/p><p>\u2013 Masaje<\/p><p>- Terapia de conducta cognitiva<\/p><p>\u2013 T\u00e9cnica de Liberaci\u00f3n Emocional<\/p><p>\u2013 Terapia de conversaci\u00f3n<\/p><p>- Y mucho m\u00e1s<\/p>\t\t\t\t\t\t\t\t<\/div>\n\t\t\t\t<\/div>\n\t\t\t\t\t<\/div>\n\t\t<\/div>\n\t\t\t\t<div class=\"elementor-column elementor-col-50 elementor-top-column elementor-element elementor-element-79fd9f0\" data-id=\"79fd9f0\" data-element_type=\"column\" data-e-type=\"column\">\n\t\t\t<div class=\"elementor-widget-wrap elementor-element-populated\">\n\t\t\t\t\t\t<div class=\"elementor-element elementor-element-f888a15 uael-heading-align-center elementor-widget elementor-widget-uael-advanced-heading\" data-id=\"f888a15\" data-element_type=\"widget\" data-e-type=\"widget\" data-widget_type=\"uael-advanced-heading.default\">\n\t\t\t\t<div class=\"elementor-widget-container\">\n\t\t\t\t\t\n\t\t<div class=\"uael-module-content uael-heading-wrapper\">\n\t\t\t\t\t\t\n\t\t\t<h2 class=\"uael-heading\">\n\t\t\t\t\t\t\t\t\t\t<span class=\"uael-heading-text elementor-inline-editing uael-size--default\" data-elementor-setting-key=\"heading_title\" data-elementor-inline-editing-toolbar=\"basic\">Desafiando las perspectivas tradicionales sobre el alivio del dolor | Dr. Jacobs Charla TEDx<\/span>\n\t\t\t\t\t\t\t<\/h2>\n\n\t\t\t\n\t\t\t\n\t\t\t\n\t\t\t\t\t\t<\/div>\n\t\t\t\t\t\t<\/div>\n\t\t\t\t<\/div>\n\t\t\t\t<div class=\"elementor-element elementor-element-0358da1 uael-aspect-ratio-16_9 uael-youtube-subscribe-no elementor-widget elementor-widget-uael-video\" data-id=\"0358da1\" data-element_type=\"widget\" data-e-type=\"widget\" data-widget_type=\"uael-video.default\">\n\t\t\t\t<div class=\"elementor-widget-container\">\n\t\t\t\t\t\t\t\t\t\t\t<div class=\"uael-video__outer-wrap  uael-video-type-youtube uael-video-play-lightbox\" data-device=\"false\" data-vsticky=\"no\" data-hidedesktop=\"\" data-hidetablet=\"\" data-hidemobile=\"\" data-vsticky-viewport=\"0\" data-elementor-open-lightbox=\"yes\" data-elementor-lightbox=\"{&quot;type&quot;:&quot;video&quot;,&quot;videoType&quot;:&quot;youtube&quot;,&quot;url&quot;:&quot;https:\\\/\\\/www.youtube.com\\\/embed\\\/aO3ZEcULNco?rel=0&amp;start&amp;end&amp;controls=1&amp;mute=0&amp;modestbranding=0&amp;&quot;,&quot;modalOptions&quot;:{&quot;id&quot;:&quot;elementor-lightbox-0358da1&quot;,&quot;entranceAnimation&quot;:&quot;&quot;,&quot;entranceAnimation_tablet&quot;:&quot;&quot;,&quot;entranceAnimation_mobile&quot;:&quot;&quot;,&quot;videoAspectRatio&quot;:&quot;169&quot;}}\">\n\t\t\t\t\t\t<div class=\"uael-video-inner-wrap\">\n\t\t\t\t<div class=\"uael-video__play\" data-src=\"https:\/\/www.youtube.com\/embed\/aO3ZEcULNco?rel=0&amp;start&amp;end&amp;controls=1&amp;mute=0&amp;modestbranding=0&amp;\">\n\t\t\t\t\t<img decoding=\"async\" class=\"uael-video__thumb\" src=\"https:\/\/i.ytimg.com\/vi\/aO3ZEcULNco\/maxresdefault.jpg\" alt=\"\"><\/img>\n\t\t\t\t\t<div class=\"uael-video__play-icon uael-animation-\">\n\t\t\t\t\t\t<i aria-hidden=\"true\" class=\"fas fa-play-circle\"><\/i>\t\t\t\t\t<\/div>\n\t\t\t\t<\/div>\n\t\t\t\t\t\t\t\t\t\t\t<\/div>\n\t\t<\/div>\n\t\t\t\t\t\t\t<\/div>\n\t\t\t\t<\/div>\n\t\t\t\t\t<\/div>\n\t\t<\/div>\n\t\t\t\t\t<\/div>\n\t\t<\/section>\n\t\t\t\t<\/div>","protected":false},"excerpt":{"rendered":"<p>Our Team Joseph Jacobs, DPT, ACN, ASTRs Doctor of Physical Therapy Advanced Clinical Nutritionist Functional Medicine Practitioner &#038; Instructor Inventor of ASTR Received approval for 8 patents Educate doctors worldwide Cancer survivor Doctor Joseph Jacobs is a cancer survivor. He used to suffer from chronic migraines, headaches, fatigue and pain before he invented ASTR speciality. [&hellip;]<\/p>\n","protected":false},"author":2447,"featured_media":503,"parent":0,"menu_order":7,"comment_status":"closed","ping_status":"closed","template":"","meta":{"_analytify_skip_tracking":false,"footnotes":""},"class_list":["post-115","page","type-page","status-publish","has-post-thumbnail","hentry"],"_links":{"self":[{"href":"https:\/\/advancedsofttissuerelease.com\/es\/wp-json\/wp\/v2\/pages\/115","targetHints":{"allow":["GET"]}}],"collection":[{"href":"https:\/\/advancedsofttissuerelease.com\/es\/wp-json\/wp\/v2\/pages"}],"about":[{"href":"https:\/\/advancedsofttissuerelease.com\/es\/wp-json\/wp\/v2\/types\/page"}],"author":[{"embeddable":true,"href":"https:\/\/advancedsofttissuerelease.com\/es\/wp-json\/wp\/v2\/users\/2447"}],"replies":[{"embeddable":true,"href":"https:\/\/advancedsofttissuerelease.com\/es\/wp-json\/wp\/v2\/comments?post=115"}],"version-history":[{"count":0,"href":"https:\/\/advancedsofttissuerelease.com\/es\/wp-json\/wp\/v2\/pages\/115\/revisions"}],"wp:featuredmedia":[{"embeddable":true,"href":"https:\/\/advancedsofttissuerelease.com\/es\/wp-json\/wp\/v2\/media\/503"}],"wp:attachment":[{"href":"https:\/\/advancedsofttissuerelease.com\/es\/wp-json\/wp\/v2\/media?parent=115"}],"curies":[{"name":"wp","href":"https:\/\/api.w.org\/{rel}","templated":true}]}}