{"id":120,"date":"2015-09-15T19:32:08","date_gmt":"2015-09-16T01:32:08","guid":{"rendered":"https:\/\/advancedsofttissuerelease.com\/manual-therapy\/"},"modified":"2022-02-20T18:59:15","modified_gmt":"2022-02-21T01:59:15","slug":"terapia-manual-definicion-tipos-propositos-estilos","status":"publish","type":"page","link":"https:\/\/advancedsofttissuerelease.com\/es\/manual-therapy-definition-types-purposes-styles\/","title":{"rendered":"Terapia Manual: Definici\u00f3n, Tipos, Prop\u00f3sitos y Estilos"},"content":{"rendered":"<h1 style=\"text-align: left;\"><strong>Terapia Manual: Definici\u00f3n, Tipos, Prop\u00f3sitos y Estilos<\/strong><\/h1>\n<h2><strong>\u00bfQu\u00e9 es la Terapia Manual?<\/strong><\/h2>\n<p>La terapia manual es una forma de tratamiento f\u00edsico y pr\u00e1ctico que utilizan muchos tipos de profesionales m\u00e9dicos para tratar dolencias y lesiones musculoesquel\u00e9ticas. Los tres tipos principales de terapia manual son la manipulaci\u00f3n, la movilizaci\u00f3n y el masaje. Los profesionales m\u00e9dicos que utilizan la terapia manual incluyen masajistas, fisioterapeutas, terapeutas ocupacionales, oste\u00f3patas y m\u00e9dicos oste\u00f3patas.<\/p>\n<h3><strong><u>1. Manipulaci\u00f3n:<\/u><\/strong><\/h3>\n<p>Aplicaci\u00f3n r\u00e1pida de fuerza en una direcci\u00f3n de rotaci\u00f3n, cizallamiento o distracci\u00f3n a una articulaci\u00f3n articular. Esto ocurre con frecuencia con un sonido de estallido.<\/p>\n<h3><strong><u>2. Movilizaci\u00f3n:<\/u><\/strong><\/h3>\n<p>Movimiento pasivo lento y controlado de una articulaci\u00f3n para lograr un efecto terap\u00e9utico.<\/p>\n<h3><strong><u>3. Terapia de masaje:<\/u><\/strong><\/h3>\n<p>Amasado, frotado o desprendimiento repetitivo de los tejidos miofasciales para mejorar la din\u00e1mica de los fluidos intersticiales.<\/p>\n<h2 style=\"text-align: left;\">Prop\u00f3sitos de la Terapia Manual en Fisioterapia<\/h2>\n<p>Los prop\u00f3sitos de la terapia manual en fisioterapia incluyen:<\/p>\n<ol style=\"margin-left: 120px;\">\n<li>Disminuci\u00f3n del dolor<\/li>\n<li>Aumentar el rango de movimiento<\/li>\n<li>Reducir la inflamaci\u00f3n de los tejidos blandos<\/li>\n<li>Inducir la relajaci\u00f3n<\/li>\n<li>Mejora de la reparaci\u00f3n, extensibilidad y\/o estabilidad de tejidos contr\u00e1ctiles y no contr\u00e1ctiles<\/li>\n<li>Facilitar el movimiento<\/li>\n<li>Mejorando la funci\u00f3n<\/li>\n<\/ol>\n<h2 style=\"text-align: left;\"><strong>Estilos de Terapia Manual\u00a0<\/strong><\/h2>\n<table style=\"width: 750px;\" border=\"1\" cellspacing=\"1\" cellpadding=\"1\">\n<tbody>\n<tr>\n<td style=\"width: 215px;\">Acupresi\u00f3n<\/td>\n<td style=\"width: 264px;\">Movilizaci\u00f3n Conjunta<\/td>\n<td style=\"width: 253px;\">Fisioterapia<\/td>\n<\/tr>\n<tr>\n<td style=\"width: 215px;\">Anma<\/td>\n<td style=\"width: 264px;\">Terapia de Masajes<\/td>\n<td style=\"width: 253px;\">Terapia de polaridad<\/td>\n<\/tr>\n<tr>\n<td style=\"width: 215px;\">ASTR<\/td>\n<td style=\"width: 264px;\">Matrix Energ\u00e9tica<\/td>\n<td style=\"width: 253px;\">Integraci\u00f3n Estructural Rolfing<\/td>\n<\/tr>\n<tr>\n<td style=\"width: 215px;\">Carrocer\u00eda<\/td>\n<td style=\"width: 264px;\">Drenaje Linfatico Manual<\/td>\n<td style=\"width: 253px;\">Seitai<\/td>\n<\/tr>\n<tr>\n<td style=\"width: 215px;\">Ajuste \u00f3seo<\/td>\n<td style=\"width: 264px;\">Acupuntura M\u00e9dica<\/td>\n<td style=\"width: 253px;\">Manipulaci\u00f3n espinal<\/td>\n<\/tr>\n<tr>\n<td style=\"width: 215px;\">T\u00e9cnica de Bowen<\/td>\n<td style=\"width: 264px;\">T\u00e9cnicas de energ\u00eda muscular<\/td>\n<td style=\"width: 253px;\">Movilizaci\u00f3n espinal<\/td>\n<\/tr>\n<tr>\n<td style=\"width: 215px;\">quiropr\u00e1ctica<\/td>\n<td style=\"width: 264px;\">Liberaci\u00f3n miofascial<\/td>\n<td style=\"width: 253px;\">Sotai<\/td>\n<\/tr>\n<tr>\n<td style=\"width: 215px;\">Terapia craneosacral<\/td>\n<td style=\"width: 264px;\">mioterapia<\/td>\n<td style=\"width: 253px;\">Shiatsu<\/td>\n<\/tr>\n<tr>\n<td style=\"width: 215px;\">M\u00e9todo Dorn<\/td>\n<td style=\"width: 264px;\">naprapat\u00eda<\/td>\n<td style=\"width: 253px;\">Tracci\u00f3n<\/td>\n<\/tr>\n<tr>\n<td style=\"width: 215px;\">Terapia Manual Integrativa<\/td>\n<td style=\"width: 264px;\">Medicina de manipulaci\u00f3n osteop\u00e1tica<\/td>\n<td style=\"width: 253px;\">tui na<\/td>\n<\/tr>\n<tr>\n<td style=\"width: 215px;\">Manipulaci\u00f3n conjunta<\/td>\n<td style=\"width: 264px;\">Osteopat\u00eda<\/td>\n<td style=\"width: 253px;\">Equilibrio cero<\/td>\n<\/tr>\n<\/tbody>\n<\/table>\n<h1 style=\"text-align: left;\"><strong>Terapia Manual y ASTR<\/strong><\/h1>\n<p>ASTR trata el dolor de una manera suave, efectiva y natural al liberar el tejido cicatricial, los puntos gatillo y la restricci\u00f3n de la fascia. ASTR adopta un enfoque hol\u00edstico para abordar las causas fundamentales del dolor, no solo los s\u00edntomas. La terapia manual ASTR se puede realizar en casa.<\/p>\n<h1>Curso Online de Terapia Manual<\/h1>\n<p><iframe title=\"Las 3 razones principales por las que los m\u00e9dicos eligen el tratamiento ASTR\" width=\"800\" height=\"450\" src=\"https:\/\/www.youtube.com\/embed\/2tVG_3-t9_Q?feature=oembed\" frameborder=\"0\" allow=\"accelerometer; autoplay; clipboard-write; encrypted-media; gyroscope; picture-in-picture; web-share\" allowfullscreen><\/iframe><\/p>\n<h3>Reloj<\/h3>\n<p>\u00a1Trate la causa ra\u00edz del problema!<\/p>\n<h2><a href=\"https:\/\/advancedsofttissuerelease.com\/es\/astr-healthcare-proveedor-course\/\">Minimizar la energ\u00eda. Maximizar los resultados.<\/a><\/h2>\n<ul>\n<li>Resultados r\u00e1pidos<\/li>\n<li>F\u00e1cil de usar<\/li>\n<li>Dise\u00f1ado ergon\u00f3micamente<\/li>\n<li>Enfoque hol\u00edstico natural<\/li>\n<li>Tratar la ra\u00edz del problema<\/li>\n<li>Capacitaci\u00f3n en l\u00ednea a su propio ritmo<\/li>\n<li>Inventado por un m\u00e9dico que ten\u00eda dolor cr\u00f3nico<\/li>\n<li>Apoyado por m\u00e1s de 45 estudios<\/li>\n<\/ul>\n<p><a role=\"button\" href=\"https:\/\/advancedsofttissuerelease.com\/es\/astr-healthcare-proveedor-course\/\"><br \/>\nConvi\u00e9rtase en proveedor de ASTR<br \/>\n<\/a><\/p>\n<h2>Los m\u00e9dicos recomiendan ASTR<\/h2>\n<p><i>\ue934<\/i><i>\ue934<\/i><i>\ue934<\/i><i>\ue934<\/i><i>\ue934<\/i> 5\/5<br \/>\n<a role=\"button\" href=\"https:\/\/advancedsofttissuerelease.com\/es\/resenas-de-doctores-2\/\"><br \/>\nVer los v\u00eddeos de revisi\u00f3n de los m\u00e9dicos<br \/>\n<\/a><br \/>\n&#8220;<b>Normalmente, antes de ASTR ve\u00eda a los pacientes de 2 a 3 meses para obtener los resultados que obtengo con ASTR. Con el tratamiento ASTR obtengo los resultados en menos de 5 visitas<\/b>&#8221;<br \/>\n<img decoding=\"async\" src=\"https:\/\/advancedsofttissuerelease.com\/wp-content\/uploads\/2021\/05\/mq2-1.jpg\" alt=\"Derek Biesheuvel, PT\" \/><br \/>\n<cite>Derek Biesheuvel, PTFysical Therapist - 20 a\u00f1os de pr\u00e1ctica<\/cite><br \/>\n\u201cEs diferente a otras clases que tom\u00e9 porque involucra todo el cuerpo y <b>est\u00e1 respaldado por la investigaci\u00f3n y es eficaz, ver\u00e1 los resultados inmediatamente<\/b>&#8221;<br \/>\n<img decoding=\"async\" src=\"https:\/\/advancedsofttissuerelease.com\/wp-content\/uploads\/2021\/05\/LisaKwan.jpg\" alt=\"Lisa Kwan, PT\" \/><br \/>\n<cite>Lisa Kwan, fisioterapeuta PTP - 18 a\u00f1os de pr\u00e1ctica<\/cite><br \/>\n&#8220;<b>La clase de ASTR es s\u00f3lida y el tratamiento cambiar\u00e1 su pr\u00e1ctica... Siento que todo fisioterapeuta deber\u00eda saber acerca de ASTR<\/b>\u2026 Terapeutas f\u00edsicos, quiropr\u00e1cticos y profesionales del bienestar se unen a las clases de ASTR\u201d.<br \/>\n<img decoding=\"async\" src=\"https:\/\/advancedsofttissuerelease.com\/wp-content\/uploads\/2021\/05\/mq3.jpg\" alt=\"Dr. Roland Samaniego, DPT\" \/><br \/>\n<cite>Dr. Roland Samaniego, DPTDoctor en Fisioterapia \u2013 16 a\u00f1os de pr\u00e1ctica<\/cite><br \/>\n&#8220;<b>Si buscas algo que haga que los pacientes obtengan resultados r\u00e1pidos y satisfactorios, este es definitivamente el curso que debes tomar<\/b>, aprenda y util\u00edcelo de inmediato en sus pacientes. Definitivamente lo recomiendo\u201d<br \/>\n<img decoding=\"async\" src=\"https:\/\/advancedsofttissuerelease.com\/wp-content\/uploads\/2021\/05\/mq1.jpg\" alt=\"Dr. Amin Nia, DC\" \/><br \/>\n<cite>Dr. Amin Nia, DC Doctor en Quiropr\u00e1ctica - 28 a\u00f1os de pr\u00e1ctica<\/cite><br \/>\n&#8220;<b>He estado buscando algo como ASTR desde entonces, \u00a1desde hace 32 a\u00f1os!... Tienes que tomar esta clase<\/b> del Dr. Jacobs, <b>estos son los mejores resultados<\/b> y he mirado todo lo dem\u00e1s y lo he intentado y finalmente nada ha funcionado y <b>esto es impresionante<\/b>!&#8221;<br \/>\n<img decoding=\"async\" src=\"https:\/\/advancedsofttissuerelease.com\/wp-content\/uploads\/2021\/05\/mq2.jpg\" alt=\"Dr. Charles Hough, DC\" \/><br \/>\n<cite>Dr. Charles Hough, DC Doctor en Quiropr\u00e1ctica - 32 a\u00f1os de pr\u00e1ctica<\/cite><br \/>\n\u201cDesde la escuela de quiropr\u00e1ctica ense\u00f1amos a tratar todo el cuerpo y este es un sistema (ASTR) que lo hace de manera muy eficiente con <b>resultados inmediatos<\/b>&#8221;<br \/>\n<img decoding=\"async\" src=\"https:\/\/advancedsofttissuerelease.com\/wp-content\/uploads\/2021\/05\/mq2-2.jpg\" alt=\"Dr. Gary Wat, DC\" \/><br \/>\n<cite>Dr. Gary Wat, DC Doctor en Quiropr\u00e1ctica - 14 a\u00f1os de pr\u00e1ctica<\/cite><br \/>\n\u201cHe estado en la industria de la fisioterapia por m\u00e1s de 3 a\u00f1os. Hace 6 meses comenc\u00e9 a trabajar con Dr.Jacobs y tengo que decir que <b>Nunca he sido testigo de una tasa de recuperaci\u00f3n de pacientes tan exitosa como la de aqu\u00ed<\/b>. El Dr. Joseph Jacobs definitivamente sabe c\u00f3mo llegar a la ra\u00edz de la dolencia del paciente con sus herramientas y m\u00e9todos patentados de fisioterapia. <b>Al principio era esc\u00e9ptico, pero despu\u00e9s de presenciar repetidamente la recuperaci\u00f3n de los pacientes, he llegado a creer en su pr\u00e1ctica<\/b>. Estoy orgulloso de ser parte de ayudar a los pacientes con su recuperaci\u00f3n\u201d.<br \/>\n<img decoding=\"async\" src=\"https:\/\/advancedsofttissuerelease.com\/wp-content\/uploads\/2021\/05\/148B0148-70-scaled.jpg\" alt=\"Dee Ann Pop\" \/><br \/>\n<cite>DeeAnn PopPreviews compa\u00f1ero de trabajo<\/cite><br \/>\n&quot;Dr. Jacobs es muy conocedor, lo respeto mucho\u2026.<b>Si quieres mejorar tu pr\u00e1ctica, tienes que tomar clases de ASTR<\/b>. Este algo ser\u00e1 cada vez m\u00e1s grande en el futuro\u201d<br \/>\n<img decoding=\"async\" src=\"https:\/\/advancedsofttissuerelease.com\/wp-content\/uploads\/2021\/05\/mq3-1.jpg\" alt=\"Dr. Niklas Fougner, DC\" \/><br \/>\n<cite>Dr. Niklas Fougner, DCDoctor en Quiropr\u00e1ctica - 20 a\u00f1os de pr\u00e1ctica<\/cite><br \/>\n\u201cASTR es un concepto y una disciplina \u00fanicos en s\u00ed mismos, no puedes aprender esto en ning\u00fan otro lado. No he visto ni practicado nada tan singular como ASTR. No puedes decir que me gradu\u00e9 y obtuve todo el conocimiento que necesito, <b>tienes que probar ASTR porque s\u00ed funciona y lo recomiendo mucho<\/b>&#8221;<br \/>\n<img decoding=\"async\" src=\"https:\/\/advancedsofttissuerelease.com\/wp-content\/uploads\/2021\/05\/mq3-2.jpg\" alt=\"Rabih Mezher, OT\" \/><br \/>\n<cite>Rabih Mezher, OTOterapeuta ocupacional<\/cite><br \/>\n&quot;Dr. Jacobs es pionero, ide\u00f3 aplicaciones mucho m\u00e1s f\u00e1ciles que hacen una liberaci\u00f3n miofascial muy r\u00e1pida. Es muy f\u00e1cil para el paciente y para el profesional que lo aplica. <b>Estoy muy emocionado con la t\u00e9cnica ASTR. Espero que todos los profesionales de la medicina f\u00edsica echen un vistazo a esto.<\/b>&#8221;<br \/>\n<img decoding=\"async\" src=\"https:\/\/advancedsofttissuerelease.com\/wp-content\/uploads\/2021\/05\/mq3-1-1.jpg\" alt=\"Dra. Maria Angle, DC\" \/><br \/>\n<cite>Dra. Maria Angle, DC Quiropr\u00e1ctica y Doctora en Medicina Oriental - 18 a\u00f1os de pr\u00e1ctica<\/cite><br \/>\n\u201cDefinitivamente animo (a los proveedores de atenci\u00f3n m\u00e9dica) a revisar este programa e inscribirse y <b>ser parte de este tratamiento revolucionario. Esta es la mejor clase de terapia manual que he tomado<\/b>&#8221;<br \/>\n<img decoding=\"async\" src=\"https:\/\/advancedsofttissuerelease.com\/wp-content\/uploads\/2021\/05\/mq3-3.jpg\" alt=\"Sherwin Gagatam, PT\" \/><br \/>\n<cite>Sherwin Gagatam, PTPFisioterapeuta - 15 a\u00f1os de pr\u00e1ctica<\/cite><br \/>\nAnterior<br \/>\npr\u00f3ximo<br \/>\n<iframe title=\"\u00a1Alivia el dolor cr\u00f3nico al instante y f\u00e1cilmente!\" width=\"800\" height=\"450\" src=\"https:\/\/www.youtube.com\/embed\/07mLKtiiyBc?start=2&#038;feature=oembed\" frameborder=\"0\" allow=\"accelerometer; autoplay; clipboard-write; encrypted-media; gyroscope; picture-in-picture; web-share\" allowfullscreen><\/iframe><\/p>","protected":false},"excerpt":{"rendered":"<p>Manual Therapy: Definition, Types, Purposes &amp; Styles What is Manual Therapy? Manual therapy is a form of physical, hands-on treatment that is used by many types of medical professionals to address musculoskeletal ailments and injuries. The three main types of manual therapy are manipulation, mobilization, and massage. Medical professionals that utilize manual therapy include massage [&hellip;]<\/p>\n","protected":false},"author":1,"featured_media":0,"parent":0,"menu_order":227,"comment_status":"closed","ping_status":"closed","template":"","meta":{"_analytify_skip_tracking":false,"footnotes":""},"class_list":["post-120","page","type-page","status-publish","hentry"],"_links":{"self":[{"href":"https:\/\/advancedsofttissuerelease.com\/es\/wp-json\/wp\/v2\/pages\/120","targetHints":{"allow":["GET"]}}],"collection":[{"href":"https:\/\/advancedsofttissuerelease.com\/es\/wp-json\/wp\/v2\/pages"}],"about":[{"href":"https:\/\/advancedsofttissuerelease.com\/es\/wp-json\/wp\/v2\/types\/page"}],"author":[{"embeddable":true,"href":"https:\/\/advancedsofttissuerelease.com\/es\/wp-json\/wp\/v2\/users\/1"}],"replies":[{"embeddable":true,"href":"https:\/\/advancedsofttissuerelease.com\/es\/wp-json\/wp\/v2\/comments?post=120"}],"version-history":[{"count":0,"href":"https:\/\/advancedsofttissuerelease.com\/es\/wp-json\/wp\/v2\/pages\/120\/revisions"}],"wp:attachment":[{"href":"https:\/\/advancedsofttissuerelease.com\/es\/wp-json\/wp\/v2\/media?parent=120"}],"curies":[{"name":"wp","href":"https:\/\/api.w.org\/{rel}","templated":true}]}}