{"id":125,"date":"2015-12-06T03:03:19","date_gmt":"2015-12-06T03:03:19","guid":{"rendered":"https:\/\/advancedsofttissuerelease.com\/scar-tissue\/"},"modified":"2021-12-11T15:13:32","modified_gmt":"2021-12-11T22:13:32","slug":"cicatriz-tejido-liberacion-sintomas-causas-tratamiento-2","status":"publish","type":"page","link":"https:\/\/advancedsofttissuerelease.com\/es\/scar-tissue-release-symptoms-causes-treatment\/","title":{"rendered":"Liberaci\u00f3n de tejido cicatricial: s\u00edntomas, causas y tratamiento"},"content":{"rendered":"<h1 style=\"text-align: left;\"><span style=\"color: #696969;\"><span style=\"font-family: verdana,geneva,sans-serif;\"><strong>Liberaci\u00f3n de tejido cicatricial: s\u00edntomas, causas y tratamiento<\/strong><\/span><\/span><\/h1>\n<p><iframe title=\"\u00bfC\u00f3mo deshacerse del tejido cicatricial? \u00a1ENCUENTRA TRUCOS AQU\u00cd!\" width=\"800\" height=\"450\" src=\"https:\/\/www.youtube.com\/embed\/mmL_sD0-_Bk?start=19&#038;feature=oembed\" frameborder=\"0\" allow=\"accelerometer; autoplay; clipboard-write; encrypted-media; gyroscope; picture-in-picture; web-share\" allowfullscreen><\/iframe><\/p>\n<p><span style=\"color: #696969;\"><span style=\"font-family: verdana,geneva,sans-serif;\">El tejido cicatricial se forma en todo el cuerpo en respuesta al da\u00f1o tisular para reparar temporalmente el sitio de la lesi\u00f3n hasta que se forme un tejido m\u00e1s fuerte y permanente. Se puede formar cuando el cuerpo se somete a lesiones, estr\u00e9s, enfermedades, cirug\u00edas, accidentes, malas posturas prolongadas y mec\u00e1nica corporal inadecuada. Durante el proceso de curaci\u00f3n normal, la mayor parte del tejido cicatricial temporal se reabsorbe en el cuerpo despu\u00e9s de que se haya creado el tejido permanente. Ocasionalmente, el proceso de curaci\u00f3n se interrumpe y se forma demasiado tejido cicatricial, ejerciendo una presi\u00f3n excesiva sobre los m\u00fasculos, vasos sangu\u00edneos, nervios, huesos y \u00f3rganos circundantes. Esto puede causar dolor y\/o limitar el rango de movimiento de una articulaci\u00f3n.<\/span><\/span><\/p>\n<h2 style=\"text-align: left;\"><span style=\"color: #696969;\"><span style=\"font-family: verdana,geneva,sans-serif;\">Causas del tejido cicatricial\u00a0<\/span><\/span><\/h2>\n<p><span style=\"color: #696969;\"><span style=\"font-family: verdana,geneva,sans-serif;\">Las causas del tejido cicatricial incluyen:<\/span><\/span><\/p>\n<ol style=\"margin-left: 120px;\">\n<li><span style=\"color: #696969;\"><span style=\"font-family: verdana,geneva,sans-serif;\">Postura pobre<\/span><\/span><\/li>\n<li><span style=\"color: #696969;\"><span style=\"font-family: verdana,geneva,sans-serif;\">Accidentes<\/span><\/span><\/li>\n<li><span style=\"color: #696969;\"><span style=\"font-family: verdana,geneva,sans-serif;\">Inflamaci\u00f3n<\/span><\/span><\/li>\n<li><span style=\"color: #696969;\"><span style=\"font-family: verdana,geneva,sans-serif;\">Lesi\u00f3n<\/span><\/span><\/li>\n<li><span style=\"color: #696969;\"><span style=\"font-family: verdana,geneva,sans-serif;\">Cirug\u00eda<\/span><\/span><\/li>\n<li><span style=\"color: #696969;\"><span style=\"font-family: verdana,geneva,sans-serif;\">Enfermedad<\/span><\/span><\/li>\n<li><span style=\"color: #696969;\"><span style=\"font-family: verdana,geneva,sans-serif;\">Estr\u00e9s<\/span><\/span><\/li>\n<li><span style=\"color: #696969;\"><span style=\"font-family: verdana,geneva,sans-serif;\">Mala mec\u00e1nica corporal.<\/span><\/span><\/li>\n<\/ol>\n<h2 style=\"text-align: left;\"><span style=\"color: #696969;\"><span style=\"font-family: verdana,geneva,sans-serif;\">S\u00edntomas del tejido cicatricial<\/span><\/span><\/h2>\n<p><span style=\"color: #696969;\"><span style=\"font-family: verdana,geneva,sans-serif;\">Los s\u00edntomas del tejido cicatricial incluyen:<\/span><\/span><\/p>\n<ol style=\"margin-left: 120px;\">\n<li><span style=\"color: #696969;\"><span style=\"font-family: verdana,geneva,sans-serif;\">Rango de movimiento limitado en una articulaci\u00f3n<\/span><\/span><\/li>\n<li><span style=\"color: #696969;\"><span style=\"font-family: verdana,geneva,sans-serif;\">Dolor sordo y doloroso<\/span><\/span><\/li>\n<li><span style=\"color: #696969;\"><span style=\"font-family: verdana,geneva,sans-serif;\">Sensaciones de entumecimiento u hormigueo<\/span><\/span><\/li>\n<li><span style=\"color: #696969;\"><span style=\"font-family: verdana,geneva,sans-serif;\">Rigidez en una articulaci\u00f3n<\/span><\/span><\/li>\n<li><span style=\"color: #696969;\"><span style=\"font-family: verdana,geneva,sans-serif;\">Tensi\u00f3n muscular<\/span><\/span><\/li>\n<li><span style=\"color: #696969;\"><span style=\"font-family: verdana,geneva,sans-serif;\">Espasmos musculares<\/span><\/span><\/li>\n<li><span style=\"color: #696969;\"><span style=\"font-family: verdana,geneva,sans-serif;\">M\u00fasculo sensible al tacto<\/span><\/span><\/li>\n<\/ol>\n<h2 style=\"text-align: left;\"><span style=\"color: #696969;\"><span style=\"font-family: verdana,geneva,sans-serif;\"><strong>C\u00f3mo ASTR libera tejido cicatricial<\/strong><\/span><\/span><\/h2>\n<p><span style=\"color: #696969;\"><span style=\"font-family: verdana,geneva,sans-serif;\">Advanced Soft Tissue Release (abreviado como ASTR) es una nueva especialidad de terapia manual que est\u00e1 revolucionando la forma en que los pacientes experimentan\u00a0<strong>a largo plazo\u00a0<\/strong>alivio del dolor. ASTR trata el dolor de una manera suave, efectiva y natural al liberar el tejido cicatricial, los puntos gatillo y la restricci\u00f3n de la fascia. Las herramientas patentadas de ASTR ayudan a liberar y eliminar el tejido cicatricial, y los m\u00e9dicos de ASTR est\u00e1n capacitados en t\u00e9cnicas efectivas que no causan dolor ni tensi\u00f3n adicionales en el cuerpo del paciente.<a href=\"https:\/\/advancedsofttissuerelease.com\/es\/about-astr\/que-es-astr-2\/\"> Conozca c\u00f3mo ASTR puede ayudarlo <\/a>o <a href=\"https:\/\/advancedsofttissuerelease.com\/es\/testimonios-2\/\">ver videos testimoniales<\/a> de pacientes que experimentaron alivio del dolor a trav\u00e9s del tratamiento ASTR.<\/span><\/span><\/p>","protected":false},"excerpt":{"rendered":"<p>Scar Tissue Release : Symptoms, Causes &amp; Treatment Scar tissue forms throughout the body in response to tissue damage in order to temporarily repair an injury site until stronger, more permanent tissue is made. It can form when the body is subjected to injury, stress, disease, surgery, an accident, prolonged poor posture, and improper body [&hellip;]<\/p>\n","protected":false},"author":2447,"featured_media":0,"parent":0,"menu_order":223,"comment_status":"closed","ping_status":"closed","template":"","meta":{"_analytify_skip_tracking":false,"footnotes":""},"class_list":["post-125","page","type-page","status-publish","hentry"],"_links":{"self":[{"href":"https:\/\/advancedsofttissuerelease.com\/es\/wp-json\/wp\/v2\/pages\/125","targetHints":{"allow":["GET"]}}],"collection":[{"href":"https:\/\/advancedsofttissuerelease.com\/es\/wp-json\/wp\/v2\/pages"}],"about":[{"href":"https:\/\/advancedsofttissuerelease.com\/es\/wp-json\/wp\/v2\/types\/page"}],"author":[{"embeddable":true,"href":"https:\/\/advancedsofttissuerelease.com\/es\/wp-json\/wp\/v2\/users\/2447"}],"replies":[{"embeddable":true,"href":"https:\/\/advancedsofttissuerelease.com\/es\/wp-json\/wp\/v2\/comments?post=125"}],"version-history":[{"count":0,"href":"https:\/\/advancedsofttissuerelease.com\/es\/wp-json\/wp\/v2\/pages\/125\/revisions"}],"wp:attachment":[{"href":"https:\/\/advancedsofttissuerelease.com\/es\/wp-json\/wp\/v2\/media?parent=125"}],"curies":[{"name":"wp","href":"https:\/\/api.w.org\/{rel}","templated":true}]}}