{"id":129,"date":"2015-12-07T00:37:16","date_gmt":"2015-12-07T00:37:16","guid":{"rendered":"https:\/\/advancedsofttissuerelease.com\/soft-tissue\/"},"modified":"2015-12-07T00:37:16","modified_gmt":"2015-12-07T00:37:16","slug":"tejido-suave-2","status":"publish","type":"page","link":"https:\/\/advancedsofttissuerelease.com\/es\/soft-tissue\/","title":{"rendered":"Tejido suave"},"content":{"rendered":"<p> \t&nbsp;<\/p>\n<h1 style=\"text-align: center;\"> \t<span style=\"color:#696969;\"><span style=\"font-family:verdana,geneva,sans-serif;\"><strong>Tejido suave<\/strong><\/span><\/span><\/h1>\n<p> \t<span style=\"color:#696969;\"><span style=\"font-family:verdana,geneva,sans-serif;\">El tejido blando rodea, conecta y sostiene los huesos, las estructuras y los \u00f3rganos del cuerpo.<\/span><\/span><\/p>\n<h2 style=\"text-align: center;\"> \t<span style=\"color:#696969;\"><span style=\"font-family:verdana,geneva,sans-serif;\">Los tejidos blandos incluyen:<\/span><\/span><\/h2>\n<ul>\n<li> \t\t<span style=\"color:#696969;\"><span style=\"font-family:verdana,geneva,sans-serif;\">Tendones (conectan los m\u00fasculos a los huesos)<\/span><\/span><\/li>\n<li> \t\t<span style=\"color:#696969;\"><span style=\"font-family:verdana,geneva,sans-serif;\">Ligamentos (conectan hueso con hueso)<\/span><\/span><\/li>\n<li> \t\t<span style=\"color:#696969;\"><span style=\"font-family:verdana,geneva,sans-serif;\">Fascia (capa conectiva que envuelve todo el cuerpo, incluidos los m\u00fasculos y los \u00f3rganos)<\/span><\/span><\/li>\n<li> \t\t<span style=\"color:#696969;\"><span style=\"font-family:verdana,geneva,sans-serif;\">Piel<\/span><\/span><\/li>\n<li> \t\t<span style=\"color:#696969;\"><span style=\"font-family:verdana,geneva,sans-serif;\">Tejidos fibrosos<\/span><\/span><\/li>\n<li> \t\t<span style=\"color:#696969;\"><span style=\"font-family:verdana,geneva,sans-serif;\">gordo<\/span><\/span><\/li>\n<li> \t\t<span style=\"color:#696969;\"><span style=\"font-family:verdana,geneva,sans-serif;\">Membranas sinoviales (componen c\u00e1psulas articulares)<\/span><\/span><\/li>\n<li> \t\t<span style=\"color:#696969;\"><span style=\"font-family:verdana,geneva,sans-serif;\">M\u00fasculos (elementos contr\u00e1ctiles)<\/span><\/span><\/li>\n<li> \t\t<span style=\"color:#696969;\"><span style=\"font-family:verdana,geneva,sans-serif;\">Nervios (conectan el cuerpo con el cerebro)<\/span><\/span><\/li>\n<li> \t\t<span style=\"color:#696969;\"><span style=\"font-family:verdana,geneva,sans-serif;\">Vasos sangu\u00edneos (transportan sangre, ox\u00edgeno y nutrientes por todo el cuerpo)<\/span><\/span><\/li>\n<\/ul>\n<p> \t&nbsp;<\/p>\n<h2 style=\"text-align: center;\"> \t<span style=\"color:#696969;\"><span style=\"font-family:verdana,geneva,sans-serif;\">Disfunciones de tejidos blandos<\/span><\/span><\/h2>\n<p> \t<span style=\"color:#696969;\"><span style=\"font-family:verdana,geneva,sans-serif;\">Cuando estos tejidos blandos no funcionan como deber\u00edan, puede dar lugar a los siguientes tipos de disfunciones:<\/span><\/span><\/p>\n<ul>\n<li> \t\t<span style=\"color:#696969;\"><span style=\"font-family:verdana,geneva,sans-serif;\"><strong>Tejido cicatricial (fibrosis):<\/strong>&nbsp;El tejido cicatricial ejerce una presi\u00f3n excesiva sobre los m\u00fasculos, vasos sangu\u00edneos, nervios, huesos y \u00f3rganos circundantes. Esto puede causar dolor y\/o limitar el rango de movimiento de una articulaci\u00f3n. Con las herramientas de ASTR, el tejido cicatricial se puede liberar sin dolor y de manera eficiente, aliviando el dolor y restaurando el rango de movimiento.<\/span><\/span><\/li>\n<li> \t\t<span style=\"color:#696969;\"><span style=\"font-family:verdana,geneva,sans-serif;\"><strong>Restricci\u00f3n de fascia:<\/strong>&nbsp;Similar a la forma en que el traje de Spiderman abraza su cuerpo, la fascia es un tejido conectivo fuerte que envuelve nuestro cuerpo de la cabeza a los pies. Normalmente, la fascia es el\u00e1stica y puede estirarse y acortarse en respuesta a los movimientos del cuerpo. Los accidentes, traumas, cirug\u00edas, tejido cicatricial, estr\u00e9s, malas posturas y una mala mec\u00e1nica corporal pueden disminuir la elasticidad de la fascia y provocar dolor y un rango de movimiento limitado.<\/span><\/span><\/li>\n<li> \t\t<span style=\"color:#696969;\"><span style=\"font-family:verdana,geneva,sans-serif;\"><strong>Puntos gatillo y espasmos musculares:<\/strong>&nbsp;Los puntos gatillo son nudos palpables en el tejido muscular. Su presencia puede causar dolor y acortamiento muscular o espasmos musculares.<\/span><\/span><\/li>\n<li> \t\t<span style=\"color:#696969;\"><span style=\"font-family:verdana,geneva,sans-serif;\"><strong>Desplazamiento conjunto:<\/strong>&nbsp;Todas las articulaciones de nuestro cuerpo tienen una alineaci\u00f3n normal, lo que describe c\u00f3mo se colocan y se mueven dos huesos adyacentes entre s\u00ed. El desplazamiento articular se refiere a cualquier desviaci\u00f3n en esa alineaci\u00f3n normal. La restricci\u00f3n en el tejido blando a menudo puede hacer que una articulaci\u00f3n se desplace. Esto puede ser extremadamente doloroso y puede generar mucha tensi\u00f3n en la articulaci\u00f3n y las estructuras circundantes.<\/span><\/span><\/li>\n<\/ul>\n<p> \t<span style=\"color:#696969;\"><span style=\"font-family:verdana,geneva,sans-serif;\">Estos tipos de disfunciones se ven com\u00fanmente en dolor de mand\u00edbula, ci\u00e1tica, artritis, dolores de cabeza, dolor de cuello y espalda, s\u00edndrome del t\u00fanel carpiano, tendinitis, bursitis y muchas m\u00e1s condiciones.<\/span><\/span><\/p>\n<h1 style=\"text-align: center;\"> \t<span style=\"color:#696969;\"><span style=\"font-family:verdana,geneva,sans-serif;\"><strong>C\u00f3mo ASTR trata la disfunci\u00f3n de los tejidos blandos<\/strong><\/span><\/span><\/h1>\n<p> \t<span style=\"color:#696969;\"><span style=\"font-family:verdana,geneva,sans-serif;\">Advanced Soft Tissue Release (abreviado como ASTR) es una nueva especialidad de terapia manual que est\u00e1 revolucionando la forma en que los pacientes experimentan&nbsp;<strong>a largo plazo&nbsp;<\/strong>alivio del dolor. ASTR trata el dolor de una manera suave, efectiva y natural al liberar el tejido cicatricial, los puntos gatillo y la restricci\u00f3n de la fascia. Las herramientas patentadas de ASTR ayudan a liberar el tejido blando, y los m\u00e9dicos de ASTR est\u00e1n capacitados en t\u00e9cnicas efectivas que no causan dolor ni tensi\u00f3n adicionales en el cuerpo del paciente. <a href=\"https:\/\/advancedsofttissuerelease.com\/es\/about-astr\/que-es-astr-2\/\">Conozca c\u00f3mo ASTR puede ayudarlo<\/a> o <a href=\"https:\/\/advancedsofttissuerelease.com\/es\/testimonios-2\/\">ver videos testimoniales<\/a> de pacientes que experimentaron alivio del dolor a trav\u00e9s del tratamiento ASTR.<\/span><\/span><\/p>","protected":false},"excerpt":{"rendered":"<p>&nbsp; Soft Tissue Soft tissue surrounds, connects, and supports bones, structures, and organs of the body. Soft Tissues Include: Tendons (connect muscles to bones) Ligaments (connect bone to bone) Fascia (connective layer that wraps around the entire body, including muscles and organs) Skin Fibrous Tissues Fat Synovial Membranes (compose joint capsules) Muscles (contractile elements) Nerves [&hellip;]<\/p>\n","protected":false},"author":2447,"featured_media":0,"parent":0,"menu_order":219,"comment_status":"closed","ping_status":"closed","template":"","meta":{"_analytify_skip_tracking":false,"footnotes":""},"class_list":["post-129","page","type-page","status-publish","hentry"],"_links":{"self":[{"href":"https:\/\/advancedsofttissuerelease.com\/es\/wp-json\/wp\/v2\/pages\/129","targetHints":{"allow":["GET"]}}],"collection":[{"href":"https:\/\/advancedsofttissuerelease.com\/es\/wp-json\/wp\/v2\/pages"}],"about":[{"href":"https:\/\/advancedsofttissuerelease.com\/es\/wp-json\/wp\/v2\/types\/page"}],"author":[{"embeddable":true,"href":"https:\/\/advancedsofttissuerelease.com\/es\/wp-json\/wp\/v2\/users\/2447"}],"replies":[{"embeddable":true,"href":"https:\/\/advancedsofttissuerelease.com\/es\/wp-json\/wp\/v2\/comments?post=129"}],"version-history":[{"count":0,"href":"https:\/\/advancedsofttissuerelease.com\/es\/wp-json\/wp\/v2\/pages\/129\/revisions"}],"wp:attachment":[{"href":"https:\/\/advancedsofttissuerelease.com\/es\/wp-json\/wp\/v2\/media?parent=129"}],"curies":[{"name":"wp","href":"https:\/\/api.w.org\/{rel}","templated":true}]}}