{"id":152,"date":"2016-02-06T05:30:21","date_gmt":"2016-02-06T05:30:21","guid":{"rendered":"https:\/\/advancedsofttissuerelease.com\/disclaimer\/"},"modified":"2019-01-16T17:44:39","modified_gmt":"2019-01-16T17:44:39","slug":"descargo-de-responsabilidad-2","status":"publish","type":"page","link":"https:\/\/advancedsofttissuerelease.com\/es\/disclaimer\/","title":{"rendered":"Descargo de responsabilidad"},"content":{"rendered":"<p class=\"p1\"><span class=\"s1\">EXENCI\u00d3N DE RESPONSABILIDAD M\u00c9DICA<\/span><\/p>\n<p class=\"p2\"><span class=\"s1\">ning\u00fan consejo<\/span><\/p>\n<p class=\"p2\"><span class=\"s1\">Este sitio web contiene informaci\u00f3n general sobre condiciones m\u00e9dicas y tratamientos. La informaci\u00f3n no es un consejo, y no debe ser tratada como tal.<\/span><\/p>\n<p class=\"p2\"><span class=\"s1\">Resultados\u00a0<\/span><\/p>\n<p class=\"p4\"><span class=\"s1\">Los resultados pueden variar con cada persona y no podemos garantizar que experimentar\u00e1 un resultado similar a los testimonios y videos de tratamiento presentados en cualquiera de nuestras p\u00e1ginas. Cada individuo es diferente y el \u00e9xito de una persona no es garant\u00eda de resultado. Estos productos no est\u00e1n destinados a diagnosticar, curar, tratar o prevenir ninguna enfermedad. <\/span><\/p>\n<p class=\"p5\"><span class=\"s1\">\u00a0ASTR online y clases f\u00edsicas<\/span><span class=\"s1\">\u00a0<\/span><\/p>\n<p class=\"p4\"><span class=\"s1\">No permitimos la grabaci\u00f3n de esta clase en absoluto. Cualquier y toda la informaci\u00f3n provista en esta clase es puramente desde el punto de vista del desarrollador e inventor y se considera informaci\u00f3n general. Al participar en esta clase o clase en l\u00ednea, su voz, imagen o semejanza pueden ser grabadas en video, audio, fotografiadas y\/o grabadas por nosotros. Nos das permiso para usar tu foto y audio, voz o imagen, y tambi\u00e9n nos das permiso para editarlos y distribuirlos junto con la grabaci\u00f3n de la clase sin condiciones. Nos otorga todos los derechos que pertenecen a estas fotos, audio e im\u00e1genes, incluidos los derechos de autor y morales, que usted o su familia, herederos y cesionarios pueden tener sobre todas estas cosas. Los m\u00e9dicos, proveedores de atenci\u00f3n m\u00e9dica y pacientes tienen la responsabilidad de evaluar adecuadamente toda la informaci\u00f3n distribuida por ASTR para determinar si, de hecho, la informaci\u00f3n es aplicable y adecuada. Ni los autores, los instructores ni el Instituto ASTR asumen ninguna responsabilidad por lesiones y\/o da\u00f1os causados a personas o propiedades como resultado de la informaci\u00f3n o sugerencias que se encuentran en los cursos, materiales de lectura y sitios web de ASTR.\u00a0<\/span><\/p>\n<p class=\"p4\"><span class=\"s1\">Limitaci\u00f3n de garant\u00edas<\/span><\/p>\n<p class=\"p3\"><span class=\"s1\">\u00a0La informaci\u00f3n m\u00e9dica en este sitio web se proporciona &quot;tal cual&quot; sin ninguna representaci\u00f3n o garant\u00eda, expresa o impl\u00edcita. AdvancedSoftTissueRelease.com no hace representaciones ni garant\u00edas en relaci\u00f3n con la informaci\u00f3n m\u00e9dica en este sitio web. \u00a0<\/span><span class=\"s1\">\u00a0<\/span><\/p>\n<p class=\"p2\"><span class=\"s1\">Sin perjuicio de la generalidad del p\u00e1rrafo anterior, AdvancedSoftTissueRelease.com no garantiza que:<\/span><\/p>\n<ul class=\"ul1\">\n<li style=\"list-style-type: none;\">\n<ul class=\"ul2\">\n<li class=\"li4\"><span class=\"s1\">la informaci\u00f3n m\u00e9dica en este sitio web estar\u00e1 constantemente disponible, o disponible en absoluto; o<\/span><\/li>\n<\/ul>\n<\/li>\n<\/ul>\n<p class=\"p3\"><span class=\"s1\">\u00a0<\/span><\/p>\n<ul class=\"ul1\">\n<li style=\"list-style-type: none;\">\n<ul class=\"ul2\">\n<li class=\"li4\"><span class=\"s1\">la informaci\u00f3n m\u00e9dica en este sitio web es completa, verdadera, precisa, actualizada o no enga\u00f1osa.<\/span><\/li>\n<\/ul>\n<\/li>\n<\/ul>\n<p class=\"p3\"><span class=\"s1\">\u00a0<\/span><span class=\"s1\">Asistencia profesional<\/span><\/p>\n<p class=\"p2\"><span class=\"s1\">No debe confiar en la informaci\u00f3n de este sitio web como una alternativa al consejo m\u00e9dico de su m\u00e9dico u otro profesional de la salud.\u00a0<\/span><\/p>\n<p class=\"p2\"><span class=\"s1\">Si tiene alguna pregunta espec\u00edfica sobre cualquier asunto m\u00e9dico, debe consultar a su m\u00e9dico u otro profesional de la salud.<\/span><\/p>\n<p class=\"p2\"><span class=\"s1\">Si cree que puede estar sufriendo de alguna condici\u00f3n m\u00e9dica, debe buscar atenci\u00f3n m\u00e9dica inmediata. \u00a0<\/span><\/p>\n<p class=\"p3\"><span class=\"s1\">\u00a0<\/span><\/p>\n<p class=\"p2\"><span class=\"s1\">Nunca debe retrasar la b\u00fasqueda de consejo m\u00e9dico, ignorar el consejo m\u00e9dico o interrumpir el tratamiento m\u00e9dico debido a la informaci\u00f3n de este sitio web.<\/span><\/p>\n<p class=\"p3\"><span class=\"s1\">\u00a0<\/span><\/p>\n<p class=\"p2\"><span class=\"s1\">Responsabilidad<\/span><\/p>\n<p class=\"p3\"><span class=\"s1\">\u00a0<\/span><\/p>\n<p class=\"p2\"><span class=\"s1\">Nada en este descargo de responsabilidad m\u00e9dica limitar\u00e1 ninguna de nuestras responsabilidades de ninguna manera que no est\u00e9 permitida por la ley aplicable, ni excluir\u00e1 ninguna de nuestras responsabilidades que no puedan ser excluidas por la ley aplicable.<\/span><\/p>\n<p class=\"p3\"><span class=\"s1\">Descargo de responsabilidad del im\u00e1n:<\/span><\/p>\n<p class=\"p3\"><span class=\"s1\">El Instituto ASTR no es responsable de ninguna lesi\u00f3n, destrucci\u00f3n o da\u00f1o que MagnaHeal pueda causar como resultado de su uso. Antes de comprar MagnaHeal, el comprador certifica que ha le\u00eddo y comprendido las siguientes advertencias:<\/p>\n<p>El comprador da fe de que asume la responsabilidad de 100% por todas las lesiones y da\u00f1os que el MagnaHeal podr\u00eda causar. Esto incluye lesiones a s\u00ed mismo oa otros, da\u00f1os a la propiedad y da\u00f1os al MagnaHeal. El comprador debe aceptar estos t\u00e9rminos antes de comprar MagnaHeal.<\/p>\n<p>El Instituto ASTR proporcionar\u00e1 una estimaci\u00f3n de la fuerza de tracci\u00f3n del MagnaHeal, pero no somos responsables de ninguna discrepancia o inexactitud de la fuerza de tracci\u00f3n de los imanes. Pruebe la fuerza de tracci\u00f3n antes de usarla.<\/p>\n<p>MagnaHeal es muy poderoso. Es esencial que se manipule con cuidado para evitar da\u00f1os al im\u00e1n y lesiones a uno mismo oa otros. Los imanes que son del mismo tama\u00f1o o m\u00e1s grandes que un cubo de 2 pulgadas tienen el potencial de causar da\u00f1os muy graves a los dedos si los dedos quedan atrapados entre los 2 imanes. Los huesos pueden romperse y las yemas de los dedos pueden perderse.<\/p>\n<p>MagnaHeal es rompible. Si se cae o se golpea, puede romperse o astillarse. Use guantes y gafas protectoras cuando sostenga y use el MagnaHeal, ya que las astillas y\/o los espaciadores podr\u00edan desprenderse y salir volando del MagnaHeal.<\/p>\n<p>R. Si MagnaHeal se calienta a m\u00e1s de 175 grados Farenheit u 80 grados Celsius, perder\u00e1 su propiedad magn\u00e9tica.<\/p>\n<p>B. MagnaHeal tiene un campo magn\u00e9tico muy poderoso y puede da\u00f1ar lo siguiente: computadoras, televisores, monitores de computadora, soportes de datos, tel\u00e9fonos, dispositivos electr\u00f3nicos, tarjetas de cr\u00e9dito, relojes, aud\u00edfonos, marcapasos, etc.<\/p>\n<p>Los marcapasos son una contraindicaci\u00f3n y pueden da\u00f1arse si se exponen al MagnaHeal. Los pacientes con marcapasos deben permanecer al menos a 3 pies de distancia del MagnaHeal.<\/p>\n<p>C. Los ni\u00f1os no deben usar ni tocar el MagnaHeal, ya que puede ser peligroso y suponer un peligro de asfixia. Los ni\u00f1os pueden atragantarse con el im\u00e1n y esto puede causar da\u00f1os internos. MagnaHeal solo debe usarse externamente.<\/p>\n<p>D. El MagnaHeal no debe modificarse en absoluto. No se permite cortar, taladrar ni aserrar el MagnaHeal. Las part\u00edculas del MagnaHeal al cortar pueden crear un ambiente muy peligroso ya que las part\u00edculas son altamente inflamables. El im\u00e1n se romper\u00e1 si se aserra, corta o perfora. MagnaHeal nunca debe quemarse debido a las hembras t\u00f3xicas que esto crear\u00eda.<\/p>\n<p><\/span><\/p>","protected":false},"excerpt":{"rendered":"<p>MEDICAL DISCLAIMER No advice This website contains general information about medical conditions and treatments.\u00a0 The information is not advice, and should not be treated as such. Results\u00a0 Results may vary with each person and we cannot guarantee that you will experience similar result to the testimonials and treatment videos presented on any of our pages. [&hellip;]<\/p>\n","protected":false},"author":2447,"featured_media":0,"parent":0,"menu_order":4,"comment_status":"closed","ping_status":"closed","template":"","meta":{"_analytify_skip_tracking":false,"footnotes":""},"class_list":["post-152","page","type-page","status-publish","hentry"],"_links":{"self":[{"href":"https:\/\/advancedsofttissuerelease.com\/es\/wp-json\/wp\/v2\/pages\/152","targetHints":{"allow":["GET"]}}],"collection":[{"href":"https:\/\/advancedsofttissuerelease.com\/es\/wp-json\/wp\/v2\/pages"}],"about":[{"href":"https:\/\/advancedsofttissuerelease.com\/es\/wp-json\/wp\/v2\/types\/page"}],"author":[{"embeddable":true,"href":"https:\/\/advancedsofttissuerelease.com\/es\/wp-json\/wp\/v2\/users\/2447"}],"replies":[{"embeddable":true,"href":"https:\/\/advancedsofttissuerelease.com\/es\/wp-json\/wp\/v2\/comments?post=152"}],"version-history":[{"count":0,"href":"https:\/\/advancedsofttissuerelease.com\/es\/wp-json\/wp\/v2\/pages\/152\/revisions"}],"wp:attachment":[{"href":"https:\/\/advancedsofttissuerelease.com\/es\/wp-json\/wp\/v2\/media?parent=152"}],"curies":[{"name":"wp","href":"https:\/\/api.w.org\/{rel}","templated":true}]}}