{"id":155,"date":"2016-03-23T04:58:30","date_gmt":"2016-03-23T10:58:30","guid":{"rendered":"https:\/\/advancedsofttissuerelease.com\/myofascial-release-technique\/"},"modified":"2022-02-22T15:27:21","modified_gmt":"2022-02-22T22:27:21","slug":"tecnica-de-liberacion-miofascial-definicion-causas-usos-tratamiento-2","status":"publish","type":"page","link":"https:\/\/advancedsofttissuerelease.com\/es\/myofascial-release-technique-definition-causes-uses-treatment\/","title":{"rendered":"T\u00e9cnica de liberaci\u00f3n miofascial: definici\u00f3n, causas, usos y tratamiento"},"content":{"rendered":"<h1><strong>T\u00e9cnica de liberaci\u00f3n miofascial: definici\u00f3n, causas, usos y\u00a0<\/strong>Tratamiento<\/h1>\n<h1><\/h1>\n<h2><strong>\u00bfQu\u00e9 es Moyfascial?<\/strong><\/h2>\n<p>Similar a la forma en que el traje de Spiderman abraza su cuerpo, la fascia (o miofascia) es un tejido conectivo fuerte que envuelve todo el cuerpo de la cabeza a los pies. Normalmente, la fascia es el\u00e1stica y puede estirarse y acortarse en respuesta a los movimientos del cuerpo.<\/p>\n<h2><strong>Causas de las Restricciones Miofasciales<\/strong><\/h2>\n<p>Las restricciones miofasciales pueden ser causadas por trauma, inflamaci\u00f3n, procedimientos quir\u00fargicos y\/o estr\u00e9s. La t\u00e9cnica de liberaci\u00f3n miofascial se utiliza para tratar la opresi\u00f3n y la tensi\u00f3n causadas por la restricci\u00f3n miofascial. Esta es una t\u00e9cnica pr\u00e1ctica que aplica una presi\u00f3n suave sobre el \u00e1rea para ayudar a alargar la fascia y liberar la tensi\u00f3n y la tensi\u00f3n dentro del m\u00fasculo. Esta t\u00e9cnica puede aumentar el rango de movimiento y la flexibilidad. Tambi\u00e9n puede reducir el estr\u00e9s y relajar los m\u00fasculos.<\/p>\n<h2><strong>\u00bfQui\u00e9n utiliza la t\u00e9cnica de liberaci\u00f3n miofascial?<\/strong><\/h2>\n<p>La t\u00e9cnica de liberaci\u00f3n miofascial es utilizada por profesionales autorizados, como fisioterapeutas, quiropr\u00e1cticos y terapeutas ocupacionales.<\/p>\n<h2><strong>T\u00e9cnica de liberaci\u00f3n miofascial en casa<\/strong><\/h2>\n<p>ASTR trata el dolor de una manera suave, efectiva y natural al liberar el tejido cicatricial, los puntos gatillo y la restricci\u00f3n miofascial. El tratamiento ASTR se puede hacer en casa para liberar las restricciones miofasciales<\/p>\n<h1>T\u00e9cnica de liberaci\u00f3n miofascial en casa<\/h1>\n<p><iframe title=\"Vive sin dolor\" width=\"800\" height=\"450\" src=\"https:\/\/www.youtube.com\/embed\/EWL3NHpDQQI?feature=oembed\" frameborder=\"0\" allow=\"accelerometer; autoplay; clipboard-write; encrypted-media; gyroscope; picture-in-picture; web-share\" allowfullscreen><\/iframe><\/p>\n<h1><a href=\"https:\/\/advancedsofttissuerelease.com\/es\/tratar-su-dolor-en-casa-2\/\">Tratar el dolor en casa<\/a><\/h1>\n<ul>\n<li>Resultados r\u00e1pidos<\/li>\n<li>El tratamiento dura unos 5 minutos al d\u00eda<\/li>\n<li>Herramientas m\u00e9dicas f\u00e1ciles de usar<\/li>\n<li>Enfoque hol\u00edstico natural<\/li>\n<li>Tratar la ra\u00edz del problema<\/li>\n<li>Inventado por un m\u00e9dico que ten\u00eda dolor cr\u00f3nico<\/li>\n<li><a href=\"https:\/\/advancedsofttissuerelease.com\/es\/que-es-astr-2\/investigar-2\/\"><br \/>\nApoyado por m\u00e1s de 45 estudios<br \/>\n<\/a><\/li>\n<\/ul>\n<p><a role=\"button\" href=\"https:\/\/advancedsofttissuerelease.com\/es\/tratar-su-dolor-en-casa-2\/\"><br \/>\nComience hoy su viaje de curaci\u00f3n<br \/>\n<\/a><\/p>\n<h2><a href=\"https:\/\/advancedsofttissuerelease.com\/es\/producto\/tratamiento-su-dolor-en-casa-plan-de-pago-2\/\">Planes de pago disponibles<\/a><\/h2>\n<h2>ASTR excepcionalmente diferente<\/h2>\n<p>Rese\u00f1as recopiladas de varios sitios web<\/p>\n<p><i>\ue934<\/i><i>\ue934<\/i><i>\ue934<\/i><i>\ue934<\/i><i>\ue934<\/i> 5\/5<br \/>\n<a role=\"button\" href=\"https:\/\/advancedsofttissuerelease.com\/es\/tratamientos-videos-2-2\/\"><br \/>\nVer v\u00eddeos de tratamiento y seguimiento<br \/>\n<\/a><br \/>\n\"He tenido problemas con el empeoramiento de los efectos de la espondilitis anquilosante (artritis de la columna vertebral, dolor de espalda). Despu\u00e9s de tener <b>vivi\u00f3 con la enfermedad durante m\u00e1s de 40 a\u00f1os<\/b>Me sent\u00eda esc\u00e9ptico de que fuera posible un alivio. Para mi asombro, experiment\u00e9\u00a0<b>alivio inmediato despu\u00e9s de una sesi\u00f3n<\/b>. Aprecio mucho el trabajo que hacen\".<br \/>\n<cite>William KDolor de espalda<\/cite><br \/>\n\"Despu\u00e9s de haber <b>18 meses de fisioterapia tradicional tras dos operaciones de rodilla<\/b> para reemplazar mi LCA, era esc\u00e9ptico de que se pudiera hacer algo m\u00e1s para ayudar a mi dolor y rigidez de rodilla.\u00a0<b>Despu\u00e9s de una sola visita<\/b>\u00a1Me sorprendieron los resultados que el Doctor Jacobs pudo producir con su t\u00e9cnica avanzada de liberaci\u00f3n de tejido blando! \u2026. Me impresion\u00f3 mucho c\u00f3mo respondi\u00f3 y se afloj\u00f3 mi rodilla, especialmente porque han pasado dos a\u00f1os desde mi cirug\u00eda original.\u00a0<b>Fui un esc\u00e9ptico y ahora soy un creyente.<\/b>\"<br \/>\n<cite>Mychal dolor de rodilla<\/cite><br \/>\n\"Para <b>un a\u00f1o<\/b>No pod\u00eda abrir la mano. Mi pulgar ten\u00eda un movimiento muy limitado sin mucho dolor. Era dif\u00edcil levantar cualquier cosa, aunque fuera peque\u00f1a, o mover la mano de cierta manera sin que me doliera. El a\u00f1o pasado me pusieron dos inyecciones en la zona para controlar el dolor. Y antes de eso,<b> Hice unos 5-6 meses de quiropr\u00e1ctica, pero el dolor siempre volv\u00eda a aparecer<\/b>. A partir de hoy, he tenido <b>3 tratamientos ASTR<\/b>. Puedo abrir la mano completamente y no siento ning\u00fan dolor. <b>\u00a1ASTR funciona! Sin duda, \u00a1funciona!<\/b>\"<br \/>\n<cite>CarolDolor en la mano<\/cite><br \/>\n&quot;Junto con <b>eliminaci\u00f3n de la medicaci\u00f3n<\/b>.\u00a0<b>La t\u00e9cnica ASTR redujo enormemente la frecuencia e intensidad de mis migra\u00f1as<\/b>&#8221;<br \/>\n<cite>Jessica YMigra\u00f1as<\/cite><br \/>\n\"Tengo\u00a0<b>se recuper\u00f3 r\u00e1pidamente<\/b>\u00a0Gracias al doctor Jacobs, mi dolor no s\u00f3lo ha disminuido considerablemente, sino que se ha eliminado por completo. La t\u00e9cnica ASTR del doctor Jacobs funciona r\u00e1pidamente. Lo que m\u00e1s me gusta es que es\u00a0<b>sin dolor<\/b>. Definitivamente recomendar\u00eda su terapia a cualquier persona que conozca con dolor cr\u00f3nico\".<br \/>\n<cite>Candace pjaw dolor<\/cite><br \/>\n\u201cPude reanudar todas mis actividades normales despu\u00e9s de su tratamiento y el\u00a0<b>el dolor de cabeza no volvi\u00f3<\/b>.\"<br \/>\n<cite>Jeremy Rdolor de cabeza<\/cite><br \/>\n\"Ten\u00eda una distensi\u00f3n muscular en el antebrazo y el b\u00edceps. Ten\u00eda una amplitud de movimiento limitada, no pod\u00eda dormir y no pod\u00eda extender el brazo. Despu\u00e9s de <b>3 sesiones<\/b>, yo era <b>sin dolor<\/b>. Y despu\u00e9s de mi cuarta sesi\u00f3n ten\u00eda un rango completo de movimiento de nuevo, era capaz de dormir, y de hecho voy a volver y empezar a hacer ejercicio. <b>Estoy muy contento con la terapia y los resultados.<\/b>\"<br \/>\n<cite>KathyDolor de codo<\/cite><br \/>\n&quot;Estaba teniendo <b>dolores de cabeza sobre 50% del tiempo<\/b> desde hace varios meses. Despu\u00e9s de varios tratamientos mis dolores de cabeza empezaron a disminuir y <b>He estado libre de dolores de cabeza durante los \u00faltimos meses.<\/b>. Es maravilloso no tener dolor\u201d.<br \/>\n<cite>Liz dolor de cabeza<\/cite><br \/>\n\u201cHe estado en la industria de la fisioterapia por m\u00e1s de 3 a\u00f1os. Hace 6 meses comenc\u00e9 a trabajar con Dr.Jacobs y tengo que decir que <b>Nunca he sido testigo de una tasa de recuperaci\u00f3n de pacientes tan exitosa como la de aqu\u00ed<\/b>. El Dr. Joseph Jacobs definitivamente sabe c\u00f3mo llegar a la ra\u00edz de la dolencia del paciente con sus herramientas y m\u00e9todos patentados de fisioterapia. <b>Al principio era esc\u00e9ptico, pero despu\u00e9s de presenciar repetidamente la recuperaci\u00f3n de los pacientes, he llegado a creer en su pr\u00e1ctica<\/b>. Estoy orgulloso de ser parte de ayudar a los pacientes con su recuperaci\u00f3n\u201d.<br \/>\n<cite>Dee Ann PopeCompa\u00f1ero de trabajo anterior<\/cite><br \/>\n\u201cTen\u00eda fuertes dolores de cabeza casi todos los d\u00edas despu\u00e9s del trabajo. Despu\u00e9s de solo el <b>primera visita<\/b> mis dolores de cabeza hab\u00edan desaparecido y <b>no he vuelto<\/b>&#8221;<br \/>\n<cite>Drew ADolor de cabeza<\/cite><br \/>\n\"Para el pasado <b>a\u00f1o<\/b>Me estaba entumeciendo y apretando el pie. El entumecimiento era horrible y no sab\u00eda qu\u00e9 hacer. Despu\u00e9s de 7 tratamientos de ASTR, <b>ahora no siento ning\u00fan dolor<\/b>. Todo ha sido muy c\u00f3modo\".<br \/>\n<cite>RichardDolor De Pie<\/cite><br \/>\n\"Entr\u00e9 con una ATM, con una amplitud de movimiento limitada y con dolor en el cuello y los hombros (con un dolor punzante por encima de la oreja derecha). Despu\u00e9s de s\u00f3lo\u00a0<b>un tratamiento<\/b>Mi cuello y mis hombros se han puesto... <b>\u00a1alivio inmediato!<\/b> Despu\u00e9s de 3 tratamientos, mi dolor punzante por encima de la oreja hab\u00eda desaparecido. Estoy seguro de que con \"Advanced Soft Tissue Release\", y mi diligencia en seguir el programa de ejercicios proporcionado, pronto me sentir\u00e9 como nuevo de nuevo.\"<br \/>\n<cite>Margarete EJAw Pain<\/cite><br \/>\n\"Antes del tratamiento, ten\u00eda una amplitud de movimiento muy limitada al girar el cuello de lado a lado o al inclinarse hacia delante. Despu\u00e9s de un tratamiento, sent\u00ed una liberaci\u00f3n y pude doblar y girar el cuello con menos tensi\u00f3n. El tratamiento fue <b>sin dolor<\/b>, \u00a1no invasivo y mejor que cualquier masaje que haya tenido!\u201d<br \/>\n<cite>CathyDolor de cuello<\/cite><br \/>\n&#8220;<b>Me sent\u00ed de vuelta a la normalidad despu\u00e9s de una semana<\/b>. Mi mu\u00f1eca ha recuperado casi todo su rango de movimiento despu\u00e9s de dos semanas y el dolor se ha reducido sustancialmente. <b>Recomendar\u00eda encarecidamente ASTR a cualquiera.<\/b>\"<br \/>\n<cite>Alex BDolor de espalda y mu\u00f1eca<\/cite><br \/>\n\"Tuve un espasmo cervical hace tres d\u00edas y no pod\u00eda mover el cuello. Ten\u00eda el cuello r\u00edgido y el hombro muy entumecido. Ahora tengo casi <b>sin dolor<\/b>. Yo ten\u00eda <b>tres tratamientos<\/b> y ahora puedo mover el cuello\".<br \/>\n<cite>AnthonyDolor de cuello<\/cite><br \/>\n&#8221; <b>Fue un proceso frustrante recibir 3 meses de terapia f\u00edsica, 2 inyecciones de cortisona y 3 ortesis diferentes con un alivio m\u00ednimo<\/b>\u2026.Muchas gracias Dr. Jacobs por aliviar mi <b>dolor cr\u00f3nico de fascitis plantar<\/b>. Decid\u00ed seguir todo el programa y en s\u00f3lo <b>3 visitas<\/b> Pude caminar 3 millas sin dolor. Usted sabe lo que hace y es muy inteligente para inventar las herramientas y el tratamiento ASTR. Espero que m\u00e1s m\u00e9dicos aprendan de usted\u201d.<br \/>\n<cite>Elsie JFascitis plantar<\/cite><br \/>\n\u201cHe estado sufriendo de dolor cr\u00f3nico en el cuello, los hombros y las rodillas debido a la fibromialgia durante los \u00faltimos <b>12 a\u00f1os<\/b>.<b> Prob\u00e9 con masajes, fisioterapia, quiropr\u00e1ctica y medicaci\u00f3n, pero sigo experimentando dolor<\/b>. Despu\u00e9s de seguir el plan de dieta del Dr. Jacobs, la modificaci\u00f3n del comportamiento, la ergonom\u00eda y las recomendaciones de suplementos mi <b>Los s\u00edntomas de la fibromialgia han disminuido con el 90%<\/b>.&#8221;<br \/>\n<cite> Liam MFibromialgia, dolor de cuello, hombros y rodillas<\/cite><br \/>\n\u201cUna t\u00e9cnica incre\u00edble funcion\u00f3 para ayudarme a romper el tejido cicatricial en la mand\u00edbula, el cuello, el est\u00f3mago y despu\u00e9s de la cirug\u00eda de implante mamario. <b> Estoy sorprendentemente fuera del dolor<\/b>&#8221;<br \/>\n<cite>Janice SalmonDolor de mand\u00edbula, cuello y est\u00f3mago<\/cite><br \/>\n\u201cVi al Dr. Jacobs hace 3 a\u00f1os por <b>cefaleas tensionales diarias<\/b>. Yo estaba miserable y tomando <b>Advil todos los d\u00edas<\/b>. Despu\u00e9s de varios tratamientos, el tejido cicatricial que ni siquiera sab\u00eda que ten\u00eda en la cabeza y el cuello finalmente comenz\u00f3 a desaparecer. Despu\u00e9s de unas 6 semanas, <b>Ya no ten\u00eda dolores de cabeza<\/b>. A d\u00eda de hoy todav\u00eda no lo hago! \u00a1Gracias!&quot;<br \/>\n<cite>melissa kdolor de cabeza<\/cite><br \/>\n&quot;\u00c9l <b>Herramientas ASTR<\/b> han sido <b>extremadamente \u00fatil<\/b> para evitar mis dolores de cabeza o migra\u00f1as cuando siento que se avecinan, as\u00ed como m\u00fasculos tensos y otros dolores\u201d<br \/>\n<cite>Stacy HMigra\u00f1a<\/cite><br \/>\n\u201cNo es su fisioterapia diaria, tienen una comprensi\u00f3n de su cuerpo y un m\u00e9todo de rehabilitaci\u00f3n que no he visto en otros lugares. Recomiendo encarecidamente este lugar ya que son amables y toman medidas adicionales para<b> ayudarle a recuperarse f\u00edsicamente<\/b>.&#8221;<br \/>\n<cite>Maher SDolor de espalda<\/cite><br \/>\n\u201cTuve un tratamiento para mi neuroma morton por el cual hab\u00eda estado sufriendo durante 2 a\u00f1os. Tuve tratamiento m\u00e9dico pero nada cambi\u00f3. El m\u00e9dico me pidi\u00f3 que hiciera una cirug\u00eda. Yo no quer\u00eda. yo <b>vol\u00f3 24 horas<\/b> recibir el tratamiento del Dr. Jacob: realmente vali\u00f3 la pena. Despu\u00e9s de la <b>primer tratamiento<\/b> el resultado era evidente: <b>ya no hay dolor<\/b> y podr\u00eda volver a usar zapatos. <b>Simplemente asombroso. 2 semanas despu\u00e9s, no hay m\u00e1s se\u00f1ales de dolor<\/b>. Mi pie ya no me duele. Puedo caminar y correr. Puedo dormir toda la noche sin que me despierte el dolor. \u00a1Es genial!&quot;<br \/>\n<cite>Neuroma de Christine D. Morton<\/cite><br \/>\n\u201d Mi dolor de espalda hab\u00eda estado presente durante <b>7 a\u00f1os<\/b> y despu\u00e9s <b>un tratamiento<\/b> era como si fuera una espalda nueva. Puedo moverlo correctamente ahora y no hay m\u00e1s dolor.<br \/>\nEl trato es realmente bueno, \u00a1incre\u00edble!\u201d<br \/>\n<cite>Christine DDolor de espalda y cuello<\/cite><br \/>\n\u201cEstuve experimentando dolor en la parte inferior de la espalda durante m\u00e1s de <b>5 a\u00f1os<\/b>. Mi dolor de espalda estaba empeorando en el \u00faltimo a\u00f1o as\u00ed que <b>Prob\u00e9 la terapia de masaje, el cuidado quiropr\u00e1ctico, la terapia f\u00edsica y la medicaci\u00f3n para el dolor, pero no experiment\u00e9 alivio<\/b>\u2026..yo le coso <b>dos veces y mi dolor ha desaparecido totalmente<\/b>. Ahora puedo caminar, dormir y conducir sin dolor de espalda. Soy un creyente del tratamiento inventivo del Dr. Jacobs que se llama ASTR. Recomiendo encarecidamente el tratamiento ASTR para el dolor de espalda o muscular.\u201d<br \/>\n<cite>Shea GDolor de espalda<\/cite><br \/>\n\u201cFinalmente logr\u00e9 aliviar mi dolor de rodilla despu\u00e9s de ir a ver al Dr. Jacobs... Su enfoque de la fisioterapia es muy hol\u00edstico. <b>Perd\u00ed varios meses yendo a m\u00e9dicos tradicionales<\/b> quien decidi\u00f3 que era mi dieta o \u201cen mi cabeza\u201d sin llegar a ninguna parte antes de encontrar al Dr. Jacobs.\u201d<br \/>\n<cite>Norma FKnee Dolor<\/cite><br \/>\n\u201c\u2026Dentro de s\u00f3lo un <b>algunos minutos<\/b> de mi primer tratamiento, los niveles de dolor y tensi\u00f3n en la mand\u00edbula y el cuello pasaron de 8 a 2\u2033<br \/>\n<cite>tiffany un dolor de mand\u00edbula<\/cite><br \/>\n\u201cEstoy muy bien despu\u00e9s de un <b>sesiones en pareja<\/b> con el Dr. Jacobs. Tengo poco que <b>sin dolor<\/b> ahora. \u00a1Qu\u00e9 alivio! Mi experiencia con el Dr. Jacobs ha sido excelente. \u00a1Gracias!&quot;<br \/>\n<cite>Lola GDolor de espalda<\/cite><br \/>\n&quot;He sufrido de dolor en las articulaciones SI en el pasado <b> 2 a\u00f1os<\/b>. Fue tan malo que tuve que dejar de bailar e incluso tuve que prepararme para algo tan simple como un estornudo... Despu\u00e9s de solo un <b>pocas visitas<\/b>Ya pod\u00eda decir que la t\u00e9cnica ASTR estaba funcionando.<br \/>\n<cite>Alexandra GonzalezDolor de espalda<\/cite><br \/>\n\u201cNo pod\u00eda caminar, conducir o sentarme. Con el <b>2 primera visita<\/b>, sent\u00ed una gran diferencia, puedo conducir y caminar, en la tercera semana mi espalda casi normal\u201d<br \/>\n<cite>Nayibe Rahim Ci\u00e1tica<\/cite><br \/>\nAnterior<br \/>\npr\u00f3ximo<\/p>\n<h2><a href=\"https:\/\/advancedsofttissuerelease.com\/es\/producto\/crema-analgesica-2\/\">Crema analg\u00e9sica<\/a><\/h2>\n<p style=\"text-align: center;\">Sanar m\u00e1s r\u00e1pido<\/p>\n<p><a role=\"button\" href=\"https:\/\/advancedsofttissuerelease.com\/es\/producto\/crema-analgesica-2\/\"><br \/>\nComprar ahora<br \/>\n<\/a><br \/>\n<a href=\"https:\/\/advancedsofttissuerelease.com\/es\/producto\/crema-analgesica-2\/\"><br \/>\n<img fetchpriority=\"high\" decoding=\"async\" src=\"https:\/\/advancedsofttissuerelease.com\/wp-content\/uploads\/2022\/02\/ASTR-pain-relief-cream-decrease-inflammation-cream-wound-care-cream-eczema-Psoriasis-dermatitis--300x300.jpg\" sizes=\"(max-width: 300px) 100vw, 300px\" srcset=\"https:\/\/advancedsofttissuerelease.com\/wp-content\/uploads\/2022\/02\/ASTR-pain-relief-cream-decrease-inflammation-cream-wound-care-cream-eczema-Psoriasis-dermatitis--300x300.jpg 300w, https:\/\/advancedsofttissuerelease.com\/wp-content\/uploads\/2022\/02\/ASTR-pain-relief-cream-decrease-inflammation-cream-wound-care-cream-eczema-Psoriasis-dermatitis--520x520.jpg 520w, https:\/\/advancedsofttissuerelease.com\/wp-content\/uploads\/2022\/02\/ASTR-pain-relief-cream-decrease-inflammation-cream-wound-care-cream-eczema-Psoriasis-dermatitis--1200x1200.jpg 1200w, https:\/\/advancedsofttissuerelease.com\/wp-content\/uploads\/2022\/02\/ASTR-pain-relief-cream-decrease-inflammation-cream-wound-care-cream-eczema-Psoriasis-dermatitis--768x768.jpg 768w, https:\/\/advancedsofttissuerelease.com\/wp-content\/uploads\/2022\/02\/ASTR-pain-relief-cream-decrease-inflammation-cream-wound-care-cream-eczema-Psoriasis-dermatitis--1000x1000.jpg 1000w\" alt=\"\" width=\"300\" height=\"300\" \/> <\/a><br \/>\n<iframe title=\"\u00a1Alivia el dolor cr\u00f3nico al instante y f\u00e1cilmente!\" width=\"800\" height=\"450\" src=\"https:\/\/www.youtube.com\/embed\/07mLKtiiyBc?feature=oembed\" frameborder=\"0\" allow=\"accelerometer; autoplay; clipboard-write; encrypted-media; gyroscope; picture-in-picture; web-share\" allowfullscreen><\/iframe><\/p>","protected":false},"excerpt":{"rendered":"<p>Myofascial Release Technique: Definition, Causes, Uses &amp;\u00a0Treatment What is Moyfascial? Similar to the way Spiderman\u2019s suit hugs his body, fascia (or myofascia) is a strong connective tissue that wraps around the entire body from head to toe. Normally fascia is elastic and able to stretch and shorten in response to the body\u2019s movements. Causes of [&hellip;]<\/p>\n","protected":false},"author":2447,"featured_media":530,"parent":0,"menu_order":195,"comment_status":"closed","ping_status":"closed","template":"","meta":{"_analytify_skip_tracking":false,"footnotes":""},"class_list":["post-155","page","type-page","status-publish","has-post-thumbnail","hentry"],"_links":{"self":[{"href":"https:\/\/advancedsofttissuerelease.com\/es\/wp-json\/wp\/v2\/pages\/155","targetHints":{"allow":["GET"]}}],"collection":[{"href":"https:\/\/advancedsofttissuerelease.com\/es\/wp-json\/wp\/v2\/pages"}],"about":[{"href":"https:\/\/advancedsofttissuerelease.com\/es\/wp-json\/wp\/v2\/types\/page"}],"author":[{"embeddable":true,"href":"https:\/\/advancedsofttissuerelease.com\/es\/wp-json\/wp\/v2\/users\/2447"}],"replies":[{"embeddable":true,"href":"https:\/\/advancedsofttissuerelease.com\/es\/wp-json\/wp\/v2\/comments?post=155"}],"version-history":[{"count":0,"href":"https:\/\/advancedsofttissuerelease.com\/es\/wp-json\/wp\/v2\/pages\/155\/revisions"}],"wp:featuredmedia":[{"embeddable":true,"href":"https:\/\/advancedsofttissuerelease.com\/es\/wp-json\/wp\/v2\/media\/530"}],"wp:attachment":[{"href":"https:\/\/advancedsofttissuerelease.com\/es\/wp-json\/wp\/v2\/media?parent=155"}],"curies":[{"name":"wp","href":"https:\/\/api.w.org\/{rel}","templated":true}]}}