{"id":15680,"date":"2020-11-19T19:37:08","date_gmt":"2020-11-20T03:37:08","guid":{"rendered":"https:\/\/advancedsofttissuerelease.com\/?page_id=15680"},"modified":"2020-11-21T20:43:12","modified_gmt":"2020-11-22T03:43:12","slug":"privacy-notice","status":"publish","type":"page","link":"https:\/\/advancedsofttissuerelease.com\/es\/privacy-notice\/","title":{"rendered":"Aviso de Privacidad"},"content":{"rendered":"<p style=\"text-align: center;\"><span style=\"font-size: 14pt;\"><b>Statement of Privacy Notice<span class=\"Apple-converted-space\">\u00a0<\/span><\/b><\/span><\/p>\n<p>&nbsp;<\/p>\n<p><span style=\"font-size: 10pt;\">THIS NOTICE DESCRIBES HOW MEDICAL INFORMATION ABOUT YOU MAY BE USED AND DISCLOSED AND HOW YOU CAN GET ACCESS TO THIS INFORMATION. PLEASE REVIEW IT CAREFULLY.<span class=\"Apple-converted-space\">\u00a0<\/span><\/span><\/p>\n<p><span style=\"font-size: 10pt;\">Podemos divulgar su informaci\u00f3n de atenci\u00f3n m\u00e9dica a otros profesionales de la salud dentro de nuestra pr\u00e1ctica con el prop\u00f3sito de tratamiento, pago u operaciones de atenci\u00f3n m\u00e9dica.<span class=\"Apple-converted-space\">\u00a0<\/span><\/span><\/p>\n<p><span style=\"font-size: 10pt;\">Podemos divulgar su informaci\u00f3n de salud para notificar o ayudar a notificar a un miembro de la familia u otra persona responsable de su atenci\u00f3n sobre su condici\u00f3n m\u00e9dica o en caso de una emergencia o de su muerte.<span class=\"Apple-converted-space\">\u00a0<\/span><\/span><\/p>\n<p><span style=\"font-size: 10pt;\">As required by law, we may disclose your health information to public health authorities for purposes related to: preventing or controlling disease, injury or disability, reporting child abuse or neglect, reporting domestic violence, reporting to the Food and Drug Administration problems with products and reactions to medications, and reporting disease or infection exposure.<span class=\"Apple-converted-space\">\u00a0<\/span><\/span><\/p>\n<p><span style=\"font-size: 10pt;\">Podemos divulgar su informaci\u00f3n de salud en el curso de cualquier procedimiento administrativo o judicial.<span class=\"Apple-converted-space\">\u00a0<\/span><\/span><\/p>\n<p><span style=\"font-size: 10pt;\">Podemos divulgar su informaci\u00f3n de salud a un funcionario encargado de hacer cumplir la ley con fines tales como identificar o localizar a un sospechoso, fugitivo, testigo material o persona desaparecida, cumplir con una orden o citaci\u00f3n judicial y otros fines relacionados con el cumplimiento de la ley.<span class=\"Apple-converted-space\">\u00a0<\/span><\/span><\/p>\n<p><span style=\"font-size: 10pt;\">Podemos divulgar su informaci\u00f3n de salud a m\u00e9dicos forenses o examinadores m\u00e9dicos.<span class=\"Apple-converted-space\">\u00a0<\/span><\/span><\/p>\n<p><span style=\"font-size: 10pt;\">Podemos divulgar su informaci\u00f3n de salud a organizaciones involucradas en la adquisici\u00f3n, almacenamiento o trasplante de \u00f3rganos y tejidos.<span class=\"Apple-converted-space\">\u00a0<\/span><\/span><\/p>\n<p><span style=\"font-size: 10pt;\">Podemos divulgar su informaci\u00f3n de salud a investigadores que realicen investigaciones que hayan sido aprobadas por una Junta de Revisi\u00f3n Institucional.<span class=\"Apple-converted-space\">\u00a0<\/span><\/span><\/p>\n<p><span style=\"font-size: 10pt;\">Puede ser necesario divulgar su informaci\u00f3n de salud a las personas adecuadas para prevenir o disminuir una amenaza grave e inminente para la salud o la seguridad de una persona en particular o del p\u00fablico en general.<span class=\"Apple-converted-space\">\u00a0<\/span><\/span><\/p>\n<p><span style=\"font-size: 10pt;\">Podemos divulgar su informaci\u00f3n de salud para fines militares, de seguridad nacional, de prisioneros y de beneficios gubernamentales.<span class=\"Apple-converted-space\">\u00a0<\/span><\/span><\/p>\n<p><span style=\"font-size: 10pt;\">We may leave a message on an automated answering device or person answering the phone for the purposes of scheduling appointments. No personal health information will be disclosed during this recording or message other than the date and time of your scheduled appointment along with a request to call our office if you need to cancel or reschedule your appointment.\u201d<span class=\"Apple-converted-space\">\u00a0<\/span><\/span><\/p>\n<p><span style=\"font-size: 10pt;\">Es posible que nos comuniquemos con usted o le enviemos su factura por tel\u00e9fono, correo postal o electr\u00f3nico. \u201cEs nuestra pr\u00e1ctica participar en eventos caritativos y de marketing para crear conciencia, donaciones de alimentos, obsequios, dinero, etc. Durante estos tiempos, podemos enviarle una carta, tarjeta postal, invitaci\u00f3n o llamar a su hogar para invitarlo a participar en la actividad caritativa.<span class=\"Apple-converted-space\">\u00a0<\/span><\/span><\/p>\n<p><span style=\"font-size: 10pt;\">Podemos divulgar su informaci\u00f3n de salud a su proveedor de seguros con el fin de realizar pagos u operaciones de atenci\u00f3n m\u00e9dica. <\/span><\/p>\n<p><span style=\"font-size: 10pt;\">Podemos divulgar su informaci\u00f3n de salud seg\u00fan sea necesario para cumplir con las leyes estatales de compensaci\u00f3n para trabajadores. <\/span><\/p>\n<p><span style=\"font-size: 10pt;\">En el caso de que seamos vendidos o fusionados con otra organizaci\u00f3n, su informaci\u00f3n\/registro de salud pasar\u00e1 a ser propiedad del nuevo propietario.<span class=\"Apple-converted-space\">\u00a0<\/span><\/span><\/p>\n<p><span style=\"font-size: 10pt;\">! You have the right to request restrictions on certain uses and disclosures of your health information. Please be advised, however, that we are not required to agree to the restriction that you requested.<span class=\"Apple-converted-space\">\u00a0<\/span><\/span><\/p>\n<ul>\n<li><span style=\"font-size: 10pt;\">Tiene derecho a que su informaci\u00f3n de salud sea recibida o comunicada a trav\u00e9s de un m\u00e9todo alternativo o enviada a un lugar alternativo que no sea el m\u00e9todo habitual de comunicaci\u00f3n o entrega, si as\u00ed lo solicita.<span class=\"Apple-converted-space\">\u00a0<\/span><\/span><\/li>\n<li><span style=\"font-size: 10pt;\">Tiene derecho a inspeccionar y copiar su informaci\u00f3n de salud.<span class=\"Apple-converted-space\">\u00a0<\/span><\/span><\/li>\n<li><span style=\"font-size: 10pt;\">Tiene derecho a solicitar que modifiquemos su informaci\u00f3n m\u00e9dica protegida. Sin embargo, tenga en cuenta que no estamos obligados a aceptar modificar su informaci\u00f3n m\u00e9dica protegida. Si su solicitud para modificar su informaci\u00f3n de salud ha sido denegada, se le proporcionar\u00e1 una explicaci\u00f3n de los motivos de la denegaci\u00f3n e informaci\u00f3n sobre c\u00f3mo puede estar en desacuerdo con la denegaci\u00f3n.<span class=\"Apple-converted-space\">\u00a0<\/span><\/span><\/li>\n<li><span style=\"font-size: 10pt;\">Tiene derecho a recibir un informe de las divulgaciones de su informaci\u00f3n m\u00e9dica protegida que hayamos hecho.<span class=\"Apple-converted-space\">\u00a0<\/span><\/span><\/li>\n<li><span style=\"font-size: 10pt;\">Tiene derecho a recibir una copia impresa de este Aviso de pr\u00e1cticas de privacidad en cualquier momento que lo solicite.<span class=\"Apple-converted-space\">\u00a0<\/span><\/span><\/li>\n<\/ul>\n<p><span style=\"font-size: 10pt;\">Nos reservamos el derecho de modificar este Aviso de Pr\u00e1cticas de Privacidad en cualquier momento en el futuro, y haremos efectivas las nuevas disposiciones para toda la informaci\u00f3n que mantiene. Hasta que se realice dicha modificaci\u00f3n, estamos obligados por ley a cumplir con este Aviso.<span class=\"Apple-converted-space\">\u00a0<\/span><\/span><\/p>\n<p><span style=\"font-size: 10pt;\">We are required by law to maintain the privacy of your health information and to provide you with notice of its legal duties and privacy practices with respect to your health information. If you have questions about any part of this notice or if you want more information about your privacy rights, please contact us by calling this office at <b>(949) 236-6862<\/b>. Si nuestro Oficial de Privacidad no est\u00e1 disponible, puede hacer una cita para una conferencia personal en persona o por tel\u00e9fono dentro de los 2 d\u00edas h\u00e1biles.<span class=\"Apple-converted-space\">\u00a0<\/span><\/span><\/p>\n<p><span style=\"font-size: 10pt;\">Las quejas sobre sus derechos de privacidad o sobre c\u00f3mo hemos manejado su informaci\u00f3n de salud deben dirigirse a nuestro Oficial de privacidad llamando a esta oficina al <b>(949) 236-6862<\/b>. Si nuestro Oficial de Privacidad no est\u00e1 disponible, puede hacer una cita para una conferencia personal en persona o por tel\u00e9fono dentro de los 2 d\u00edas h\u00e1biles.<span class=\"Apple-converted-space\">\u00a0<\/span><\/span><\/p>\n<p><span style=\"font-size: 10pt;\">Si no est\u00e1 satisfecho con la forma en que esta oficina maneja su queja, puede presentar una queja formal a:<span class=\"Apple-converted-space\">\u00a0<\/span><\/span><\/p>\n<p><span style=\"font-size: 10pt;\">DHHS, Office of Civil Rights<\/span><br \/>\n<span style=\"font-size: 10pt;\">200 Independence Avenue, S.W. Room 509F HHH Building Washington, DC 20201<span class=\"Apple-converted-space\">\u00a0<\/span><\/span><\/p>\n<p><span style=\"font-size: 10pt;\">I have read the Privacy Notice and understand my rights contained in the notice.<span class=\"Apple-converted-space\">\u00a0<\/span><\/span><\/p>\n<p><span style=\"font-size: 10pt;\">By way of my signature, I provide the company above with my authorization and consent to use and disclose my protected health care information for the purposes of treatment, payment and health care operations as described in the Privacy Notice<span class=\"Apple-converted-space\">\u00a0<\/span><\/span><\/p>\n<p><span style=\"font-size: 10pt;\"><b>Consentimiento informado<span class=\"Apple-converted-space\">\u00a0<\/span><\/b><\/span><\/p>\n<p><span style=\"font-size: 10pt;\">By signing below, you give the us permission to perform the evaluation and treatment recommendations. You have the right to accept or refuse any treatment offered. There are no guarantees made as to the results that may be obtained from our treatment(s). We will do our best to provide a treatment\/exercise program that causes the least amount of pain to you. It is your responsibility to accurate information to get the best recommendation from our system . If you have any questions about your care, be sure to ask the chat or call us.<span class=\"Apple-converted-space\">\u00a0<\/span><\/span><\/p>\n<p><span style=\"font-size: 10pt;\">It is up to you(patient)\/caretaker to inform the our system or staff about any health problems or allergies you may have. You, the patient or the caretaker must also tell the software \/staff about drugs or medications being taken as well as any medical conditions and\/or surgeries.<\/span><\/p>\n<p><span style=\"font-size: 10pt;\"><b>Minors and Parents<span class=\"Apple-converted-space\">\u00a0<\/span><\/b><\/span><\/p>\n<p><span style=\"font-size: 10pt;\">If patient is a minor (under 18 years of age), the parent or legal guardian is responsible for all charges and decisions made by the minor. We do not assume any liability for the minor while on premises or not, and it is the responsibility of the parent or guardian to supervise the minor before, during and after treatments.<span class=\"Apple-converted-space\">\u00a0<\/span><\/span><\/p>\n<p><span style=\"font-size: 10pt;\"><b>Consent To Participate In Research Study<span class=\"Apple-converted-space\">\u00a0<\/span><\/b><\/span><\/p>\n<p><span style=\"font-size: 10pt;\">I Agree to participate in a research study conducted by ASTR institute and its affiliates. My participation in this study is voluntary. I have read the information below and have asked questions regarding anything I do not understand and have decided to participate in the study\/research. I further authorize the said parties to use my medical information in their literature.<span class=\"Apple-converted-space\">\u00a0<\/span><\/span><\/p>\n<p><span style=\"font-size: 10pt;\">My participation in this research study will help others have a better understanding of the effects of ASTR Institute on patients. ASTR Institute will not use my name, address or phone number in this study\/research.<span class=\"Apple-converted-space\">\u00a0<\/span><\/span><\/p>\n<p><span style=\"font-size: 10pt;\"><b>Descargo de responsabilidad<\/b><\/span><\/p>\n<p><span style=\"font-size: 10pt;\">These statements have not been evaluated by the Food and Drug Administration. These products are not intended to diagnose, treat, cure, or prevent any disease. Results may vary with each person and we cannot guarantee that you will experience the same results found in our testimonial and treatment videos. Each individual is different and one person\u2019s success is not a guaranteed result. These products are not intended to diagnose, cure, treat or prevent any disease.<\/span><\/p>\n<p><span style=\"font-size: 10pt;\">The videos &amp; website information are not intended to provide diagnosis, treatments, opinions, services or advice to any viewers. Through our social media, courses and website we introduce you to new ideas for treatment, intended to be researched and expand general knowledge. The content in our website, any videos or social media posts can not be substituted for professional assistance. If you are concerned over a medical issue, please consult your healthcare provider, physician, or other medical professional.<\/span><\/p>\n<p><span style=\"font-size: 10pt;\">El Dr. Joseph Jacobs y el instituto ASTR no son responsables de ninguna acci\u00f3n, servicio o producto adquirido a trav\u00e9s de este sitio web, nuestros videos o publicaciones en las redes sociales. El instituto ASTR ni sus organizaciones o personas asociadas no son responsables de ninguna lesi\u00f3n o da\u00f1o causado por la aplicaci\u00f3n de la informaci\u00f3n en nuestros cursos, sitio web y publicaci\u00f3n en las redes sociales. Se recomienda que revise sus preguntas y\/o inquietudes con un profesional m\u00e9dico. Utilice nuestra informaci\u00f3n bajo su propio riesgo. El contenido de nuestros cursos, sitio web, publicaciones en redes sociales no puede sustituirse por asistencia profesional. Si le preocupa un problema m\u00e9dico, consulte a su proveedor de atenci\u00f3n m\u00e9dica, m\u00e9dico u otro profesional m\u00e9dico.<\/span><\/p>\n<p><span style=\"font-size: 10pt;\">El instituto ASTR y los cursos ASTR est\u00e1n pensados como capacitaci\u00f3n avanzada para proveedores de atenci\u00f3n m\u00e9dica y m\u00e9dicos. Estos cursos por s\u00ed solos no confieren a un m\u00e9dico sin licencia la autoridad legal para implementar la informaci\u00f3n de estos cursos en pacientes o clientes. Parte de la informaci\u00f3n en estos cursos puede estar m\u00e1s all\u00e1 del alcance de una pr\u00e1ctica privada de atenci\u00f3n m\u00e9dica que no tenga licencia o est\u00e9 supervisada por un m\u00e9dico u otro profesional debidamente autorizado. Antes de utilizar la informaci\u00f3n o las t\u00e9cnicas presentadas en estos cursos en pacientes o clientes, un m\u00e9dico sin licencia o con una licencia restrictiva (como un farmac\u00e9utico, fisioterapeuta, terapeuta ocupacional, quiropr\u00e1ctico, enfermera, dietista, etc.) debe consultar con el actos de pr\u00e1ctica relevantes en su estado para garantizar que el uso por parte del m\u00e9dico de las modalidades, terapias o t\u00e9cnicas establecidas en estos cursos sea consistente con la ley estatal.<\/span><\/p>\n<p><span style=\"font-size: 10pt;\"><b>Descargo de responsabilidad de los programas<\/b><\/span><\/p>\n<p><span style=\"font-size: 10pt;\">Estas declaraciones no han sido evaluadas por la Administraci\u00f3n de Alimentos y Medicamentos. Estos productos no est\u00e1n destinados a diagnosticar, tratar, curar o prevenir ninguna enfermedad. El contenido de nuestros cursos no puede sustituirse por asistencia profesional. Si le preocupa un problema m\u00e9dico, consulte a su proveedor de atenci\u00f3n m\u00e9dica, m\u00e9dico u otro profesional m\u00e9dico. El Dr. Joseph Jacobs y el instituto ASTR no son de ninguna manera responsables por cualquier acci\u00f3n, servicio o producto adquirido a trav\u00e9s de este sitio web. El instituto ASTR y sus organizaciones o personas asociadas no son responsables de ninguna lesi\u00f3n o da\u00f1o causado por la aplicaci\u00f3n de las herramientas ASTR. Las herramientas ASTR son generalmente seguras cuando se practican con la t\u00e9cnica y el cuidado adecuados. Se recomienda que revise sus preguntas y\/o inquietudes con un profesional m\u00e9dico. Deje de usar inmediatamente si el dolor o las condiciones empeoran. \u00daselo bajo su propio riesgo.<\/span><\/p>\n<p><span style=\"font-size: 10pt;\"><b>Collection of your Personal Information<\/b><\/span><\/p>\n<p><span style=\"font-size: 10pt;\">ASTR institute may collect personally identifiable information, such as your name. If you purchase\u00a0Advanced Soft Tissue Release\u2019s\u00a0products and services, we collect billing and credit card information. This information is used to complete the purchase transaction. We may gather additional personal or non-personal information in the future.<\/span><\/p>\n<p><span style=\"font-size: 10pt;\">Information about your computer hardware and software may be automatically collected by\u00a0Advanced Soft Tissue Release. This information can include: your IP address, browser type, domain names, access times and referring website addresses. This information is used for the operation of the service, to maintain quality of the service, and to provide general statistics regarding use of the ASTR institute website.<\/span><\/p>\n<p><span style=\"font-size: 10pt;\">ASTR institute encourages you to review the privacy statements of websites you choose to link to from\u00a0Advanced Soft Tissue Release\u00a0so that you can understand how those websites collect, use and share your information. ASTR institute is not responsible for the privacy statements or other content on websites outside of the Advanced Soft Tissue Release\u00a0website.<\/span><\/p>\n<p><span style=\"font-size: 10pt;\"><b>Use of your Personal Information<\/b><\/span><\/p>\n<p><span style=\"font-size: 10pt;\">ASTR institute\u00a0collects and uses your personal information to operate its website(s) and deliver the services you have requested.<\/span><\/p>\n<p><span style=\"font-size: 10pt;\">ASTR institute may also use your personally identifiable information to inform you of other products or services available from ASTR institute and its affiliates.\u00a0Advanced Soft Tissue Release\u00a0may also contact you via surveys to conduct research about your opinion of current services or of potential new services that may be offered.<\/span><\/p>\n<p><span style=\"font-size: 10pt;\">ASTR institute (Advanced Soft Tissue Release) does not sell, rent or lease its customer lists to third parties.<\/span><\/p>\n<p><span style=\"font-size: 10pt;\">ASTR institute may, from time to time, contact you on behalf of external business partners about a particular offering that may be of interest to you. In those cases, your unique personally identifiable information (e-mail, name, address, telephone number) is not transferred to the third party.\u00a0Advanced Soft Tissue Release\u00a0may share data with trusted partners to help perform statistical analysis, send you email or postal mail, provide customer support, or arrange for deliveries. All such third parties are prohibited from using your personal information except to provide these services to ASTR institute, and they are required to maintain the confidentiality of your information.<\/span><\/p>\n<p><span style=\"font-size: 10pt;\">ASTR institute may keep track of the websites and pages our users visit within\u00a0Advanced Soft Tissue Release, in order to determine what ASTR institute services are the most popular. This data is used to deliver customized content and advertising within ASTR institute to customers whose behavior indicates that they are interested in a particular subject area.<\/span><\/p>\n<p><span style=\"font-size: 10pt;\">ASTR institute will disclose your personal information, without notice, only if required to do so by law or in the good faith belief that such action is necessary to: (a) conform to the edicts of the law or comply with legal process served on\u00a0Advanced Soft Tissue Release\u00a0or the site; (b) protect and defend the rights or property of\u00a0Advanced Soft Tissue Release; and, (c) act under exigent circumstances to protect the personal safety of users of\u00a0Advanced Soft Tissue Release, or the public.<\/span><\/p>\n<p><span style=\"font-size: 10pt;\"><b>Use of Cookies<\/b><\/span><\/p>\n<p><span style=\"font-size: 10pt;\">The ASTR institute website may use \u201ccookies\u201d to help you personalize your online experience. A cookie is a text file that is placed on your hard disk by a web page server. Cookies cannot be used to run programs or deliver viruses to your computer. Cookies are uniquely assigned to you, and can only be read by a web server in the domain that issued the cookie to you.<\/span><\/p>\n<p><span style=\"font-size: 10pt;\">One of the primary purposes of cookies is to provide a convenience feature to save you time. The purpose of a cookie is to tell the Web server that you have returned to a specific page. For example, if you personalize\u00a0Advanced Soft Tissue Release\u00a0pages, or register with\u00a0Advanced Soft Tissue Release\u00a0site or services, a cookie helps\u00a0Advanced Soft Tissue Release\u00a0to recall your specific information on subsequent visits. This simplifies the process of recording your personal information, such as billing addresses, shipping addresses, and so on. When you return to the same\u00a0Advanced Soft Tissue Release\u00a0website, the information you previously provided can be retrieved, so you can easily use the\u00a0Advanced Soft Tissue Release\u00a0features that you customized.<\/span><\/p>\n<p><span style=\"font-size: 10pt;\">You have the ability to accept or decline cookies. Most Web browsers automatically accept cookies, but you can usually modify your browser setting to decline cookies if you prefer. If you choose to decline cookies, you may not be able to fully experience the interactive features of the Advanced Soft Tissue Release\u00a0services or websites you visit.<\/span><\/p>\n<p><span style=\"font-size: 10pt;\"><b>Security of your Personal Information<\/b><\/span><\/p>\n<p><span style=\"font-size: 10pt;\">ASTR institute secures your personal information from unauthorized access, use or disclosure.<\/span><\/p>\n<p><span style=\"font-size: 10pt;\"><b>Children Under Thirteen<\/b><\/span><\/p>\n<p><span style=\"font-size: 10pt;\">ASTR institute\u00a0does not knowingly collect personally identifiable information from children under the age of thirteen. If you are under the age of thirteen, you must ask your parent or guardian for permission to use this website.<\/span><\/p>\n<p><span style=\"font-size: 10pt;\"><b>Opt-Out &amp; Unsubscribe<\/b><\/span><\/p>\n<p><span style=\"font-size: 10pt;\">We respect your privacy and give you an opportunity to opt-out of receiving announcements of certain information. Users may opt-out of receiving any or all communications from\u00a0ASTR institute\u00a0by contacting us here:<\/span><\/p>\n<p><span style=\"font-size: 10pt;\">\u2013 Web page: https:\/\/advancedsofttissuerelease.com\/contact-page\/<\/span><\/p>\n<p><span style=\"font-size: 10pt;\">\u2013 Email: support@astrinstitute.com<\/span><\/p>\n<p><span style=\"font-size: 10pt;\">\u2013 Phone: (949) 236- 6862<\/span><\/p>\n<p><span style=\"font-size: 10pt;\"><b>Changes to this Statement<\/b><\/span><\/p>\n<p><span style=\"font-size: 10pt;\">ASTR institute will occasionally update this Statement of Privacy to reflect company and customer feedback.\u00a0ASTR institute\u00a0encourages you to periodically review this Statement to be informed of how\u00a0Advanced Soft Tissue Release\u00a0is protecting your information.<\/span><\/p>\n<p><span style=\"font-size: 10pt;\"><b>Contact Information<\/b><\/span><\/p>\n<p><span style=\"font-size: 10pt;\">ASTR institute welcomes your questions or comments regarding this Statement of Privacy. If you believe that\u00a0ASTR institute\u00a0has not adhered to this Statement, please contact\u00a0ASTR institute\u00a0at:<\/span><\/p>\n<p><span style=\"font-size: 10pt;\">Instituto ASTR<\/span><\/p>\n<p><span style=\"font-size: 10pt;\">Email Address:<\/span><\/p>\n<p><span style=\"font-size: 10pt;\">Support@astrinstitute.com<\/span><\/p>\n<p><span style=\"font-size: 10pt;\">N\u00famero de tel\u00e9fono: 888-210-2787<\/span><\/p>\n<p><span style=\"font-size: 10pt;\">Vigente a partir del 20 de diciembre de 2018<\/span><\/p>","protected":false},"excerpt":{"rendered":"<p>Statement of Privacy Notice\u00a0 &nbsp; THIS NOTICE DESCRIBES HOW MEDICAL INFORMATION ABOUT YOU MAY BE USED AND DISCLOSED AND HOW YOU CAN GET ACCESS TO THIS INFORMATION. PLEASE REVIEW IT CAREFULLY.\u00a0 We may disclose your health care information to other healthcare professionals within our practice for the purpose of treatment, payment or healthcare operations.\u00a0 We [&hellip;]<\/p>\n","protected":false},"author":1,"featured_media":0,"parent":0,"menu_order":0,"comment_status":"closed","ping_status":"closed","template":"","meta":{"_analytify_skip_tracking":false,"footnotes":""},"class_list":["post-15680","page","type-page","status-publish","hentry"],"_links":{"self":[{"href":"https:\/\/advancedsofttissuerelease.com\/es\/wp-json\/wp\/v2\/pages\/15680","targetHints":{"allow":["GET"]}}],"collection":[{"href":"https:\/\/advancedsofttissuerelease.com\/es\/wp-json\/wp\/v2\/pages"}],"about":[{"href":"https:\/\/advancedsofttissuerelease.com\/es\/wp-json\/wp\/v2\/types\/page"}],"author":[{"embeddable":true,"href":"https:\/\/advancedsofttissuerelease.com\/es\/wp-json\/wp\/v2\/users\/1"}],"replies":[{"embeddable":true,"href":"https:\/\/advancedsofttissuerelease.com\/es\/wp-json\/wp\/v2\/comments?post=15680"}],"version-history":[{"count":0,"href":"https:\/\/advancedsofttissuerelease.com\/es\/wp-json\/wp\/v2\/pages\/15680\/revisions"}],"wp:attachment":[{"href":"https:\/\/advancedsofttissuerelease.com\/es\/wp-json\/wp\/v2\/media?parent=15680"}],"curies":[{"name":"wp","href":"https:\/\/api.w.org\/{rel}","templated":true}]}}