{"id":1588,"date":"2019-01-10T03:09:56","date_gmt":"2019-01-10T03:09:56","guid":{"rendered":"https:\/\/advancedsofttissuerelease.com\/?page_id=1588"},"modified":"2021-01-17T15:13:09","modified_gmt":"2021-01-17T22:13:09","slug":"terminos-condiciones-del-afiliado-2","status":"publish","type":"page","link":"https:\/\/advancedsofttissuerelease.com\/es\/affiliate-terms-conditions\/","title":{"rendered":"T\u00e9rminos y condiciones de afiliados"},"content":{"rendered":"<p><strong>T\u00e9rminos y condiciones de afiliados<\/strong><\/p>\n\n\n\n<p>El programa de afiliados del Instituto ASTR es gratuito y permite a los miembros obtener ingresos colocando un enlace o enlaces en su sitio web que anuncian el Instituto ASTR o productos espec\u00edficos en \u00e9l. Cualquier venta realizada a clientes que hayan hecho clic en esos enlaces ganar\u00e1 la comisi\u00f3n de afiliado. <strong>La tasa de comisi\u00f3n est\u00e1ndar es actualmente 20%.<\/strong><\/p>\n\n\n\n<p>Este acuerdo describe los t\u00e9rminos y condiciones para la participaci\u00f3n en el programa de afiliados del Instituto ASTR. En este acuerdo, el t\u00e9rmino &quot;Afiliado&quot; se refiere a usted (el solicitante). En este acuerdo, &quot;Instituto ASTR&quot; se refiere al Instituto ASTR, una corporaci\u00f3n de California, con quien usted celebra este acuerdo. Al aplicar al programa de afiliados del Instituto ASTR, usted confirma que ha le\u00eddo el acuerdo&nbsp;<\/p>\n\n\n\n<p><strong>Comisiones<\/strong><\/p>\n\n\n\n<p>Para que una venta genere una comisi\u00f3n a un Afiliado, el cliente debe completar el formulario de pedido y remitir el pago total del producto. Las comisiones solo se pagar\u00e1n por las ventas que se realicen cuando el cliente haga clic en enlaces de afiliados calificados y correctamente estructurados. Los enlaces correctamente codificados son responsabilidad exclusiva del afiliado. Las comisiones se pueden ver en el Panel de Afiliados. Si el Afiliado tiene un programa de pagos recurrentes, continuar\u00e1 acumulando comisiones por cada transacci\u00f3n pagada por el cliente mientras el cliente siga pagando. Para los Afiliados que participen en el programa recurrente, tambi\u00e9n se acumular\u00e1n comisiones por actualizaciones de planes y agregar usuarios.<\/p>\n\n\n\n<p><strong>Pago<\/strong><\/p>\n\n\n\n<p>Un Afiliado puede solicitar un pago cuando su saldo alcanza un saldo m\u00ednimo de $25 USD. Los pagos se pueden solicitar cada 30 d\u00edas. El procesamiento del pago puede demorar hasta 30 d\u00edas a partir de la fecha de solicitud. Los pagos generalmente se pagar\u00e1n a trav\u00e9s de PayPal.<\/p>\n\n\n\n<p><strong>Reembolsos<\/strong><\/p>\n\n\n\n<p>En caso de que un cliente solicite un reembolso por una transacci\u00f3n por la cual el Afiliado haya ganado comisiones, cualquier comisi\u00f3n ganada sobre el monto del reembolso se deducir\u00e1 del saldo del Afiliado.<\/p>\n\n\n\n<p><strong>Uso y Obligaciones<\/strong><\/p>\n\n\n\n<p>Los afiliados pueden utilizar la marca del Instituto ASTR y los recursos de marketing disponibles en la secci\u00f3n de Afiliados de la aplicaci\u00f3n del Instituto ASTR o el sitio web de ASTR. Los logotipos y otros activos no se pueden modificar. El Afiliado no obtiene ninguna marca comercial, derecho de autor ni ning\u00fan otro derecho sobre estos materiales. El Afiliado nunca insinuar\u00e1 que est\u00e1 actuando en nombre del instituto ASTR y nunca anunciar\u00e1 el instituto ASTR directamente. El Afiliado nunca pujar\u00e1 por anuncios que compitan con el instituto ASTR. El Afiliado nunca se representar\u00e1 a s\u00ed mismo, al instituto ASTR o a su relaci\u00f3n con el instituto ASTR de manera falsa o enga\u00f1osa. El Afiliado no participar\u00e1 en la distribuci\u00f3n de un correo electr\u00f3nico masivo no solicitado (spam ) mencionando o haciendo referencia al instituto ASTR.<\/p>\n\n\n\n<p><strong>Duraci\u00f3n y Terminaci\u00f3n<\/strong><\/p>\n\n\n\n<p>Cualquiera de las partes tiene derecho a rescindir el acuerdo inmediatamente sin previo aviso. Si el Afiliado rescinde el acuerdo, no se pagar\u00e1n m\u00e1s comisiones del instituto ASTR por transacciones pasadas o futuras del cliente. Si el instituto ASTR decide rescindir el acuerdo, cualquier saldo mayor se pagar\u00e1n m\u00e1s de $25 USD al afiliado dentro de los 60 d\u00edas posteriores a la terminaci\u00f3n. Los saldos inferiores a $25 se perder\u00e1n.<\/p>\n\n\n\n<p>Si el Afiliado est\u00e1 en un programa recurrente, el instituto ASTR no estar\u00e1 obligado a ning\u00fan pago futuro despu\u00e9s de la terminaci\u00f3n. Su solicitud de afiliado y su estado en el Programa pueden suspenderse o cancelarse por cualquiera de las siguientes razones: Anuncios inapropiados (afirmaciones falsas, hiperv\u00ednculos enga\u00f1osos , etc.). Spamming (correo electr\u00f3nico masivo, publicaci\u00f3n masiva de grupos de noticias, etc.). Publicidad en sitios que contienen o promueven actividades ilegales. No revelar la relaci\u00f3n de afiliado para cualquier promoci\u00f3n que califique como un respaldo seg\u00fan las pautas y regulaciones existentes de la Comisi\u00f3n Federal de Comercio, o cualquier ley estatal aplicable. Violaci\u00f3n de los derechos de propiedad intelectual.<\/p>\n\n\n\n<p>El instituto ASTR se reserva el derecho de exigir acuerdos de licencia de aquellos que emplean marcas registradas del instituto ASTR para proteger nuestros derechos de propiedad intelectual. Ofrecer reembolsos, cupones u otra forma de sobornos prometidos de su comisi\u00f3n de afiliado como incentivo. Sin embargo, es aceptable agregar bonificaciones o agrupar otros productos con el instituto ASTR. Autorreferencias, transacciones fraudulentas, sospecha de fraude de afiliados. Adem\u00e1s de lo anterior, el instituto ASTR se reserva el derecho de cancelar cualquier cuenta de afiliado en cualquier momento, por cualquier violaci\u00f3n de este Acuerdo o sin raz\u00f3n.<\/p>\n\n\n\n<p><strong>Ley que rige<\/strong><\/p>\n\n\n\n<p>Este Acuerdo se regir\u00e1, interpretar\u00e1 y ejecutar\u00e1 de conformidad con las leyes del Estado de Idaho, sin tener en cuenta las normas sobre conflictos de leyes.<\/p>\n\n\n\n<p><strong>Arbitraje<\/strong><\/p>\n\n\n\n<p>Todas las reclamaciones y disputas que surjan de este Acuerdo o est\u00e9n relacionadas con \u00e9l se resolver\u00e1n mediante arbitraje vinculante en el Estado de Idaho. Un laudo de arbitraje puede ser confirmado en un tribunal de jurisdicci\u00f3n competente.<\/p>\n\n\n\n<p><strong>Modificaci\u00f3n<\/strong><\/p>\n\n\n\n<p>Podemos modificar cualquiera de los t\u00e9rminos y condiciones de este Acuerdo en cualquier momento ya nuestro exclusivo criterio. Estas modificaciones pueden incluir, entre otros, cambios en el alcance de las comisiones disponibles, los calendarios de comisiones, los procedimientos de pago y las reglas del Programa de Afiliados.<\/p>","protected":false},"excerpt":{"rendered":"<p>Affiliate Terms &amp; Conditions ASTR Institute affiliate program is free and enables members to earn revenue by placing a link or links on their web site which advertises ASTR Institute or specific products on it. Any sales made to customers who have clicked on those links will earn the affiliate commission. The standard commission rate [&hellip;]<\/p>\n","protected":false},"author":1,"featured_media":0,"parent":0,"menu_order":0,"comment_status":"closed","ping_status":"closed","template":"","meta":{"_analytify_skip_tracking":false,"footnotes":""},"class_list":["post-1588","page","type-page","status-publish","hentry"],"_links":{"self":[{"href":"https:\/\/advancedsofttissuerelease.com\/es\/wp-json\/wp\/v2\/pages\/1588","targetHints":{"allow":["GET"]}}],"collection":[{"href":"https:\/\/advancedsofttissuerelease.com\/es\/wp-json\/wp\/v2\/pages"}],"about":[{"href":"https:\/\/advancedsofttissuerelease.com\/es\/wp-json\/wp\/v2\/types\/page"}],"author":[{"embeddable":true,"href":"https:\/\/advancedsofttissuerelease.com\/es\/wp-json\/wp\/v2\/users\/1"}],"replies":[{"embeddable":true,"href":"https:\/\/advancedsofttissuerelease.com\/es\/wp-json\/wp\/v2\/comments?post=1588"}],"version-history":[{"count":0,"href":"https:\/\/advancedsofttissuerelease.com\/es\/wp-json\/wp\/v2\/pages\/1588\/revisions"}],"wp:attachment":[{"href":"https:\/\/advancedsofttissuerelease.com\/es\/wp-json\/wp\/v2\/media?parent=1588"}],"curies":[{"name":"wp","href":"https:\/\/api.w.org\/{rel}","templated":true}]}}