{"id":17080,"date":"2020-12-26T18:38:20","date_gmt":"2020-12-27T01:38:20","guid":{"rendered":"https:\/\/advancedsofttissuerelease.com\/?page_id=17080"},"modified":"2023-05-16T21:06:14","modified_gmt":"2023-05-17T03:06:14","slug":"descargo-de-responsabilidad-2-2","status":"publish","type":"page","link":"https:\/\/advancedsofttissuerelease.com\/es\/disclaimer-2\/","title":{"rendered":"Descargo de responsabilidad"},"content":{"rendered":"<p><strong>Descargo de responsabilidad<\/strong><\/p>\r\n\r\n\r\n\r\n<p>Estas declaraciones no han sido evaluadas por la Administraci\u00f3n de Alimentos y Medicamentos. Estos productos no est\u00e1n destinados a diagnosticar, tratar, curar o prevenir ninguna enfermedad. Los resultados pueden variar con cada persona y no podemos garantizar que experimentar\u00e1 los mismos resultados que se encuentran en nuestros videos de testimonios y tratamientos. Cada individuo es diferente y el \u00e9xito de una persona no es un resultado garantizado.<\/p>\r\n\r\n\r\n\r\n<p>Los videos y la informaci\u00f3n del sitio web no est\u00e1n destinados a proporcionar diagn\u00f3sticos, tratamientos, opiniones, servicios o consejos a los espectadores. A trav\u00e9s de nuestras redes sociales, cursos y sitio web te presentamos nuevas ideas de tratamiento, destinadas a ser investigadas y ampliar el conocimiento general. El contenido de nuestro sitio web, cualquier video o publicaci\u00f3n en las redes sociales no puede sustituirse por asistencia profesional. <strong>Si le preocupa un problema m\u00e9dico, consulte a su proveedor de atenci\u00f3n m\u00e9dica, m\u00e9dico u otro profesional m\u00e9dico.<\/strong> <strong>SI PIENSA QUE TIENE UNA EMERGENCIA M\u00c9DICA, LLAME AL 911 INMEDIATAMENTE.\u00a0<\/strong><\/p>\r\n\r\n\r\n\r\n<p>El Dr. Joseph Jacobs y el instituto ASTR no son responsables de ninguna acci\u00f3n, servicio o producto adquirido a trav\u00e9s de este sitio web, nuestros videos o publicaciones en las redes sociales. El instituto ASTR ni sus organizaciones o personas asociadas no son responsables de ninguna lesi\u00f3n o da\u00f1o causado por la aplicaci\u00f3n de la informaci\u00f3n en nuestros cursos, sitio web y publicaci\u00f3n en las redes sociales. Se recomienda que revise sus preguntas y\/o inquietudes con un profesional m\u00e9dico. Utilice nuestra informaci\u00f3n bajo su propio riesgo. El contenido de nuestros cursos, sitio web, publicaciones en redes sociales no puede sustituirse por asistencia profesional. Si le preocupa un problema m\u00e9dico, consulte a su proveedor de atenci\u00f3n m\u00e9dica, m\u00e9dico u otro profesional m\u00e9dico.<\/p>\r\n\r\n\r\n\r\n<p><strong>Pregunte a ASTR Descargo de responsabilidad<\/strong><\/p>\r\n\r\n\r\n\r\n<p>Ask ASTR es un software de inteligencia artificial que ayuda a los usuarios a descubrir la causa de sus s\u00edntomas de salud. Ask ASTR es un producto beta y en constante desarrollo y actualizaciones. Es responsabilidad de los usuarios responder las preguntas con precisi\u00f3n, a fin de recibir las mejores recomendaciones para su condici\u00f3n. Las respuestas inexactas de los usuarios dar\u00e1n lugar a recomendaciones inexactas del sistema.\u00a0<\/p>\r\n\r\n\r\n\r\n<p>Las declaraciones de nuestro software no han sido evaluadas por la Administraci\u00f3n de Alimentos y Medicamentos. Estos productos no est\u00e1n destinados a diagnosticar, tratar, curar o prevenir ninguna enfermedad. Las recomendaciones proporcionadas no pueden ser sustituidas por asistencia profesional. Si le preocupa un problema m\u00e9dico, consulte a su proveedor de atenci\u00f3n m\u00e9dica, m\u00e9dico u otro profesional m\u00e9dico. El Dr. Joseph Jacobs y el instituto ASTR no son de ninguna manera responsables por cualquier acci\u00f3n, servicio o producto adquirido a trav\u00e9s de este sitio web. El instituto ASTR y sus organizaciones o personas asociadas no son responsables de ninguna lesi\u00f3n o da\u00f1o causado por el uso de nuestro sistema. Se recomienda que revise sus preguntas y\/o inquietudes con un profesional m\u00e9dico. \u00daselo bajo su propio riesgo. <strong>Si le preocupa un problema m\u00e9dico, consulte a su proveedor de atenci\u00f3n m\u00e9dica, m\u00e9dico u otro profesional m\u00e9dico.<\/strong> <strong>SI PIENSA QUE TIENE UNA EMERGENCIA M\u00c9DICA, LLAME AL 911 INMEDIATAMENTE.\u00a0<\/strong><\/p>\r\n\r\n\r\n\r\n<p><strong>Descargo de responsabilidad de los cursos para proveedores de atenci\u00f3n m\u00e9dica<\/strong><\/p>\r\n\r\n\r\n\r\n<p>El instituto ASTR y los cursos ASTR est\u00e1n pensados como capacitaci\u00f3n avanzada para proveedores de atenci\u00f3n m\u00e9dica y m\u00e9dicos. Estos cursos por s\u00ed solos no confieren a un m\u00e9dico sin licencia la autoridad legal para implementar la informaci\u00f3n de estos cursos en pacientes o clientes. Parte de la informaci\u00f3n en estos cursos puede estar m\u00e1s all\u00e1 del alcance de una pr\u00e1ctica privada de atenci\u00f3n m\u00e9dica que no tenga licencia o est\u00e9 supervisada por un m\u00e9dico u otro profesional debidamente autorizado. Antes de utilizar la informaci\u00f3n o las t\u00e9cnicas presentadas en estos cursos en pacientes o clientes, un m\u00e9dico sin licencia o con una licencia restrictiva (como un farmac\u00e9utico, fisioterapeuta, terapeuta ocupacional, quiropr\u00e1ctico, enfermera, dietista, etc.) debe consultar con el actos de pr\u00e1ctica relevantes en su estado para garantizar que el uso por parte del m\u00e9dico de las modalidades, terapias o t\u00e9cnicas establecidas en estos cursos sea consistente con la ley estatal.<\/p>\r\n\r\n\r\n\r\n<p><strong>Descargo de responsabilidad de los programas de autotratamiento<\/strong><\/p>\r\n\r\n\r\n\r\n<p>Estas declaraciones no han sido evaluadas por la Administraci\u00f3n de Alimentos y Medicamentos. Estos productos no est\u00e1n destinados a diagnosticar, tratar, curar o prevenir ninguna enfermedad. El contenido de nuestros cursos no puede sustituirse por asistencia profesional. Si le preocupa un problema m\u00e9dico, consulte a su proveedor de atenci\u00f3n m\u00e9dica, m\u00e9dico u otro profesional m\u00e9dico. El Dr. Joseph Jacobs y el instituto ASTR no son de ninguna manera responsables por cualquier acci\u00f3n, servicio o producto adquirido a trav\u00e9s de este sitio web. El instituto ASTR y sus organizaciones o personas asociadas no son responsables de ninguna lesi\u00f3n o da\u00f1o causado por la aplicaci\u00f3n de las herramientas ASTR. Las herramientas ASTR son generalmente seguras cuando se practican con la t\u00e9cnica y el cuidado adecuados. Se recomienda que revise sus preguntas y\/o inquietudes con un profesional m\u00e9dico. Deje de usar inmediatamente si le duele, si la condici\u00f3n empeora o si causa hematomas. \u00daselo bajo su propio riesgo. <strong>Si le preocupa un problema m\u00e9dico, consulte a su proveedor de atenci\u00f3n m\u00e9dica, m\u00e9dico u otro profesional m\u00e9dico.<\/strong> <strong>SI PIENSA QUE TIENE UNA EMERGENCIA M\u00c9DICA, LLAME AL 911 INMEDIATAMENTE.\u00a0<\/strong><\/p>\r\n\r\n\r\n\r\n<p><strong>Consulta y evaluaci\u00f3n de telesalud<\/strong><\/p>\r\n<p>Las sugerencias dadas durante las consultas y evaluaciones en relaci\u00f3n con las recomendaciones de nutrici\u00f3n, dieta, suplementos o desintoxicaci\u00f3n son puramente para fines educativos y de prevenci\u00f3n y no para diagnosticar pacientes. Los m\u00e9dicos, enfermeras y enfermeras practicantes son los proveedores de atenci\u00f3n m\u00e9dica que tienen la autoridad para autorizar a los pacientes a detener o iniciar intervenciones m\u00e9dicas espec\u00edficas. Alentamos a los pacientes a realizar su propia investigaci\u00f3n en lo que respecta a las decisiones que toman por s\u00ed mismos. Apoyamos la investigaci\u00f3n actual. Es muy importante que cada paciente se comunique con su m\u00e9dico y comunique cualquier cambio en su r\u00e9gimen de atenci\u00f3n m\u00e9dica. No hacer cambios sin consultar con su m\u00e9dico puede ser peligroso. Al hacer clic en el bot\u00f3n &quot;Acepto&quot;, usted declara que comprende esta informaci\u00f3n.\u00a0<\/p>\r\n<p><strong>Im\u00e1n \u2013 Descargo de responsabilidad de MagnaHeal<\/strong><\/p>\r\n\r\n\r\n\r\n<p>El Instituto ASTR no es responsable de ninguna lesi\u00f3n, destrucci\u00f3n o da\u00f1o que MagnaHeal o los imanes puedan causar como resultado de su uso. Antes de comprar el MagnaHeal, el comprador certifica que ha le\u00eddo y entendido las siguientes advertencias:<\/p>\r\n\r\n\r\n\r\n<p><strong>Contraindicaciones:<\/strong> MagnaHeal debe evitarse si tiene uno de los siguientes:<\/p>\r\n\r\n\r\n\r\n<ul class=\"wp-block-list\">\r\n<li>Marcapasos<\/li>\r\n<li>El embarazo<\/li>\r\n<li>Cualquier aparato electr\u00f3nico en tu cuerpo.<\/li>\r\n<li>Embargo<\/li>\r\n<\/ul>\r\n\r\n\r\n\r\n<p>El comprador da fe de que asume la responsabilidad de 100% por todas las lesiones y da\u00f1os que el MagnaHeal podr\u00eda causar. Esto incluye lesiones a s\u00ed mismo oa otros, da\u00f1os a la propiedad y da\u00f1os al MagnaHeal. El comprador debe aceptar estos t\u00e9rminos antes de comprar MagnaHeal.<\/p>\r\n\r\n\r\n\r\n<p>El Instituto ASTR proporcionar\u00e1 una estimaci\u00f3n de la fuerza de tracci\u00f3n del MagnaHeal, pero no somos responsables de ninguna discrepancia o inexactitud de la fuerza de tracci\u00f3n de los imanes. Pruebe la fuerza de tracci\u00f3n antes de usarla.<\/p>\r\n\r\n\r\n\r\n<p>MagnaHeal es muy poderoso. Es esencial que se manipule con cuidado para evitar da\u00f1os al im\u00e1n y lesiones a uno mismo oa otros. Los imanes que son del mismo tama\u00f1o o m\u00e1s grandes que un cubo de 3 pulgadas tienen el potencial de causar da\u00f1os muy graves a los dedos si los dedos quedan atrapados entre los 2 imanes. Los huesos pueden romperse y las yemas de los dedos pueden perderse.<\/p>\r\n\r\n\r\n\r\n<p>MagnaHeal es rompible. Si se cae o se golpea, puede romperse o astillarse. Use guantes y gafas protectoras cuando sostenga y use el MagnaHeal, ya que las astillas y\/o los espaciadores podr\u00edan desprenderse y salir volando del MagnaHeal.<\/p>\r\n\r\n\r\n\r\n<ul class=\"wp-block-list\">\r\n<li>Si MagnaHeal se calienta a m\u00e1s de 175 grados Fahrenheit u 80 grados Celsius, perder\u00e1 su propiedad magn\u00e9tica.<\/li>\r\n<li>MagnaHeal tiene un campo magn\u00e9tico muy poderoso y puede da\u00f1ar lo siguiente: computadoras, televisores, monitores de computadora, soportes de datos, tel\u00e9fonos, dispositivos electr\u00f3nicos, tarjetas de cr\u00e9dito, relojes, aud\u00edfonos, marcapasos, etc. Los marcapasos son una contraindicaci\u00f3n y pueden da\u00f1arse si se exponen. al Magna Heal. Los pacientes con marcapasos deben permanecer al menos a 3 pies de distancia del MagnaHeal.<\/li>\r\n<li>MagnaHeal is only to be used externally.<\/li>\r\n<li>El MagnaHeal no debe modificarse en absoluto. No se permite cortar, taladrar ni aserrar el MagnaHeal. Las part\u00edculas del MagnaHeal al cortar pueden crear un ambiente muy peligroso ya que las part\u00edculas son altamente inflamables. El im\u00e1n se romper\u00e1 si se aserra, corta o perfora. MagnaHeal nunca debe quemarse debido a la toxicidad que esto crear\u00eda.<\/li>\r\n<\/ul>","protected":false},"excerpt":{"rendered":"<p>Disclaimer These statements have not been evaluated by the Food and Drug Administration. These products are not intended to diagnose, treat, cure, or prevent any disease. Results may vary with each person and we cannot guarantee that you will experience the same results found in our testimonial and treatment videos. Each individual is different and [&hellip;]<\/p>\n","protected":false},"author":1,"featured_media":0,"parent":0,"menu_order":0,"comment_status":"closed","ping_status":"closed","template":"","meta":{"_analytify_skip_tracking":false,"footnotes":""},"class_list":["post-17080","page","type-page","status-publish","hentry"],"_links":{"self":[{"href":"https:\/\/advancedsofttissuerelease.com\/es\/wp-json\/wp\/v2\/pages\/17080","targetHints":{"allow":["GET"]}}],"collection":[{"href":"https:\/\/advancedsofttissuerelease.com\/es\/wp-json\/wp\/v2\/pages"}],"about":[{"href":"https:\/\/advancedsofttissuerelease.com\/es\/wp-json\/wp\/v2\/types\/page"}],"author":[{"embeddable":true,"href":"https:\/\/advancedsofttissuerelease.com\/es\/wp-json\/wp\/v2\/users\/1"}],"replies":[{"embeddable":true,"href":"https:\/\/advancedsofttissuerelease.com\/es\/wp-json\/wp\/v2\/comments?post=17080"}],"version-history":[{"count":0,"href":"https:\/\/advancedsofttissuerelease.com\/es\/wp-json\/wp\/v2\/pages\/17080\/revisions"}],"wp:attachment":[{"href":"https:\/\/advancedsofttissuerelease.com\/es\/wp-json\/wp\/v2\/media?parent=17080"}],"curies":[{"name":"wp","href":"https:\/\/api.w.org\/{rel}","templated":true}]}}