{"id":17086,"date":"2020-12-26T19:20:20","date_gmt":"2020-12-27T02:20:20","guid":{"rendered":"https:\/\/advancedsofttissuerelease.com\/?page_id=17086"},"modified":"2021-01-15T11:08:32","modified_gmt":"2021-01-15T18:08:32","slug":"aviso-de-practicas-de-privacidad-2","status":"publish","type":"page","link":"https:\/\/advancedsofttissuerelease.com\/es\/notice-of-privacy-practices\/","title":{"rendered":"Aviso de pr\u00e1cticas de privacidad"},"content":{"rendered":"<p><strong>HIPAA \u2013 AVISO DE PR\u00c1CTICAS DE PRIVACIDAD<\/strong><\/p>\n\n\n\n<p>ESTE AVISO DESCRIBE C\u00d3MO SE PUEDE UTILIZAR Y DIVULGAR LA INFORMACI\u00d3N M\u00c9DICA Y C\u00d3MO USTED PUEDE OBTENER ACCESO A ESTA INFORMACI\u00d3N POR PARTE DE ASTR INSTITUTE, INC. L\u00c9ALO CUIDADOSAMENTE.<\/p>\n\n\n\n<p><strong>I. NUESTRO COMPROMISO EN MATERIA DE INFORMACI\u00d3N DE SALUD:<\/strong><\/p>\n\n\n\n<p>El Instituto ASTR entiende que la informaci\u00f3n m\u00e9dica sobre usted y su atenci\u00f3n m\u00e9dica es personal. Nos comprometemos a proteger su informaci\u00f3n de salud. Necesitamos este registro para brindarle atenci\u00f3n de calidad y cumplir con ciertos requisitos legales. Este aviso le informar\u00e1 sobre las formas en que podemos usar y divulgar su informaci\u00f3n de salud. Tambi\u00e9n describimos sus derechos sobre la informaci\u00f3n de salud que mantenemos sobre usted y describimos ciertas obligaciones que tenemos con respecto al uso y divulgaci\u00f3n de su informaci\u00f3n de salud. Estamos obligados por ley a:<\/p>\n\n\n\n<ul class=\"wp-block-list\"><li>Aseg\u00farese de que la informaci\u00f3n de salud protegida (&quot;PHI&quot;) que lo identifica se mantenga privada.<\/li><li>Darle este aviso de nuestras obligaciones legales y pr\u00e1cticas de privacidad con respecto a la informaci\u00f3n de salud.<\/li><li>Siga los t\u00e9rminos del aviso que est\u00e1 actualmente en vigor.<\/li><li>Podemos cambiar los t\u00e9rminos de este Aviso, y dichos cambios se aplicar\u00e1n a toda la informaci\u00f3n que tenemos sobre usted. El nuevo Aviso estar\u00e1 disponible previa solicitud en el sitio web de ASTR.<\/li><\/ul>\n\n\n\n<p><strong>II. C\u00d3MO PODEMOS UTILIZAR Y DIVULGAR INFORMACI\u00d3N M\u00c9DICA SOBRE USTED:<\/strong><\/p>\n\n\n\n<p>Las siguientes categor\u00edas describen las diferentes formas en que usamos y divulgamos la informaci\u00f3n de salud. Para cada categor\u00eda de usos o divulgaciones, explicaremos lo que queremos decir y trataremos de dar algunos ejemplos. No se enumerar\u00e1n todos los usos o divulgaciones en una categor\u00eda. Sin embargo, todas las formas en que permitimos usar y divulgar informaci\u00f3n se incluir\u00e1n en una de las categor\u00edas.<\/p>\n\n\n\n<p>Para el pago del tratamiento o las operaciones de atenci\u00f3n m\u00e9dica: las reglas federales de privacidad (regulaciones) permiten que los proveedores de atenci\u00f3n m\u00e9dica que tienen una relaci\u00f3n de tratamiento directo con el paciente\/cliente usen o divulguen la informaci\u00f3n de salud personal del paciente\/cliente sin la autorizaci\u00f3n por escrito del paciente, para llevar a cabo la propio tratamiento, pago u operaciones de atenci\u00f3n m\u00e9dica del proveedor de atenci\u00f3n m\u00e9dica. Tambi\u00e9n podemos divulgar su informaci\u00f3n m\u00e9dica protegida para las actividades de tratamiento de cualquier proveedor de atenci\u00f3n m\u00e9dica. Esto tambi\u00e9n se puede hacer sin su autorizaci\u00f3n por escrito. Por ejemplo, si un m\u00e9dico consultara con otro proveedor de atenci\u00f3n m\u00e9dica con licencia sobre su condici\u00f3n, se nos permitir\u00eda usar y divulgar su informaci\u00f3n de salud personal, que de otro modo es confidencial, para ayudar al m\u00e9dico en el diagn\u00f3stico y tratamiento de su enfermedad mental. estado de salud.<\/p>\n\n\n\n<p>Las divulgaciones con fines de tratamiento no se limitan al est\u00e1ndar m\u00ednimo necesario. Porque los terapeutas y otros proveedores de atenci\u00f3n m\u00e9dica necesitan acceso al registro completo y\/o informaci\u00f3n completa y completa para brindar una atenci\u00f3n de calidad. La palabra \u201ctratamiento\u201d incluye, entre otras cosas, la coordinaci\u00f3n y gesti\u00f3n de proveedores de atenci\u00f3n m\u00e9dica con un tercero, consultas entre proveedores de atenci\u00f3n m\u00e9dica y referencias de un paciente para atenci\u00f3n m\u00e9dica de un proveedor de atenci\u00f3n m\u00e9dica a otro.<\/p>\n\n\n\n<p>Demandas y disputas: si est\u00e1 involucrado en una demanda, podemos divulgar informaci\u00f3n m\u00e9dica en respuesta a una orden judicial o administrativa. Tambi\u00e9n podemos divulgar informaci\u00f3n de salud sobre su hijo en respuesta a una citaci\u00f3n, solicitud de descubrimiento u otro proceso legal por parte de otra persona involucrada en la disputa, pero solo si se han hecho esfuerzos para informarle sobre la solicitud u obtener una orden que proteja a la persona. Informaci\u00f3n requerida.<\/p>\n\n\n\n<p><strong>tercero CIERTOS USOS Y DIVULGACIONES REQUIEREN SU AUTORIZACI\u00d3N:<\/strong><\/p>\n\n\n\n<ol class=\"wp-block-list\"><li><strong>Notas m\u00e9dicas.<\/strong> Mantenemos &quot;notas&quot; como se define ese t\u00e9rmino en 45 CFR \u00a7 164.501, y cualquier uso o divulgaci\u00f3n de dichas notas requiere su autorizaci\u00f3n a menos que el uso o la divulgaci\u00f3n sea:<\/li><li>una. Para nuestro uso en el tratamiento de usted.<\/li><li>b. Para nuestro uso en capacitaci\u00f3n o supervisi\u00f3n para ayudarlos a mejorar sus habilidades en asesoramiento o terapia grupal, conjunta, familiar o individual.<\/li><li>C. Para nuestro uso en la defensa de m\u00ed mismo en procedimientos legales iniciados por usted.<\/li><li>d. Para uso del Secretario de Salud y Servicios Humanos para investigar nuestro cumplimiento con HIPAA.<\/li><li>mi. Requerido por la ley y el uso o divulgaci\u00f3n est\u00e1 limitado a los requisitos de dicha ley.<\/li><li>F. Requerido por ley para ciertas actividades de supervisi\u00f3n de la salud relacionadas con el originador de las notas.<\/li><li>gramo. Requerido por un m\u00e9dico forense que est\u00e9 desempe\u00f1ando funciones autorizadas por la ley.<\/li><li>H. Necesario para ayudar a evitar una amenaza grave para la salud y la seguridad de los dem\u00e1s.<\/li><li><strong>Fines de mercadeo.<\/strong> No utilizaremos ni divulgaremos su PHI con fines de marketing.<\/li><li><strong>Venta de PHI.<\/strong> No venderemos su PHI en el curso regular de nuestro negocio.<\/li><\/ol>\n\n\n\n<p><strong>IV. CIERTOS USOS Y DIVULGACIONES NO REQUIEREN SU AUTORIZACI\u00d3N.<\/strong><\/p>\n\n\n\n<p>Sujeto a ciertas limitaciones en la ley, podemos usar y divulgar su PHI sin su autorizaci\u00f3n por las siguientes razones:<\/p>\n\n\n\n<ol class=\"wp-block-list\"><li>Cuando la divulgaci\u00f3n es requerida por la ley estatal o federal, y el uso o divulgaci\u00f3n cumple y se limita a los requisitos pertinentes de dicha ley.<\/li><li>Para actividades de salud p\u00fablica, incluida la denuncia de sospechas de abuso de ni\u00f1os, ancianos o adultos dependientes, o la prevenci\u00f3n o reducci\u00f3n de una amenaza grave para la salud o la seguridad de cualquier persona.<\/li><li>Para actividades de vigilancia de la salud, incluidas auditor\u00edas e investigaciones.<\/li><li>Para procedimientos judiciales y administrativos, incluida la respuesta a una orden judicial o administrativa, aunque nuestra preferencia es obtener una Autorizaci\u00f3n de usted antes de hacerlo.<\/li><li>Para fines de cumplimiento de la ley, incluida la denuncia de delitos que ocurran en nuestras instalaciones.<\/li><li>A los m\u00e9dicos forenses o examinadores m\u00e9dicos, cuando tales personas se encuentren desempe\u00f1ando funciones autorizadas por la ley.<\/li><li>Para fines de investigaci\u00f3n, incluido el estudio y la comparaci\u00f3n de la salud de los pacientes que recibieron una forma de terapia frente a aquellos que recibieron otra forma de terapia para la misma afecci\u00f3n.<\/li><li>Funciones gubernamentales especializadas, incluida la garant\u00eda de la correcta ejecuci\u00f3n de las misiones militares; proteger al presidente de los Estados Unidos; realizar operaciones de inteligencia o contrainteligencia; o ayudar a garantizar la seguridad de quienes trabajan o se alojan en instituciones correccionales.<\/li><li>Para prop\u00f3sitos de compensaci\u00f3n de trabajadores. Aunque nuestra preferencia es obtener una Autorizaci\u00f3n de usted, puedo proporcionar su PHI para cumplir con las leyes de compensaci\u00f3n para trabajadores.<\/li><li>Recordatorios de citas y beneficios o servicios relacionados con la salud. Podemos usar y divulgar su PHI para comunicarnos con usted y recordarle que tiene una cita con nosotros. Tambi\u00e9n podemos usar y divulgar su PHI para informarle sobre alternativas de tratamiento u otros servicios o beneficios de atenci\u00f3n m\u00e9dica que ofrezco.<\/li><li>Podemos divulgar su informaci\u00f3n de atenci\u00f3n m\u00e9dica a otros profesionales de la salud dentro de nuestra pr\u00e1ctica con el prop\u00f3sito de tratamiento, pago u operaciones de atenci\u00f3n m\u00e9dica.<\/li><li>Podemos divulgar su informaci\u00f3n de salud a su proveedor de seguros con el fin de realizar pagos u operaciones de atenci\u00f3n m\u00e9dica.&nbsp;<\/li><li>Podemos divulgar su informaci\u00f3n de salud seg\u00fan sea necesario para cumplir con las leyes estatales de compensaci\u00f3n para trabajadores.<\/li><li>Podemos divulgar su informaci\u00f3n de salud para notificar o ayudar a notificar a un miembro de la familia u otra persona responsable de su atenci\u00f3n sobre su condici\u00f3n m\u00e9dica o en caso de una emergencia o de su muerte.<\/li><li>Seg\u00fan lo exige la ley, podemos divulgar su informaci\u00f3n de salud a las autoridades de salud p\u00fablica para fines relacionados con: prevenir o controlar enfermedades, lesiones o discapacidades, denunciar abuso o negligencia infantil, denunciar violencia dom\u00e9stica, informar a la Administraci\u00f3n de Drogas y Alimentos (FDA) problemas con productos y reacciones a medicamentos y reportes de exposici\u00f3n a enfermedades o infecciones.<\/li><li>Podemos divulgar su informaci\u00f3n de salud en el curso de cualquier procedimiento administrativo o judicial.<\/li><li>Podemos divulgar su informaci\u00f3n de salud a un funcionario encargado de hacer cumplir la ley con fines tales como identificar o localizar a un sospechoso, fugitivo, testigo material o persona desaparecida, cumplir con una orden o citaci\u00f3n judicial y otros fines relacionados con el cumplimiento de la ley.<\/li><li>Podemos divulgar su informaci\u00f3n de salud a m\u00e9dicos forenses o examinadores m\u00e9dicos.<\/li><li>Podemos divulgar su informaci\u00f3n de salud a organizaciones involucradas en la adquisici\u00f3n, almacenamiento o trasplante de \u00f3rganos y tejidos.<\/li><li>Podemos divulgar su informaci\u00f3n de salud a investigadores que realicen investigaciones que hayan sido aprobadas por una Junta de Revisi\u00f3n Institucional.<\/li><li>Puede ser necesario divulgar su informaci\u00f3n de salud a las personas adecuadas para prevenir o disminuir una amenaza grave e inminente para la salud o la seguridad de una persona en particular o del p\u00fablico en general.<\/li><li>Podemos divulgar su informaci\u00f3n de salud para fines militares, de seguridad nacional, de prisioneros y de beneficios gubernamentales. &nbsp;<\/li><li>Podemos dejar un mensaje en un contestador autom\u00e1tico o en una persona que conteste el tel\u00e9fono con el fin de programar citas. No se divulgar\u00e1 informaci\u00f3n de salud personal durante esta grabaci\u00f3n o mensaje que no sea la fecha y la hora de su cita programada junto con una solicitud para llamar a nuestra oficina si necesita cancelar o reprogramar su cita\u201d.<\/li><li>Es posible que nos comuniquemos con usted o le enviemos su factura por tel\u00e9fono, correo postal o electr\u00f3nico. \u201cEs nuestra pr\u00e1ctica participar en eventos caritativos y de marketing para crear conciencia, donaciones de alimentos, obsequios, dinero, etc. Durante estos tiempos, podemos enviarle una carta, tarjeta postal, invitaci\u00f3n o llamar a su hogar para invitarlo a participar en la actividad caritativa. &nbsp;<\/li><li>En el caso de que seamos vendidos o fusionados con otra organizaci\u00f3n, su informaci\u00f3n\/registro de salud pasar\u00e1 a ser propiedad del nuevo propietario.<\/li><\/ol>\n\n\n\n<p><strong>V. CIERTOS USOS Y DIVULGACIONES REQUIEREN QUE USTED TENGA LA OPORTUNIDAD DE OBJETAR.<\/strong><\/p>\n\n\n\n<p>Divulgaciones a familiares, amigos u otras personas. Podemos proporcionar su PHI a un familiar, amigo u otra persona que usted indique que est\u00e1 involucrada en su atenci\u00f3n o en el pago de su atenci\u00f3n m\u00e9dica, a menos que se oponga total o parcialmente. La oportunidad de dar su consentimiento puede obtenerse retroactivamente en situaciones de emergencia.<\/p>\n\n\n\n<p><strong>VI. USTED TIENE LOS SIGUIENTES DERECHOS CON RESPECTO A SU PHI:<\/strong><\/p>\n\n\n\n<ol class=\"wp-block-list\"><li>El derecho a solicitar l\u00edmites en los usos y divulgaciones de su PHI. Tiene derecho a pedirme que no use ni divulgue cierta PHI para fines de tratamiento, pago u operaciones de atenci\u00f3n m\u00e9dica. No estamos obligados a aceptar su solicitud, y puedo decir &quot;no&quot; si creemos que afectar\u00eda su atenci\u00f3n m\u00e9dica.<\/li><li>El derecho a solicitar restricciones para los gastos de bolsillo pagados en su totalidad. Tiene derecho a solicitar restricciones sobre la divulgaci\u00f3n de su PHI a los planes de salud con fines de pago o de operaciones de atenci\u00f3n m\u00e9dica si la PHI se relaciona \u00fanicamente con un art\u00edculo de atenci\u00f3n m\u00e9dica o un servicio de atenci\u00f3n m\u00e9dica que pag\u00f3 de su bolsillo en su totalidad.<\/li><li>El derecho a elegir c\u00f3mo le enviamos la PHI. Tiene derecho a pedirnos que nos comuniquemos con usted de una manera espec\u00edfica (por ejemplo, por tel\u00e9fono de casa o de la oficina) o que le enviemos correo a una direcci\u00f3n diferente, y aceptaremos todas las solicitudes razonables.<\/li><li>El derecho a ver y obtener copias de su PHI. Adem\u00e1s de las &quot;notas m\u00e9dicas&quot;, tiene derecho a obtener una copia electr\u00f3nica o impresa de su expediente m\u00e9dico y otra informaci\u00f3n que tengamos sobre usted. Le proporcionaremos una copia de su registro, o un resumen del mismo, si acepta recibir un resumen, dentro de los 30 d\u00edas posteriores a la recepci\u00f3n de su solicitud por escrito, y podemos cobrarle una tarifa razonable basada en el costo por hacerlo.<\/li><li>El derecho a obtener una lista de las divulgaciones que hemos realizado. Tiene derecho a solicitar una lista de las instancias en las que hemos divulgado su PHI para fines distintos al tratamiento, pago u operaciones de atenci\u00f3n m\u00e9dica, o para las cuales me proporcion\u00f3 una Autorizaci\u00f3n. Responderemos a su solicitud de un informe de divulgaciones dentro de los 60 d\u00edas posteriores a la recepci\u00f3n de su solicitud. Le cobraremos una tarifa basada en el costo razonable por cada solicitud adicional.<\/li><li>El derecho a corregir o actualizar su PHI. Si cree que hay un error en su PHI, o que falta informaci\u00f3n importante en su PHI, tiene derecho a solicitar que corrijamos la informaci\u00f3n existente o agreguemos la informaci\u00f3n que falta. Podemos decir \u201cno\u201d a su solicitud, pero le informaremos el motivo por escrito dentro de los 60 d\u00edas posteriores a la recepci\u00f3n de su solicitud.<\/li><li>El derecho a obtener una copia impresa o electr\u00f3nica de este Aviso. Tiene derecho a recibir una copia impresa de este Aviso y tiene derecho a recibir una copia de este aviso por correo electr\u00f3nico. Y, aunque haya aceptado recibir este Aviso por correo electr\u00f3nico, tambi\u00e9n tiene derecho a solicitar una copia impresa del mismo.<\/li><li>Tiene derecho a solicitar restricciones sobre ciertos usos y divulgaciones de su informaci\u00f3n de salud. Sin embargo, tenga en cuenta que no estamos obligados a aceptar la restricci\u00f3n que solicit\u00f3.<\/li><li>Tiene derecho a que su informaci\u00f3n de salud sea recibida o comunicada a trav\u00e9s de un m\u00e9todo alternativo o enviada a un lugar alternativo que no sea el m\u00e9todo habitual de comunicaci\u00f3n o entrega, si as\u00ed lo solicita.<\/li><li>Tiene derecho a inspeccionar y copiar su informaci\u00f3n de salud.<\/li><li>Tiene derecho a solicitar que modifiquemos su informaci\u00f3n m\u00e9dica protegida. Sin embargo, tenga en cuenta que no estamos obligados a aceptar modificar su informaci\u00f3n m\u00e9dica protegida. Si su solicitud para modificar su informaci\u00f3n de salud ha sido denegada, se le proporcionar\u00e1 una explicaci\u00f3n de los motivos de la denegaci\u00f3n e informaci\u00f3n sobre c\u00f3mo puede estar en desacuerdo con la denegaci\u00f3n.<\/li><li>Tiene derecho a recibir un informe de las divulgaciones de su informaci\u00f3n m\u00e9dica protegida que hayamos hecho.<\/li><li>Tiene derecho a recibir una copia impresa de este Aviso de pr\u00e1cticas de privacidad en cualquier momento que lo solicite.<\/li><\/ol>\n\n\n\n<p>Nos reservamos el derecho de modificar este Aviso de Pr\u00e1cticas de Privacidad en cualquier momento en el futuro, y haremos efectivas las nuevas disposiciones para toda la informaci\u00f3n que mantiene. Hasta que se realice dicha modificaci\u00f3n, estamos obligados por ley a cumplir con este Aviso. &nbsp;<\/p>\n\n\n\n<p>La ley nos exige mantener la privacidad de su informaci\u00f3n de salud y proporcionarle un aviso de sus obligaciones legales y pr\u00e1cticas de privacidad con respecto a su informaci\u00f3n de salud. Si tiene preguntas sobre cualquier parte de este aviso o si desea obtener m\u00e1s informaci\u00f3n sobre sus derechos de privacidad, comun\u00edquese con nosotros llamando a esta oficina al <strong>(888) 210-2787<\/strong>. Si nuestro Oficial de Privacidad no est\u00e1 disponible, puede hacer una cita para una conferencia personal en persona o por tel\u00e9fono dentro de los 2 d\u00edas h\u00e1biles. &nbsp;<\/p>\n\n\n\n<p>Tiene derecho a comunicarse con nosotros con respecto a cualquier queja que pueda tener si cree que hemos violado sus derechos de privacidad de alguna manera. Tambi\u00e9n tiene derecho a comunicarse con el Secretario de Salud y Servicios Humanos si cree que hemos violado sus derechos de privacidad. ASTR Institute se preocupa por usted y quiere saber si tiene alg\u00fan problema o queja con respecto a la privacidad de su informaci\u00f3n de salud.<\/p>\n\n\n\n<p>Las quejas sobre sus derechos de privacidad o sobre c\u00f3mo hemos manejado su informaci\u00f3n de salud deben dirigirse a nuestro Oficial de privacidad llamando a esta oficina al <strong>(888) 210-2787<\/strong>. Si nuestro Oficial de Privacidad no est\u00e1 disponible, puede hacer una cita para una conferencia personal en persona o por tel\u00e9fono dentro de los 2 d\u00edas h\u00e1biles. Si no est\u00e1 satisfecho con la forma en que esta oficina maneja su queja, puede presentar una queja formal a:<\/p>\n\n\n\n<p><strong>Instituto ASTR<\/strong><\/p>\n\n\n\n<p>1577 N Linder Rd MB # 199<\/p>\n\n\n\n<p>Kuna, DNI 83634<\/p>\n\n\n\n<p>Correo electr\u00f3nico: support@astrinstitute.com&nbsp;<\/p>\n\n\n\n<p><strong>FECHA DE VIGENCIA DE ESTE AVISO<\/strong><\/p>\n\n\n\n<p>Este aviso entr\u00f3 en vigor el 1\/3\/2018<\/p>\n\n\n\n<p>Acuse de Recibo del Aviso de Privacidad<\/p>\n\n\n\n<p>Seg\u00fan la Ley de Portabilidad y Responsabilidad del Seguro M\u00e9dico de 1996 (HIPAA), usted tiene ciertos derechos con respecto al uso y divulgaci\u00f3n de su informaci\u00f3n m\u00e9dica protegida. Al utilizar este sitio web, reconoce que ha recibido una copia del Aviso de pr\u00e1cticas de privacidad de HIPAA. Al usar este sitio web, le proporciona a la compa\u00f1\u00eda mencionada anteriormente mi autorizaci\u00f3n y consentimiento para usar y divulgar mi informaci\u00f3n m\u00e9dica protegida para fines de tratamiento, pago y operaciones de atenci\u00f3n m\u00e9dica como se describe en el Aviso de privacidad.<\/p>\n\n\n\n<p>HE LE\u00cdDO ESTE ACUERDO Y ESTOY DE ACUERDO CON TODAS LAS DISPOSICIONES CONTENIDAS ARRIBA.&nbsp;<\/p>","protected":false},"excerpt":{"rendered":"<p>HIPAA &#8211; NOTICE OF PRIVACY PRACTICES THIS NOTICE DESCRIBES HOW HEALTH INFORMATION MAY BE USED AND DISCLOSED AND HOW YOU CAN GET ACCESS TO THIS INFORMATION BY ASTR INSTITUTE, INC. PLEASE REVIEW IT CAREFULLY. I. OUR PLEDGE REGARDING HEALTH INFORMATION: ASTR Institute understand that health information about you and your health care is personal. We [&hellip;]<\/p>\n","protected":false},"author":1,"featured_media":0,"parent":0,"menu_order":0,"comment_status":"closed","ping_status":"closed","template":"","meta":{"_analytify_skip_tracking":false,"footnotes":""},"class_list":["post-17086","page","type-page","status-publish","hentry"],"_links":{"self":[{"href":"https:\/\/advancedsofttissuerelease.com\/es\/wp-json\/wp\/v2\/pages\/17086","targetHints":{"allow":["GET"]}}],"collection":[{"href":"https:\/\/advancedsofttissuerelease.com\/es\/wp-json\/wp\/v2\/pages"}],"about":[{"href":"https:\/\/advancedsofttissuerelease.com\/es\/wp-json\/wp\/v2\/types\/page"}],"author":[{"embeddable":true,"href":"https:\/\/advancedsofttissuerelease.com\/es\/wp-json\/wp\/v2\/users\/1"}],"replies":[{"embeddable":true,"href":"https:\/\/advancedsofttissuerelease.com\/es\/wp-json\/wp\/v2\/comments?post=17086"}],"version-history":[{"count":0,"href":"https:\/\/advancedsofttissuerelease.com\/es\/wp-json\/wp\/v2\/pages\/17086\/revisions"}],"wp:attachment":[{"href":"https:\/\/advancedsofttissuerelease.com\/es\/wp-json\/wp\/v2\/media?parent=17086"}],"curies":[{"name":"wp","href":"https:\/\/api.w.org\/{rel}","templated":true}]}}