{"id":187,"date":"2016-05-19T04:47:42","date_gmt":"2016-05-19T04:47:42","guid":{"rendered":"https:\/\/advancedsofttissuerelease.com\/whiplash\/"},"modified":"2016-05-19T04:47:42","modified_gmt":"2016-05-19T04:47:42","slug":"latigazo-2","status":"publish","type":"page","link":"https:\/\/advancedsofttissuerelease.com\/es\/whiplash\/","title":{"rendered":"Latigazo"},"content":{"rendered":"<h1 class=\"p1\"> \t<span style=\"color:#696969;\">Latigazo<\/span><\/h1>\n<p class=\"p2\"> \t<span style=\"color:#696969;\"><span class=\"s1\">El latigazo cervical es un movimiento r\u00e1pido y en\u00e9rgico del cuello hacia adelante y hacia atr\u00e1s. Por lo general, ocurre despu\u00e9s de un accidente automovil\u00edstico, abuso f\u00edsico, traumatismo o lesi\u00f3n deportiva. El impacto repentino mientras el cuerpo est\u00e1 en reposo fuerza la cabeza hacia atr\u00e1s hiperextendiendo el cuello. Este movimiento brusco da\u00f1a el tejido blando que sostiene los huesos inferiores del cuello (v\u00e9rtebras cervicales inferiores). Inmediatamente despu\u00e9s de que la cabeza se lanza hacia adelante, el cuello se hiperflexiona y se da\u00f1an los tejidos blandos que sostienen los huesos superiores del cuello (v\u00e9rtebras cervicales superiores). Ambos movimientos provocan el estiramiento de los m\u00fasculos y ligamentos junto con un posible da\u00f1o a los huesos del cuello. &nbsp;<\/span><\/span><\/p>\n<p class=\"p1\"> \t<span style=\"color: rgb(105, 105, 105); font-family: 'Helvetica Neue', Helvetica, Arial, sans-serif; font-size: 30px; line-height: 1.1;\">S\u00edntomas del latigazo cervical<\/span><\/p>\n<ul>\n<li class=\"li2\"> \t\t<span style=\"color:#696969;\"><span class=\"s1\">Dolor de cuello<\/span><\/span><\/li>\n<li class=\"li2\"> \t\t<span style=\"color:#696969;\"><span class=\"s1\">Movimiento restringido en el cuello.&nbsp;<\/span><\/span><\/li>\n<li class=\"li2\"> \t\t<span style=\"color:#696969;\"><span class=\"s1\">Dolores de cabeza en la base de la habilidad<\/span><\/span><\/li>\n<li class=\"li2\"> \t\t<span style=\"color:#696969;\"><span class=\"s1\">Sensibilidad en los hombros, la parte superior de la espalda o los brazos<\/span><\/span><\/li>\n<li class=\"li2\"> \t\t<span style=\"color:#696969;\"><span class=\"s1\">Hormigueo&nbsp;<\/span><\/span><\/li>\n<\/ul>\n<h3 class=\"p2\"> \t<span style=\"color:#696969;\"><span class=\"s1\">Tratamiento del latigazo cervical&nbsp;<\/span><\/span><\/h3>\n<p class=\"p2\"> \t<span style=\"color:#696969;\"><span class=\"s1\">El da\u00f1o a los tejidos, despu\u00e9s de que ocurre el latigazo cervical, mueve el cuerpo al proceso de curaci\u00f3n y acumula tejido cicatricial alrededor del cuello. El tejido cicatricial se puede descomponer de manera efectiva con el tratamiento ASTR. El Center for Advanced Soft Tissue Release utiliza m\u00e9dicos capacitados con herramientas patentadas dise\u00f1adas espec\u00edficamente para romper y liberar el tejido cicatricial y reducir la inflamaci\u00f3n sin causar dolor. La eliminaci\u00f3n del tejido cicatricial junto con el estiramiento promueve el proceso de curaci\u00f3n natural al liberar la tensi\u00f3n dentro de los m\u00fasculos, la fascia y los tendones. La t\u00e9cnica est\u00e1 dise\u00f1ada para ser un alivio del dolor r\u00e1pido, no invasivo y a largo plazo.<\/span><\/span><\/p>","protected":false},"excerpt":{"rendered":"<p>Whiplash Whiplash is a forceful rapid back and forth movement of the neck.&nbsp; It usually occurs after a car accident, physical abuse, trauma, or sports injury.&nbsp; Sudden impact while the body is at rest forces the head backwards hyperextending the neck.&nbsp; This jerking motion causes damage to soft tissue that holds the lower bones of [&hellip;]<\/p>\n","protected":false},"author":2447,"featured_media":0,"parent":0,"menu_order":165,"comment_status":"closed","ping_status":"closed","template":"","meta":{"_analytify_skip_tracking":false,"footnotes":""},"class_list":["post-187","page","type-page","status-publish","hentry"],"_links":{"self":[{"href":"https:\/\/advancedsofttissuerelease.com\/es\/wp-json\/wp\/v2\/pages\/187","targetHints":{"allow":["GET"]}}],"collection":[{"href":"https:\/\/advancedsofttissuerelease.com\/es\/wp-json\/wp\/v2\/pages"}],"about":[{"href":"https:\/\/advancedsofttissuerelease.com\/es\/wp-json\/wp\/v2\/types\/page"}],"author":[{"embeddable":true,"href":"https:\/\/advancedsofttissuerelease.com\/es\/wp-json\/wp\/v2\/users\/2447"}],"replies":[{"embeddable":true,"href":"https:\/\/advancedsofttissuerelease.com\/es\/wp-json\/wp\/v2\/comments?post=187"}],"version-history":[{"count":0,"href":"https:\/\/advancedsofttissuerelease.com\/es\/wp-json\/wp\/v2\/pages\/187\/revisions"}],"wp:attachment":[{"href":"https:\/\/advancedsofttissuerelease.com\/es\/wp-json\/wp\/v2\/media?parent=187"}],"curies":[{"name":"wp","href":"https:\/\/api.w.org\/{rel}","templated":true}]}}