{"id":194,"date":"2016-05-19T04:53:19","date_gmt":"2016-05-19T04:53:19","guid":{"rendered":"https:\/\/advancedsofttissuerelease.com\/thigh-pain\/"},"modified":"2016-05-19T04:53:19","modified_gmt":"2016-05-19T04:53:19","slug":"dolor-de-muslo","status":"publish","type":"page","link":"https:\/\/advancedsofttissuerelease.com\/es\/thigh-pain\/","title":{"rendered":"Thigh Pain"},"content":{"rendered":"<h1 class=\"p1\"> \t<span style=\"color:#696969;\"><span class=\"s1\">Thigh Pain&nbsp;<\/span><\/span><\/h1>\n<p class=\"p1\"> \t<span style=\"color:#696969;\"><span class=\"s1\">Constant use on the muscles, joints, tendons, and ligaments can cause injuries to the thigh, which is the most common type of injury.&nbsp; Thigh pain can either come from overuse causing inflammation and resulting in pain, but can also be cause by tears of straining of the muscle.&nbsp; Pain can vary from a dull aching pain, to numbness and tingling, to a sharp stabbing pain.&nbsp; If pain continues for more than a couple days, medical attention should be sought out.<\/span><\/span><\/p>\n<h2 class=\"p1\"> \t<span style=\"color:#696969;\"><span class=\"s1\">Causas del dolor de muslo<\/span><\/span><\/h2>\n<ul>\n<li class=\"li1\"> \t\t<span style=\"color:#696969;\"><span class=\"s1\">Desgarro de distensi\u00f3n del m\u00fasculo.&nbsp;<\/span><\/span><\/li>\n<li class=\"li1\"> \t\t<span style=\"color:#696969;\"><span class=\"s1\">Lesiones por uso excesivo del m\u00fasculo (ligamento, articulaci\u00f3n, tend\u00f3n, de los m\u00fasculos)<\/span><\/span><\/li>\n<li class=\"li1\"> \t\t<span style=\"color:#696969;\"><span class=\"s1\">Co\u00e1gulo sangu\u00edneo&nbsp;<\/span><\/span><\/li>\n<li class=\"li1\"> \t\t<span style=\"color:#696969;\"><span class=\"s1\">Ci\u00e1tica<\/span><\/span><\/li>\n<li class=\"li1\"> \t\t<span style=\"color:#696969;\"><span class=\"s1\">Merlagia parent\u00e9tico&nbsp;<\/span><\/span><\/li>\n<li class=\"li1\"> \t\t<span style=\"color:#696969;\"><span class=\"s1\">S\u00edndrome de dolor trocant\u00e9rico mayor&nbsp;<\/span><\/span><\/li>\n<li class=\"li1\"> \t\t<span style=\"color:#696969;\"><span class=\"s1\">Sentado por largos periodos de tiempo&nbsp;<\/span><\/span><\/li>\n<li class=\"li1\"> \t\t<span style=\"color:#696969;\"><span class=\"s1\">El embarazo&nbsp;<\/span><\/span><\/li>\n<li class=\"li1\"> \t\t<span style=\"color:#696969;\"><span class=\"s1\">Hernia&nbsp;<\/span><\/span><\/li>\n<li class=\"li1\"> \t\t<span style=\"color:#696969;\"><span class=\"s1\">Venas varicosas&nbsp;<\/span><\/span><\/li>\n<li class=\"li1\"> \t\t<span style=\"color:#696969;\"><span class=\"s1\">Obesidad&nbsp;<\/span><\/span><\/li>\n<\/ul>\n<h3 class=\"p1\"> \t<span style=\"color:#696969;\"><span class=\"s1\">Tratamiento para el dolor de muslo&nbsp;<\/span><\/span><\/h3>\n<ul>\n<li class=\"li1\"> \t\t<span style=\"color:#696969;\"><span class=\"s1\">ASTR\u00ae Tools: Our doctors use a variety of ASTR\u00ae tools to release scar tissue and myofascial restriction, which can decrease pain and give symptom relief.<\/span><\/span><\/li>\n<li class=\"li1\"> \t\t<span style=\"color:#696969;\"><span class=\"s1\">Programa especial de ejercicios para disminuir la inflamaci\u00f3n, fortalecer los m\u00fasculos y ayudar al paciente a volver a sus funciones y actividades normales.<\/span><\/span><\/li>\n<li class=\"li1\"> \t\t<span style=\"color:#696969;\"><span class=\"s1\">Instrucciones especiales sobre c\u00f3mo acelerar el tiempo de recuperaci\u00f3n.<\/span><\/span><\/li>\n<\/ul>","protected":false},"excerpt":{"rendered":"<p>Thigh Pain&nbsp; Constant use on the muscles, joints, tendons, and ligaments can cause injuries to the thigh, which is the most common type of injury.&nbsp; Thigh pain can either come from overuse causing inflammation and resulting in pain, but can also be cause by tears of straining of the muscle.&nbsp; Pain can vary from a [&hellip;]<\/p>\n","protected":false},"author":2447,"featured_media":0,"parent":0,"menu_order":158,"comment_status":"closed","ping_status":"closed","template":"","meta":{"_analytify_skip_tracking":false,"footnotes":""},"class_list":["post-194","page","type-page","status-publish","hentry"],"_links":{"self":[{"href":"https:\/\/advancedsofttissuerelease.com\/es\/wp-json\/wp\/v2\/pages\/194","targetHints":{"allow":["GET"]}}],"collection":[{"href":"https:\/\/advancedsofttissuerelease.com\/es\/wp-json\/wp\/v2\/pages"}],"about":[{"href":"https:\/\/advancedsofttissuerelease.com\/es\/wp-json\/wp\/v2\/types\/page"}],"author":[{"embeddable":true,"href":"https:\/\/advancedsofttissuerelease.com\/es\/wp-json\/wp\/v2\/users\/2447"}],"replies":[{"embeddable":true,"href":"https:\/\/advancedsofttissuerelease.com\/es\/wp-json\/wp\/v2\/comments?post=194"}],"version-history":[{"count":0,"href":"https:\/\/advancedsofttissuerelease.com\/es\/wp-json\/wp\/v2\/pages\/194\/revisions"}],"wp:attachment":[{"href":"https:\/\/advancedsofttissuerelease.com\/es\/wp-json\/wp\/v2\/media?parent=194"}],"curies":[{"name":"wp","href":"https:\/\/api.w.org\/{rel}","templated":true}]}}