{"id":196,"date":"2016-05-31T18:58:29","date_gmt":"2016-05-31T18:58:29","guid":{"rendered":"https:\/\/advancedsofttissuerelease.com\/drop-foot\/"},"modified":"2016-05-31T18:58:29","modified_gmt":"2016-05-31T18:58:29","slug":"pie-caido","status":"publish","type":"page","link":"https:\/\/advancedsofttissuerelease.com\/es\/drop-foot\/","title":{"rendered":"Bajar el pie"},"content":{"rendered":"<h1 class=\"p1\"> \t<span style=\"color:#696969;\"><span class=\"s1\"><b>Bajar el pie<\/b><\/span><\/span><\/h1>\n<p class=\"p1\"> \t<span style=\"color:#696969;\"><span class=\"s2\">El pie ca\u00eddo ocurre cuando el pie tiene debilidad o par\u00e1lisis en los m\u00fasculos y puede ser un signo de un trastorno neurol\u00f3gico subyacente o da\u00f1o a los nervios. Provoca una incapacidad para levantar la parte delantera del pie al caminar, lo que a veces hace que los dedos se arrastren. A menudo, las personas compensan levantando la pierna m\u00e1s alto cuando caminan. El pie ca\u00eddo puede ocurrir en uno o ambos pies en cualquier persona. &nbsp;<\/span><\/span><\/p>\n<p class=\"p2\"> \t<span style=\"color:#696969;\"><span style=\"font-family: &quot;Helvetica Neue&quot;, Helvetica, Arial, sans-serif; font-size: 30px; line-height: 1.1;\">Pie ca\u00eddo Causas posibles<\/span><\/span><\/p>\n<ul>\n<li class=\"p1\"> \t\t<span style=\"color:#696969;\"><span class=\"s2\">Lesi\u00f3n nerviosa (pellizcado o comprimido)<\/span><\/span><\/li>\n<li class=\"p1\"> \t\t<span style=\"color:#696969;\"><span class=\"s2\">Lesion deportiva<\/span><\/span><\/li>\n<li class=\"p1\"> \t\t<span style=\"color:#696969;\"><span class=\"s2\">Parto<\/span><\/span><\/li>\n<li class=\"p1\"> \t\t<span style=\"color:#696969;\"><span class=\"s2\">EM<\/span><\/span><\/li>\n<li class=\"p1\"> \t\t<span style=\"color:#696969;\"><span class=\"s2\">Enfermedad de Charcot-Marie-Tooth<\/span><\/span><\/li>\n<li class=\"p1\"> \t\t<span style=\"color:#696969;\"><span class=\"s2\">Cirug\u00eda de reemplazo de cadera o rodilla<\/span><\/span><\/li>\n<li class=\"p1\"> \t\t<span style=\"color:#696969;\"><span class=\"s2\">Distrofia muscular<\/span><\/span><\/li>\n<\/ul>\n<h3 class=\"p1\"> \t<span style=\"color:#696969;\"><span class=\"s1\">Tratamiento de pie ca\u00eddo<\/span><\/span><\/h3>\n<p class=\"p1\"> \t<span style=\"color:#696969;\"><span class=\"s2\">ASTR utiliza enfoques hol\u00edsticos, no invasivos y sin dolor para aliviar el dolor sin el uso de medicamentos. Nuestros m\u00e9dicos utilizan herramientas ASTR patentadas para descomponer y eliminar el tejido cicatricial existente y la restricci\u00f3n miofasical en los pacientes. Los programas de ejercicios especiales espec\u00edficos se dan a los pacientes que est\u00e1n dise\u00f1ados para reducir la inflamaci\u00f3n y fortalecer el m\u00fasculo para que el paciente vuelva a su funcionamiento y actividad normales.<\/span><\/span><\/p>","protected":false},"excerpt":{"rendered":"<p>Drop Foot Drop foot occurs when the foot has a weakness or paralysis in the muscles and can be a sign of an underlying neurological disorder or nerve damage.&nbsp; It causes an inability to pick up the front part of the foot when walking, sometimes causing the toes to drag.&nbsp; Often times people compensate by [&hellip;]<\/p>\n","protected":false},"author":2447,"featured_media":0,"parent":0,"menu_order":156,"comment_status":"closed","ping_status":"closed","template":"","meta":{"_analytify_skip_tracking":false,"footnotes":""},"class_list":["post-196","page","type-page","status-publish","hentry"],"_links":{"self":[{"href":"https:\/\/advancedsofttissuerelease.com\/es\/wp-json\/wp\/v2\/pages\/196","targetHints":{"allow":["GET"]}}],"collection":[{"href":"https:\/\/advancedsofttissuerelease.com\/es\/wp-json\/wp\/v2\/pages"}],"about":[{"href":"https:\/\/advancedsofttissuerelease.com\/es\/wp-json\/wp\/v2\/types\/page"}],"author":[{"embeddable":true,"href":"https:\/\/advancedsofttissuerelease.com\/es\/wp-json\/wp\/v2\/users\/2447"}],"replies":[{"embeddable":true,"href":"https:\/\/advancedsofttissuerelease.com\/es\/wp-json\/wp\/v2\/comments?post=196"}],"version-history":[{"count":0,"href":"https:\/\/advancedsofttissuerelease.com\/es\/wp-json\/wp\/v2\/pages\/196\/revisions"}],"wp:attachment":[{"href":"https:\/\/advancedsofttissuerelease.com\/es\/wp-json\/wp\/v2\/media?parent=196"}],"curies":[{"name":"wp","href":"https:\/\/api.w.org\/{rel}","templated":true}]}}