{"id":199,"date":"2016-05-31T19:07:33","date_gmt":"2016-05-31T19:07:33","guid":{"rendered":"https:\/\/advancedsofttissuerelease.com\/morton-s-neuroma\/"},"modified":"2016-05-31T19:07:33","modified_gmt":"2016-05-31T19:07:33","slug":"neuroma-de-morton-2","status":"publish","type":"page","link":"https:\/\/advancedsofttissuerelease.com\/es\/morton-s-neuroma\/","title":{"rendered":"Neuroma de Morton"},"content":{"rendered":"<h1 class=\"p1\"> \t<span style=\"color:#696969;\"><span class=\"s1\"><b>Neuroma de Morton<\/b><\/span><\/span><\/h1>\n<p class=\"p1\"> \t<span style=\"color:#696969;\"><span class=\"s2\">El neuroma de Morton es cuando el nervio entre el tercer y cuarto dedo del pie se engrosa o se hincha y afecta la punta del pie. El neuroma de Morton hace que el individuo se sienta como si estuviera parado sobre un peque\u00f1o guijarro y puede sentir dolores agudos o ardientes. El tejido alrededor de los nervios que conducen a los dedos de los pies se engrosa a menudo debido a que los dedos de los pies est\u00e1n apretados durante demasiado tiempo, com\u00fanmente por los tacones altos de las mujeres. Los tacones altos, la escalada en roca y las deformidades en los pies son factores de riesgo para el neuroma de Morton. &nbsp;<\/span><\/span><\/p>\n<h2 class=\"p1\"> \t<span style=\"color:#696969;\"><span class=\"s1\">S\u00edntomas del neuroma de Morton<\/span><\/span><\/h2>\n<ul>\n<li class=\"p1\"> \t\t<span style=\"color:#696969;\"><span class=\"s2\">Dolor agudo o ardiente<\/span><\/span><\/li>\n<li class=\"p1\"> \t\t<span style=\"color:#696969;\"><span class=\"s2\">Sintiendo un peque\u00f1o bulto en la bola del pie.<\/span><\/span><\/li>\n<li class=\"p1\"> \t\t<span style=\"color:#696969;\"><span class=\"s2\">Entumecimiento u hormigueo en los dedos de los pies<\/span><\/span><\/li>\n<\/ul>\n<h3 class=\"p1\"> \t<span style=\"color:#696969;\"><span class=\"s1\">Tratamiento del neuroma de Morton<\/span><\/span><\/h3>\n<p class=\"p1\"> \t<span style=\"color:#696969;\"><span class=\"s2\">ASTR utiliza enfoques hol\u00edsticos, no invasivos y sin dolor para aliviar el dolor sin el uso de medicamentos. Nuestros m\u00e9dicos utilizan herramientas ASTR patentadas para descomponer y eliminar el tejido cicatricial existente y la restricci\u00f3n miofasical en los pacientes. Los programas de ejercicios especiales espec\u00edficos se dan a los pacientes que est\u00e1n dise\u00f1ados para reducir la inflamaci\u00f3n y fortalecer el m\u00fasculo para que el paciente vuelva a su funcionamiento y actividad normales.<\/span><\/span><\/p>","protected":false},"excerpt":{"rendered":"<p>Morton\u2019s Neuroma Morton\u2019s Neuroma is when the nerve between the third and fourth toes becomes thickened or swollen and affects the ball of your foot. Morton&#8217;s neuroma causes and individual to feel as if they are standing on a small pebble and may feel sharp or burning pains.&nbsp; The tissue around the nerves leading to [&hellip;]<\/p>\n","protected":false},"author":2447,"featured_media":0,"parent":0,"menu_order":153,"comment_status":"closed","ping_status":"closed","template":"","meta":{"_analytify_skip_tracking":false,"footnotes":""},"class_list":["post-199","page","type-page","status-publish","hentry"],"_links":{"self":[{"href":"https:\/\/advancedsofttissuerelease.com\/es\/wp-json\/wp\/v2\/pages\/199","targetHints":{"allow":["GET"]}}],"collection":[{"href":"https:\/\/advancedsofttissuerelease.com\/es\/wp-json\/wp\/v2\/pages"}],"about":[{"href":"https:\/\/advancedsofttissuerelease.com\/es\/wp-json\/wp\/v2\/types\/page"}],"author":[{"embeddable":true,"href":"https:\/\/advancedsofttissuerelease.com\/es\/wp-json\/wp\/v2\/users\/2447"}],"replies":[{"embeddable":true,"href":"https:\/\/advancedsofttissuerelease.com\/es\/wp-json\/wp\/v2\/comments?post=199"}],"version-history":[{"count":0,"href":"https:\/\/advancedsofttissuerelease.com\/es\/wp-json\/wp\/v2\/pages\/199\/revisions"}],"wp:attachment":[{"href":"https:\/\/advancedsofttissuerelease.com\/es\/wp-json\/wp\/v2\/media?parent=199"}],"curies":[{"name":"wp","href":"https:\/\/api.w.org\/{rel}","templated":true}]}}