{"id":200,"date":"2016-05-31T19:09:15","date_gmt":"2016-05-31T19:09:15","guid":{"rendered":"https:\/\/advancedsofttissuerelease.com\/bunion\/"},"modified":"2016-05-31T19:09:15","modified_gmt":"2016-05-31T19:09:15","slug":"juanete-2","status":"publish","type":"page","link":"https:\/\/advancedsofttissuerelease.com\/es\/bunion\/","title":{"rendered":"Juanete"},"content":{"rendered":"<h1 class=\"p1\"> \t<span style=\"color:#696969;\"><span class=\"s1\"><b>Juanete<\/b><\/span><\/span><\/h1>\n<p class=\"p1\"> \t<span style=\"color:#696969;\"><span class=\"s2\">Un juanete es una protuberancia que se produce en la base de la articulaci\u00f3n del dedo gordo del pie, es un crecimiento \u00f3seo antinatural que se forma cuando el dedo gordo del pie se inclina hacia el segundo dedo del pie, lo que obliga a que la articulaci\u00f3n se haga m\u00e1s grande. Los juanetes pueden ser gen\u00e9ticos y con el tiempo se desarrollan con artritis y juanetes. Puede formarse debido a una estructura deficiente o d\u00e9bil del pie o si una pierna es m\u00e1s larga que la otra. Con el tiempo el juanete puede eventualmente cambiar el marco del pie frontal creciendo cada vez m\u00e1s hacia el exterior. Dado que los zapatos no pueden adaptarse al gran crecimiento del juanete, se ejerce presi\u00f3n sobre la articulaci\u00f3n desalineada que se inflamar\u00e1 y se pondr\u00e1 r\u00edgida. Aquellos que est\u00e1n mucho de pie o caminando tambi\u00e9n pueden ser susceptibles.<\/span><\/span><\/p>\n<p class=\"p2\"> \t<span style=\"color:#696969;\"><span style=\"font-family: &quot;Helvetica Neue&quot;, Helvetica, Arial, sans-serif; font-size: 30px; line-height: 1.1;\">S\u00edntomas del juanete&nbsp;<\/span><\/span><\/p>\n<ul>\n<li class=\"p1\"> \t\t<span style=\"color:#696969;\"><span class=\"s2\">Inflamaci\u00f3n<\/span><\/span><\/li>\n<li class=\"p1\"> \t\t<span style=\"color:#696969;\"><span class=\"s2\">Dolor&nbsp;<\/span><\/span><\/li>\n<li class=\"p1\"> \t\t<span style=\"color:#696969;\"><span class=\"s2\">Dolor<\/span><\/span><\/li>\n<li class=\"p1\"> \t\t<span style=\"color:#696969;\"><span class=\"s2\">Sensacion de quemarse<\/span><\/span><\/li>\n<li class=\"p1\"> \t\t<span style=\"color:#696969;\"><span class=\"s2\">Entumecimiento<\/span><\/span><\/li>\n<\/ul>\n<h3 class=\"p1\"> \t<span style=\"color:#696969;\"><span class=\"s1\">Tratamiento de juanetes<\/span><\/span><\/h3>\n<p class=\"p1\"> \t<span style=\"color:#696969;\"><span class=\"s2\">ASTR utiliza enfoques hol\u00edsticos, no invasivos y sin dolor para aliviar el dolor sin el uso de medicamentos. Nuestros m\u00e9dicos utilizaron herramientas ASTR patentadas para descomponer y eliminar el tejido cicatricial existente y la restricci\u00f3n miofasical en los pacientes. Los programas de ejercicios especiales espec\u00edficos se dan a los pacientes que est\u00e1n dise\u00f1ados para reducir la inflamaci\u00f3n y fortalecer el m\u00fasculo para que el paciente vuelva a su funcionamiento y actividad normales.<\/span><\/span><\/p>","protected":false},"excerpt":{"rendered":"<p>Bunion A bunion is a bump that occurs on the joint base of the big toe, it is an unnatural bony growth that forms when the big toe leans toward the second toe forcing the joint to grow larger.&nbsp; Bunions can be genetic and overtime develops with arthritis and bunions.&nbsp; It can form due to [&hellip;]<\/p>\n","protected":false},"author":2447,"featured_media":0,"parent":0,"menu_order":152,"comment_status":"closed","ping_status":"closed","template":"","meta":{"_analytify_skip_tracking":false,"footnotes":""},"class_list":["post-200","page","type-page","status-publish","hentry"],"_links":{"self":[{"href":"https:\/\/advancedsofttissuerelease.com\/es\/wp-json\/wp\/v2\/pages\/200","targetHints":{"allow":["GET"]}}],"collection":[{"href":"https:\/\/advancedsofttissuerelease.com\/es\/wp-json\/wp\/v2\/pages"}],"about":[{"href":"https:\/\/advancedsofttissuerelease.com\/es\/wp-json\/wp\/v2\/types\/page"}],"author":[{"embeddable":true,"href":"https:\/\/advancedsofttissuerelease.com\/es\/wp-json\/wp\/v2\/users\/2447"}],"replies":[{"embeddable":true,"href":"https:\/\/advancedsofttissuerelease.com\/es\/wp-json\/wp\/v2\/comments?post=200"}],"version-history":[{"count":0,"href":"https:\/\/advancedsofttissuerelease.com\/es\/wp-json\/wp\/v2\/pages\/200\/revisions"}],"wp:attachment":[{"href":"https:\/\/advancedsofttissuerelease.com\/es\/wp-json\/wp\/v2\/media?parent=200"}],"curies":[{"name":"wp","href":"https:\/\/api.w.org\/{rel}","templated":true}]}}