{"id":201,"date":"2016-05-31T19:10:36","date_gmt":"2016-05-31T19:10:36","guid":{"rendered":"https:\/\/advancedsofttissuerelease.com\/heel-spur\/"},"modified":"2016-05-31T19:10:36","modified_gmt":"2016-05-31T19:10:36","slug":"espolon","status":"publish","type":"page","link":"https:\/\/advancedsofttissuerelease.com\/es\/heel-spur\/","title":{"rendered":"Espol\u00f3n"},"content":{"rendered":"<h1 class=\"p1\"> \t<span style=\"color:#696969;\"><span class=\"s1\"><b>Espol\u00f3n<\/b><\/span><\/span><\/h1>\n<p class=\"p1\"> \t<span style=\"color:#696969;\"><span class=\"s2\">Un espol\u00f3n en el tal\u00f3n es cuando el hueso crece debajo o al costado del hueso del tal\u00f3n en un punto y puede causar dolor al hacer ejercicio o estar de pie durante largos per\u00edodos de tiempo. Los espolones calc\u00e1neos a menudo ocurren con la fascitis plantar, cuando la inflamaci\u00f3n de los tendones o la fascia del tejido blando en el tal\u00f3n, o con la inflamaci\u00f3n del tend\u00f3n de Aquiles que causa sensibilidad en la parte posterior del tal\u00f3n. Es com\u00fan ver espolones en el tal\u00f3n en deportes que involucran mucho correr o saltar. El dolor cr\u00f3nico que va y viene puede ocurrir con dolor durante el ejercicio y una sensaci\u00f3n punzante en la parte inferior del tal\u00f3n al despertar. Tambi\u00e9n puede regresar despu\u00e9s de estar sentado durante un largo per\u00edodo de tiempo.&nbsp;<\/span><\/span><\/p>\n<h2 class=\"p2\"> \t<span style=\"color:#696969;\"><span style=\"font-family: &quot;Helvetica Neue&quot;, Helvetica, Arial, sans-serif; font-size: 30px; line-height: 1.1;\">Factores de riesgo para los espolones calc\u00e1neos<\/span><\/span><\/h2>\n<ul>\n<li class=\"p1\"> \t\t<span style=\"color:#696969;\"><span class=\"s2\">Correr o trotar en superficies duras<\/span><\/span><\/li>\n<li class=\"p1\"> \t\t<span style=\"color:#696969;\"><span class=\"s2\">anomal\u00edas en los pies<\/span><\/span><\/li>\n<li class=\"p1\"> \t\t<span style=\"color:#696969;\"><span class=\"s2\">Obesidad<\/span><\/span><\/li>\n<li class=\"p1\"> \t\t<span style=\"color:#696969;\"><span class=\"s2\">Falta de soporte para el arco en los zapatos.<\/span><\/span><\/li>\n<\/ul>\n<h3 class=\"p1\"> \t<span style=\"color:#696969;\"><span class=\"s1\">Tratamiento de espol\u00f3n calc\u00e1neo<\/span><\/span><\/h3>\n<p class=\"p1\"> \t<span style=\"color:#696969;\"><span class=\"s2\">ASTR utiliza enfoques hol\u00edsticos, no invasivos y sin dolor para aliviar el dolor sin el uso de medicamentos. Nuestros m\u00e9dicos utilizan herramientas ASTR patentadas para descomponer y eliminar el tejido cicatricial existente y la restricci\u00f3n miofasical en los pacientes. Los programas de ejercicios especiales espec\u00edficos se dan a los pacientes que est\u00e1n dise\u00f1ados para reducir la inflamaci\u00f3n y fortalecer el m\u00fasculo para que el paciente vuelva a su funcionamiento y actividad normales.<\/span><\/span><\/p>","protected":false},"excerpt":{"rendered":"<p>Heel Spur A heel spur is when bone grows underneath or on the side of the heel bone in a point and can cause pain while exercising or standing for long periods of time.&nbsp; Heel spurs often occur with plantar fasciitis, when inflammation of the the soft tissue tendons or fascia in the heel, or [&hellip;]<\/p>\n","protected":false},"author":2447,"featured_media":0,"parent":0,"menu_order":151,"comment_status":"closed","ping_status":"closed","template":"","meta":{"_analytify_skip_tracking":false,"footnotes":""},"class_list":["post-201","page","type-page","status-publish","hentry"],"_links":{"self":[{"href":"https:\/\/advancedsofttissuerelease.com\/es\/wp-json\/wp\/v2\/pages\/201","targetHints":{"allow":["GET"]}}],"collection":[{"href":"https:\/\/advancedsofttissuerelease.com\/es\/wp-json\/wp\/v2\/pages"}],"about":[{"href":"https:\/\/advancedsofttissuerelease.com\/es\/wp-json\/wp\/v2\/types\/page"}],"author":[{"embeddable":true,"href":"https:\/\/advancedsofttissuerelease.com\/es\/wp-json\/wp\/v2\/users\/2447"}],"replies":[{"embeddable":true,"href":"https:\/\/advancedsofttissuerelease.com\/es\/wp-json\/wp\/v2\/comments?post=201"}],"version-history":[{"count":0,"href":"https:\/\/advancedsofttissuerelease.com\/es\/wp-json\/wp\/v2\/pages\/201\/revisions"}],"wp:attachment":[{"href":"https:\/\/advancedsofttissuerelease.com\/es\/wp-json\/wp\/v2\/media?parent=201"}],"curies":[{"name":"wp","href":"https:\/\/api.w.org\/{rel}","templated":true}]}}