{"id":202,"date":"2016-05-31T19:11:44","date_gmt":"2016-05-31T19:11:44","guid":{"rendered":"https:\/\/advancedsofttissuerelease.com\/juvenile-arthritis\/"},"modified":"2016-05-31T19:11:44","modified_gmt":"2016-05-31T19:11:44","slug":"artritis-juvenil-2","status":"publish","type":"page","link":"https:\/\/advancedsofttissuerelease.com\/es\/juvenile-arthritis\/","title":{"rendered":"Artritis juvenil"},"content":{"rendered":"<h1 class=\"p1\"> \t<span style=\"color:#696969;\"><span class=\"s1\"><b>Artritis juvenil<\/b><\/span><\/span><\/h1>\n<p class=\"p1\"> \t<span style=\"color:#696969;\"><span class=\"s2\">La artritis juvenil es una enfermedad autoinmune inflamatoria en ni\u00f1os menores de 16 a\u00f1os que tiene varios tipos que comparten s\u00edntomas comunes. No existe una causa conocida para la artritis juvenil, algunas investigaciones sugieren que puede deberse a desencadenantes ambientales como toxinas, alergias alimentarias, infecciones espec\u00edficas y gen\u00e9tica o una combinaci\u00f3n de todos estos. La artritis juvenil no tiene cura, pero los s\u00edntomas se pueden tratar y la remisi\u00f3n es posible. &nbsp;<\/span><\/span><\/p>\n<h2 class=\"p1\"> \t<span style=\"color:#696969;\"><span class=\"s1\">S\u00edntomas de la artritis juvenil<\/span><\/span><\/h2>\n<ul>\n<li class=\"p1\"> \t\t<span style=\"color:#696969;\"><span class=\"s2\">Rigidez articular<\/span><\/span><\/li>\n<li class=\"p1\"> \t\t<span style=\"color:#696969;\"><span class=\"s2\">Dolor y\/o hinchaz\u00f3n en las articulaciones<\/span><\/span><\/li>\n<li class=\"p1\"> \t\t<span style=\"color:#696969;\"><span class=\"s2\">Fatiga&nbsp;<\/span><\/span><\/li>\n<li class=\"p1\"> \t\t<span style=\"color:#696969;\"><span class=\"s2\">Fiebre en momentos extra\u00f1os<\/span><\/span><\/li>\n<li class=\"p1\"> \t\t<span style=\"color:#696969;\"><span class=\"s2\">Erupci\u00f3n<\/span><\/span><\/li>\n<li class=\"p1\"> \t\t<span style=\"color:#696969;\"><span class=\"s2\">P\u00e9rdida de peso<\/span><\/span><\/li>\n<\/ul>\n<h3 class=\"p1\"> \t<span style=\"color:#696969;\"><span class=\"s1\">Tratamiento de la artritis juvenil<\/span><\/span><\/h3>\n<p class=\"p1\"> \t<span style=\"color:#696969;\"><span class=\"s2\">ASTR utiliza enfoques hol\u00edsticos, no invasivos y sin dolor para aliviar el dolor sin el uso de medicamentos. Nuestros m\u00e9dicos utilizan herramientas ASTR patentadas para descomponer y eliminar el tejido cicatricial existente y la restricci\u00f3n miofasical en los pacientes. Los programas de ejercicios especiales espec\u00edficos se dan a los pacientes que est\u00e1n dise\u00f1ados para reducir la inflamaci\u00f3n y fortalecer el m\u00fasculo para que el paciente vuelva a su funcionamiento y actividad normales.<\/span><\/span><\/p>","protected":false},"excerpt":{"rendered":"<p>Juvenile Arthritis Juvenile arthritis is an inflammatory autoimmune disease in children under the age of 16 that has various types that share common symptoms.&nbsp; There is no known cause for juvenile arthritis, some research suggests it may be due to environmental triggers such as toxins, food allergies, specific infection, and genetics or a combination of [&hellip;]<\/p>\n","protected":false},"author":2447,"featured_media":0,"parent":0,"menu_order":150,"comment_status":"closed","ping_status":"closed","template":"","meta":{"_analytify_skip_tracking":false,"footnotes":""},"class_list":["post-202","page","type-page","status-publish","hentry"],"_links":{"self":[{"href":"https:\/\/advancedsofttissuerelease.com\/es\/wp-json\/wp\/v2\/pages\/202","targetHints":{"allow":["GET"]}}],"collection":[{"href":"https:\/\/advancedsofttissuerelease.com\/es\/wp-json\/wp\/v2\/pages"}],"about":[{"href":"https:\/\/advancedsofttissuerelease.com\/es\/wp-json\/wp\/v2\/types\/page"}],"author":[{"embeddable":true,"href":"https:\/\/advancedsofttissuerelease.com\/es\/wp-json\/wp\/v2\/users\/2447"}],"replies":[{"embeddable":true,"href":"https:\/\/advancedsofttissuerelease.com\/es\/wp-json\/wp\/v2\/comments?post=202"}],"version-history":[{"count":0,"href":"https:\/\/advancedsofttissuerelease.com\/es\/wp-json\/wp\/v2\/pages\/202\/revisions"}],"wp:attachment":[{"href":"https:\/\/advancedsofttissuerelease.com\/es\/wp-json\/wp\/v2\/media?parent=202"}],"curies":[{"name":"wp","href":"https:\/\/api.w.org\/{rel}","templated":true}]}}