{"id":203,"date":"2016-05-31T19:12:52","date_gmt":"2016-05-31T19:12:52","guid":{"rendered":"https:\/\/advancedsofttissuerelease.com\/muscle-strain-and-muscle-tear\/"},"modified":"2016-05-31T19:12:52","modified_gmt":"2016-05-31T19:12:52","slug":"distension-muscular-y-desgarro-muscular-2","status":"publish","type":"page","link":"https:\/\/advancedsofttissuerelease.com\/es\/muscle-strain-and-muscle-tear\/","title":{"rendered":"Esguince muscular y desgarro muscular"},"content":{"rendered":"<h1 class=\"p1\"> \t<span style=\"color:#696969;\"><span class=\"s1\"><b>Esguince muscular y desgarro muscular<\/b><\/span><\/span><\/h1>\n<p class=\"p1\"> \t<span style=\"color:#696969;\"><span class=\"s2\">La tensi\u00f3n muscular es cuando el m\u00fasculo se estira m\u00e1s all\u00e1 de su capacidad por la tensi\u00f3n o la actividad extenuante. Una distensi\u00f3n muscular tambi\u00e9n se puede denominar un tir\u00f3n muscular y cuando el m\u00fasculo se estira a\u00fan m\u00e1s, puede experimentar un desgarro muscular. Puede haber dolor, sangrado o hematomas debido al da\u00f1o de las fibras musculares y los vasos sangu\u00edneos peque\u00f1os en el \u00e1rea circundante. &nbsp;<\/span><\/span><\/p>\n<h2 class=\"p1\"> \t<span style=\"color:#696969;\"><span class=\"s1\">Causas de distensi\u00f3n muscular y desgarro muscular<\/span><\/span><\/h2>\n<ul>\n<li class=\"p1\"> \t\t<span style=\"color:#696969;\"><span class=\"s2\">levantamiento pesado<\/span><\/span><\/li>\n<li class=\"p1\"> \t\t<span style=\"color:#696969;\"><span class=\"s2\">deportes extenuantes<\/span><\/span><\/li>\n<li class=\"p1\"> \t\t<span style=\"color:#696969;\"><span class=\"s2\">Forma impropia al realizar las tareas diarias.<\/span><\/span><\/li>\n<\/ul>\n<p class=\"p2\"> \t<span style=\"color:#696969;\"><span style=\"font-family: &quot;Helvetica Neue&quot;, Helvetica, Arial, sans-serif; font-size: 24px; line-height: 1.1;\">S\u00edntomas de distensi\u00f3n muscular y desgarro muscular<\/span><\/span><\/p>\n<ul>\n<li class=\"p1\"> \t\t<span style=\"color:#696969;\"><span class=\"s2\">Debilidad en el \u00e1rea lesionada<\/span><\/span><\/li>\n<li class=\"p1\"> \t\t<span style=\"color:#696969;\"><span class=\"s2\">Dolor en el m\u00fasculo en reposo.<\/span><\/span><\/li>\n<li class=\"p1\"> \t\t<span style=\"color:#696969;\"><span class=\"s2\">Hinchaz\u00f3n, moretones y\/o enrojecimiento en el \u00e1rea lesionada<\/span><\/span><\/li>\n<li class=\"p1\"> \t\t<span style=\"color:#696969;\"><span class=\"s2\">Incapacidad para mover el m\u00fasculo afectado.<\/span><\/span><\/li>\n<li class=\"p1\"> \t\t<span style=\"color:#696969;\"><span class=\"s2\">Dolor en el m\u00fasculo afectado durante el uso<\/span><\/span><\/li>\n<\/ul>\n<h3 class=\"p1\"> \t<span style=\"color:#696969;\"><span class=\"s1\">Tratamiento de distensi\u00f3n muscular y desgarro muscular<\/span><\/span><\/h3>\n<p class=\"p1\"> \t<span style=\"color:#696969;\"><span class=\"s2\">ASTR utiliza enfoques hol\u00edsticos, no invasivos y sin dolor para aliviar el dolor sin el uso de medicamentos. Nuestros m\u00e9dicos utilizan herramientas ASTR patentadas para descomponer y eliminar el tejido cicatricial existente y la restricci\u00f3n miofasical en los pacientes. Los programas de ejercicios especiales espec\u00edficos se dan a los pacientes que est\u00e1n dise\u00f1ados para reducir la inflamaci\u00f3n y fortalecer el m\u00fasculo para que el paciente vuelva a su funcionamiento y actividad normales.<\/span><\/span><\/p>","protected":false},"excerpt":{"rendered":"<p>Muscle Strain and Muscle Tear Muscle Strain is when the muscle is stretched beyond is ability by tension or strenuous activity.&nbsp; A muscle strain can also be referred to as a muscle pull and when the muscle is stretched even further it can experience a muscle tear.&nbsp; Pain, bleeding, or bruising can result due to [&hellip;]<\/p>\n","protected":false},"author":2447,"featured_media":0,"parent":0,"menu_order":149,"comment_status":"closed","ping_status":"closed","template":"","meta":{"_analytify_skip_tracking":false,"footnotes":""},"class_list":["post-203","page","type-page","status-publish","hentry"],"_links":{"self":[{"href":"https:\/\/advancedsofttissuerelease.com\/es\/wp-json\/wp\/v2\/pages\/203","targetHints":{"allow":["GET"]}}],"collection":[{"href":"https:\/\/advancedsofttissuerelease.com\/es\/wp-json\/wp\/v2\/pages"}],"about":[{"href":"https:\/\/advancedsofttissuerelease.com\/es\/wp-json\/wp\/v2\/types\/page"}],"author":[{"embeddable":true,"href":"https:\/\/advancedsofttissuerelease.com\/es\/wp-json\/wp\/v2\/users\/2447"}],"replies":[{"embeddable":true,"href":"https:\/\/advancedsofttissuerelease.com\/es\/wp-json\/wp\/v2\/comments?post=203"}],"version-history":[{"count":0,"href":"https:\/\/advancedsofttissuerelease.com\/es\/wp-json\/wp\/v2\/pages\/203\/revisions"}],"wp:attachment":[{"href":"https:\/\/advancedsofttissuerelease.com\/es\/wp-json\/wp\/v2\/media?parent=203"}],"curies":[{"name":"wp","href":"https:\/\/api.w.org\/{rel}","templated":true}]}}