{"id":204,"date":"2016-05-31T19:14:03","date_gmt":"2016-05-31T19:14:03","guid":{"rendered":"https:\/\/advancedsofttissuerelease.com\/rotator-cuff-tendonitis\/"},"modified":"2022-01-15T12:40:59","modified_gmt":"2022-01-15T19:40:59","slug":"tendinitis-del-manguito-rotador-2","status":"publish","type":"page","link":"https:\/\/advancedsofttissuerelease.com\/es\/rotator-cuff-tendonitis\/","title":{"rendered":"Tendinitis del manguito rotador"},"content":{"rendered":"<h1 class=\"p1\"><span style=\"color: #696969;\"><span class=\"s1\"><b>Tendinitis del manguito rotador<\/b><\/span><\/span><\/h1>\n<p><iframe title=\"Stop Rotator Cuff Tendonitis Naturally: Symptoms, Causes, Healing Cycle &amp; Treatment\" width=\"800\" height=\"450\" src=\"https:\/\/www.youtube.com\/embed\/9m8MbakUue0?feature=oembed\" frameborder=\"0\" allow=\"accelerometer; autoplay; clipboard-write; encrypted-media; gyroscope; picture-in-picture; web-share\" allowfullscreen><\/iframe><\/p>\n<p class=\"p1\"><span style=\"color: #696969;\"><span class=\"s2\">La tendinitis del manguito rotador es cuando el manguito rotador (articulaci\u00f3n del hombro) est\u00e1 inflamado. Esto generalmente ocurre con el tiempo debido al uso excesivo o al movimiento inadecuado repetitivo en el manguito de los rotadores. Los deportes que tienen un alto riesgo de tendinitis del manguito de los rotadores son el tenis, la nataci\u00f3n y el lanzamiento. Los primeros s\u00edntomas de la tendinitis del manguito de los rotadores pueden desaparecer con el reposo, pero las etapas avanzadas pueden necesitar un tratamiento de fisioterapia para recuperar la funci\u00f3n completa y reducir el dolor. \u00a0<\/span><\/span><\/p>\n<p class=\"p2\"><span style=\"color: #696969;\"><span style=\"font-family: 'Helvetica Neue', Helvetica, Arial, sans-serif; font-size: 30px; line-height: 1.1;\">S\u00edntomas de la tendinitis del manguito rotador<\/span><\/span><\/p>\n<ul>\n<li class=\"p1\"><span style=\"color: #696969;\"><span class=\"s2\">Dolor e hinchaz\u00f3n en el hombro y el brazo.<\/span><\/span><\/li>\n<li class=\"p1\"><span style=\"color: #696969;\"><span class=\"s2\">Rigidez<\/span><\/span><\/li>\n<li class=\"p1\"><span style=\"color: #696969;\"><span class=\"s2\">Dolor al alcanzar por encima de la cabeza o levantar el brazo<\/span><\/span><\/li>\n<li class=\"p1\"><span style=\"color: #696969;\"><span class=\"s2\">Hacer clic en el hombro\/brazo<\/span><\/span><\/li>\n<li class=\"p1\"><span style=\"color: #696969;\"><span class=\"s2\">P\u00e9rdida de movilidad en el brazo.<\/span><\/span><\/li>\n<\/ul>\n<h3 class=\"p1\"><span style=\"color: #696969;\"><span class=\"s1\">Tratamiento de la tendinitis del manguito rotador<\/span><\/span><\/h3>\n<p class=\"p1\"><span style=\"color: #696969;\"><span class=\"s2\">ASTR utiliza enfoques hol\u00edsticos, no invasivos y sin dolor para aliviar el dolor sin el uso de medicamentos. Nuestros m\u00e9dicos utilizan herramientas ASTR patentadas para descomponer y eliminar el tejido cicatricial existente y la restricci\u00f3n miofasical en los pacientes. Los programas de ejercicios especiales espec\u00edficos se dan a los pacientes que est\u00e1n dise\u00f1ados para reducir la inflamaci\u00f3n y fortalecer el m\u00fasculo para que el paciente vuelva a su funcionamiento y actividad normales.<\/span><\/span><\/p>","protected":false},"excerpt":{"rendered":"<p>Rotator Cuff Tendonitis Rotator cuff tendonitis is when the rotator cuff (shoulder joint) is inflamed.\u00a0 This usually occurs over time from overuse or repetitive improper motion in the rotator cuff.\u00a0 Those sports that have a high risk for rotator cuff tendonitis include tennis, swimming, and pitching.\u00a0 Early symptoms of rotator cuff tendonitis can subside with [&hellip;]<\/p>\n","protected":false},"author":2447,"featured_media":0,"parent":0,"menu_order":148,"comment_status":"closed","ping_status":"closed","template":"","meta":{"_analytify_skip_tracking":false,"footnotes":""},"class_list":["post-204","page","type-page","status-publish","hentry"],"_links":{"self":[{"href":"https:\/\/advancedsofttissuerelease.com\/es\/wp-json\/wp\/v2\/pages\/204","targetHints":{"allow":["GET"]}}],"collection":[{"href":"https:\/\/advancedsofttissuerelease.com\/es\/wp-json\/wp\/v2\/pages"}],"about":[{"href":"https:\/\/advancedsofttissuerelease.com\/es\/wp-json\/wp\/v2\/types\/page"}],"author":[{"embeddable":true,"href":"https:\/\/advancedsofttissuerelease.com\/es\/wp-json\/wp\/v2\/users\/2447"}],"replies":[{"embeddable":true,"href":"https:\/\/advancedsofttissuerelease.com\/es\/wp-json\/wp\/v2\/comments?post=204"}],"version-history":[{"count":0,"href":"https:\/\/advancedsofttissuerelease.com\/es\/wp-json\/wp\/v2\/pages\/204\/revisions"}],"wp:attachment":[{"href":"https:\/\/advancedsofttissuerelease.com\/es\/wp-json\/wp\/v2\/media?parent=204"}],"curies":[{"name":"wp","href":"https:\/\/api.w.org\/{rel}","templated":true}]}}