{"id":206,"date":"2016-05-31T19:49:56","date_gmt":"2016-05-31T19:49:56","guid":{"rendered":"https:\/\/advancedsofttissuerelease.com\/clavicle-fracture\/"},"modified":"2016-05-31T19:49:56","modified_gmt":"2016-05-31T19:49:56","slug":"fractura-de-clavicula-2","status":"publish","type":"page","link":"https:\/\/advancedsofttissuerelease.com\/es\/clavicle-fracture\/","title":{"rendered":"fractura de clav\u00edcula"},"content":{"rendered":"<h1 class=\"p1\"> \t<span style=\"color:#696969;\"><span class=\"s1\"><b>fractura de clav\u00edcula<\/b><\/span><\/span><\/h1>\n<p class=\"p1\"> \t<span style=\"color:#696969;\"><span class=\"s2\">Las fracturas de clav\u00edcula se conocen com\u00fanmente como clav\u00edculas rotas y, a menudo, ocurren despu\u00e9s de una ca\u00edda o un impacto repentino en el hombro. Dado que un yeso inmovilizador no se puede colocar correctamente en la clav\u00edcula, el proceso de curaci\u00f3n puede ser doloroso y desafiante, y la clav\u00edcula tarda alrededor de cuatro meses en sanar por completo.<\/span><\/span><\/p>\n<h2 class=\"p1\"> \t<span style=\"color:#696969;\"><span class=\"s1\">S\u00edntomas de fractura de clav\u00edcula<\/span><\/span><\/h2>\n<p class=\"p1\"> \t<span style=\"color:#696969;\"><span class=\"s2\">Incapacidad para mantener el brazo alejado del cuerpo.<\/span><\/span><\/p>\n<p class=\"p1\"> \t<span style=\"color:#696969;\"><span class=\"s2\">El hombro afectado se puede desplomar hacia delante\/hacia abajo<\/span><\/span><\/p>\n<p class=\"p1\"> \t<span style=\"color:#696969;\"><span class=\"s2\">Hinchaz\u00f3n\/moret\u00f3n de la clav\u00edcula<\/span><\/span><\/p>\n<h3 class=\"p1\"> \t<span style=\"color:#696969;\"><span class=\"s1\">Tratamiento de fractura de clav\u00edcula<\/span><\/span><\/h3>\n<p class=\"p1\"> \t<span style=\"color:#696969;\"><span class=\"s2\">ASTR utiliza enfoques hol\u00edsticos, no invasivos y sin dolor para aliviar el dolor sin el uso de medicamentos. Nuestros m\u00e9dicos utilizan herramientas ASTR patentadas para descomponer y eliminar el tejido cicatricial existente y la restricci\u00f3n miofasical en los pacientes. Se administran programas de ejercicios especiales espec\u00edficos a los pacientes que est\u00e1n dise\u00f1ados para reducir la inflamaci\u00f3n y fortalecer el m\u00fasculo para que la clav\u00edcula lesionada vuelva a un nivel de funcionamiento normal.<\/span><\/span><\/p>","protected":false},"excerpt":{"rendered":"<p>Clavicle Fracture Clavicle fractures are commonly known as broken collarbones and often happens after a fall or sudden impact on the shoulder.&nbsp; Since an immobilizing cast cannot be properly placed on the collarbone, the healing process can be painful and challenging and it takes the clavicle around four month to heal completely. Clavicle Fracture Symptoms [&hellip;]<\/p>\n","protected":false},"author":2447,"featured_media":0,"parent":0,"menu_order":146,"comment_status":"closed","ping_status":"closed","template":"","meta":{"_analytify_skip_tracking":false,"footnotes":""},"class_list":["post-206","page","type-page","status-publish","hentry"],"_links":{"self":[{"href":"https:\/\/advancedsofttissuerelease.com\/es\/wp-json\/wp\/v2\/pages\/206","targetHints":{"allow":["GET"]}}],"collection":[{"href":"https:\/\/advancedsofttissuerelease.com\/es\/wp-json\/wp\/v2\/pages"}],"about":[{"href":"https:\/\/advancedsofttissuerelease.com\/es\/wp-json\/wp\/v2\/types\/page"}],"author":[{"embeddable":true,"href":"https:\/\/advancedsofttissuerelease.com\/es\/wp-json\/wp\/v2\/users\/2447"}],"replies":[{"embeddable":true,"href":"https:\/\/advancedsofttissuerelease.com\/es\/wp-json\/wp\/v2\/comments?post=206"}],"version-history":[{"count":0,"href":"https:\/\/advancedsofttissuerelease.com\/es\/wp-json\/wp\/v2\/pages\/206\/revisions"}],"wp:attachment":[{"href":"https:\/\/advancedsofttissuerelease.com\/es\/wp-json\/wp\/v2\/media?parent=206"}],"curies":[{"name":"wp","href":"https:\/\/api.w.org\/{rel}","templated":true}]}}