{"id":2103,"date":"2019-01-16T17:34:08","date_gmt":"2019-01-16T17:34:08","guid":{"rendered":"https:\/\/advancedsofttissuerelease.com\/?page_id=2103"},"modified":"2020-01-05T18:44:13","modified_gmt":"2020-01-06T02:44:13","slug":"iman-descargo-de-responsabilidad","status":"publish","type":"page","link":"https:\/\/advancedsofttissuerelease.com\/es\/magnet-disclaimer\/","title":{"rendered":"Descargo de responsabilidad del im\u00e1n"},"content":{"rendered":"<p><\/p>\r\n<p>&nbsp;<\/p>\r\n<p><span style=\"font-size: 12pt;\"><strong>Descargo de responsabilidad del im\u00e1n<\/strong><\/span><\/p>\r\n\r\n\r\n\r\n<p>El Instituto ASTR no es responsable de ninguna lesi\u00f3n, destrucci\u00f3n o da\u00f1o que MagnaHeal pueda causar como resultado de su uso. Antes de comprar MagnaHeal, el comprador certifica que ha le\u00eddo y comprendido las siguientes advertencias:<\/p>\r\n<div><strong>Contraindicaciones:<\/strong> MagnaHeal debe evitarse si tiene uno de los siguientes:<\/div>\r\n<ul>\r\n<li>Marcapasos<\/li>\r\n<li>El embarazo<\/li>\r\n<li>Cualquier aparato electr\u00f3nico en tu cuerpo.<\/li>\r\n<li>Embargo<\/li>\r\n<\/ul>\r\n\r\n\r\n\r\n<p>El comprador da fe de que asume la responsabilidad de 100% por todas las lesiones y da\u00f1os que el MagnaHeal podr\u00eda causar. Esto incluye lesiones a s\u00ed mismo oa otros, da\u00f1os a la propiedad y da\u00f1os al MagnaHeal. El comprador debe aceptar estos t\u00e9rminos antes de comprar MagnaHeal.<\/p>\r\n\r\n\r\n\r\n<p>El Instituto ASTR proporcionar\u00e1 una estimaci\u00f3n de la fuerza de tracci\u00f3n del MagnaHeal, pero no somos responsables de ninguna discrepancia o inexactitud de la fuerza de tracci\u00f3n de los imanes. Pruebe la fuerza de tracci\u00f3n antes de usarla.<\/p>\r\n\r\n\r\n\r\n<p>MagnaHeal es muy poderoso. Es esencial que se manipule con cuidado para evitar da\u00f1os al im\u00e1n y lesiones a uno mismo oa otros. Los imanes que son del mismo tama\u00f1o o m\u00e1s grandes que un cubo de 2 pulgadas tienen el potencial de causar da\u00f1os muy graves a los dedos si los dedos quedan atrapados entre los 2 imanes. Los huesos pueden romperse y las yemas de los dedos pueden perderse.\u00a0<\/p>\r\n\r\n\r\n\r\n<p>MagnaHeal es rompible. Si se cae o se golpea, puede romperse o astillarse. Use guantes y gafas protectoras cuando sostenga y use el MagnaHeal, ya que las astillas y\/o los espaciadores podr\u00edan desprenderse y salir volando del MagnaHeal.<\/p>\r\n\r\n\r\n\r\n<ul>\r\n<li>Si MagnaHeal se calienta a m\u00e1s de 175 grados Fahrenheit u 80 grados Celsius, perder\u00e1 su propiedad magn\u00e9tica.\r\n\r\n<\/li>\r\n<li>MagnaHeal tiene un campo magn\u00e9tico muy poderoso y puede da\u00f1ar lo siguiente: computadoras, televisores, monitores de computadora, soportes de datos, tel\u00e9fonos, dispositivos electr\u00f3nicos, tarjetas de cr\u00e9dito, relojes, aud\u00edfonos, marcapasos, etc.\r\n\r\n<\/li>\r\n<li>Los marcapasos son una contraindicaci\u00f3n y pueden da\u00f1arse si se exponen al MagnaHeal. Los pacientes con marcapasos deben permanecer al menos a 3 pies de distancia del MagnaHeal.\u00a0\r\n\r\n<\/li>\r\n<li>Los ni\u00f1os no deben usar ni tocar el MagnaHeal, ya que puede ser peligroso y suponer un riesgo de asfixia. Los ni\u00f1os pueden atragantarse con el im\u00e1n y esto puede causar da\u00f1os internos. MagnaHeal solo debe usarse externamente.\u00a0\r\n\r\n<\/li>\r\n<li>El MagnaHeal no debe modificarse en absoluto. No se permite cortar, taladrar ni aserrar el MagnaHeal. Las part\u00edculas del MagnaHeal al cortar pueden crear un ambiente muy peligroso ya que las part\u00edculas son altamente inflamables. El im\u00e1n se romper\u00e1 si se aserra, corta o perfora. MagnaHeal nunca debe quemarse debido a la toxicidad que esto crear\u00eda.\u00a0<\/li>\r\n<\/ul>","protected":false},"excerpt":{"rendered":"<p>&nbsp; Magnet Disclaimer ASTR Institute is not liable or responsible for any injury, destruction or harm the MagnaHeal may cause as a result of its use. Before purchasing the MagnaHeal, the purchaser attests that they have read and understand the following warnings: Contraindications: MagnaHeal should be avoided if you have one of the following: Pacemaker [&hellip;]<\/p>\n","protected":false},"author":2447,"featured_media":0,"parent":0,"menu_order":0,"comment_status":"closed","ping_status":"closed","template":"","meta":{"_analytify_skip_tracking":false,"footnotes":""},"class_list":["post-2103","page","type-page","status-publish","hentry"],"_links":{"self":[{"href":"https:\/\/advancedsofttissuerelease.com\/es\/wp-json\/wp\/v2\/pages\/2103","targetHints":{"allow":["GET"]}}],"collection":[{"href":"https:\/\/advancedsofttissuerelease.com\/es\/wp-json\/wp\/v2\/pages"}],"about":[{"href":"https:\/\/advancedsofttissuerelease.com\/es\/wp-json\/wp\/v2\/types\/page"}],"author":[{"embeddable":true,"href":"https:\/\/advancedsofttissuerelease.com\/es\/wp-json\/wp\/v2\/users\/2447"}],"replies":[{"embeddable":true,"href":"https:\/\/advancedsofttissuerelease.com\/es\/wp-json\/wp\/v2\/comments?post=2103"}],"version-history":[{"count":0,"href":"https:\/\/advancedsofttissuerelease.com\/es\/wp-json\/wp\/v2\/pages\/2103\/revisions"}],"wp:attachment":[{"href":"https:\/\/advancedsofttissuerelease.com\/es\/wp-json\/wp\/v2\/media?parent=2103"}],"curies":[{"name":"wp","href":"https:\/\/api.w.org\/{rel}","templated":true}]}}