{"id":228,"date":"2016-06-01T00:42:37","date_gmt":"2016-06-01T00:42:37","guid":{"rendered":"https:\/\/advancedsofttissuerelease.com\/posterior-cruciate-ligament-injury-pcl\/"},"modified":"2016-06-01T00:42:37","modified_gmt":"2016-06-01T00:42:37","slug":"ligamento-cruzado-posterior-lesion-pcl","status":"publish","type":"page","link":"https:\/\/advancedsofttissuerelease.com\/es\/posterior-cruciate-ligament-injury-pcl\/","title":{"rendered":"Lesi\u00f3n del ligamento cruzado posterior (LCP)"},"content":{"rendered":"<h1 class=\"p1\"> \t<span style=\"color:#696969;\"><span class=\"s1\">Lesi\u00f3n del ligamento cruzado posterior (LCP)<\/span><\/span><\/h1>\n<p class=\"p1\"> \t<span style=\"color:#696969;\"><span class=\"s1\">El ligamento cruzado posterior es una peque\u00f1a banda que conecta el hueso alto (f\u00e9mur) con el hueso de la espinilla (tibia). Un desgarro del LCP se debe a un golpe directo en la parte delantera de la rodilla (como una ca\u00edda sobre una rodilla doblada en los deportes), un tir\u00f3n o estiramiento del ligamento o un paso en falso. Una torsi\u00f3n o extensi\u00f3n excesiva de la rodilla puede hacer que la persona no pueda cargar todo el peso sobre la rodilla. El LCP es el ligamento m\u00e1s fuerte de la rodilla, lo que significa que las lesiones generalmente se deben a un traumatismo o a la flexi\u00f3n hacia atr\u00e1s de la rodilla, o a una fuerza sobre la rodilla, como un accidente automovil\u00edstico. Un desgarro del LCP generalmente var\u00eda de un desgarro parcial a un desgarro completo. &nbsp;<\/span><\/span><\/p>\n<h2 class=\"p1\"> \t<span style=\"color:#696969;\"><span class=\"s1\">S\u00edntomas de una lesi\u00f3n del LCP<\/span><\/span><\/h2>\n<ul>\n<li class=\"li1\"> \t\t<span style=\"color:#696969;\"><span class=\"s1\">Dolor e hinchaz\u00f3n de la rodilla.<\/span><\/span><\/li>\n<li class=\"li1\"> \t\t<span style=\"color:#696969;\"><span class=\"s1\">La rodilla est\u00e1 inestable<\/span><\/span><\/li>\n<li class=\"li1\"> \t\t<span style=\"color:#696969;\"><span class=\"s1\">Incapacidad para soportar peso en la rodilla.<\/span><\/span><\/li>\n<\/ul>\n<h3 class=\"p1\"> \t<span style=\"color:#696969;\"><span class=\"s1\">Tratamiento de la lesi\u00f3n del LCP&nbsp;<\/span><\/span><\/h3>\n<ul>\n<li class=\"li1\"> \t\t<span style=\"color:#696969;\"><span class=\"s1\">Herramientas ASTR\u00ae: Nuestros m\u00e9dicos utilizan una variedad de herramientas ASTR\u00ae para liberar el tejido cicatricial y la restricci\u00f3n miofascial, lo que puede disminuir la flexibilidad y agregar m\u00e1s presi\u00f3n al ligamento cruzado posterior.<\/span><\/span><\/li>\n<li class=\"li1\"> \t\t<span style=\"color:#696969;\"><span class=\"s1\">Programa especial de ejercicios para disminuir la presi\u00f3n sobre el LCP, fortalecer los m\u00fasculos, estabilizar la rodilla para ayudar al paciente a volver a sus funciones y actividades normales.<\/span><\/span><\/li>\n<li class=\"li1\"> \t\t<span style=\"color:#696969;\"><span class=\"s1\">Instrucciones especiales sobre c\u00f3mo acelerar el tiempo de recuperaci\u00f3n.<\/span><\/span><\/li>\n<\/ul>","protected":false},"excerpt":{"rendered":"<p>Posterior Cruciate Ligament injury (PCL) The posterior cruciate ligament is a small band that connects the high bone (femur) to the shin bone (tibia).&nbsp; A PCL tear is due to a direct blow to the front of the knee (like falling on a bent knee in sports), pulling or stretching of the ligament, or a [&hellip;]<\/p>\n","protected":false},"author":2447,"featured_media":0,"parent":0,"menu_order":124,"comment_status":"closed","ping_status":"closed","template":"","meta":{"_analytify_skip_tracking":false,"footnotes":""},"class_list":["post-228","page","type-page","status-publish","hentry"],"_links":{"self":[{"href":"https:\/\/advancedsofttissuerelease.com\/es\/wp-json\/wp\/v2\/pages\/228","targetHints":{"allow":["GET"]}}],"collection":[{"href":"https:\/\/advancedsofttissuerelease.com\/es\/wp-json\/wp\/v2\/pages"}],"about":[{"href":"https:\/\/advancedsofttissuerelease.com\/es\/wp-json\/wp\/v2\/types\/page"}],"author":[{"embeddable":true,"href":"https:\/\/advancedsofttissuerelease.com\/es\/wp-json\/wp\/v2\/users\/2447"}],"replies":[{"embeddable":true,"href":"https:\/\/advancedsofttissuerelease.com\/es\/wp-json\/wp\/v2\/comments?post=228"}],"version-history":[{"count":0,"href":"https:\/\/advancedsofttissuerelease.com\/es\/wp-json\/wp\/v2\/pages\/228\/revisions"}],"wp:attachment":[{"href":"https:\/\/advancedsofttissuerelease.com\/es\/wp-json\/wp\/v2\/media?parent=228"}],"curies":[{"name":"wp","href":"https:\/\/api.w.org\/{rel}","templated":true}]}}