{"id":25436,"date":"2021-05-21T11:23:49","date_gmt":"2021-05-21T17:23:49","guid":{"rendered":"https:\/\/advancedsofttissuerelease.com\/?page_id=25436"},"modified":"2021-05-21T11:26:17","modified_gmt":"2021-05-21T17:26:17","slug":"esta-pequena-luz-mia-2","status":"publish","type":"page","link":"https:\/\/advancedsofttissuerelease.com\/es\/this-little-light-of-mine\/","title":{"rendered":"Esta peque\u00f1a luz m\u00eda"},"content":{"rendered":"<p><img fetchpriority=\"high\" decoding=\"async\" class=\"size-medium wp-image-25437 alignleft\" src=\"https:\/\/advancedsofttissuerelease.com\/wp-content\/uploads\/2021\/05\/189330840_1746137335557162_7799219327198139715_n-520x520.jpg\" alt=\"\" width=\"520\" height=\"520\" srcset=\"https:\/\/advancedsofttissuerelease.com\/wp-content\/uploads\/2021\/05\/189330840_1746137335557162_7799219327198139715_n-520x520.jpg 520w, https:\/\/advancedsofttissuerelease.com\/wp-content\/uploads\/2021\/05\/189330840_1746137335557162_7799219327198139715_n-100x100.jpg 100w, https:\/\/advancedsofttissuerelease.com\/wp-content\/uploads\/2021\/05\/189330840_1746137335557162_7799219327198139715_n-300x300.jpg 300w, https:\/\/advancedsofttissuerelease.com\/wp-content\/uploads\/2021\/05\/189330840_1746137335557162_7799219327198139715_n.jpg 749w\" sizes=\"(max-width: 520px) 100vw, 520px\" \/><\/p>\n<p>Fuerza, seguridad e individualidad.<\/p>\n<p>Estas son las palabras que me vienen a la mente cuando recuerdo los faros que visitamos en la Isla del Pr\u00edncipe Eduardo.<\/p>\n<p>En los \u00faltimos a\u00f1os, nuestra familia ha pasado por un per\u00edodo de crecimiento espiritual y emocional. A trav\u00e9s de una serie de eventos fuera de nuestro control, nos encontramos tomando la muy dif\u00edcil decisi\u00f3n de dejar nuestro estado natal en busca de libertad y seguridad.<\/p>\n<p>Aprender a dejar brillar nuestra luz no siempre ha sido f\u00e1cil. Siempre ha implicado cierto nivel de riesgo.<\/p>\n<p>Riesgo de ser marginado. Riesgo de sufrir da\u00f1os f\u00edsicos, emocionales o econ\u00f3micos. Riesgo de perder todo lo que est\u00e1 cerca de nosotros.<\/p>\n<p>En nuestro punto de quiebre, gran parte del miedo que sol\u00edamos sentir milagrosamente nos abandon\u00f3 y el coraje ocup\u00f3 su lugar.<\/p>\n<p>Hoy, estamos caminando en la fuerza de Dios y esperamos animarte a dar un peque\u00f1o paso intencional ahora mismo para dejar que TU luz brille ?<\/p>","protected":false},"excerpt":{"rendered":"<p>Strength, safety and individuality. These are the words that come to mind when I look back at the lighthouses we visited on Prince Edward Island. Over the past few years, our family has gone through a spiritual and emotional growth spurt. Through a series of events outside our control, we found ourselves making the very [&hellip;]<\/p>\n","protected":false},"author":1,"featured_media":0,"parent":0,"menu_order":0,"comment_status":"closed","ping_status":"closed","template":"","meta":{"_analytify_skip_tracking":false,"footnotes":""},"class_list":["post-25436","page","type-page","status-publish","hentry"],"_links":{"self":[{"href":"https:\/\/advancedsofttissuerelease.com\/es\/wp-json\/wp\/v2\/pages\/25436","targetHints":{"allow":["GET"]}}],"collection":[{"href":"https:\/\/advancedsofttissuerelease.com\/es\/wp-json\/wp\/v2\/pages"}],"about":[{"href":"https:\/\/advancedsofttissuerelease.com\/es\/wp-json\/wp\/v2\/types\/page"}],"author":[{"embeddable":true,"href":"https:\/\/advancedsofttissuerelease.com\/es\/wp-json\/wp\/v2\/users\/1"}],"replies":[{"embeddable":true,"href":"https:\/\/advancedsofttissuerelease.com\/es\/wp-json\/wp\/v2\/comments?post=25436"}],"version-history":[{"count":0,"href":"https:\/\/advancedsofttissuerelease.com\/es\/wp-json\/wp\/v2\/pages\/25436\/revisions"}],"wp:attachment":[{"href":"https:\/\/advancedsofttissuerelease.com\/es\/wp-json\/wp\/v2\/media?parent=25436"}],"curies":[{"name":"wp","href":"https:\/\/api.w.org\/{rel}","templated":true}]}}