{"id":28553,"date":"2021-08-02T11:42:33","date_gmt":"2021-08-02T17:42:33","guid":{"rendered":"https:\/\/advancedsofttissuerelease.com\/?page_id=28553"},"modified":"2021-08-02T12:01:12","modified_gmt":"2021-08-02T18:01:12","slug":"pasantia-coordinador-de-marketing-2","status":"publish","type":"page","link":"https:\/\/advancedsofttissuerelease.com\/es\/marketing-coordinator-internship\/","title":{"rendered":"Pr\u00e1cticas de coordinador de marketing"},"content":{"rendered":"<h1><strong>Pr\u00e1cticas de coordinador de marketing<\/strong><\/h1>\n<p><strong>Tiempo parcial, no remunerado \u2013 horario flexible \u2013 trabajo desde casa<\/strong><\/p>\n<p>Si eres un jugador de equipo que tiene excelentes habilidades de escritura, \u00a1te queremos! Esta posici\u00f3n comenzar\u00eda a tiempo parcial con potencial de crecimiento.<\/p>\n<p><strong>Requisitos<\/strong><\/p>\n<p>-Licenciatura en Marketing\/Negocios preferida<\/p>\n<p>-Excepcional conocimiento de marketing en redes sociales.<\/p>\n<p>-Excelentes habilidades de comunicaci\u00f3n verbal y escrita<\/p>\n<p>-Redacci\u00f3n de contenidos (SEO, Blogs, campa\u00f1as de email)<\/p>\n<p>-Crear materiales de marketing.<\/p>\n<p><strong>Habilidades que se aprender\u00e1n relacionadas con:<\/strong><\/p>\n<p>-Marketing de medios sociales<\/p>\n<p>-SEO<\/p>\n<p>-Planificar y escribir campa\u00f1as de correo electr\u00f3nico<\/p>\n<p><strong>\u00bfC\u00f3mo aplicar?<\/strong><\/p>\n<p>-Tomar el test de personalidad\u00a0<a href=\"https:\/\/www.16personalities.com\" target=\"_blank\" rel=\"noopener\">16personalidades.com<\/a><\/p>\n<p>-Env\u00ede por correo electr\u00f3nico su curr\u00edculum, carta de presentaci\u00f3n y resultados de la prueba de personalidad: <a href=\"mailto:support@ASTRinstitute.com\">support@ASTRinstitute.com<\/a><\/p>\n<p>-Llenar los siguientes formularios <a href=\"https:\/\/advancedsofttissuerelease.com\/wp-content\/uploads\/2019\/08\/Intern-Consent-Form.pdf\">Formulario de consentimiento interno<\/a>\u00a0&amp; <a href=\"https:\/\/advancedsofttissuerelease.com\/wp-content\/uploads\/2019\/08\/Non-discoulsure.pdf\">No-divulgaci\u00f3n<\/a><\/p>\n<p>-Para estar preparado para la pasant\u00eda mira el primero <strong>7 v\u00eddeos<\/strong> en esto <a href=\"https:\/\/advancedsofttissuerelease.com\/es\/videos-educativos-2\/\">p\u00e1gina<\/a><\/p>","protected":false},"excerpt":{"rendered":"<p>Marketing Coordinator Internship Part time, unpaid &#8211; flexible hours &#8211; work from home If you are a team player who has excellent writing skills then we want you!\u00a0This position would start part-time with potential for growth. Requirements -Marketing\/ business degree preferred -Exceptional knowledge of social media marketing -Excellent verbal and written communications skills -Content writing [&hellip;]<\/p>\n","protected":false},"author":1,"featured_media":0,"parent":0,"menu_order":0,"comment_status":"closed","ping_status":"closed","template":"","meta":{"_analytify_skip_tracking":false,"footnotes":""},"class_list":["post-28553","page","type-page","status-publish","hentry"],"_links":{"self":[{"href":"https:\/\/advancedsofttissuerelease.com\/es\/wp-json\/wp\/v2\/pages\/28553","targetHints":{"allow":["GET"]}}],"collection":[{"href":"https:\/\/advancedsofttissuerelease.com\/es\/wp-json\/wp\/v2\/pages"}],"about":[{"href":"https:\/\/advancedsofttissuerelease.com\/es\/wp-json\/wp\/v2\/types\/page"}],"author":[{"embeddable":true,"href":"https:\/\/advancedsofttissuerelease.com\/es\/wp-json\/wp\/v2\/users\/1"}],"replies":[{"embeddable":true,"href":"https:\/\/advancedsofttissuerelease.com\/es\/wp-json\/wp\/v2\/comments?post=28553"}],"version-history":[{"count":0,"href":"https:\/\/advancedsofttissuerelease.com\/es\/wp-json\/wp\/v2\/pages\/28553\/revisions"}],"wp:attachment":[{"href":"https:\/\/advancedsofttissuerelease.com\/es\/wp-json\/wp\/v2\/media?parent=28553"}],"curies":[{"name":"wp","href":"https:\/\/api.w.org\/{rel}","templated":true}]}}