{"id":292,"date":"2017-02-04T19:25:53","date_gmt":"2017-02-04T19:25:53","guid":{"rendered":"https:\/\/advancedsofttissuerelease.com\/landing-2\/"},"modified":"2017-02-04T19:25:53","modified_gmt":"2017-02-04T19:25:53","slug":"landing-2","status":"publish","type":"page","link":"https:\/\/advancedsofttissuerelease.com\/es\/landing-2\/","title":{"rendered":"Landing 2"},"content":{"rendered":"<p style=\"text-align: center;\"> \t<font color=\"#ff0000\" face=\"lucida sans unicode, lucida grande, sans-serif\"><span style=\"font-size: 26px;\"><b>Darren&#8217;s Chronic Back Pain Was Relieved in 2 ASTR Sessions!<\/b><\/span><\/font><\/p>\n<p style=\"text-align: center;\"> \t<span style=\"font-size: 14px;\">https:\/\/www.youtube.com\/watch?v=UyVCTuUKhvo<\/span><\/p>\n<p style=\"text-align: center;\"> \t&nbsp;<\/p>\n<p style=\"text-align: center;\"> \t<font color=\"#696969\" face=\"lucida sans unicode, lucida grande, sans-serif\"><span style=\"font-size: 26px;\"><b>&#8220;I see these Amazing results daily in my pracice. YOU can achieve these incredible results with your patients!&#8221; <\/b><span style=\"font-size:12px;\">Joseph Jacobs, DPT, ASTRs<\/span><\/span><\/font><\/p>\n<p> \t&nbsp;<\/p>\n<p> \t&nbsp;<\/p>\n<p> \t<strong><span style=\"color:#696969;\"><span style=\"font-size:24px;\">\u00bfQu\u00e9 es ASTR?<\/span><\/span><\/strong><\/p>\n<p> \t&nbsp;<\/p>\n<p> \t<span style=\"font-family: &quot;lucida sans unicode&quot;, &quot;lucida grande&quot;, sans-serif;\"><span style=\"font-size: 18px;\">La liberaci\u00f3n avanzada de tejido blando (ASTR) est\u00e1 cambiando la forma en que los pacientes experimentan&nbsp;<\/span><strong style=\"font-family: verdana, geneva, sans-serif; font-size: 18px;\">A largo plazo<\/strong><span style=\"font-size: 18px;\">&nbsp;<\/span><strong style=\"font-family: verdana, geneva, sans-serif; font-size: 18px;\">alivio del dolor<\/strong><span style=\"font-size: 18px;\">. Esta especialidad aborda el dolor agudo y cr\u00f3nico mediante el uso de evaluaciones \u00fanicas de pacientes,&nbsp;<\/span><span style=\"font-size: 18px;\">protocolos de tratamiento redactados t\u00e1cticamente,<\/span><span style=\"font-size: 18px;\">&nbsp;dise\u00f1ado estrat\u00e9gicamente&nbsp;<strong>pag<\/strong><\/span><strong><strong style=\"font-family: verdana, geneva, sans-serif; font-size: 18px;\">atendido&nbsp;<\/strong><\/strong><span style=\"font-size: 18px;\">instrumentos y m\u00e1s de 125 maniobras \u00fanicas. ASTR aborda los alimentos en su origen para reducir el dolor, aumentar el rango de movimiento y ayudar a mejorar la calidad de vida de las personas.&nbsp;<\/span><\/span><span style=\"font-family: &quot;lucida sans unicode&quot;, &quot;lucida grande&quot;, sans-serif; font-size: 18px;\">Los resultados de un estudio reciente del cuello realizado en pacientes con ASTR encontraron que hab\u00eda una&nbsp;<\/span><strong style=\"font-family: &quot;lucida sans unicode&quot;, &quot;lucida grande&quot;, sans-serif; font-size: 18px;\"><span style=\"color: rgb(255, 0, 0);\">Tasa de \u00e9xito 87%<\/span><\/strong><span style=\"font-family: &quot;lucida sans unicode&quot;, &quot;lucida grande&quot;, sans-serif; font-size: 18px;\">&nbsp;para los pacientes que pasaron por nuestro programa!<\/span><span style=\"font-size: 18px; font-family: &quot;lucida sans unicode&quot;, &quot;lucida grande&quot;, sans-serif;\">&nbsp;<\/span><\/p>\n<p> \t&nbsp;<\/p>\n<p class=\"p1\" style=\"margin-bottom: 10px; font-size: 12px; color: rgb(0, 0, 0); -webkit-text-stroke: 0px rgb(0, 0, 0); text-align: left;\"> \t<span style=\"font-family: &quot;lucida sans unicode&quot;, &quot;lucida grande&quot;, sans-serif;\"><span style=\"font-size: 18px;\"><span style=\"color: rgb(105, 105, 105);\"><span class=\"s1\" style=\"text-decoration-line: underline;\">Como proveedor de ASTR con licencia, se beneficiar\u00e1 de:<\/span><\/span><\/span><\/span><\/p>\n<p class=\"p1\" style=\"margin-bottom: 10px; font-size: 12px; color: rgb(0, 0, 0); -webkit-text-stroke: 0px rgb(0, 0, 0); text-align: left;\"> \t&nbsp;<\/p>\n<ul>\n<li class=\"p1\" style=\"text-align: left;\"> \t\t<span style=\"font-family: &quot;lucida sans unicode&quot;, &quot;lucida grande&quot;, sans-serif;\"><span style=\"font-size: 18px;\"><span style=\"color: rgb(105, 105, 105);\"><strong>Tratar condiciones dif\u00edciles<\/strong>&nbsp;incluyendo dolor de mand\u00edbula, ci\u00e1tica, artritis, dolores de cabeza, dolor de cuello y espalda, s\u00edndrome del t\u00fanel carpiano, tendinitis, bursitis y&nbsp;<a href=\"https:\/\/advancedsofttissuerelease.com\/es\/tratamiento-2\/\" target=\"_blank\"><u>mucho m\u00e1s<\/u>!<\/a><\/span><\/span><\/span><\/li>\n<\/ul>\n<ul>\n<li class=\"p1\" style=\"text-align: left;\"> \t\t<strong style=\"color: rgb(105, 105, 105); font-size: 18px; font-family: &quot;lucida sans unicode&quot;, &quot;lucida grande&quot;, sans-serif;\"><a href=\"https:\/\/advancedsofttissuerelease.com\/es\/medical-providers\/investigar-2\/\" target=\"_blank\">La evidencia se basa en la practica<\/a><span style=\"font-size: 14px;\">:&nbsp;<\/span><\/strong><span style=\"font-size: 14px;\">&nbsp;<span style=\"color: rgb(51, 102, 255);\"><strong><span style=\"font-size: 16px;\"><a href=\"https:\/\/advancedsofttissuerelease.com\/es\/medical-providers\/investigar-2\/\" target=\"_blank\">Consulte las investigaciones que respaldan el tratamiento ASTR<\/a><\/span><\/strong><\/span><\/span><\/li>\n<li class=\"p1\" style=\"text-align: left;\"> \t\t<strong style=\"color: rgb(105, 105, 105); font-size: 18px; font-family: &quot;lucida sans unicode&quot;, &quot;lucida grande&quot;, sans-serif;\">Proporcionar alivio a largo plazo<\/strong><span style=\"color: rgb(105, 105, 105); font-size: 18px; font-family: &quot;lucida sans unicode&quot;, &quot;lucida grande&quot;, sans-serif;\">&nbsp;a pacientes que sufren de dolor agudo y cr\u00f3nico y otras condiciones debilitantes y est\u00e1n frustrados sin alivio.<\/span><\/li>\n<li class=\"p1\" style=\"text-align: left;\"> \t\t<span style=\"font-family: &quot;lucida sans unicode&quot;, &quot;lucida grande&quot;, sans-serif;\"><span style=\"font-size: 18px;\"><span style=\"color: rgb(105, 105, 105);\"><strong>Aumentar la satisfacci\u00f3n del paciente:<\/strong>&nbsp;Los pacientes tratados con ASTR a menudo experimentan alivio del dolor en la primera o segunda sesi\u00f3n de tratamiento. A menudo se sorprenden de c\u00f3mo este enfoque diferente logra aliviar sus dolores donde otras terapias han fallado.<\/span><\/span><\/span><\/li>\n<li class=\"p1\" style=\"text-align: left;\"> \t\t<span style=\"font-family: &quot;lucida sans unicode&quot;, &quot;lucida grande&quot;, sans-serif;\"><span style=\"font-size: 18px;\"><span style=\"color: rgb(105, 105, 105);\"><strong>Aumentar las referencias de pacientes:<\/strong>&nbsp;\u00a1El boca a boca es la mejor fuente de nuevos negocios! A medida que los pacientes reconocen los resultados de ser tratados con ASTR, surge su satisfacci\u00f3n, confianza y lealtad hacia el proveedor y refieren a sus amigos.<\/span><\/span><\/span><\/li>\n<li class=\"p1\" style=\"text-align: left;\"> \t\t<span style=\"font-family: &quot;lucida sans unicode&quot;, &quot;lucida grande&quot;, sans-serif;\"><span style=\"font-size: 18px;\"><span style=\"color: rgb(105, 105, 105);\"><strong>Aumentar los ingresos:<\/strong>&nbsp;ASTR es un nuevo nicho para las terapias de tejidos blandos y la certificaci\u00f3n en esta especialidad es una gran herramienta para los proveedores m\u00e9dicos que buscan expandir su pr\u00e1ctica.<\/span><\/span><\/span><\/li>\n<li class=\"p1\" style=\"text-align: left;\"> \t\t<span style=\"font-family: &quot;lucida sans unicode&quot;, &quot;lucida grande&quot;, sans-serif;\"><span style=\"font-size: 18px;\"><span style=\"color: rgb(105, 105, 105);\"><strong>Destaca entre tus colegas:<\/strong>&nbsp;Los m\u00e9dicos de ASTR son miembros de una comunidad exclusiva de proveedores m\u00e9dicos con licencia de ASTR. Tener esta licencia es evidencia de la amplia capacitaci\u00f3n y alta competencia de un proveedor en el tratamiento de lesiones de tejidos blandos con el enfoque ASTR.<\/span><\/span><\/span><\/li>\n<\/ul>\n<p class=\"p1\" style=\"text-align: left;\"> \t&nbsp;<\/p>\n<p class=\"p3\" style=\"text-align: center; font-stretch: normal; font-size: 14px; line-height: normal; font-family: Verdana; -webkit-text-stroke-color: rgb(0, 0, 0);\"> \t<span style=\"font-family: &quot;lucida sans unicode&quot;, &quot;lucida grande&quot;, sans-serif;\"><span style=\"font-size: 18px;\"><span style=\"color: rgb(105, 105, 105);\"><span class=\"s1\"><b>Las inscripciones est\u00e1n casi llenas para nuestro <\/b><\/span><\/span><b style=\"color: rgb(105, 105, 105); font-size: 16px; -webkit-text-stroke-width: initial;\">Certificaci\u00f3n<\/b><\/span><\/span><\/p>\n<p class=\"p3\" style=\"text-align: center; font-stretch: normal; font-size: 14px; line-height: normal; font-family: Verdana; -webkit-text-stroke-color: rgb(0, 0, 0);\"> \t<span style=\"font-size: 24px;\"><span style=\"font-family: &quot;lucida sans unicode&quot;, &quot;lucida grande&quot;, sans-serif;\"><a href=\"https:\/\/shop.advancedsofttissuerelease.com\/ocart2\/Class%20Registration\/Class%20Registration%20Fees\" target=\"_blank\"><strong><span style=\"color: rgb(255, 0, 0);\">\u00a1Reg\u00edstrate ahora!<\/span><\/strong><\/a><\/span><\/span><\/p>\n<p class=\"p3\" style=\"text-align: center; font-stretch: normal; font-size: 14px; line-height: normal; font-family: Verdana; -webkit-text-stroke-color: rgb(0, 0, 0);\"> \t&nbsp;<\/p>\n<p class=\"p3\" style=\"font-stretch: normal; font-size: 14px; line-height: normal; font-family: Verdana; -webkit-text-stroke-color: rgb(0, 0, 0);\"> \t&nbsp;<\/p>\n<p class=\"p1\" style=\"text-align: left; font-size: 15px; color: rgb(51, 102, 204); -webkit-text-stroke: 0px rgb(51, 102, 204);\"> \t<span style=\"font-family: &quot;lucida sans unicode&quot;, &quot;lucida grande&quot;, sans-serif;\"><span style=\"font-size: 16px;\"><span style=\"color: rgb(105, 105, 105);\"><span class=\"s1\">\u00bfNo convencido? Hacer clic&nbsp;<u><strong><a href=\"http:\/\/medcraveonline.com\/MOJOR\/MOJOR-05-00188.pdf\" target=\"_blank\" rel=\"noopener\">Aqu\u00ed<\/a><\/strong><\/u><\/span><\/span><span style=\"color: rgb(105, 105, 105);\"><span class=\"s1\">&nbsp;para leer m\u00e1s sobre la ciencia detr\u00e1s de ASTR!<\/span><\/span><\/span><\/span><\/p>\n<p class=\"p1\" style=\"text-align: left; font-size: 15px; color: rgb(51, 102, 204); -webkit-text-stroke: 0px rgb(51, 102, 204);\"> \t&nbsp;<\/p>\n<p class=\"p3\" style=\"text-align: center; font-stretch: normal; font-size: 14px; line-height: normal; font-family: Verdana; -webkit-text-stroke-color: rgb(0, 0, 0);\"> \t&nbsp;<\/p>\n<p class=\"p3\" style=\"font-stretch: normal; font-size: 14px; line-height: normal; font-family: Verdana; -webkit-text-stroke-color: rgb(0, 0, 0);\"> \t<strong style=\"font-family: Helvetica; text-align: center; color: rgb(255, 0, 0); font-size: 28px;\"><img fetchpriority=\"high\" decoding=\"async\" class=\"size-full wp-image-540\" alt=\"\" src=\"https:\/\/advancedsofttissuerelease.com\/wp-content\/uploads\/2017\/01\/ASTR-Scoliosis1.jpg\" width=\"1170\" height=\"973\" srcset=\"https:\/\/advancedsofttissuerelease.com\/wp-content\/uploads\/2017\/01\/ASTR-Scoliosis1.jpg 500w, https:\/\/advancedsofttissuerelease.com\/wp-content\/uploads\/2017\/01\/ASTR-Scoliosis1-200x166.jpg 200w, https:\/\/advancedsofttissuerelease.com\/wp-content\/uploads\/2017\/01\/ASTR-Scoliosis1-300x250.jpg 300w\" sizes=\"(max-width: 1170px) 100vw, 1170px\" \/><\/strong><\/p>\n<p class=\"p3\" style=\"font-stretch: normal; font-size: 14px; line-height: normal; font-family: Verdana; -webkit-text-stroke-color: rgb(0, 0, 0);\"> \t&nbsp;<\/p>\n<p class=\"p3\" style=\"-webkit-text-stroke-color: rgb(0, 0, 0); font-stretch: normal; font-size: 14px; line-height: normal; font-family: Verdana; text-align: center;\"> \t<span style=\"font-family: &quot;lucida sans unicode&quot;, &quot;lucida grande&quot;, sans-serif;\"><span class=\"s6\" style=\"font-stretch: normal; font-size: 11px; line-height: normal; font-family: &quot;Trebuchet MS&quot;; font-kerning: none;\">&nbsp;<\/span><strong style=\"font-size: 18px; font-family: Helvetica;\"><span style=\"color: rgb(105, 105, 105);\">Testimonios<\/span><\/strong><\/span><\/p>\n<p style=\"font-family: Helvetica;\"> \t&nbsp;<\/p>\n<p style=\"font-family: Helvetica;\"> \t<span style=\"font-family: &quot;lucida sans unicode&quot;, &quot;lucida grande&quot;, sans-serif;\"><span style=\"color: rgb(105, 105, 105); font-size: 16px;\"><span style=\"box-sizing: border-box;\"><span style=\"box-sizing: border-box;\"><span style=\"box-sizing: border-box;\"><span style=\"box-sizing: border-box; letter-spacing: 0px;\">\u201cMe han preocupado los efectos de empeoramiento de las espondilitis anquilosantes. Despu\u00e9s de haber&nbsp;<\/span><strong style=\"box-sizing: border-box; letter-spacing: 0px;\">viv\u00eda con el&nbsp;<\/strong><strong style=\"box-sizing: border-box; letter-spacing: 0px;\">enfermedad por m\u00e1s de 40 a\u00f1os<\/strong><span style=\"box-sizing: border-box; letter-spacing: 0px;\">Me sent\u00eda esc\u00e9ptico de que fuera posible un alivio. Para mi asombro, experiment\u00e9&nbsp;<\/span><b style=\"box-sizing: border-box; letter-spacing: 0px;\">alivio inmediato despu\u00e9s de una sesi\u00f3n<\/b><span style=\"box-sizing: border-box; letter-spacing: 0px;\">. Estoy muy agradecida por el trabajo que haces\u201d.&nbsp;<\/span><\/span><\/span><\/span><\/span><span style=\"color: rgb(105, 105, 105); font-size: 10px;\"><span style=\"box-sizing: border-box;\"><span style=\"box-sizing: border-box;\"><span style=\"box-sizing: border-box;\">William KB<\/span><\/span><\/span>ack Pain (misi\u00f3n Viejo, CA)<\/span><\/span><\/p>\n<p style=\"box-sizing: border-box; line-height: 1.6em; font-size: small; font-family: arial;\"> \t&nbsp;<\/p>\n<p class=\"p1\" style=\"text-align: left; font-size: 15px; color: rgb(51, 102, 204); -webkit-text-stroke: 0px rgb(51, 102, 204);\"> \t<span style=\"font-family: &quot;lucida sans unicode&quot;, &quot;lucida grande&quot;, sans-serif;\"><span style=\"color: rgb(105, 105, 105);\"><span class=\"s1\"><span style=\"font-size: 16px;\">\u201cDespu\u00e9s de sufrir los efectos de&nbsp;<b>ATM<\/b>&nbsp;y&nbsp;<b>dolor de cabeza<\/b>&nbsp;dolor por casi&nbsp;<b>5 a\u00f1os<\/b>, el Doctor Jacobs pudo aliviar mi dolor usando su Liberaci\u00f3n Avanzada de Tejido Blando dentro de&nbsp;<b>unos minutos<\/b>. Su t\u00e9cnica era muy&nbsp;<b>amable<\/b>&nbsp;y no fue doloroso en absoluto.\u201d<\/span>&nbsp;<span style=\"font-size: 10px;\">Lindsay J. ATM (Aliso Viejo, CA)<\/span><\/span><\/span><\/span><\/p>\n<p class=\"p1\" style=\"text-align: left; font-size: 15px; color: rgb(51, 102, 204); -webkit-text-stroke: 0px rgb(51, 102, 204);\"> \t&nbsp;<\/p>\n<p style=\"box-sizing: border-box; line-height: 1.6em; font-size: small; font-family: arial; text-align: center;\"> \t<span style=\"font-family: &quot;lucida sans unicode&quot;, &quot;lucida grande&quot;, sans-serif;\"><span style=\"font-size: 26px;\"><strong><span style=\"color: rgb(255, 0, 0);\">\u00a1USTED puede lograr estos incre\u00edbles resultados con sus pacientes!&nbsp;<\/span><\/strong><\/span><\/span><\/p>\n<p style=\"box-sizing: border-box; line-height: 1.6em; font-size: small; font-family: arial;\"> \t&nbsp;<\/p>\n<p class=\"p1\" style=\"font-size: 15px; color: rgb(51, 102, 204); -webkit-text-stroke: 0px rgb(51, 102, 204);\"> \t<span style=\"font-family: &quot;lucida sans unicode&quot;, &quot;lucida grande&quot;, sans-serif;\"><span class=\"s1\">&nbsp;<a href=\"https:\/\/shop.advancedsofttissuerelease.com\/ocart2\/Class%2520Registration\/Class%2520Registration%2520Fees\"><span class=\"s3\" style=\"font-kerning: none; font-stretch: normal; font-size: 20px; line-height: normal; font-family: &quot;Trebuchet MS&quot;; text-decoration: underline; color: rgb(255, 0, 0); -webkit-text-stroke-color: rgb(255, 0, 0);\"><b>\u00a1Reg\u00edstrate ahora!<\/b><\/span><span class=\"s4\" style=\"text-decoration: underline; font-kerning: none; color: rgb(0, 0, 255); -webkit-text-stroke-color: rgb(0, 0, 255);\">&nbsp;<\/span><\/a><\/span><\/span><\/p>\n<style type=\"text\/css\"> p.p1 {margin: 0.0px 0.0px 7.5px 0.0px; text-align: center; line-height: 19.2px; font: 15.0px Verdana; color: #3366cc; -webkit-text-stroke: #3366cc} span.s1 {font-kerning: none}<\/style>\n<style type=\"text\/css\"> p.p1 {margin: 0.0px 0.0px 7.5px 0.0px; line-height: 19.2px; font: 11.0px Verdana; color: #696969; -webkit-text-stroke: #696969} span.s1 {font-kerning: none; background-color: #ffffff}<\/style>","protected":false},"excerpt":{"rendered":"<p>Darren&#8217;s Chronic Back Pain Was Relieved in 2 ASTR Sessions! https:\/\/www.youtube.com\/watch?v=UyVCTuUKhvo &nbsp; &#8220;I see these Amazing results daily in my pracice. YOU can achieve these incredible results with your patients!&#8221; Joseph Jacobs, DPT, ASTRs &nbsp; &nbsp; What is ASTR? &nbsp; Advanced Soft Tissue Release (ASTR) is changing the way that patients experience&nbsp;Long-term&nbsp;pain&nbsp;relief. This specialty addresses [&hellip;]<\/p>\n","protected":false},"author":2447,"featured_media":540,"parent":0,"menu_order":91,"comment_status":"closed","ping_status":"closed","template":"","meta":{"_analytify_skip_tracking":false,"footnotes":""},"class_list":["post-292","page","type-page","status-publish","has-post-thumbnail","hentry"],"_links":{"self":[{"href":"https:\/\/advancedsofttissuerelease.com\/es\/wp-json\/wp\/v2\/pages\/292","targetHints":{"allow":["GET"]}}],"collection":[{"href":"https:\/\/advancedsofttissuerelease.com\/es\/wp-json\/wp\/v2\/pages"}],"about":[{"href":"https:\/\/advancedsofttissuerelease.com\/es\/wp-json\/wp\/v2\/types\/page"}],"author":[{"embeddable":true,"href":"https:\/\/advancedsofttissuerelease.com\/es\/wp-json\/wp\/v2\/users\/2447"}],"replies":[{"embeddable":true,"href":"https:\/\/advancedsofttissuerelease.com\/es\/wp-json\/wp\/v2\/comments?post=292"}],"version-history":[{"count":0,"href":"https:\/\/advancedsofttissuerelease.com\/es\/wp-json\/wp\/v2\/pages\/292\/revisions"}],"wp:featuredmedia":[{"embeddable":true,"href":"https:\/\/advancedsofttissuerelease.com\/es\/wp-json\/wp\/v2\/media\/540"}],"wp:attachment":[{"href":"https:\/\/advancedsofttissuerelease.com\/es\/wp-json\/wp\/v2\/media?parent=292"}],"curies":[{"name":"wp","href":"https:\/\/api.w.org\/{rel}","templated":true}]}}