{"id":300,"date":"2017-02-04T19:25:53","date_gmt":"2017-02-04T19:25:53","guid":{"rendered":"https:\/\/advancedsofttissuerelease.com\/landing-8\/"},"modified":"2017-02-04T19:25:53","modified_gmt":"2017-02-04T19:25:53","slug":"aterrizaje-8","status":"publish","type":"page","link":"https:\/\/advancedsofttissuerelease.com\/es\/landing-8\/","title":{"rendered":"Aterrizaje 7"},"content":{"rendered":"<p style=\"text-align: center;\"> \t<span style=\"font-size:24px;\"><strong><font color=\"#ff0000\" face=\"lato, helvetica neue, helvetica, arial, sans-serif\">Estudio publicado: 87% \u00a1Alivio del dolor a LARGO PLAZO con el tratamiento ASTR!<\/font><\/strong><\/span><\/p>\n<p style=\"text-align: center;\"> \t&nbsp;<\/p>\n<p style=\"text-align: center;\"> \t<img fetchpriority=\"high\" decoding=\"async\" class=\"size-full wp-image-543\" alt=\"\" src=\"https:\/\/advancedsofttissuerelease.com\/wp-content\/uploads\/2017\/02\/ASTR-advanced-scar-tissue-release.jpg\" width=\"1970\" height=\"974\" srcset=\"https:\/\/advancedsofttissuerelease.com\/wp-content\/uploads\/2017\/02\/ASTR-advanced-scar-tissue-release.jpg 500w, https:\/\/advancedsofttissuerelease.com\/wp-content\/uploads\/2017\/02\/ASTR-advanced-scar-tissue-release-200x99.jpg 200w, https:\/\/advancedsofttissuerelease.com\/wp-content\/uploads\/2017\/02\/ASTR-advanced-scar-tissue-release-300x148.jpg 300w\" sizes=\"(max-width: 1970px) 100vw, 1970px\" \/><\/p>\n<p> \t&nbsp;<\/p>\n<p> \t<strong style=\"color: rgba(0, 0, 0, 0.701961); font-family: inherit; font-size: 21px; orphans: 2; widows: 2; margin: 0px; padding: 0px; border: 0px; font-style: inherit; font-variant-ligatures: inherit; font-variant-position: inherit; font-variant-caps: inherit; font-variant-numeric: inherit; font-variant-alternates: inherit; font-variant-east-asian: inherit; font-stretch: inherit; line-height: inherit; vertical-align: baseline; outline: 0px; background-color: transparent;\">Hallazgos del estudio<\/strong><\/p>\n<p> \t&nbsp;<\/p>\n<p> \t<span style=\"color: rgba(0, 0, 0, 0.701961); font-family: 'Source Serif Pro', serif; font-size: 21px; font-variant-ligatures: normal; orphans: 2; white-space: pre-wrap; widows: 2;\">El estudio incluy\u00f3 a 149 pacientes que acudieron a la consulta externa de fisioterapia con varios tipos de lesiones en los tejidos blandos del cuello. 32 pacientes no cumplieron los criterios, 12 discontinuaron <\/span><a href=\"http:\/\/advancedsofttissuerelease.com\/es\/\" rel=\"noopener nofollow\" style=\"padding: 0px; margin: 0px; font-size: 21px; vertical-align: baseline; background-color: transparent; outline: 0px; border: 0px; color: rgb(140, 104, 203); box-sizing: border-box; word-wrap: break-word; font-family: 'Source Serif Pro', serif; font-variant-ligatures: normal; orphans: 2; white-space: pre-wrap; widows: 2; background-position: 0px 0px; background-repeat: initial initial;\" target=\"_blank\">ASTR<\/a><span style=\"color: rgba(0, 0, 0, 0.701961); font-family: 'Source Serif Pro', serif; font-size: 21px; font-variant-ligatures: normal; orphans: 2; white-space: pre-wrap; widows: 2;\"> tratamiento antes de completar el programa; Se incluyeron 105 en el estudio y solo se pudo contactar a 47 para el cuestionario de seguimiento a largo plazo. Los resultados fueron sobresalientes porque el 83% de los pacientes experiment\u00f3 alivio del dolor despu\u00e9s del tratamiento y el 97% sinti\u00f3 alivio en los dos primeros tratamientos. Casi (44%) la mitad de los sujetos hab\u00eda recibido un tratamiento previo que no tuvo \u00e9xito. Se realiz\u00f3 un seguimiento de todos los pacientes de los cuales 45% respondieron y 87% segu\u00edan sin dolor. <\/span><u><span style=\"margin: 0px; padding: 0px; border: 0px; outline: 0px; font-size: 21px; vertical-align: baseline; font-weight: 700; box-sizing: border-box; color: rgba(0, 0, 0, 0.701961); font-family: 'Source Serif Pro', serif; font-variant-ligatures: normal; orphans: 2; white-space: pre-wrap; widows: 2; background-position: 0px 0px; background-repeat: initial initial;\">uno a dos a\u00f1os<\/span><\/u><span style=\"color: rgba(0, 0, 0, 0.701961); font-family: 'Source Serif Pro', serif; font-size: 21px; font-variant-ligatures: normal; orphans: 2; white-space: pre-wrap; widows: 2;\">&nbsp;despu\u00e9s del tratamiento. El 1 de septiembre de 2016, el estudio fue publicado oficialmente en el <\/span><a href=\"http:\/\/medcraveonline.com\/MOJOR\/MOJOR-05-00188.pdf\" rel=\"noopener nofollow\" style=\"padding: 0px; margin: 0px; font-size: 21px; vertical-align: baseline; background-color: transparent; outline: 0px; border: 0px; color: rgb(140, 104, 203); box-sizing: border-box; word-wrap: break-word; font-family: &#039;Source Serif Pro&#039;, serif; font-variant-ligatures: normal; orphans: 2; white-space: pre-wrap; widows: 2; background-position: 0px 0px; background-repeat: initial initial;\" target=\"_blank\">Revista de Ortopedia y Reumatolog\u00eda.<\/a><\/p>\n<p> \t&nbsp;<\/p>\n<p> \t<strong style=\"color: rgb(105, 105, 105); font-size: 24px;\">\u00bfQu\u00e9 es ASTR?<\/strong><\/p>\n<p> \t<span style=\"font-family: &quot;lucida sans unicode&quot;, &quot;lucida grande&quot;, sans-serif; font-size: 18px;\">La liberaci\u00f3n avanzada de tejido blando (ASTR) est\u00e1 cambiando la forma en que los pacientes experimentan&nbsp;<\/span><strong style=\"font-family: verdana, geneva, sans-serif; font-size: 18px;\">A largo plazo<\/strong><span style=\"font-family: &quot;lucida sans unicode&quot;, &quot;lucida grande&quot;, sans-serif; font-size: 18px;\">&nbsp;<\/span><strong style=\"font-family: verdana, geneva, sans-serif; font-size: 18px;\">alivio del dolor<\/strong><span style=\"font-family: &quot;lucida sans unicode&quot;, &quot;lucida grande&quot;, sans-serif; font-size: 18px;\">. Esta especialidad aborda el dolor agudo y cr\u00f3nico mediante el uso de evaluaciones \u00fanicas de pacientes,&nbsp;<\/span><span style=\"font-family: &quot;lucida sans unicode&quot;, &quot;lucida grande&quot;, sans-serif; font-size: 18px;\">protocolos de tratamiento redactados t\u00e1cticamente,<\/span><span style=\"font-family: &quot;lucida sans unicode&quot;, &quot;lucida grande&quot;, sans-serif; font-size: 18px;\">&nbsp;dise\u00f1ado estrat\u00e9gicamente <strong>pag<\/strong><\/span><strong style=\"font-family: &quot;lucida sans unicode&quot;, &quot;lucida grande&quot;, sans-serif;\"><strong style=\"font-family: verdana, geneva, sans-serif; font-size: 18px;\">atendido&nbsp;<\/strong><\/strong><span style=\"font-family: &quot;lucida sans unicode&quot;, &quot;lucida grande&quot;, sans-serif; font-size: 18px;\">instrumentos y m\u00e1s de 125 maniobras \u00fanicas. ASTR aborda los alimentos en su origen para reducir el dolor, aumentar el rango de movimiento y ayudar a mejorar la calidad de vida de las personas.<\/span><\/p>\n<p> \t<span style=\"font-family:lucida sans unicode,lucida grande,sans-serif;\"><span style=\"font-size: 18px;\">&nbsp;<\/span><\/span><\/p>\n<p class=\"p1\" style=\"margin-bottom: 10px; font-size: 12px; color: rgb(0, 0, 0); -webkit-text-stroke: 0px rgb(0, 0, 0); text-align: left;\"> \t<span style=\"font-family: &quot;lucida sans unicode&quot;, &quot;lucida grande&quot;, sans-serif;\"><span style=\"font-size: 18px;\"><span style=\"color: rgb(105, 105, 105);\"><span class=\"s1\" style=\"text-decoration-line: underline;\">Como proveedor de ASTR con licencia, se beneficiar\u00e1 de:<\/span><\/span><\/span><\/span><\/p>\n<p class=\"p1\" style=\"margin-bottom: 10px; font-size: 12px; color: rgb(0, 0, 0); -webkit-text-stroke: 0px rgb(0, 0, 0); text-align: left;\"> \t&nbsp;<\/p>\n<ul>\n<li class=\"p1\" style=\"text-align: left;\"> \t\t<span style=\"font-family: &quot;lucida sans unicode&quot;, &quot;lucida grande&quot;, sans-serif;\"><span style=\"font-size: 18px;\"><span style=\"color: rgb(105, 105, 105);\"><strong>Tratar condiciones dif\u00edciles<\/strong>&nbsp;incluyendo dolor de mand\u00edbula, ci\u00e1tica, artritis, dolores de cabeza, dolor de cuello y espalda, s\u00edndrome del t\u00fanel carpiano, tendinitis, bursitis y&nbsp;<a href=\"https:\/\/advancedsofttissuerelease.com\/es\/tratamiento-2\/\" target=\"_blank\"><u>mucho m\u00e1s<\/u>!<\/a><\/span><\/span><\/span><\/li>\n<\/ul>\n<ul>\n<li class=\"p1\" style=\"text-align: left;\"> \t\t<strong style=\"color: rgb(105, 105, 105); font-size: 18px; font-family: &quot;lucida sans unicode&quot;, &quot;lucida grande&quot;, sans-serif;\"><a href=\"https:\/\/advancedsofttissuerelease.com\/es\/medical-providers\/investigar-2\/\" target=\"_blank\">La evidencia se basa en la practica<\/a><span style=\"font-size: 14px;\">:&nbsp;<\/span><\/strong><span style=\"font-size: 14px;\">&nbsp;<span style=\"color: rgb(51, 102, 255);\"><strong><span style=\"font-size: 16px;\"><a href=\"https:\/\/advancedsofttissuerelease.com\/es\/medical-providers\/investigar-2\/\" target=\"_blank\">Consulte las investigaciones que respaldan el tratamiento ASTR<\/a><\/span><\/strong><\/span><\/span><\/li>\n<li class=\"p1\" style=\"text-align: left;\"> \t\t<strong style=\"color: rgb(105, 105, 105); font-size: 18px; font-family: &quot;lucida sans unicode&quot;, &quot;lucida grande&quot;, sans-serif;\">Proporcionar alivio a largo plazo<\/strong><span style=\"color: rgb(105, 105, 105); font-size: 18px; font-family: &quot;lucida sans unicode&quot;, &quot;lucida grande&quot;, sans-serif;\">&nbsp;a pacientes que sufren de dolor agudo y cr\u00f3nico y otras condiciones debilitantes y est\u00e1n frustrados sin alivio.<\/span><\/li>\n<li class=\"p1\" style=\"text-align: left;\"> \t\t<span style=\"font-family: &quot;lucida sans unicode&quot;, &quot;lucida grande&quot;, sans-serif;\"><span style=\"font-size: 18px;\"><span style=\"color: rgb(105, 105, 105);\"><strong>Aumentar la satisfacci\u00f3n del paciente:<\/strong>&nbsp;Los pacientes tratados con ASTR a menudo experimentan alivio del dolor en la primera o segunda sesi\u00f3n de tratamiento. A menudo se sorprenden de c\u00f3mo este enfoque diferente logra aliviar sus dolores donde otras terapias han fallado.<\/span><\/span><\/span><\/li>\n<li class=\"p1\" style=\"text-align: left;\"> \t\t<span style=\"font-family: &quot;lucida sans unicode&quot;, &quot;lucida grande&quot;, sans-serif;\"><span style=\"font-size: 18px;\"><span style=\"color: rgb(105, 105, 105);\"><strong>Aumentar las referencias de pacientes:<\/strong>&nbsp;\u00a1El boca a boca es la mejor fuente de nuevos negocios! A medida que los pacientes reconocen los resultados de ser tratados con ASTR, surge su satisfacci\u00f3n, confianza y lealtad hacia el proveedor y refieren a sus amigos.<\/span><\/span><\/span><\/li>\n<li class=\"p1\" style=\"text-align: left;\"> \t\t<span style=\"font-family: &quot;lucida sans unicode&quot;, &quot;lucida grande&quot;, sans-serif;\"><span style=\"font-size: 18px;\"><span style=\"color: rgb(105, 105, 105);\"><strong>Aumentar los ingresos:<\/strong>&nbsp;ASTR es un nuevo nicho para las terapias de tejidos blandos y la certificaci\u00f3n en esta especialidad es una gran herramienta para los proveedores m\u00e9dicos que buscan expandir su pr\u00e1ctica.<\/span><\/span><\/span><\/li>\n<li class=\"p1\" style=\"text-align: left;\"> \t\t<span style=\"font-family: &quot;lucida sans unicode&quot;, &quot;lucida grande&quot;, sans-serif;\"><span style=\"font-size: 18px;\"><span style=\"color: rgb(105, 105, 105);\"><strong>Destaca entre tus colegas:<\/strong>&nbsp;Los m\u00e9dicos de ASTR son miembros de una comunidad exclusiva de proveedores m\u00e9dicos con licencia de ASTR. Tener esta licencia es evidencia de la amplia capacitaci\u00f3n y alta competencia de un proveedor en el tratamiento de lesiones de tejidos blandos con el enfoque ASTR.<\/span><\/span><\/span><\/li>\n<\/ul>\n<p class=\"p1\" style=\"text-align: left;\"> \t&nbsp;<\/p>\n<p style=\"font-family: Helvetica; text-align: center;\"> \t<span style=\"font-family:lucida sans unicode,lucida grande,sans-serif;\"><span style=\"font-size:18px;\"><span style=\"color:#696969;\"> \t<\/p>\n<style type=\"text\/css\"> p.p1 {margin: 0.0px 0.0px 10.0px 0.0px; text-align: justify; font: 12.0px Verdana; color: #000000; -webkit-text-stroke: #000000; background-color: #ffffff} p.p3 {margin: 0.0px 0.0px 10.0px 0.0px; text-align: center; font: 14.0px Verdana; color: #000000; -webkit-text-stroke: #000000} li.li2 {margin: 0.0px 0.0px 10.0px 0.0px; text-align: justify; font: 12.0px Verdana; color: #000000; -webkit-text-stroke: #000000} span.s1 {font-kerning: none} span.s2 {font: 12.0px Helvetica; color: #000000} span.s3 {font-kerning: none; background-color: #ffffff} span.s4 {text-decoration: underline ; font-kerning: none} span.s5 {font: 9.3px Verdana; font-kerning: none} span.s6 {font: 11.0px 'Trebuchet MS'; font-kerning: none}\t<\/style>\n<p> \t<\/span><\/span><\/span><\/p>\n<p class=\"p3\"> \t<span style=\"font-family:lucida sans unicode,lucida grande,sans-serif;\"><span style=\"font-size:18px;\"><span style=\"color:#696969;\"><span class=\"s1\"><b>Las inscripciones est\u00e1n casi llenas para nuestro <\/b><\/span><span class=\"s5\"><b><sup>&nbsp;<\/sup><\/b><\/span><\/span><b style=\"color: rgb(105, 105, 105); font-size: 16px; -webkit-text-stroke-width: initial;\">Certificaci\u00f3n<\/b><\/span><\/span><\/p>\n<p class=\"p3\"> \t<span style=\"font-size:24px;\"><span style=\"font-family:lucida sans unicode,lucida grande,sans-serif;\"><a href=\"https:\/\/shop.advancedsofttissuerelease.com\/ocart2\/Class%20Registration\/Class%20Registration%20Fees\" target=\"_blank\"><strong><span style=\"color:#ff0000;\">\u00a1Reg\u00edstrate ahora!<\/span><\/strong><\/a><\/span><\/span><\/p>\n<p class=\"p3\"> \t&nbsp;<\/p>\n<p class=\"p3\" style=\"text-align: left;\"> \t<span style=\"font-family:lucida sans unicode,lucida grande,sans-serif;\"> \t<\/p>\n<style type=\"text\/css\"> p.p1 {margin: 0.0px 0.0px 10.0px 0.0px; text-align: justify; font: 12.0px Verdana; color: #000000; -webkit-text-stroke: #000000; background-color: #ffffff} span.s1 {font-kerning: none} span.s2 {text-decoration: underline ; font-kerning: none; color: #0000ff; -webkit-text-stroke: 0px #0000ff}\t<\/style>\n<p> \t<\/span><\/p>\n<p class=\"p1\" style=\"text-align: left;\"> \t<span style=\"font-family:lucida sans unicode,lucida grande,sans-serif;\"><span style=\"font-size:16px;\"><span style=\"color:#696969;\"><span class=\"s1\">\u00bfNo convencido? Hacer clic <u><strong><a href=\"http:\/\/medcraveonline.com\/MOJOR\/MOJOR-05-00188.pdf\" target=\"_blank\" rel=\"noopener\">Aqu\u00ed<\/a><\/strong><\/u><\/span><\/span><span style=\"color:#696969;\"><span class=\"s1\">&nbsp;para leer m\u00e1s sobre la ciencia detr\u00e1s de ASTR!<\/span><\/span><\/span><\/span><\/p>\n<p class=\"p3\"> \t&nbsp;<\/p>\n<p class=\"p3\"> \t<img decoding=\"async\" class=\"size-full wp-image-542\" alt=\"\" src=\"https:\/\/advancedsofttissuerelease.com\/wp-content\/uploads\/2017\/02\/ASTR-advanced-soft-tissue-release21.jpg\" width=\"625\" height=\"487\" srcset=\"https:\/\/advancedsofttissuerelease.com\/wp-content\/uploads\/2017\/02\/ASTR-advanced-soft-tissue-release21.jpg 500w, https:\/\/advancedsofttissuerelease.com\/wp-content\/uploads\/2017\/02\/ASTR-advanced-soft-tissue-release21-200x156.jpg 200w, https:\/\/advancedsofttissuerelease.com\/wp-content\/uploads\/2017\/02\/ASTR-advanced-soft-tissue-release21-300x234.jpg 300w\" sizes=\"(max-width: 625px) 100vw, 625px\" \/><\/p>\n<p class=\"p3\" style=\"text-align: left;\"> \t&nbsp;<\/p>\n<p style=\"font-family: Helvetica; text-align: center;\"> \t<span style=\"font-size:22px;\"><span style=\"color:#696969;\"><strong>Testimonios&nbsp;<\/strong><\/span><\/span><\/p>\n<p style=\"font-family: Helvetica;\"> \t<span style=\"font-family:lucida sans unicode,lucida grande,sans-serif;\"><span style=\"color: rgb(105, 105, 105); font-size: 16px;\"><span style=\"box-sizing: border-box;\"><span style=\"box-sizing: border-box;\"><span style=\"box-sizing: border-box;\"><span style=\"box-sizing: border-box; letter-spacing: 0px;\">\u201cMe han preocupado los efectos de empeoramiento de las espondilitis anquilosantes. Despu\u00e9s de haber&nbsp;<\/span><strong style=\"box-sizing: border-box; letter-spacing: 0px;\">viv\u00eda con el&nbsp;<\/strong><strong style=\"box-sizing: border-box; letter-spacing: 0px;\">enfermedad por m\u00e1s de 40 a\u00f1os<\/strong><span style=\"box-sizing: border-box; letter-spacing: 0px;\">Me sent\u00eda esc\u00e9ptico de que fuera posible un alivio. Para mi asombro, experiment\u00e9&nbsp;<\/span><b style=\"box-sizing: border-box; letter-spacing: 0px;\">alivio inmediato despu\u00e9s de una sesi\u00f3n<\/b><span style=\"box-sizing: border-box; letter-spacing: 0px;\">. Estoy muy agradecida por el trabajo que haces\u201d.&nbsp;<\/span><\/span><\/span><\/span><\/span><span style=\"color: rgb(105, 105, 105); font-size: 10px;\"><span style=\"box-sizing: border-box;\"><span style=\"box-sizing: border-box;\"><span style=\"box-sizing: border-box;\">William KB<\/span><\/span><\/span>ack Pain (misi\u00f3n Viejo, CA)<\/span><\/span><\/p>\n<p style=\"font-family: Helvetica;\"> \t&nbsp;<\/p>\n<p style=\"box-sizing: border-box; line-height: 1.6em; font-size: small; font-family: arial;\"> \t<span style=\"font-family:lucida sans unicode,lucida grande,sans-serif;\"> \t<\/p>\n<style type=\"text\/css\"> p.p1 {margin: 0.0px 0.0px 7.5px 0.0px; line-height: 19.2px; font: 11.0px Verdana; color: #696969; -webkit-text-stroke: #696969} span.s1 {font-kerning: none; background-color: #ffffff}\t<\/style>\n<p> \t<\/span><\/p>\n<p class=\"p1\" style=\"text-align: left;\"> \t<span style=\"font-family:lucida sans unicode,lucida grande,sans-serif;\"><span style=\"color:#696969;\"><span class=\"s1\"><span style=\"font-size:16px;\">\u201cDespu\u00e9s de sufrir los efectos de&nbsp;<b>ATM<\/b>&nbsp;y&nbsp;<b>dolor de cabeza<\/b>&nbsp;dolor por casi&nbsp;<b>5 a\u00f1os<\/b>, el Doctor Jacobs pudo aliviar mi dolor usando su Liberaci\u00f3n Avanzada de Tejido Blando dentro de&nbsp;<b>unos minutos<\/b>. Su t\u00e9cnica era muy&nbsp;<b>amable<\/b>&nbsp;y no fue doloroso en absoluto.\u201d<\/span> <span style=\"font-size:10px;\">Lindsay J. ATM (Aliso Viejo, CA)<\/span><\/span><\/span><\/span><\/p>\n<p class=\"p1\" style=\"text-align: left;\"> \t&nbsp;<\/p>\n<p style=\"box-sizing: border-box; line-height: 1.6em; font-size: small; font-family: arial; text-align: center;\"> \t<span style=\"font-family:lucida sans unicode,lucida grande,sans-serif;\"><span style=\"font-size:26px;\"><span style=\"text-align: center;\"><strong><span style=\"color: rgb(255, 0, 0);\">\u00a1USTED puede lograr estos incre\u00edbles resultados con sus pacientes!&nbsp;<\/span><\/strong><\/span><\/span><\/span><\/p>\n<p style=\"box-sizing: border-box; line-height: 1.6em; font-size: small; font-family: arial;\"> \t<span style=\"font-family:lucida sans unicode,lucida grande,sans-serif;\"> \t<\/p>\n<style type=\"text\/css\"> p.p1 {margin: 0.0px 0.0px 10.0px 0.0px; font: 11.0px 'Trebuchet MS'; color: #000000; -webkit-text-stroke: #000000} span.s1 {font-kerning: none} span.s2 {font: 7.3px 'Trebuchet MS'; font-kerning: none} span.s3 {font: 20.0px 'Trebuchet MS'; text-decoration: underline ; font-kerning: none; color: #ff0000; -webkit-text-stroke: 0px #ff0000} span.s4 {text-decoration: underline ; font-kerning: none; color: #0000ff; -webkit-text-stroke: 0px #0000ff}\t<\/style>\n<p> \t<\/span><\/p>\n<p class=\"p1\"> \t<span style=\"font-family:lucida sans unicode,lucida grande,sans-serif;\"><span class=\"s1\"><a href=\"https:\/\/shop.advancedsofttissuerelease.com\/ocart2\/Class%2520Registration\/Class%2520Registration%2520Fees\"><span class=\"s3\"><b>\u00a1Reg\u00edstrate ahora!<\/b><\/span><span class=\"s4\">&nbsp;<\/span><\/a><\/span><\/span><\/p>\n<style type=\"text\/css\"> p.p1 {margin: 0.0px 0.0px 7.5px 0.0px; text-align: center; line-height: 19.2px; font: 15.0px Verdana; color: #3366cc; -webkit-text-stroke: #3366cc} span.s1 {font-kerning: none}<\/style>","protected":false},"excerpt":{"rendered":"<p>Published Study: 87% LONG-TERM pain relief with ASTR Treatment! &nbsp; &nbsp; Study Findings &nbsp; The study included 149 patients who came to outpatient physical therapy clinic with several types of soft tissue injuries of the neck. 32 patients didn\u2019t meet the criteria, 12 discontinued ASTR treatment prior to completing the program; 105 were included in [&hellip;]<\/p>\n","protected":false},"author":2447,"featured_media":543,"parent":0,"menu_order":84,"comment_status":"closed","ping_status":"closed","template":"","meta":{"_analytify_skip_tracking":false,"footnotes":""},"class_list":["post-300","page","type-page","status-publish","has-post-thumbnail","hentry"],"_links":{"self":[{"href":"https:\/\/advancedsofttissuerelease.com\/es\/wp-json\/wp\/v2\/pages\/300","targetHints":{"allow":["GET"]}}],"collection":[{"href":"https:\/\/advancedsofttissuerelease.com\/es\/wp-json\/wp\/v2\/pages"}],"about":[{"href":"https:\/\/advancedsofttissuerelease.com\/es\/wp-json\/wp\/v2\/types\/page"}],"author":[{"embeddable":true,"href":"https:\/\/advancedsofttissuerelease.com\/es\/wp-json\/wp\/v2\/users\/2447"}],"replies":[{"embeddable":true,"href":"https:\/\/advancedsofttissuerelease.com\/es\/wp-json\/wp\/v2\/comments?post=300"}],"version-history":[{"count":0,"href":"https:\/\/advancedsofttissuerelease.com\/es\/wp-json\/wp\/v2\/pages\/300\/revisions"}],"wp:featuredmedia":[{"embeddable":true,"href":"https:\/\/advancedsofttissuerelease.com\/es\/wp-json\/wp\/v2\/media\/543"}],"wp:attachment":[{"href":"https:\/\/advancedsofttissuerelease.com\/es\/wp-json\/wp\/v2\/media?parent=300"}],"curies":[{"name":"wp","href":"https:\/\/api.w.org\/{rel}","templated":true}]}}