{"id":326,"date":"2017-02-04T19:25:53","date_gmt":"2017-02-04T19:25:53","guid":{"rendered":"https:\/\/advancedsofttissuerelease.com\/landing-26\/"},"modified":"2017-02-04T19:25:53","modified_gmt":"2017-02-04T19:25:53","slug":"landing-26","status":"publish","type":"page","link":"https:\/\/advancedsofttissuerelease.com\/es\/landing-26\/","title":{"rendered":"Landing 26"},"content":{"rendered":"<p style=\"text-align: center;\"> \t<span style=\"font-size:36px;\"><em><font color=\"#ff0000\"><b>Can 20+ Years of Headaches &amp; Neck Pain be Relieved in 1 Session? <\/b><\/font><\/em><\/span><\/p>\n<p style=\"text-align: center;\"> \t&nbsp;<\/p>\n<p style=\"text-align: center;\"> \t<span style=\"color:#3366cc;\"><em><span style=\"font-size:26px;\"><b>(Ver el video del tratamiento)<\/b><\/span><\/em><\/span><\/p>\n<p style=\"text-align: center;\"> \t&nbsp;<\/p>\n<p style=\"text-align: center;\">\n<style type=\"text\/css\"> p.p1 {margin: 0.0px 0.0px 0.0px 0.0px; font: 11.0px 'Helvetica Neue'; color: #000000; -webkit-text-stroke: #000000} span.s1 {text-decoration: underline ; font-kerning: none}\t<\/style>\n<\/p>\n<p class=\"p1\" style=\"text-align: center;\"> \t<iframe title=\"* SEVERE* 20 Years of Migraine Headache &amp; Neck Pain Was Relieved! (REAL RESULTS!!)\" width=\"800\" height=\"450\" src=\"https:\/\/www.youtube.com\/embed\/nldudnh0TTY?start=331&#038;feature=oembed\" frameborder=\"0\" allow=\"accelerometer; autoplay; clipboard-write; encrypted-media; gyroscope; picture-in-picture; web-share\" allowfullscreen><\/iframe><\/p>\n<p class=\"p1\" style=\"text-align: center;\"> \t&nbsp;<\/p>\n<p class=\"p1\" style=\"text-align: center;\"> \t&nbsp;<\/p>\n<p class=\"p1\" style=\"text-align: center;\"> \t<strong style=\"-webkit-text-stroke-width: initial; font-size: 24px; font-family: Arial;\"><span style=\"font-family:lucida sans unicode,lucida grande,sans-serif;\"><span style=\"color:#3366ff;\">\u201cVeo estos resultados asombrosos diariamente en mi pr\u00e1ctica. \u00a1USTED puede lograr estos incre\u00edbles resultados con sus pacientes!\u201d <\/span><\/span><\/strong><span style=\"-webkit-text-stroke-width: initial; font-size: 24px; font-family: &quot;lucida sans unicode&quot;, &quot;lucida grande&quot;, sans-serif;\"><span style=\"color:#3366ff;\"><span style=\"font-size:16px;\">(Dr.Jacobs)<\/span><\/span><\/span><\/p>\n<p class=\"p1\" style=\"text-align: center;\"> \t&nbsp;<\/p>\n<p style=\"text-align: center;\"> \t&nbsp;<\/p>\n<p style=\"text-align: center;\"> \t<span id=\"cke_bm_111E\" style=\"display: none;\">&nbsp;<\/span><\/p>\n<p> \t<span style=\"display: none;\">&nbsp;<\/span><\/p>\n<p> \t<span style=\"font-size:24px;\"><span style=\"color:#696969;\"><strong>\u00bfQu\u00e9 es ASTR?<\/strong><\/span><\/span><\/p>\n<p> \t<span style=\"font-family: &quot;lucida sans unicode&quot;, &quot;lucida grande&quot;, sans-serif; font-size: 18px;\">La liberaci\u00f3n avanzada de tejido blando (ASTR) est\u00e1 cambiando la forma en que los pacientes experimentan&nbsp;<\/span><strong style=\"font-family: verdana, geneva, sans-serif; font-size: 18px;\">A largo plazo<\/strong><span style=\"font-family: &quot;lucida sans unicode&quot;, &quot;lucida grande&quot;, sans-serif; font-size: 18px;\">&nbsp;<\/span><strong style=\"font-family: verdana, geneva, sans-serif; font-size: 18px;\">alivio del dolor<\/strong><span style=\"font-family: &quot;lucida sans unicode&quot;, &quot;lucida grande&quot;, sans-serif; font-size: 18px;\">. Esta especialidad aborda el dolor agudo y cr\u00f3nico mediante el uso de evaluaciones \u00fanicas de pacientes,&nbsp;<\/span><span style=\"font-family: &quot;lucida sans unicode&quot;, &quot;lucida grande&quot;, sans-serif; font-size: 18px;\">protocolos de tratamiento redactados t\u00e1cticamente,<\/span><span style=\"font-family: &quot;lucida sans unicode&quot;, &quot;lucida grande&quot;, sans-serif; font-size: 18px;\">&nbsp;dise\u00f1ado estrat\u00e9gicamente <strong>pag<\/strong><\/span><strong style=\"font-family: &quot;lucida sans unicode&quot;, &quot;lucida grande&quot;, sans-serif;\"><strong style=\"font-family: verdana, geneva, sans-serif; font-size: 18px;\">atendido&nbsp;<\/strong><\/strong><span style=\"font-family: &quot;lucida sans unicode&quot;, &quot;lucida grande&quot;, sans-serif; font-size: 18px;\">instrumentos y m\u00e1s de 125 maniobras \u00fanicas. ASTR aborda los alimentos en su origen para reducir el dolor, aumentar el rango de movimiento y ayudar a mejorar la calidad de vida de las personas. Los resultados de un estudio reciente del cuello realizado en pacientes con ASTR encontraron que hab\u00eda una <strong><span style=\"color:#ff0000;\">Tasa de \u00e9xito 87%<\/span><\/strong> para los pacientes que pasaron por nuestro programa!<\/span><\/p>\n<p> \t<span style=\"font-family:lucida sans unicode,lucida grande,sans-serif;\"><span style=\"font-size: 18px;\">&nbsp;<\/span><\/span><\/p>\n<p class=\"p1\" style=\"text-align: left;\"> \t<span style=\"font-family:lucida sans unicode,lucida grande,sans-serif;\"><span style=\"font-size:18px;\"><span style=\"color:#696969;\"><span class=\"s1\">Como proveedor de ASTR con licencia, se beneficiar\u00e1 de:<\/span><\/span><\/span><\/span><\/p>\n<p class=\"p1\" style=\"text-align: left;\"> \t&nbsp;<\/p>\n<ul>\n<li class=\"p1\" style=\"text-align: left;\"> \t\t<span style=\"font-family:lucida sans unicode,lucida grande,sans-serif;\"><span style=\"font-size:18px;\"><span style=\"color:#696969;\"><strong>Tratar condiciones dif\u00edciles<\/strong> incluyendo dolor de mand\u00edbula, ci\u00e1tica, artritis, dolores de cabeza, dolor de cuello y espalda, s\u00edndrome del t\u00fanel carpiano, tendinitis, bursitis y <a href=\"https:\/\/advancedsofttissuerelease.com\/es\/tratamiento-2\/\" target=\"_blank\"><u>mucho m\u00e1s<\/u>!<\/a><\/span><\/span><\/span><\/li>\n<\/ul>\n<ul>\n<li class=\"p1\" style=\"text-align: left;\"> \t\t<strong style=\"color: rgb(105, 105, 105); font-size: 18px; font-family: &quot;lucida sans unicode&quot;, &quot;lucida grande&quot;, sans-serif;\"><a href=\"https:\/\/advancedsofttissuerelease.com\/es\/medical-providers\/investigar-2\/\" target=\"_blank\">La evidencia se basa en la practica<\/a><span style=\"font-size:14px;\">:&nbsp;<\/span><\/strong><span style=\"font-size:14px;\">&nbsp;<span style=\"color:#3366ff;\"><strong><span style=\"font-size:16px;\"><a href=\"https:\/\/advancedsofttissuerelease.com\/es\/medical-providers\/investigar-2\/\" target=\"_blank\">Consulte las investigaciones que respaldan el tratamiento ASTR<\/a><\/span><\/strong><\/span><\/span><\/li>\n<li class=\"p1\" style=\"text-align: left;\"> \t\t<strong style=\"color: rgb(105, 105, 105); font-size: 18px; font-family: &quot;lucida sans unicode&quot;, &quot;lucida grande&quot;, sans-serif;\">Proporcionar alivio a largo plazo<\/strong><span style=\"color: rgb(105, 105, 105); font-size: 18px; font-family: &quot;lucida sans unicode&quot;, &quot;lucida grande&quot;, sans-serif;\"> a pacientes que sufren de dolor agudo y cr\u00f3nico y otras condiciones debilitantes y est\u00e1n frustrados sin alivio.<\/span><\/li>\n<li class=\"p1\" style=\"text-align: left;\"> \t\t<span style=\"font-family:lucida sans unicode,lucida grande,sans-serif;\"><span style=\"font-size:18px;\"><span style=\"color:#696969;\"><strong>Aumentar la satisfacci\u00f3n del paciente:<\/strong> Los pacientes tratados con ASTR a menudo experimentan alivio del dolor en la primera o segunda sesi\u00f3n de tratamiento. A menudo se sorprenden de c\u00f3mo este enfoque diferente logra aliviar sus dolores donde otras terapias han fallado.<\/span><\/span><\/span><\/li>\n<li class=\"p1\" style=\"text-align: left;\"> \t\t<span style=\"font-family:lucida sans unicode,lucida grande,sans-serif;\"><span style=\"font-size:18px;\"><span style=\"color:#696969;\"><strong>Aumentar las referencias de pacientes:<\/strong> \u00a1El boca a boca es la mejor fuente de nuevos negocios! A medida que los pacientes reconocen los resultados de ser tratados con ASTR, surge su satisfacci\u00f3n, confianza y lealtad hacia el proveedor y refieren a sus amigos.<\/span><\/span><\/span><\/li>\n<li class=\"p1\" style=\"text-align: left;\"> \t\t<span style=\"font-family:lucida sans unicode,lucida grande,sans-serif;\"><span style=\"font-size:18px;\"><span style=\"color:#696969;\"><strong>Aumentar los ingresos:<\/strong> ASTR es un nuevo nicho para las terapias de tejidos blandos y la certificaci\u00f3n en esta especialidad es una gran herramienta para los proveedores m\u00e9dicos que buscan expandir su pr\u00e1ctica.<\/span><\/span><\/span><\/li>\n<li class=\"p1\" style=\"text-align: left;\"> \t\t<span style=\"font-family:lucida sans unicode,lucida grande,sans-serif;\"><span style=\"font-size:18px;\"><span style=\"color:#696969;\"><strong>Destaca entre tus colegas:<\/strong> Los m\u00e9dicos de ASTR son miembros de una comunidad exclusiva de proveedores m\u00e9dicos con licencia de ASTR. Tener esta licencia es evidencia de la amplia capacitaci\u00f3n y alta competencia de un proveedor en el tratamiento de lesiones de tejidos blandos con el enfoque ASTR.<\/span><\/span><\/span><\/li>\n<\/ul>\n<p class=\"p1\" style=\"text-align: center;\"> \t&nbsp;<\/p>\n<p class=\"p1\" style=\"text-align: center;\"> \t<b style=\"text-align: center; color: rgb(105, 105, 105); font-size: 18px; font-family: &quot;lucida sans unicode&quot;, &quot;lucida grande&quot;, sans-serif; -webkit-text-stroke: rgb(0, 0, 0);\">El registro est\u00e1 casi completo para nuestra certificaci\u00f3n<\/b><\/p>\n<p class=\"p3\"> \t&nbsp;<\/p>\n<p class=\"p3\"> \t<span style=\"color:#ff0000;\"><span style=\"font-size:24px;\"><span style=\"font-family:lucida sans unicode,lucida grande,sans-serif;\"><strong><a href=\"https:\/\/shop.advancedsofttissuerelease.com\/ocart2\/Class%20Registration\/Class%20Registration%20Fees\" target=\"_blank\">\u00a1Reg\u00edstrate ahora!<\/a><\/strong><\/span><\/span><\/span><\/p>\n<p class=\"p3\"> \t&nbsp;<\/p>\n<p class=\"p3\"> \t<a href=\"https:\/\/advancedsofttissuerelease.com\/es\/medical-providers\/que-es-astr-2\/\" target=\"_blank\">\u00bfNo convencido? Haga clic aqu\u00ed para leer m\u00e1s sobre la ciencia detr\u00e1s de ASTR<\/a><\/p>\n<p class=\"p3\"> \t&nbsp;<\/p>\n<p style=\"font-family: Helvetica; text-align: center;\"> \t<span style=\"font-size:22px;\"><span style=\"color:#696969;\"><strong>Testimonios&nbsp;<\/strong><\/span><\/span><\/p>\n<p style=\"font-family: Helvetica;\"> \t<span style=\"font-family:lucida sans unicode,lucida grande,sans-serif;\"><span style=\"color: rgb(105, 105, 105); font-size: 16px;\"><span style=\"box-sizing: border-box;\"><span style=\"box-sizing: border-box;\"><span style=\"box-sizing: border-box;\"><span style=\"box-sizing: border-box; letter-spacing: 0px;\">\u201cMe han preocupado los efectos de empeoramiento de las espondilitis anquilosantes. Despu\u00e9s de haber&nbsp;<\/span><strong style=\"box-sizing: border-box; letter-spacing: 0px;\">viv\u00eda con el&nbsp;<\/strong><strong style=\"box-sizing: border-box; letter-spacing: 0px;\">enfermedad por m\u00e1s de 40 a\u00f1os<\/strong><span style=\"box-sizing: border-box; letter-spacing: 0px;\">Me sent\u00eda esc\u00e9ptico de que fuera posible un alivio. Para mi asombro, experiment\u00e9&nbsp;<\/span><b style=\"box-sizing: border-box; letter-spacing: 0px;\">alivio inmediato despu\u00e9s de una sesi\u00f3n<\/b><span style=\"box-sizing: border-box; letter-spacing: 0px;\">. Estoy muy agradecida por el trabajo que haces\u201d.&nbsp;<\/span><\/span><\/span><\/span><\/span><span style=\"color: rgb(105, 105, 105); font-size: 10px;\"><span style=\"box-sizing: border-box;\"><span style=\"box-sizing: border-box;\"><span style=\"box-sizing: border-box;\">William KB<\/span><\/span><\/span>ack Pain (misi\u00f3n Viejo, CA)<\/span><\/span><\/p>\n<p style=\"font-family: Helvetica;\"> \t&nbsp;<\/p>\n<p style=\"font-family: Helvetica;\"> \t<span style=\"color: rgb(105, 105, 105); font-family: &quot;lucida sans unicode&quot;, &quot;lucida grande&quot;, sans-serif; -webkit-text-stroke: rgb(105, 105, 105); font-size: 16px;\">\u201cDespu\u00e9s de sufrir los efectos de&nbsp;<b>ATM<\/b>&nbsp;y&nbsp;<b>dolor de cabeza<\/b>&nbsp;dolor por casi&nbsp;<b>5 a\u00f1os<\/b>, el Doctor Jacobs pudo aliviar mi dolor usando su Liberaci\u00f3n Avanzada de Tejido Blando dentro de&nbsp;<b>unos minutos<\/b>. Su t\u00e9cnica era muy&nbsp;<b>amable<\/b>&nbsp;y no fue doloroso en absoluto.\u201d<\/span><span style=\"text-decoration-line: underline; color: rgb(105, 105, 105); font-family: &quot;lucida sans unicode&quot;, &quot;lucida grande&quot;, sans-serif; font-size: 11px; -webkit-text-stroke: rgb(105, 105, 105);\"> <\/span><span style=\"color: rgb(105, 105, 105); font-family: &quot;lucida sans unicode&quot;, &quot;lucida grande&quot;, sans-serif; -webkit-text-stroke: rgb(105, 105, 105); font-size: 10px;\">Lindsay J. ATM (Aliso Viejo, CA)<\/span><\/p>\n<p class=\"p1\" style=\"text-align: left;\"> \t&nbsp;<\/p>\n<p style=\"box-sizing: border-box; line-height: 1.6em; font-size: small; font-family: arial; text-align: center;\"> \t<span style=\"font-family:lucida sans unicode,lucida grande,sans-serif;\"><span style=\"font-size:26px;\"><span style=\"text-align: center;\"><strong><span style=\"color: rgb(255, 0, 0);\">\u00a1USTED puede lograr estos incre\u00edbles resultados con sus pacientes!&nbsp;<\/span><\/strong><\/span><\/span><\/span><\/p>\n<p style=\"box-sizing: border-box; line-height: 1.6em; font-size: small; font-family: arial;\"> \t<span style=\"font-family:lucida sans unicode,lucida grande,sans-serif;\"> \t<\/p>\n<style type=\"text\/css\"> p.p1 {margin: 0.0px 0.0px 10.0px 0.0px; font: 11.0px 'Trebuchet MS'; color: #000000; -webkit-text-stroke: #000000} span.s1 {font-kerning: none} span.s2 {font: 7.3px 'Trebuchet MS'; font-kerning: none} span.s3 {font: 20.0px 'Trebuchet MS'; text-decoration: underline ; font-kerning: none; color: #ff0000; -webkit-text-stroke: 0px #ff0000} span.s4 {text-decoration: underline ; font-kerning: none; color: #0000ff; -webkit-text-stroke: 0px #0000ff}\t<\/style>\n<p> \t<\/span><\/p>\n<p class=\"p1\" style=\"text-align: center;\"> \t<span style=\"font-family:lucida sans unicode,lucida grande,sans-serif;\"><span class=\"s1\">&nbsp;<\/span><\/span><\/p>\n<p class=\"p1\" style=\"text-align: center;\"> \t<span style=\"font-family:lucida sans unicode,lucida grande,sans-serif;\"><span class=\"s1\"><a href=\"https:\/\/shop.advancedsofttissuerelease.com\/ocart2\/Class%2520Registration\/Class%2520Registration%2520Fees\"><span class=\"s3\"><b>\u00a1Reg\u00edstrate ahora!<\/b><\/span><span class=\"s4\">&nbsp;<\/span><\/a><\/span><\/span><\/p>\n<style type=\"text\/css\"> p.p1 {margin: 0.0px 0.0px 7.5px 0.0px; text-align: center; line-height: 19.2px; font: 15.0px Verdana; color: #3366cc; -webkit-text-stroke: #3366cc} span.s1 {font-kerning: none}<\/style>\n<style type=\"text\/css\"> p.p1 {margin: 0.0px 0.0px 7.5px 0.0px; line-height: 19.2px; font: 11.0px Verdana; color: #696969; -webkit-text-stroke: #696969} span.s1 {font-kerning: none; background-color: #ffffff}<\/style>\n<style type=\"text\/css\"> p.p1 {margin: 0.0px 0.0px 10.0px 0.0px; text-align: justify; font: 12.0px Verdana; color: #000000; -webkit-text-stroke: #000000; background-color: #ffffff} span.s1 {font-kerning: none} span.s2 {text-decoration: underline ; font-kerning: none; color: #0000ff; -webkit-text-stroke: 0px #0000ff}<\/style>\n<style type=\"text\/css\"> p.p1 {margin: 0.0px 0.0px 10.0px 0.0px; text-align: justify; font: 12.0px Verdana; color: #000000; -webkit-text-stroke: #000000; background-color: #ffffff} p.p3 {margin: 0.0px 0.0px 10.0px 0.0px; text-align: center; font: 14.0px Verdana; color: #000000; -webkit-text-stroke: #000000} li.li2 {margin: 0.0px 0.0px 10.0px 0.0px; text-align: justify; font: 12.0px Verdana; color: #000000; -webkit-text-stroke: #000000} span.s1 {font-kerning: none} span.s2 {font: 12.0px Helvetica; color: #000000} span.s3 {font-kerning: none; background-color: #ffffff} span.s4 {text-decoration: underline ; font-kerning: none} span.s5 {font: 9.3px Verdana; font-kerning: none} span.s6 {font: 11.0px 'Trebuchet MS'; font-kerning: none}<\/style>","protected":false},"excerpt":{"rendered":"<p>Can 20+ Years of Headaches &amp; Neck Pain be Relieved in 1 Session? &nbsp; (Watch the Treatment Video) &nbsp; &nbsp; &nbsp; &#8220;I see these Amazing results daily in my practice. YOU can achieve these incredible results with your patients!&#8221; (Dr.Jacobs) &nbsp; &nbsp; &nbsp; &nbsp; What is ASTR? Advanced Soft Tissue Release (ASTR) is changing the [&hellip;]<\/p>\n","protected":false},"author":2447,"featured_media":0,"parent":0,"menu_order":58,"comment_status":"closed","ping_status":"closed","template":"","meta":{"_analytify_skip_tracking":false,"footnotes":""},"class_list":["post-326","page","type-page","status-publish","hentry"],"_links":{"self":[{"href":"https:\/\/advancedsofttissuerelease.com\/es\/wp-json\/wp\/v2\/pages\/326","targetHints":{"allow":["GET"]}}],"collection":[{"href":"https:\/\/advancedsofttissuerelease.com\/es\/wp-json\/wp\/v2\/pages"}],"about":[{"href":"https:\/\/advancedsofttissuerelease.com\/es\/wp-json\/wp\/v2\/types\/page"}],"author":[{"embeddable":true,"href":"https:\/\/advancedsofttissuerelease.com\/es\/wp-json\/wp\/v2\/users\/2447"}],"replies":[{"embeddable":true,"href":"https:\/\/advancedsofttissuerelease.com\/es\/wp-json\/wp\/v2\/comments?post=326"}],"version-history":[{"count":0,"href":"https:\/\/advancedsofttissuerelease.com\/es\/wp-json\/wp\/v2\/pages\/326\/revisions"}],"wp:attachment":[{"href":"https:\/\/advancedsofttissuerelease.com\/es\/wp-json\/wp\/v2\/media?parent=326"}],"curies":[{"name":"wp","href":"https:\/\/api.w.org\/{rel}","templated":true}]}}