{"id":347,"date":"2015-07-06T00:22:14","date_gmt":"2015-07-06T00:22:14","guid":{"rendered":"https:\/\/advancedsofttissuerelease.com\/home-2\/"},"modified":"2019-01-01T20:15:32","modified_gmt":"2019-01-01T20:15:32","slug":"casa-2-3","status":"publish","type":"page","link":"https:\/\/advancedsofttissuerelease.com\/es\/home-2\/","title":{"rendered":"Parte superior de la casa"},"content":{"rendered":"<div data-elementor-type=\"wp-post\" data-elementor-id=\"347\" class=\"elementor elementor-347 elementor-bc-flex-widget\" data-elementor-post-type=\"page\">\n\t\t\t\t\t\t<section class=\"elementor-section elementor-top-section elementor-element elementor-element-d52c38 elementor-section-boxed elementor-section-height-default elementor-section-height-default\" data-id=\"d52c38\" data-element_type=\"section\" data-e-type=\"section\">\n\t\t\t\t\t\t<div class=\"elementor-container elementor-column-gap-default\">\n\t\t\t\t\t<div class=\"elementor-column elementor-col-100 elementor-top-column elementor-element elementor-element-2b894534\" data-id=\"2b894534\" data-element_type=\"column\" data-e-type=\"column\">\n\t\t\t<div class=\"elementor-widget-wrap elementor-element-populated\">\n\t\t\t\t\t\t<div class=\"elementor-element elementor-element-a51b12a elementor-nav-menu--dropdown-tablet elementor-nav-menu__text-align-aside elementor-nav-menu--toggle elementor-nav-menu--burger elementor-widget elementor-widget-nav-menu\" data-id=\"a51b12a\" data-element_type=\"widget\" data-e-type=\"widget\" data-settings=\"{&quot;layout&quot;:&quot;horizontal&quot;,&quot;submenu_icon&quot;:{&quot;value&quot;:&quot;&lt;i class=\\&quot;fas fa-caret-down\\&quot; aria-hidden=\\&quot;true\\&quot;&gt;&lt;\\\/i&gt;&quot;,&quot;library&quot;:&quot;fa-solid&quot;},&quot;toggle&quot;:&quot;burger&quot;}\" data-widget_type=\"nav-menu.default\">\n\t\t\t\t<div class=\"elementor-widget-container\">\n\t\t\t\t\t\t\t\t<nav aria-label=\"Men\u00fa\" class=\"elementor-nav-menu--main elementor-nav-menu__container elementor-nav-menu--layout-horizontal e--pointer-underline e--animation-fade\">\n\t\t\t\t<ul id=\"menu-1-a51b12a\" class=\"elementor-nav-menu\"><li class=\"menu-item menu-item-type-post_type menu-item-object-page menu-item-624\"><a href=\"https:\/\/advancedsofttissuerelease.com\/es\/dr-joseph-jacobs\/\" class=\"elementor-item\">Dr. Jos\u00e9 Jacobs<\/a><\/li>\n<li class=\"menu-item menu-item-type-custom menu-item-object-custom menu-item-23323\"><a href=\"https:\/\/advancedsofttissuerelease.com\/es\/dr-joseph-jacobs-cancer-story-2\/\" class=\"elementor-item\">Mi historia con el c\u00e1ncer<\/a><\/li>\n<li class=\"menu-item menu-item-type-post_type menu-item-object-page menu-item-626\"><a href=\"https:\/\/advancedsofttissuerelease.com\/es\/history-of-astr\/\" class=\"elementor-item\">The ASTR Story<\/a><\/li>\n<li class=\"menu-item menu-item-type-custom menu-item-object-custom menu-item-46677\"><a href=\"https:\/\/advancedsofttissuerelease.com\/es\/que-es-astr-2\/investigar-2\/\" class=\"elementor-item\">Investigaci\u00f3n<\/a><\/li>\n<li class=\"menu-item menu-item-type-post_type menu-item-object-page menu-item-44804\"><a href=\"https:\/\/advancedsofttissuerelease.com\/es\/press\/\" class=\"elementor-item\">Press<\/a><\/li>\n<\/ul>\t\t\t<\/nav>\n\t\t\t\t\t<div class=\"elementor-menu-toggle\" role=\"button\" tabindex=\"0\" aria-label=\"Alternar men\u00fa\" aria-expanded=\"false\">\n\t\t\t<i aria-hidden=\"true\" role=\"presentation\" class=\"elementor-menu-toggle__icon--open eicon-menu-bar\"><\/i><i aria-hidden=\"true\" role=\"presentation\" class=\"elementor-menu-toggle__icon--close eicon-close\"><\/i>\t\t<\/div>\n\t\t\t\t\t<nav class=\"elementor-nav-menu--dropdown elementor-nav-menu__container\" aria-hidden=\"true\">\n\t\t\t\t<ul id=\"menu-2-a51b12a\" class=\"elementor-nav-menu\"><li class=\"menu-item menu-item-type-post_type menu-item-object-page menu-item-624\"><a href=\"https:\/\/advancedsofttissuerelease.com\/es\/dr-joseph-jacobs\/\" class=\"elementor-item\" tabindex=\"-1\">Dr. Jos\u00e9 Jacobs<\/a><\/li>\n<li class=\"menu-item menu-item-type-custom menu-item-object-custom menu-item-23323\"><a href=\"https:\/\/advancedsofttissuerelease.com\/es\/dr-joseph-jacobs-cancer-story-2\/\" class=\"elementor-item\" tabindex=\"-1\">Mi historia con el c\u00e1ncer<\/a><\/li>\n<li class=\"menu-item menu-item-type-post_type menu-item-object-page menu-item-626\"><a href=\"https:\/\/advancedsofttissuerelease.com\/es\/history-of-astr\/\" class=\"elementor-item\" tabindex=\"-1\">The ASTR Story<\/a><\/li>\n<li class=\"menu-item menu-item-type-custom menu-item-object-custom menu-item-46677\"><a href=\"https:\/\/advancedsofttissuerelease.com\/es\/que-es-astr-2\/investigar-2\/\" class=\"elementor-item\" tabindex=\"-1\">Investigaci\u00f3n<\/a><\/li>\n<li class=\"menu-item menu-item-type-post_type menu-item-object-page menu-item-44804\"><a href=\"https:\/\/advancedsofttissuerelease.com\/es\/press\/\" class=\"elementor-item\" tabindex=\"-1\">Press<\/a><\/li>\n<\/ul>\t\t\t<\/nav>\n\t\t\t\t\t\t<\/div>\n\t\t\t\t<\/div>\n\t\t\t\t<div class=\"elementor-element elementor-element-3f01e4b elementor-widget elementor-widget-text-editor\" data-id=\"3f01e4b\" data-element_type=\"widget\" data-e-type=\"widget\" data-widget_type=\"text-editor.default\">\n\t\t\t\t<div class=\"elementor-widget-container\">\n\t\t\t\t\t\t\t\t\t<p class=\"p1\"> \t<style type=\"text\/css\"> p.p1 {margin: 0.0px 0.0px 0.0px 0.0px; line-height: 16.0px; font: 14.0px Arial; color: #696969; -webkit-text-stroke: #696969; background-color: #ffffff} span.s1 {font-kerning: none; color: #428bca; -webkit-text-stroke: 0px #428bca} span.s2 {font: 7.8px Arial; font-kerning: none} span.s3 {font: 7.8px Arial; font-kerning: none; color: #6a6a6a; -webkit-text-stroke: 0px #6a6a6a} span.s4 {font-kerning: none} span.s5 {font: 14.0px 'Apple SD Gothic Neo'; font-kerning: none; color: #428bca; -webkit-text-stroke: 0px #428bca} span.s6 {font: 14.0px 'Apple SD Gothic Neo'; font-kerning: none}\t<\/style><\/p>\n<p class=\"p1\" style=\"text-align: left;\"> \t<span style=\"-webkit-text-stroke-width: initial; font-size: 18px;\"><span style=\"font-family:verdana,geneva,sans-serif;\"><span style=\"color:#808080;\"><span class=\"s4\">Liberaci\u00f3n avanzada de tejidos blandos<\/span><\/span><\/span><\/span><span class=\"s3\"><b><sup>\u00ae&nbsp;<\/sup><\/b><\/span><span class=\"s4\" style=\"color: rgb(128, 128, 128); font-family: verdana, geneva, sans-serif; font-size: 18px;\">&nbsp;(<\/span><span style=\"-webkit-text-stroke-width: initial; font-family: verdana, geneva, sans-serif; font-size: 18px; color: rgb(128, 128, 128);\"><span class=\"s4\">ASTR<\/span><\/span><sup><b style=\"font-family: Arial; color: rgb(106, 106, 106); font-size: 7.8px; -webkit-text-stroke-color: rgb(106, 106, 106);\">\u00ae<\/b><\/sup><span style=\"-webkit-text-stroke-width: initial; font-family: verdana, geneva, sans-serif; font-size: 18px; color: rgb(128, 128, 128);\"><span class=\"s4\">)<\/span><\/span><span class=\"s3\" style=\"-webkit-text-stroke-width: initial;\"><a href=\"https:\/\/advancedsofttissuerelease.com\/es\/about-astr\/que-es-astr-2\/\"><span style=\"color:#808080;\"><span class=\"s5\">&nbsp;<\/span><\/span><\/a><\/span><span style=\"-webkit-text-stroke-width: initial; font-family: verdana, geneva, sans-serif; font-size: 18px; color: rgb(128, 128, 128);\"><span class=\"s4\">est\u00e1 cambiando la forma en que los pacientes experimentan&nbsp;<b>Alivio del dolor a largo plazo<\/b>. ASTR fue desarrollado en 2011 por&nbsp;<\/span><\/span><span style=\"color: rgb(128, 128, 128); font-family: verdana, geneva, sans-serif; font-size: 18px;\">Dr. Jos\u00e9 Jacobs,&nbsp;<\/span><span style=\"-webkit-text-stroke-width: initial; font-family: verdana, geneva, sans-serif; font-size: 18px; color: rgb(128, 128, 128);\"><span class=\"s4\">Doctor en Fisioterapia. Dr. Jacobs es un <\/span><\/span><span style=\"-webkit-text-stroke-width: initial; color: rgb(255, 0, 0);\"><span style=\"-webkit-text-stroke-width: initial; font-family: verdana, geneva, sans-serif; font-size: 18px;\"><span class=\"s4\">sobreviviente de c\u00e1ncer<\/span><\/span><\/span><span style=\"-webkit-text-stroke-width: initial; font-family: verdana, geneva, sans-serif; font-size: 18px; color: rgb(128, 128, 128);\"><span class=\"s4\"> que sufr\u00eda de<\/span><\/span><span style=\"-webkit-text-stroke-width: initial; font-family: verdana, geneva, sans-serif; font-size: 18px; color: rgb(128, 128, 128);\"><span class=\"s4\">&nbsp;<\/span><\/span><span style=\"-webkit-text-stroke-width: initial; font-family: verdana, geneva, sans-serif; font-size: 18px; color: rgb(255, 0, 0);\"><span class=\"s4\">migra\u00f1as cr\u00f3nicas, dolores de cabeza, fatiga <\/span><\/span><span style=\"-webkit-text-stroke-width: initial; color: rgb(105, 105, 105);\"><span style=\"-webkit-text-stroke-width: initial; font-family: verdana, geneva, sans-serif; font-size: 18px;\"><span class=\"s4\">y<\/span><\/span><\/span><span style=\"-webkit-text-stroke-width: initial; font-family: verdana, geneva, sans-serif; font-size: 18px; color: rgb(255, 0, 0);\"><span class=\"s4\"> dolor <b>Antes de que inventara ASTR<\/b><\/span><\/span><span style=\"-webkit-text-stroke-width: initial; font-family: verdana, geneva, sans-serif; font-size: 18px; color: rgb(128, 128, 128);\"><span class=\"s4\">. La especialidad de ASTR aborda el dolor agudo y cr\u00f3nico como ninguna otra cosa. Con&nbsp;<b>patentado,<\/b>&nbsp;instrumentos estrat\u00e9gicamente dise\u00f1ados, m\u00e1s de 125 maniobras, evaluaciones \u00fanicas de pacientes y protocolos de tratamiento redactados t\u00e1cticamente, ASTR est\u00e1 dise\u00f1ado para atacar la fuente del dolor y reducirlo dr\u00e1sticamente, aumentando<\/span><span class=\"s4\">&nbsp;rango de movimiento, y esencialmente mejorando la calidad de vida de las personas.<\/span><\/span><\/p>\n<p class=\"p1\" style=\"text-align: left;\"> \t&nbsp;<\/p>\n\n\n<hr>\n<p class=\"p1\" style=\"-webkit-text-stroke-width: 0px;\"> \t<span style=\"font-size: 28px;\"><span style=\"font-size: 36px;\"><span style=\"color: rgb(255, 0, 0);\"><strong>40+&nbsp;<\/strong><\/span><\/span><span style=\"color: rgb(105, 105, 105);\">Los estudios respaldan el modelo de tratamiento ASTR<\/span><\/span><\/p>\n<p class=\"p1\" style=\"-webkit-text-stroke-width: 0px;\"> \t<span style=\"font-size: 28px;\"><span style=\"font-size: 36px;\"><span style=\"color: rgb(255, 0, 0);\"><strong>400+&nbsp;<\/strong><\/span><\/span><span style=\"color: rgb(105, 105, 105);\">Los estudios de investigaci\u00f3n son utilizados por el tratamiento ASTR<\/span><\/span><\/p>\n<p class=\"p1\" style=\"-webkit-text-stroke-width: 0px;\"> \t<span style=\"font-size: 28px;\"><span style=\"font-size: 36px;\"><span style=\"color: rgb(255, 0, 0);\"><strong>170+&nbsp;<\/strong><\/span><\/span><span style=\"color: rgb(105, 105, 105);\">V\u00eddeos de nuestro \u00e9xito<\/span><\/span><\/p>\n\n\n<hr>\n\n<h1 class=\"p1\"> \t<span style=\"font-size:20px;\"><strong><span style=\"-webkit-text-stroke-width: initial;\"><span style=\"font-family:verdana,geneva,sans-serif;\"><span style=\"color:#808080;\"><span class=\"s4\">\u00bfQu\u00e9 es ASTR?<\/span><\/span><\/span><\/span><\/strong><\/span><\/h1>\n<p class=\"p1\"> \t&nbsp;<\/p>\n<p class=\"p1\" style=\"text-align: left;\"> \t<span style=\"-webkit-text-stroke-width: initial; font-size: 18px;\"><span style=\"font-family:verdana,geneva,sans-serif;\"><span style=\"color:#808080;\"><span class=\"s4\">ASTR es un modelo de tratamiento biopsicosocial que utiliza instrumentos, maniobras, teor\u00edas y metodolog\u00edas \u00fanicas de ASTR. El tratamiento ASTR incluye trabajar en m\u00faltiples aspectos que incluyen: tejido cicatricial, restricci\u00f3n de la fascia, puntos gatillo, espasmos musculares, ergonom\u00eda, marcha, ejercicio, nutrici\u00f3n, inflamaci\u00f3n, manejo del estr\u00e9s y modificaci\u00f3n del comportamiento.&nbsp;<\/span><\/span><\/span><\/span><span style=\"-webkit-text-stroke-width: initial; font-family: verdana, geneva, sans-serif; font-size: 18px; color: rgb(128, 128, 128);\"><span class=\"s4\">Los resultados de un estudio reciente del cuello realizado en pacientes con ASTR encontraron que hab\u00eda una&nbsp;<\/span><\/span><span style=\"-webkit-text-stroke-width: initial; font-family: verdana, geneva, sans-serif; font-size: 18px; color: rgb(255, 0, 0);\"><span class=\"s4\">Tasa de \u00e9xito 87% <\/span><\/span><span style=\"-webkit-text-stroke-width: initial; font-family: verdana, geneva, sans-serif; font-size: 18px; color: rgb(128, 128, 128);\"><span class=\"s4\">para los pacientes que pasaron por nuestro programa!<b>&nbsp;<\/b><\/span><\/span><span style=\"color:#3366cc;\"><span class=\"s4\" style=\"-webkit-text-stroke-width: initial; font-family: verdana, geneva, sans-serif; font-size: 18px;\"><span class=\"s1\"><a href=\"https:\/\/advancedsofttissuerelease.com\/es\/about-astr\/que-es-astr-2\/\">Obtenga m\u00e1s informaci\u00f3n aqu\u00ed<\/a>!<\/span><\/span><\/span><\/p>\n\n\n<hr>\n<p class=\"p1\" style=\"-webkit-text-stroke-width: 0px;\"> \t<span style=\"font-size: 36px;\"><span style=\"color:#336699;\"><strong><a href=\"https:\/\/shop.advancedsofttissuerelease.com\/ocart2\/Class%20Registration\/Class%20Registration%20Fees\" target=\"_blank\">Convi\u00e9rtase en un proveedor<\/a><\/strong><\/span><strong><span style=\"color:#336699;\">&nbsp;<\/span><\/strong>&nbsp; &nbsp; &nbsp; &nbsp;<span style=\"color: rgb(128, 128, 128);\">&nbsp;|<\/span>&nbsp; &nbsp; &nbsp; &nbsp;<span style=\"color:#336699;\"> &nbsp;<\/span><a href=\"https:\/\/www.reliantphysicaltherapy.com\/contact\" title=\"\" target=\"_blank\" rel=\"noopener\"><span style=\"color:#336699;\"><strong>Convi\u00e9rtase en un paciente<\/strong><\/span><\/a><span style=\"color:#336699;\">&nbsp;<\/span><\/span><\/p>\n\n<div> \t&nbsp;<\/div>\n\n<hr>\n<p class=\"p1\" style=\"-webkit-text-stroke-width: 0px; text-align: center;\"> \t&nbsp;<\/p>\n \t<img fetchpriority=\"high\" decoding=\"async\" class=\"size-full wp-image-550\" alt=\"\" src=\"https:\/\/word.advancedsofttissuerelease.com\/wp-content\/uploads\/2015\/07\/ASTR_Tools2.JPG\" style=\"color: rgb(105, 105, 105); font-size: 14px; text-align: center; -webkit-text-stroke-color: rgb(105, 105, 105);\" width=\"1440\" height=\"927\">\n\n<hr>\n<p class=\"p1\" style=\"text-align: center;\"> \t&nbsp;<\/p>\n<p class=\"p1\" style=\"text-align: center;\"> \t<span style=\"font-size:36px;\"><span style=\"color:#696969;\"><strong><em><span style=\"background-color:#ffffff;\">Descuento de registro de clase de a\u00f1o nuevo&nbsp;<\/span><\/em><\/strong><\/span><\/span><\/p>\n<p class=\"p1\" style=\"text-align: center;\"> \t&nbsp;<\/p>\n<p class=\"p1\" style=\"text-align: center;\"> \t<span style=\"font-size:28px;\"><em><span style=\"color:#696969;\">Guardar<\/span><span style=\"color:#ff0000;\"> <strong>$1597<\/strong><\/span><\/em><\/span><\/p>\n<p class=\"p1\" style=\"text-align: center;\"> \t&nbsp;<\/p>\n<p class=\"p1\" style=\"text-align: center;\"> \t<span style=\"font-size:24px;\">Vence el 28\/02\/18<\/span><\/p>\n<p class=\"p1\" style=\"text-align: center;\"> \t<span style=\"font-size:24px;\">(Puede terminar antes debido a disponibilidad limitada)<\/span><\/p>\n<p class=\"p1\" style=\"text-align: center;\"> \t&nbsp;<\/p>\n<p class=\"p1\" style=\"text-align: center;\"> \t<a href=\"https:\/\/shop.advancedsofttissuerelease.com\/ocart2\/Class%20Registration\/Class%20Registration%20Fees\" title=\"\"><span style=\"font-size:24px;\"><span style=\"color:#696969;\">\u00a1Reg\u00edstrese hoy!<\/span><\/span><\/a><\/p>\n<p class=\"p2\"> \t&nbsp;<\/p>\n<p class=\"p1\" style=\"text-align: center;\"> \t&nbsp;<\/p>\n\n\n<hr>\n<p class=\"p1\" style=\"text-align: center;\"> \t&nbsp;<\/p>\n<p class=\"p1\" style=\"text-align: center;\"> \t&nbsp;<\/p>\n\n<div id=\"ckimgrsz\" style=\"left: 144px; top: 151px;\">\n<div class=\"preview\"> \t\t&nbsp;<\/div>\n<\/div>\n<div id=\"ckimgrsz\" style=\"left: 8px; top: 1944px;\">\n<div class=\"preview\"> \t\t&nbsp;<\/div>\n<\/div>\n<div id=\"ckimgrsz\" style=\"left: 92.5px; top: 8px;\">\n<div class=\"preview\"> \t\t&nbsp;<\/div>\n<\/div>\n<div id=\"ckimgrsz\" style=\"left: 117px; top: 8px;\">\n<div class=\"preview\"> \t\t&nbsp;<\/div>\n<\/div>\n<div id=\"ckimgrsz\" style=\"left: 417.5px; top: 20px;\">\n<div class=\"preview\"> \t\t&nbsp;<\/div>\n<\/div>\n<div id=\"ckimgrsz\" style=\"left: 417.5px; top: 20px;\">\n<div class=\"preview\"> \t\t&nbsp;<\/div>\n<\/div>\n<div id=\"ckimgrsz\" style=\"left: 8px; top: 61px;\">\n<div class=\"preview\"> \t\t&nbsp;<\/div>\n<\/div>\n<div id=\"ckimgrsz\" style=\"left: 8px; top: 232px;\">\n<div class=\"preview\"> \t\t&nbsp;<\/div>\n<\/div>\n<div id=\"ckimgrsz\" style=\"left: 8px; top: 790px;\">\n<div class=\"preview\"> \t\t&nbsp;<\/div>\n<\/div>\n<div id=\"ckimgrsz\" style=\"left: 8px; top: 790px;\">\n<div class=\"preview\"> \t\t&nbsp;<\/div>\n<\/div>\n<div id=\"ckimgrsz\" style=\"left: 93px; top: 790px;\">\n<div class=\"preview\"> \t\t&nbsp;<\/div>\n<\/div>\n<div id=\"ckimgrsz\" style=\"left: 8px; top: 1157px;\">\n<div class=\"preview\"> \t\t&nbsp;<\/div>\n<\/div>\n<style type=\"text\/css\"> p.p1 {margin: 0.0px 0.0px 0.0px 0.0px; text-align: center; font: 11.0px Avenir; color: #f22529} p.p2 {margin: 0.0px 0.0px 0.0px 0.0px; text-align: center; font: 9.0px Avenir; color: #f22529} span.s1 {font-kerning: none}<\/style>\t\t\t\t\t\t\t\t<\/div>\n\t\t\t\t<\/div>\n\t\t\t\t\t<\/div>\n\t\t<\/div>\n\t\t\t\t\t<\/div>\n\t\t<\/section>\n\t\t\t\t<\/div>","protected":false},"excerpt":{"rendered":"<p>Advanced Soft Tissue Release\u00ae&nbsp;&nbsp;(ASTR\u00ae)&nbsp;is changing the way that patients experience&nbsp;Long-Term&nbsp;pain relief. ASTR was developed in 2011 by&nbsp;Dr. Joseph Jacobs,&nbsp;Doctor of Physical Therapy. Dr.Jacobs is a cancer survivor who used to suffer from&nbsp;chronic migraines, headaches, fatigue and pain Before he invented ASTR. ASTR specialty addresses acute and chronic pain unlike anything else. With&nbsp;Patented,&nbsp;strategically designed instruments, over [&hellip;]<\/p>\n","protected":false},"author":2447,"featured_media":0,"parent":0,"menu_order":0,"comment_status":"closed","ping_status":"closed","template":"","meta":{"_analytify_skip_tracking":false,"footnotes":""},"class_list":["post-347","page","type-page","status-publish","hentry"],"_links":{"self":[{"href":"https:\/\/advancedsofttissuerelease.com\/es\/wp-json\/wp\/v2\/pages\/347","targetHints":{"allow":["GET"]}}],"collection":[{"href":"https:\/\/advancedsofttissuerelease.com\/es\/wp-json\/wp\/v2\/pages"}],"about":[{"href":"https:\/\/advancedsofttissuerelease.com\/es\/wp-json\/wp\/v2\/types\/page"}],"author":[{"embeddable":true,"href":"https:\/\/advancedsofttissuerelease.com\/es\/wp-json\/wp\/v2\/users\/2447"}],"replies":[{"embeddable":true,"href":"https:\/\/advancedsofttissuerelease.com\/es\/wp-json\/wp\/v2\/comments?post=347"}],"version-history":[{"count":0,"href":"https:\/\/advancedsofttissuerelease.com\/es\/wp-json\/wp\/v2\/pages\/347\/revisions"}],"wp:attachment":[{"href":"https:\/\/advancedsofttissuerelease.com\/es\/wp-json\/wp\/v2\/media?parent=347"}],"curies":[{"name":"wp","href":"https:\/\/api.w.org\/{rel}","templated":true}]}}