{"id":359,"date":"2017-02-04T19:25:53","date_gmt":"2017-02-04T19:25:53","guid":{"rendered":"https:\/\/advancedsofttissuerelease.com\/landing-34\/"},"modified":"2017-02-04T19:25:53","modified_gmt":"2017-02-04T19:25:53","slug":"aterrizaje-34-2","status":"publish","type":"page","link":"https:\/\/advancedsofttissuerelease.com\/es\/landing-34\/","title":{"rendered":"Aterrizaje 34"},"content":{"rendered":"<h1 class=\"title style-scope ytd-video-primary-info-renderer\" style=\"margin: 0px; padding: 0px; border: 0px; background-image: initial; background-position: initial; background-size: initial; background-repeat: initial; background-attachment: initial; background-origin: initial; background-clip: initial; max-height: 4.8rem; overflow: hidden; line-height: 2.4rem; font-family: Roboto, Arial, sans-serif; transform: var(--ytd-video-primary-info-renderer-title-transform, none); text-shadow: var(--ytd-video-primary-info-renderer-title-text-shadow, none); text-align: center;\"> \t<span style=\"color:#ff0000;\">Fisioterapeuta de Australia alivia los dolores de cabeza con entrenamiento ASTR<\/span><\/h1>\n<p style=\"text-align: center;\"> \t&nbsp;<\/p>\n<p class=\"p1\" style=\"text-align: center;\"> \t&nbsp;<\/p>\n<p class=\"p1\" style=\"text-align: center;\"> \t<iframe title=\"Headaches Relieved by Physical Therapist from Australia with ASTR Training\" width=\"800\" height=\"450\" src=\"https:\/\/www.youtube.com\/embed\/ogIPAeDV3d4?feature=oembed\" frameborder=\"0\" allow=\"accelerometer; autoplay; clipboard-write; encrypted-media; gyroscope; picture-in-picture; web-share\" allowfullscreen><\/iframe><\/p>\n<h2 class=\"p2\" style=\"color: rgb(0, 0, 0);\"> \t<span style=\"font-size: 20px;\"><strong><span style=\"font-family: &quot;trebuchet ms&quot;, helvetica, sans-serif; color: rgb(105, 105, 105);\">\u00bfQu\u00e9 es ASTR?<\/span><\/strong><\/span><\/h2>\n<p class=\"p2\" style=\"text-align: left; -webkit-text-stroke-width: 0px;\"> \t&nbsp;<\/p>\n<p class=\"p2\" style=\"text-align: left; -webkit-text-stroke-width: 0px;\"> \t<span style=\"font-size: 18px;\"><span style=\"font-family: &quot;trebuchet ms&quot;, helvetica, sans-serif; color: rgb(105, 105, 105);\">ASTR es un modelo de tratamiento biopsicosocial que utiliza instrumentos, medios, teor\u00edas y metodolog\u00edas \u00fanicos de ASTR. El tratamiento ASTR incluye trabajar en m\u00faltiples aspectos que incluyen: tejido cicatricial, restricciones de la fascia, puntos gatillo, espasmos musculares, ergonom\u00eda, marcha, ejercicio, nutrici\u00f3n, inflamaci\u00f3n, manejo del estr\u00e9s y modificaci\u00f3n del comportamiento. Los resultados de un estudio reciente del cuello realizado en pacientes con ASTR encontraron que hab\u00eda una&nbsp;<\/span><span style=\"color: rgb(255, 0, 0);\"><span style=\"font-family: &quot;trebuchet ms&quot;, helvetica, sans-serif;\">Tasa de \u00e9xito 87%<\/span><\/span><span style=\"font-family: &quot;trebuchet ms&quot;, helvetica, sans-serif; color: rgb(105, 105, 105);\">&nbsp;para los pacientes que pasaron por nuestro programa!<\/span><\/span><\/p>\n<p class=\"p2\" style=\"text-align: left; -webkit-text-stroke-width: 0px;\"> \t&nbsp;<\/p>\n<hr \/>\n<p style=\"font-size: 15px;\"> \t<span style=\"font-size: 18px;\"><span style=\"font-family: verdana, geneva, sans-serif;\"><span style=\"color: rgb(105, 105, 105);\"><strong><span style=\"background-color: rgb(255, 255, 0);\">&nbsp;\u00bfPor qu\u00e9 ASTR es el futuro de la medicina?&nbsp;<\/span><\/strong><\/span><\/span><\/span><\/p>\n<ul style=\"font-size: 15px;\">\n<li style=\"text-align: left;\"> \t\t<span style=\"font-family: verdana, geneva, sans-serif;\"><span style=\"font-size: 18px;\"><span style=\"color: rgb(255, 0, 0);\"><strong>40+<\/strong><\/span><span style=\"color: rgb(105, 105, 105);\"><strong>&nbsp;<\/strong>Los estudios respaldan el modelo de tratamiento de ASTR<\/span><\/span><\/span><\/li>\n<li style=\"text-align: left;\"> \t\t<span style=\"font-family: verdana, geneva, sans-serif;\"><span style=\"font-size: 18px;\"><span style=\"color: rgb(255, 0, 0);\"><strong>400+<\/strong><\/span><span style=\"color: rgb(105, 105, 105);\"><strong>&nbsp;<\/strong>Los estudios de investigaci\u00f3n se integran en el modelo de tratamiento de ASTR<\/span><\/span><\/span><\/li>\n<li style=\"text-align: left;\"> \t\t<span style=\"font-family: verdana, geneva, sans-serif;\"><span style=\"font-size: 16px;\"><span style=\"color: rgb(255, 0, 0);\"><strong>16,000+<\/strong><\/span>&nbsp;<span style=\"color: rgb(105, 105, 105);\">Los estudios de investigaci\u00f3n han sido revisados por nuestro equipo.<\/span><\/span><\/span><\/li>\n<li style=\"text-align: left;\"> \t\t<span style=\"font-family: verdana, geneva, sans-serif;\"><span style=\"font-size: 16px;\"><strong><font color=\"#ff0000\">220+&nbsp;<\/font><\/strong><span style=\"color: rgb(105, 105, 105);\">V\u00eddeos de tratamientos y testimonios<\/span>&nbsp;<\/span><\/span><\/li>\n<li style=\"text-align: left;\"> \t\t<span style=\"font-family: verdana, geneva, sans-serif;\"><span style=\"font-size: 18px;\"><span style=\"color: rgb(255, 0, 0);\">La evidencia se basa en la practica<\/span><span style=\"color: rgb(105, 105, 105);\">&nbsp;&amp; Modelo Biopsicosocial<\/span><\/span><\/span><\/li>\n<li style=\"text-align: left;\"> \t\t<span style=\"font-family: verdana, geneva, sans-serif;\"><span style=\"font-size: 18px;\"><span style=\"color: rgb(105, 105, 105);\">trata el&nbsp;<\/span><strong><span style=\"color: rgb(255, 0, 0);\">fuente<\/span><\/strong><span style=\"color: rgb(105, 105, 105);\">&nbsp;de dolor<\/span><\/span><\/span><\/li>\n<li style=\"text-align: left;\"> \t\t<span style=\"font-family: verdana, geneva, sans-serif;\"><span style=\"font-size: 18px;\"><strong><span style=\"color: rgb(255, 0, 0);\">no invasivo<\/span><\/strong><span style=\"color: rgb(105, 105, 105);\">&nbsp;tratamiento natural<\/span><\/span><\/span><\/li>\n<\/ul>\n<hr \/>\n<p class=\"p2\" style=\"-webkit-text-stroke-width: 0px;\"> \t&nbsp;<\/p>\n<p class=\"p3\" style=\"-webkit-text-stroke-width: 0px;\"> \t&nbsp;<\/p>\n<p class=\"p3\" style=\"-webkit-text-stroke-width: 0px;\"> \t<span style=\"font-size: 26px;\"><span style=\"color: rgb(255, 0, 0);\"><span style=\"font-family: &quot;lucida sans unicode&quot;, &quot;lucida grande&quot;, sans-serif;\"><strong><a href=\"https:\/\/advancedsofttissuerelease.com\/es\/online-courses2\/\" target=\"_blank\">\u00a1Reg\u00edstrate ahora!<\/a><\/strong><\/span><\/span><\/span><\/p>\n<div> \t&nbsp;<\/div>\n<style type=\"text\/css\"> p.p1 {margin: 0.0px 0.0px 7.5px 0.0px; text-align: center; line-height: 19.2px; font: 15.0px Verdana; color: #3366cc; -webkit-text-stroke: #3366cc} span.s1 {font-kerning: none}<\/style>\n<style type=\"text\/css\"> p.p1 {margin: 0.0px 0.0px 7.5px 0.0px; line-height: 19.2px; font: 11.0px Verdana; color: #696969; -webkit-text-stroke: #696969} span.s1 {font-kerning: none; background-color: #ffffff}<\/style>\n<style type=\"text\/css\"> p.p1 {margin: 0.0px 0.0px 10.0px 0.0px; text-align: justify; font: 12.0px Verdana; color: #000000; -webkit-text-stroke: #000000; background-color: #ffffff} span.s1 {font-kerning: none} span.s2 {text-decoration: underline ; font-kerning: none; color: #0000ff; -webkit-text-stroke: 0px #0000ff}<\/style>\n<style type=\"text\/css\"> p.p1 {margin: 0.0px 0.0px 10.0px 0.0px; text-align: justify; font: 12.0px Verdana; color: #000000; -webkit-text-stroke: #000000; background-color: #ffffff} p.p3 {margin: 0.0px 0.0px 10.0px 0.0px; text-align: center; font: 14.0px Verdana; color: #000000; -webkit-text-stroke: #000000} li.li2 {margin: 0.0px 0.0px 10.0px 0.0px; text-align: justify; font: 12.0px Verdana; color: #000000; -webkit-text-stroke: #000000} span.s1 {font-kerning: none} span.s2 {font: 12.0px Helvetica; color: #000000} span.s3 {font-kerning: none; background-color: #ffffff} span.s4 {text-decoration: underline ; font-kerning: none} span.s5 {font: 9.3px Verdana; font-kerning: none} span.s6 {font: 11.0px 'Trebuchet MS'; font-kerning: none}<\/style>\n<style type=\"text\/css\"> p.p1 {margin: 0.0px 0.0px 10.0px 0.0px; line-height: 22.0px; font: 20.0px Avenir; color: #808080; -webkit-text-stroke: #808080; background-color: #ffffff} p.p2 {margin: 0.0px 0.0px 0.0px 0.0px; text-align: center; line-height: 15.0px; font: 11.0px Avenir; color: #f22529; -webkit-text-stroke: #696969; background-color: #ffffff} p.p3 {margin: 0.0px 0.0px 0.0px 0.0px; line-height: 22.0px; font: 18.0px Avenir; color: #808080; -webkit-text-stroke: #696969; background-color: #ffffff} span.s1 {font-kerning: none} span.s2 {font-kerning: none; color: #ff0000}<\/style>\n<style type=\"text\/css\"> p.p1 {margin: 0.0px 0.0px 10.0px 0.0px; line-height: 22.0px; font: 20.0px Avenir; color: #808080; -webkit-text-stroke: #808080; background-color: #ffffff} p.p2 {margin: 0.0px 0.0px 0.0px 0.0px; text-align: center; line-height: 15.0px; font: 11.0px Avenir; color: #f22529; -webkit-text-stroke: #696969; background-color: #ffffff} p.p3 {margin: 0.0px 0.0px 0.0px 0.0px; line-height: 22.0px; font: 18.0px Avenir; color: #808080; -webkit-text-stroke: #696969; background-color: #ffffff} span.s1 {font-kerning: none} span.s2 {font-kerning: none; color: #ff0000}<\/style>\n<style type=\"text\/css\"> p.p1 {margin: 0.0px 0.0px 0.0px 0.0px; font: 11.0px 'Helvetica Neue'; color: #000000; -webkit-text-stroke: #000000} span.s1 {text-decoration: underline ; font-kerning: none}<\/style>\n<style type=\"text\/css\"> p.p1 {margin: 0.0px 0.0px 10.0px 0.0px; font: 11.0px 'Trebuchet MS'; color: #000000; -webkit-text-stroke: #000000} span.s1 {font-kerning: none} span.s2 {font: 7.3px 'Trebuchet MS'; font-kerning: none} span.s3 {font: 20.0px 'Trebuchet MS'; text-decoration: underline ; font-kerning: none; color: #ff0000; -webkit-text-stroke: 0px #ff0000} span.s4 {text-decoration: underline ; font-kerning: none; color: #0000ff; -webkit-text-stroke: 0px #0000ff}<\/style>\n<div id=\"ckimgrsz\" style=\"left: 8px; top: 542px;\">\n<div class=\"preview\"> \t\t&nbsp;<\/div>\n<\/p><\/div>","protected":false},"excerpt":{"rendered":"<p>Physical Therapist from Australia Relieves Headaches with ASTR Training &nbsp; &nbsp; What Is ASTR? &nbsp; ASTR is a biopsychosocial treatment model that utilizes unique ASTR instruments, meaneuvers, theries and methodologies. ASTR treatment includes working on multiple aspects including: scar tissue, fascia restrictions, trigger points, muscles spasms, ergonomics, gait, exercise, nutrition, inflammation, stress management, and behavior [&hellip;]<\/p>\n","protected":false},"author":2447,"featured_media":0,"parent":0,"menu_order":29,"comment_status":"closed","ping_status":"closed","template":"","meta":{"_analytify_skip_tracking":false,"footnotes":""},"class_list":["post-359","page","type-page","status-publish","hentry"],"_links":{"self":[{"href":"https:\/\/advancedsofttissuerelease.com\/es\/wp-json\/wp\/v2\/pages\/359","targetHints":{"allow":["GET"]}}],"collection":[{"href":"https:\/\/advancedsofttissuerelease.com\/es\/wp-json\/wp\/v2\/pages"}],"about":[{"href":"https:\/\/advancedsofttissuerelease.com\/es\/wp-json\/wp\/v2\/types\/page"}],"author":[{"embeddable":true,"href":"https:\/\/advancedsofttissuerelease.com\/es\/wp-json\/wp\/v2\/users\/2447"}],"replies":[{"embeddable":true,"href":"https:\/\/advancedsofttissuerelease.com\/es\/wp-json\/wp\/v2\/comments?post=359"}],"version-history":[{"count":0,"href":"https:\/\/advancedsofttissuerelease.com\/es\/wp-json\/wp\/v2\/pages\/359\/revisions"}],"wp:attachment":[{"href":"https:\/\/advancedsofttissuerelease.com\/es\/wp-json\/wp\/v2\/media?parent=359"}],"curies":[{"name":"wp","href":"https:\/\/api.w.org\/{rel}","templated":true}]}}