{"id":373,"date":"2018-05-31T15:32:39","date_gmt":"2018-05-31T15:32:39","guid":{"rendered":"https:\/\/advancedsofttissuerelease.com\/faq\/"},"modified":"2019-01-05T03:52:40","modified_gmt":"2019-01-05T03:52:40","slug":"preguntas-mas-frecuentes-2","status":"publish","type":"page","link":"https:\/\/advancedsofttissuerelease.com\/es\/faq\/","title":{"rendered":"Preguntas m\u00e1s frecuentes"},"content":{"rendered":"<p class=\"p1\"> \t<span style=\"color:#696969;\"><strong><span style=\"font-size:16px;\"><span style=\"font-family:verdana,geneva,sans-serif;\"><span class=\"s1\">1.<span class=\"Apple-converted-space\">&nbsp; <\/span>\u00bfQui\u00e9n puede tomar la clase en l\u00ednea?<\/span><\/span><\/span><\/strong><\/span><\/p>\n<p class=\"p1\"> \t<span style=\"font-family: verdana, geneva, sans-serif; font-size: 16px; color: rgb(105, 105, 105); text-indent: 36px; -webkit-text-stroke-width: initial;\">&nbsp; &nbsp; &nbsp;Cualquiera puede tomar la clase en l\u00ednea.<\/span><\/p>\n<p class=\"p3\"> \t&nbsp;<\/p>\n<p class=\"p1\"> \t<span style=\"color:#696969;\"><strong><span style=\"font-size:16px;\"><span style=\"font-family:verdana,geneva,sans-serif;\"><span class=\"s1\">2.<span class=\"Apple-converted-space\">&nbsp;&nbsp;<\/span><\/span><\/span><\/span><\/strong><\/span><strong style=\"color: rgb(105, 105, 105);\"><span style=\"font-size: 16px;\"><span style=\"font-family: verdana, geneva, sans-serif;\"><span class=\"s1\">\u00bfQui\u00e9n puede comprar herramientas de instrumentos ASTR?<\/span><\/span><\/span><\/strong><\/p>\n<p class=\"p1\"> \t<span style=\"color: rgb(105, 105, 105);\"><span style=\"font-size: 16px;\"><span style=\"font-family: verdana, geneva, sans-serif;\"><span class=\"s1\">&nbsp; &nbsp; &nbsp;Cualquiera puede comprar las herramientas, pero solo los proveedores de atenci\u00f3n m\u00e9dica pueden tratar a los pacientes con los instrumentos despu\u00e9s de cumplir con los requisitos.&nbsp;<\/span><\/span><\/span><\/span><a href=\"https:\/\/advancedsofttissuerelease.com\/es\/medical-providers\/elegibilidad-2\/\" style=\"font-family: verdana, geneva, sans-serif; font-size: 16px; text-indent: 36px;\" target=\"_blank\">requisitos de certificaci\u00f3n<\/a><span style=\"font-family: verdana, geneva, sans-serif; font-size: 16px; color: rgb(105, 105, 105);\">.<\/span><span class=\"Apple-converted-space\" style=\"font-family: verdana, geneva, sans-serif; font-size: 16px; color: rgb(105, 105, 105);\">&nbsp;<\/span><\/p>\n<div> \t&nbsp;<\/div>\n<p class=\"p1\"> \t<span style=\"color:#696969;\"><strong><span style=\"font-size:16px;\"><span style=\"font-family:verdana,geneva,sans-serif;\"><span class=\"s1\">3. \u00bfQui\u00e9n puede certificarse como proveedor de atenci\u00f3n m\u00e9dica de ASTR?<\/span><\/span><\/span><\/strong><\/span><\/p>\n<p class=\"p2\"> \t<span style=\"color:#696969;\"><span style=\"font-size:16px;\"><span style=\"font-family:verdana,geneva,sans-serif;\"><span class=\"s1\">Solo los proveedores de atenci\u00f3n m\u00e9dica que cumplan con los&nbsp;<\/span><\/span><\/span><\/span><span style=\"color:#0033ff;\"><span style=\"font-size:16px;\"><span style=\"font-family:verdana,geneva,sans-serif;\"><span class=\"s1\"><a href=\"https:\/\/advancedsofttissuerelease.com\/es\/medical-providers\/elegibilidad-2\/\" target=\"_blank\">requisitos de certificaci\u00f3n<\/a>.<\/span><\/span><\/span><\/span><\/p>\n<p class=\"p4\"> \t&nbsp;<\/p>\n<p class=\"p1\"> \t<span style=\"color:#696969;\"><strong><span style=\"font-size:16px;\"><span style=\"font-family:verdana,geneva,sans-serif;\"><span class=\"s1\">4.<span class=\"Apple-converted-space\">&nbsp; <\/span>\u00bfPor qu\u00e9 debo certificarme?<\/span><\/span><\/span><\/strong><\/span><\/p>\n<p class=\"p5\"> \t<span style=\"color:#696969;\"><span style=\"font-size:16px;\"><span style=\"font-family:verdana,geneva,sans-serif;\"><span class=\"s1\">Una vez que complete el curso en l\u00ednea de ASTR y reciba su certificado, podr\u00e1 tratar pacientes con ASTR. El prop\u00f3sito de obtener la certificaci\u00f3n es garantizar que los proveedores de atenci\u00f3n m\u00e9dica est\u00e9n debidamente informados sobre el uso de los instrumentos y la seguridad del paciente. Estos proveedores son los \u00fanicos que pueden usar las herramientas en pacientes u otras personas.<\/span><\/span><\/span><\/span><\/p>\n<p class=\"p6\"> \t&nbsp;<\/p>\n<p class=\"p1\"> \t<span style=\"color:#696969;\"><strong><span style=\"font-size:16px;\"><span style=\"font-family:verdana,geneva,sans-serif;\"><span class=\"s1\">5.<span class=\"Apple-converted-space\">&nbsp; <\/span>\u00bfQu\u00e9 hace que el modelo de tratamiento de ASTR sea diferente de otros m\u00e9todos?<span class=\"Apple-converted-space\">&nbsp;<\/span><\/span><\/span><\/span><\/strong><\/span><\/p>\n<p class=\"p5\"> \t<span style=\"color:#696969;\"><span style=\"font-size:16px;\"><span style=\"font-family:verdana,geneva,sans-serif;\"><span class=\"s1\">ASTR es un modelo de tratamiento biopsicosocial \u00fanico que utiliza instrumentos, maniobras, teor\u00edas y metodolog\u00edas \u00fanicas de ASTR para tratar el dolor en su origen. <\/span><\/span><\/span><\/span><span style=\"color:#0033ff;\"><span style=\"font-size:16px;\"><span style=\"font-family:verdana,geneva,sans-serif;\"><span class=\"s1\"><a href=\"https:\/\/advancedsofttissuerelease.com\/es\/videos-educativos-2\/\" target=\"_blank\">haga clic aqu\u00ed<\/a><\/span><\/span><\/span><\/span><span style=\"color:#696969;\"><span style=\"font-size:16px;\"><span style=\"font-family:verdana,geneva,sans-serif;\"><span class=\"s1\"> para videos educativos de ASTR.<\/span><\/span><\/span><\/span><\/p>\n<p class=\"p3\"> \t&nbsp;<\/p>\n<p class=\"p1\"> \t<span style=\"color:#696969;\"><strong><span style=\"font-size:16px;\"><span style=\"font-family:verdana,geneva,sans-serif;\"><span class=\"s1\">6.<span class=\"Apple-converted-space\">&nbsp; <\/span>\u00bfCu\u00e1nto tiempo tendr\u00e9 acceso al curso en l\u00ednea?<\/span><\/span><\/span><\/strong><\/span><\/p>\n<p class=\"p5\"> \t<span style=\"color:#696969;\"><span style=\"font-size:16px;\"><span style=\"font-family:verdana,geneva,sans-serif;\"><span class=\"s1\">Despu\u00e9s de pagar el curso, tendr\u00e1s acceso a la clase en l\u00ednea durante 2 a\u00f1os. Puedes ir a tu propio ritmo. El material pregrabado est\u00e1 disponible 24\/7 con acceso a internet.<span class=\"Apple-converted-space\">&nbsp;<\/span><\/span><\/span><\/span><\/span><\/p>\n<p class=\"p3\"> \t&nbsp;<\/p>\n<p class=\"p1\"> \t<span style=\"color:#696969;\"><strong><span style=\"font-size:16px;\"><span style=\"font-family:verdana,geneva,sans-serif;\"><span class=\"s1\">7.&nbsp;<\/span><\/span><\/span><\/strong><\/span><strong style=\"box-sizing: border-box; color: rgb(105, 105, 105);\"><span style=\"box-sizing: border-box; font-size: 16px;\"><span style=\"box-sizing: border-box; font-family: verdana, geneva, sans-serif;\"><span class=\"s1\" style=\"box-sizing: border-box;\">\u00bfCu\u00e1l es el proceso de certificaci\u00f3n?<\/span><\/span><\/span><\/strong><\/p>\n<ul>\n<li> \t\t<span style=\"color: rgb(105, 105, 105); font-family: verdana, geneva, sans-serif; font-size: 16px; -webkit-text-stroke-color: rgb(0, 0, 0);\">Mire todos los videos instructivos o asista al curso ASTR<\/span><\/li>\n<li> \t\t<span style=\"color: rgb(105, 105, 105); font-family: verdana, geneva, sans-serif; font-size: 16px; -webkit-text-stroke-color: rgb(0, 0, 0);\">pasar todas las pruebas<\/span><\/li>\n<li> \t\t<span style=\"color: rgb(105, 105, 105); font-family: verdana, geneva, sans-serif; font-size: 16px; -webkit-text-stroke-color: rgb(0, 0, 0);\">Presentar la documentaci\u00f3n correcta<\/span><\/li>\n<\/ul>\n<p>&nbsp;<\/p>\n<p class=\"p1\"> \t<span style=\"color:#696969;\"><strong><span style=\"font-size:16px;\"><span style=\"font-family:verdana,geneva,sans-serif;\"><span class=\"s1\">8. \u00bfCu\u00e1ndo recibir\u00e9 mi certificado?<\/span><\/span><\/span><\/strong><\/span><\/p>\n<p class=\"p5\"> \t<span style=\"color:#696969;\"><span style=\"font-size:16px;\"><span style=\"font-family:verdana,geneva,sans-serif;\"><span class=\"s1\">Los proveedores de atenci\u00f3n m\u00e9dica que presenten la documentaci\u00f3n correcta, pasen las pruebas y vean todos los videos instructivos recibir\u00e1n el certificado y su nombre e informaci\u00f3n de contacto se publicar\u00e1n en nuestro sitio web.<span class=\"Apple-converted-space\">&nbsp;<\/span><\/span><\/span><\/span><\/span><\/p>\n<p class=\"p3\"> \t&nbsp;<\/p>\n<p class=\"p1\"> \t<span style=\"color:#696969;\"><strong><span style=\"font-size:16px;\"><span style=\"font-family:verdana,geneva,sans-serif;\"><span class=\"s1\">9.<span class=\"Apple-converted-space\">&nbsp; <\/span>\u00bfCu\u00e1nto tiempo le tomar\u00e1 al Dr. Jacobs responder a los correos electr\u00f3nicos?<\/span><\/span><\/span><\/strong><\/span><\/p>\n<p class=\"p5\"> \t<span style=\"color:#696969;\"><span style=\"font-size:16px;\"><span style=\"font-family:verdana,geneva,sans-serif;\"><span class=\"s1\">El Dr. Jacobs responde a los correos electr\u00f3nicos durante la semana y, por lo general, tarda de 24 a 48 horas en responder.<\/span><\/span><\/span><\/span><\/p>\n<p class=\"p3\"> \t&nbsp;<\/p>\n<p class=\"p1\"> \t<span style=\"color:#696969;\"><strong><span style=\"font-size:16px;\"><span style=\"font-family:verdana,geneva,sans-serif;\"><span class=\"s1\">10.<span class=\"Apple-converted-space\">&nbsp; <\/span>\u00bfCu\u00e1nto tiempo tomar\u00e1 completar el material de estudio?<\/span><\/span><\/span><\/strong><\/span><\/p>\n<p class=\"p5\"> \t<span style=\"color:#696969;\"><span style=\"font-size:16px;\"><span style=\"font-family:verdana,geneva,sans-serif;\"><span class=\"s1\">Puede tomar tan solo dos fines de semana completar el material de estudio.<span class=\"Apple-converted-space\">&nbsp;<\/span>Hay aproximadamente 13 horas de videos para ver y 6 pruebas para completar. El tiempo que lleva completar todo el material de estudio est\u00e1 sujeto a la persona.<span class=\"Apple-converted-space\">&nbsp;<\/span><\/span><\/span><\/span><\/span><\/p>\n<p class=\"p3\"> \t&nbsp;<\/p>\n<p class=\"p1\"> \t<span style=\"color:#696969;\"><strong><span style=\"font-size:16px;\"><span style=\"font-family:verdana,geneva,sans-serif;\"><span class=\"s1\">11.<span class=\"Apple-converted-space\">&nbsp; <\/span>\u00bfQu\u00e9 juntas aceptar\u00e1n los CEU?<\/span><\/span><\/span><\/strong><\/span><\/p>\n<p class=\"p2\"> \t<span style=\"color:#696969;\"><span style=\"font-size:16px;\"><span style=\"font-family:verdana,geneva,sans-serif;\"><span class=\"s1\"><a href=\"https:\/\/advancedsofttissuerelease.com\/es\/medical-providers\/ceu-s\/\" target=\"_blank\">haga clic aqu\u00ed<\/a> para obtener una lista de los tableros. Te facilitamos el certificado de horas del CEU que puedes presentar en tu&nbsp;<\/span><\/span><\/span><\/span><span style=\"font-family: verdana, geneva, sans-serif; font-size: 16px; color: rgb(105, 105, 105); -webkit-text-stroke-width: initial;\">junta.<\/span><span class=\"Apple-converted-space\" style=\"font-family: verdana, geneva, sans-serif; font-size: 16px; color: rgb(105, 105, 105); -webkit-text-stroke-width: initial;\">&nbsp;<\/span><\/p>\n<p class=\"p3\"> \t&nbsp;<\/p>\n<p class=\"p1\"> \t<span style=\"color:#696969;\"><strong><span style=\"font-size:16px;\"><span style=\"font-family:verdana,geneva,sans-serif;\"><span class=\"s1\">12.<span class=\"Apple-converted-space\">&nbsp; <\/span>\u00bfC\u00f3mo puedo contactar al Dr. Jacobs?<span class=\"Apple-converted-space\">&nbsp;<\/span><\/span><\/span><\/span><\/strong><\/span><\/p>\n<p class=\"p2\"> \t<span style=\"color:#696969;\"><span style=\"font-size:16px;\"><span style=\"font-family:verdana,geneva,sans-serif;\"><span class=\"s1\">Puede comunicarse con el Dr. Jacobs a trav\u00e9s de la informaci\u00f3n de contacto que se detalla a continuaci\u00f3n:<\/span><\/span><\/span><\/span><\/p>\n<p class=\"p7\"> \t<span style=\"color:#696969;\"><span style=\"font-size:16px;\"><span style=\"font-family:verdana,geneva,sans-serif;\"><span class=\"s2\">Correo electr\u00f3nico: <\/span><\/span><\/span><\/span><span style=\"font-size:16px;\"><span style=\"font-family:verdana,geneva,sans-serif;\"><span class=\"s2\"><a href=\"mailto:Support@ASTRinstitute.com\"><span style=\"color:#696969;\"><span class=\"s3\">Support@ASTRinstitute.com<\/span><\/span><\/a><\/span><\/span><\/span><span style=\"color:#696969;\"><span style=\"font-size:16px;\"><span style=\"font-family:verdana,geneva,sans-serif;\"><span class=\"s2\"><span class=\"Apple-converted-space\">&nbsp;<\/span><\/span><\/span><\/span><\/span><\/p>\n<p class=\"p2\"> \t<span style=\"color:#696969;\"><span style=\"font-size:16px;\"><span style=\"font-family:verdana,geneva,sans-serif;\"><span class=\"s1\">N\u00famero de tel\u00e9fono: 1-888-210-ASTR<span class=\"Apple-converted-space\">&nbsp;<\/span><\/span><\/span><\/span><\/span><\/p>\n<p class=\"p3\"> \t&nbsp;<\/p>\n<p class=\"p1\"> \t<span style=\"color:#696969;\"><strong><span style=\"font-size:16px;\"><span style=\"font-family:verdana,geneva,sans-serif;\"><span class=\"s1\">13.<span class=\"Apple-converted-space\">&nbsp; <\/span>\u00bfCu\u00e1les son los requisitos de certificaci\u00f3n?<span class=\"Apple-converted-space\">&nbsp;<\/span><\/span><\/span><\/span><\/strong><\/span><\/p>\n<p class=\"p2\"> \t<span style=\"color:#0033ff;\"><span style=\"font-size:16px;\"><span style=\"font-family:verdana,geneva,sans-serif;\"><span class=\"s1\"><a href=\"https:\/\/advancedsofttissuerelease.com\/es\/elegibilidad-2\/\" target=\"_blank\">haga clic aqu\u00ed<\/a><\/span><\/span><\/span><\/span><span style=\"color:#696969;\"><span style=\"font-size:16px;\"><span style=\"font-family:verdana,geneva,sans-serif;\"><span class=\"s1\"> para los requisitos de certificaci\u00f3n.<\/span><\/span><\/span><\/span><\/p>\n<p class=\"p3\"> \t&nbsp;<\/p>\n<p class=\"p1\"> \t<span style=\"color:#696969;\"><strong><span style=\"font-size:16px;\"><span style=\"font-family:verdana,geneva,sans-serif;\"><span class=\"s1\">14.<span class=\"Apple-converted-space\">&nbsp; <\/span>\u00bfD\u00f3nde puedo ver un tratamiento usando el modelo ASTR antes de apuntarme a la clase?<\/span><\/span><\/span><\/strong><\/span><\/p>\n<p class=\"p5\"> \t<span style=\"color:#696969;\"><span style=\"font-size:16px;\"><span style=\"font-family:verdana,geneva,sans-serif;\"><span class=\"s1\">Hay m\u00e1s de 250 videos de tratamientos y testimonios proporcionados por el Dr. Jacobs. <\/span><\/span><\/span><\/span><span style=\"color:#0033ff;\"><span style=\"font-size:16px;\"><span style=\"font-family:verdana,geneva,sans-serif;\"><span class=\"s1\"><a href=\"https:\/\/advancedsofttissuerelease.com\/es\/tratamientos-videos-2\/\" title=\"\">haga clic aqu\u00ed<\/a><\/span><\/span><\/span><\/span><span style=\"color:#696969;\"><span style=\"font-size:16px;\"><span style=\"font-family:verdana,geneva,sans-serif;\"><span class=\"s1\"> para acceder a estos videos.<\/span><\/span><\/span><\/span><\/p>\n<p class=\"p3\"> \t&nbsp;<\/p>\n<p class=\"p1\"> \t<span style=\"color:#696969;\"><strong><span style=\"font-size:16px;\"><span style=\"font-family:verdana,geneva,sans-serif;\"><span class=\"s1\">15.<span class=\"Apple-converted-space\">&nbsp; <\/span>\u00bfEs posible obtener capacitaci\u00f3n pr\u00e1ctica utilizando m\u00e9todos ASTR?<\/span><\/span><\/span><\/strong><\/span><\/p>\n<p class=\"p5\"> \t<span style=\"color:#696969;\"><span style=\"font-size:16px;\"><span style=\"font-family:verdana,geneva,sans-serif;\"><span class=\"s1\">S\u00ed, puede seguir al Dr. Jacobs y recibir capacitaci\u00f3n pr\u00e1ctica por una tarifa adicional. <span class=\"Apple-converted-space\">&nbsp;<\/span><\/span><\/span><\/span><\/span><\/p>\n<p class=\"p5\"> \t&nbsp;<\/p>\n<p class=\"p1\"> \t<span style=\"color:#696969;\"><strong><span style=\"font-size:16px;\"><span style=\"font-family:verdana,geneva,sans-serif;\"><span class=\"s1\">16.<span class=\"Apple-converted-space\">&nbsp; <\/span>\u00bfHay alg\u00fan descuento grupal disponible para el curso en l\u00ednea?<\/span><\/span><\/span><\/strong><\/span><\/p>\n<p class=\"p2\"> \t<span style=\"color:#696969;\"><span style=\"font-size:16px;\"><span style=\"font-family:verdana,geneva,sans-serif;\"><span class=\"s1\">Hay descuentos para grupos de 5 o m\u00e1s practicantes que se inscriban a la hora de la firma. No se pueden aplicar otros descuentos a la tarifa de grupo.&nbsp;<span class=\"Apple-converted-space\">&nbsp;<\/span><\/span><\/span><\/span><\/span><\/p>\n<style type=\"text\/css\"> p.p1 {margin: 0.0px 0.0px 10.0px 0.0px; font: 11.0px Avenir; color: #000000; -webkit-text-stroke: #000000} p.p2 {margin: 0.0px 0.0px 10.0px 0.0px; text-indent: 36.0px; font: 11.0px Avenir; color: #000000; -webkit-text-stroke: #000000} p.p3 {margin: 0.0px 0.0px 10.0px 0.0px; font: 11.0px Avenir; color: #000000; -webkit-text-stroke: #000000; min-height: 15.0px} p.p4 {margin: 0.0px 0.0px 10.0px 0.0px; text-indent: 36.0px; font: 11.0px Avenir; color: #000000; -webkit-text-stroke: #000000; min-height: 15.0px} p.p5 {margin: 0.0px 0.0px 10.0px 36.0px; font: 11.0px Avenir; color: #000000; -webkit-text-stroke: #000000} p.p6 {margin: 0.0px 0.0px 10.0px 36.0px; font: 11.0px Avenir; color: #000000; -webkit-text-stroke: #000000; min-height: 15.0px} p.p7 {margin: 0.0px 0.0px 10.0px 0.0px; text-indent: 36.0px; font: 11.0px Avenir; color: #0000ff; -webkit-text-stroke: #0000ff} span.s1 {font-kerning: none} span.s2 {font-kerning: none; color: #000000; -webkit-text-stroke: 0px #000000} span.s3 {text-decoration: underline ; font-kerning: none; color: #0000ff; -webkit-text-stroke: 0px #0000ff}<\/style>","protected":false},"excerpt":{"rendered":"<p>1.&nbsp; Who can take the online class? &nbsp; &nbsp; &nbsp;Anyone can take the online class. &nbsp; 2.&nbsp;&nbsp;Who can buy ASTR instrument tools? &nbsp; &nbsp; &nbsp;Anyone can buy the tools, but only healthcare providers can treat patients with the instruments after meeting the&nbsp;certification requirements.&nbsp; &nbsp; 3.&nbsp; Who can be certified as an ASTR health care provider? [&hellip;]<\/p>\n","protected":false},"author":2447,"featured_media":0,"parent":0,"menu_order":19,"comment_status":"closed","ping_status":"closed","template":"","meta":{"_analytify_skip_tracking":false,"footnotes":""},"class_list":["post-373","page","type-page","status-publish","hentry"],"_links":{"self":[{"href":"https:\/\/advancedsofttissuerelease.com\/es\/wp-json\/wp\/v2\/pages\/373","targetHints":{"allow":["GET"]}}],"collection":[{"href":"https:\/\/advancedsofttissuerelease.com\/es\/wp-json\/wp\/v2\/pages"}],"about":[{"href":"https:\/\/advancedsofttissuerelease.com\/es\/wp-json\/wp\/v2\/types\/page"}],"author":[{"embeddable":true,"href":"https:\/\/advancedsofttissuerelease.com\/es\/wp-json\/wp\/v2\/users\/2447"}],"replies":[{"embeddable":true,"href":"https:\/\/advancedsofttissuerelease.com\/es\/wp-json\/wp\/v2\/comments?post=373"}],"version-history":[{"count":0,"href":"https:\/\/advancedsofttissuerelease.com\/es\/wp-json\/wp\/v2\/pages\/373\/revisions"}],"wp:attachment":[{"href":"https:\/\/advancedsofttissuerelease.com\/es\/wp-json\/wp\/v2\/media?parent=373"}],"curies":[{"name":"wp","href":"https:\/\/api.w.org\/{rel}","templated":true}]}}