{"id":388,"date":"2018-09-04T00:58:53","date_gmt":"2018-09-04T00:58:53","guid":{"rendered":"https:\/\/advancedsofttissuerelease.com\/we-are-hiring-worldwide\/"},"modified":"2018-09-04T00:58:53","modified_gmt":"2018-09-04T00:58:53","slug":"estamos-contratando-en-todo-el-mundo-2","status":"publish","type":"page","link":"https:\/\/advancedsofttissuerelease.com\/es\/we-are-hiring-worldwide\/","title":{"rendered":"Estamos contratando en todo el mundo"},"content":{"rendered":"<p class=\"p1\"> \t<span style=\"color:#696969;\"><span style=\"font-size:16px;\"><span style=\"font-family:verdana,geneva,sans-serif;\"><span class=\"s1\"><b>Estamos contratando en todo el mundo<\/b><\/span><\/span><\/span><\/span><\/p>\n<p class=\"p1\"> \t&nbsp;<\/p>\n<p class=\"p1\"> \t<span style=\"font-size:16px;\"><span style=\"color:#3366cc;\"><span style=\"font-family:verdana,geneva,sans-serif;\"><strong>Enlace de marketing de ASTR<\/strong><\/span><\/span><\/span><\/p>\n<p class=\"p2\"> \t&nbsp;<\/p>\n<p class=\"p1\"> \t<span style=\"color:#696969;\"><span style=\"font-size:16px;\"><span style=\"font-family:verdana,geneva,sans-serif;\"><span class=\"s1\">\u00bfEst\u00e1 buscando una gran oportunidad para ser su propio jefe, controlar su horario de trabajo y representar la especialidad m\u00e9dica m\u00e1s avanzada del mundo? \u00bfTe gustar\u00eda ser parte de un equipo que est\u00e1 teniendo un impacto importante en la industria m\u00e9dica? \u00bfTienes pasi\u00f3n por ayudar a la gente? Entonces esto ser\u00eda un gran ajuste. Brindamos un s\u00f3lido programa de capacitaci\u00f3n para prepararlo para presentar nuestra empresa. Estamos buscando embajadores para difundir nuestra marca en todo el mundo. \u00bfLe gustar\u00eda representar la especialidad ASTR en su \u00e1rea? (restricciones demogr\u00e1ficas).<\/span><\/span><\/span><\/span><\/p>\n<p class=\"p2\"> \t&nbsp;<\/p>\n<p class=\"p1\"> \t<span style=\"color:#696969;\"><span style=\"font-size:16px;\"><span style=\"font-family:verdana,geneva,sans-serif;\"><span class=\"s1\"><b>Misi\u00f3n del Instituto ASTR:<\/b><\/span><\/span><\/span><\/span><\/p>\n<p class=\"p2\"> \t&nbsp;<\/p>\n<p class=\"p3\"> \t<span style=\"color:#696969;\"><span style=\"font-size:16px;\"><span style=\"font-family:verdana,geneva,sans-serif;\"><span class=\"s1\">Nos esforzamos por revolucionar el campo de la medicina investigando, inventando y desarrollando instrumentos, dispositivos, suplementos y metodolog\u00edas avanzados para tratar el dolor en su origen. Nuestro objetivo es facilitar el acceso generalizado al alivio del dolor no invasivo, r\u00e1pido y a largo plazo para los millones de personas afectadas por lesiones y dolencias dolorosas.<\/span><\/span><\/span><\/span><\/p>\n<p class=\"p4\"> \t&nbsp;<\/p>\n<p class=\"p1\"> \t<span style=\"color:#696969;\"><span style=\"font-size:16px;\"><span style=\"font-family:verdana,geneva,sans-serif;\"><span class=\"s1\"><b>Requisitos<\/b><\/span><\/span><\/span><\/span><\/p>\n<p class=\"p2\"> \t&nbsp;<\/p>\n<ul class=\"ul1\">\n<li class=\"li1\"> \t\t<span style=\"color:#696969;\"><span style=\"font-size:16px;\"><span style=\"font-family:verdana,geneva,sans-serif;\"><span class=\"s1\">Disfruta trabajar cara a cara con la gente.<\/span><\/span><\/span><\/span><\/li>\n<li class=\"li1\"> \t\t<span style=\"color:#696969;\"><span style=\"font-size:16px;\"><span style=\"font-family:verdana,geneva,sans-serif;\"><span class=\"s1\">Profesional y compasivo<\/span><\/span><\/span><\/span><\/li>\n<li class=\"li1\"> \t\t<span style=\"color:#696969;\"><span style=\"font-size:16px;\"><span style=\"font-family:verdana,geneva,sans-serif;\"><span class=\"s1\">bueno en el telefono<\/span><\/span><\/span><\/span><\/li>\n<li class=\"li1\"> \t\t<span style=\"color:#696969;\"><span style=\"font-size:16px;\"><span style=\"font-family:verdana,geneva,sans-serif;\"><span class=\"s1\">Fuertes habilidades de escritura.<\/span><\/span><\/span><\/span><\/li>\n<li class=\"li1\"> \t\t<span style=\"color:#696969;\"><span style=\"font-size:16px;\"><span style=\"font-family:verdana,geneva,sans-serif;\"><span class=\"s1\">Tener experiencia en el campo de la medicina.<\/span><\/span><\/span><\/span><\/li>\n<li class=\"li1\"> \t\t<span style=\"color:#696969;\"><span style=\"font-size:16px;\"><span style=\"font-family:verdana,geneva,sans-serif;\"><span class=\"s1\">Trabajar independientemente <span class=\"Apple-converted-space\">&nbsp;<\/span><\/span><\/span><\/span><\/span><\/li>\n<\/ul>\n<p class=\"p2\"> \t&nbsp;<\/p>\n<p class=\"p1\"> \t<span style=\"color:#696969;\"><span style=\"font-size:16px;\"><span style=\"font-family:verdana,geneva,sans-serif;\"><span class=\"s1\"><b>Beneficios:<\/b><\/span><\/span><\/span><\/span><\/p>\n<p class=\"p2\"> \t&nbsp;<\/p>\n<ul class=\"ul1\">\n<li class=\"li1\"> \t\t<span style=\"color:#696969;\"><span style=\"font-size:16px;\"><span style=\"font-family:verdana,geneva,sans-serif;\"><span class=\"s1\">S\u00e9 tu propio jefe<span class=\"Apple-converted-space\">&nbsp;<\/span><\/span><\/span><\/span><\/span><\/li>\n<li class=\"li1\"> \t\t<span style=\"color:#696969;\"><span style=\"font-size:16px;\"><span style=\"font-family:verdana,geneva,sans-serif;\"><span class=\"s1\">Establece tu horario<\/span><\/span><\/span><\/span><\/li>\n<li class=\"li1\"> \t\t<span style=\"color:#696969;\"><span style=\"font-size:16px;\"><span style=\"font-family:verdana,geneva,sans-serif;\"><span class=\"s1\">Determina tu horario de trabajo<\/span><\/span><\/span><\/span><\/li>\n<li class=\"li1\"> \t\t<span style=\"color:#696969;\"><span style=\"font-size:16px;\"><span style=\"font-family:verdana,geneva,sans-serif;\"><span class=\"s1\">Gran compensaci\u00f3n<\/span><\/span><\/span><\/span><\/li>\n<li class=\"li1\"> \t\t<span style=\"color:#696969;\"><span style=\"font-size:16px;\"><span style=\"font-family:verdana,geneva,sans-serif;\"><span class=\"s1\">entrenamiento intenso<\/span><\/span><\/span><\/span><\/li>\n<li class=\"li1\"> \t\t<span style=\"color:#696969;\"><span style=\"font-size:16px;\"><span style=\"font-family:verdana,geneva,sans-serif;\"><span class=\"s1\">Acceso a la especialidad m\u00e9dica m\u00e1s avanzada<\/span><\/span><\/span><\/span><\/li>\n<\/ul>\n<p class=\"p2\"> \t&nbsp;<\/p>\n<p class=\"p1\"> \t<span style=\"color:#696969;\"><span style=\"font-size:16px;\"><span style=\"font-family:verdana,geneva,sans-serif;\"><span class=\"s1\">\u00a1Estamos ansiosos por que se convierta en parte de nuestro equipo!<\/span><\/span><\/span><\/span><\/p>\n<p class=\"p2\"> \t&nbsp;<\/p>\n<p class=\"p1\"> \t<strong><span style=\"color:#696969;\"><span style=\"font-size:16px;\"><span style=\"font-family:verdana,geneva,sans-serif;\"><span class=\"s1\">Instrucciones de aplicaci\u00f3n:<\/span><\/span><\/span><\/span><\/strong><\/p>\n<p> \t<span style=\"color:#696969;\"><span style=\"font-size:16px;\"><span style=\"font-family:verdana,geneva,sans-serif;\"> \t<\/p>\n<style type=\"text\/css\"> p.p1 {margin: 0.0px 0.0px 0.0px 0.0px; font: 11.0px Avenir; color: #000000; -webkit-text-stroke: #000000} p.p2 {margin: 0.0px 0.0px 0.0px 0.0px; font: 11.0px Avenir; color: #000000; -webkit-text-stroke: #000000; min-height: 15.0px} p.p3 {margin: 0.0px 0.0px 0.0px 0.0px; line-height: 19.0px; font: 11.0px Avenir; color: #000000; -webkit-text-stroke: #000000; background-color: #ffffff} p.p4 {margin: 0.0px 0.0px 0.0px 0.0px; line-height: 19.0px; font: 11.0px Avenir; color: #000000; -webkit-text-stroke: #000000; background-color: #ffffff; min-height: 15.0px} li.li1 {margin: 0.0px 0.0px 0.0px 0.0px; font: 11.0px Avenir; color: #000000; -webkit-text-stroke: #000000} span.s1 {font-kerning: none} ul.ul1 {list-style-type: disc}\t<\/style>\n<p> \t<\/span><\/span><\/span><\/p>\n<p class=\"p1\"> \t<span style=\"color:#696969;\"><span style=\"font-size:16px;\"><span style=\"font-family:verdana,geneva,sans-serif;\"><span class=\"s1\">Env\u00ede su curr\u00edculum por correo electr\u00f3nico a <a href=\"mailto:support@astrinstitute.com\">support@astrinstitute.com<\/a><\/span><\/span><\/span><\/span><\/p>","protected":false},"excerpt":{"rendered":"<p>We Are Hiring Worldwide &nbsp; ASTR Marketing Liason &nbsp; Are you looking for a great opportunity to be your own boss, control your work schedule and represent the most advanced medical speciality in the world? Would you like to be part of a team that is making an important impact in the medical industry? Do [&hellip;]<\/p>\n","protected":false},"author":2447,"featured_media":0,"parent":0,"menu_order":4,"comment_status":"closed","ping_status":"closed","template":"","meta":{"_analytify_skip_tracking":false,"footnotes":""},"class_list":["post-388","page","type-page","status-publish","hentry"],"_links":{"self":[{"href":"https:\/\/advancedsofttissuerelease.com\/es\/wp-json\/wp\/v2\/pages\/388","targetHints":{"allow":["GET"]}}],"collection":[{"href":"https:\/\/advancedsofttissuerelease.com\/es\/wp-json\/wp\/v2\/pages"}],"about":[{"href":"https:\/\/advancedsofttissuerelease.com\/es\/wp-json\/wp\/v2\/types\/page"}],"author":[{"embeddable":true,"href":"https:\/\/advancedsofttissuerelease.com\/es\/wp-json\/wp\/v2\/users\/2447"}],"replies":[{"embeddable":true,"href":"https:\/\/advancedsofttissuerelease.com\/es\/wp-json\/wp\/v2\/comments?post=388"}],"version-history":[{"count":0,"href":"https:\/\/advancedsofttissuerelease.com\/es\/wp-json\/wp\/v2\/pages\/388\/revisions"}],"wp:attachment":[{"href":"https:\/\/advancedsofttissuerelease.com\/es\/wp-json\/wp\/v2\/media?parent=388"}],"curies":[{"name":"wp","href":"https:\/\/api.w.org\/{rel}","templated":true}]}}