{"id":5332,"date":"2019-08-08T11:27:53","date_gmt":"2019-08-08T18:27:53","guid":{"rendered":"https:\/\/advancedsofttissuerelease.com\/?page_id=5332"},"modified":"2022-02-19T10:38:08","modified_gmt":"2022-02-19T17:38:08","slug":"fisioterapia-pasantia-2","status":"publish","type":"page","link":"https:\/\/advancedsofttissuerelease.com\/es\/physical-therapy-internship\/","title":{"rendered":"Pasant\u00eda de fisioterapia"},"content":{"rendered":"<div class=\"profile\">\n<h1><strong><span style=\"font-size: 12pt;\">Pasant\u00eda de fisioterapia en el condado de Ada (Boise, ID)<\/span><\/strong><\/h1>\n<\/div>\n<p>Pasant\u00eda: tiempo parcial, no remunerado<\/p>\n<p><strong>Boise, ID<\/strong><\/p>\n<div class=\"profile\">\n<p>Los pasantes podr\u00e1n seguir al Dr. Joseph Jacobs, inventor de la especialidad ASTR. Venga a conocer la especialidad de ASTR y c\u00f3mo el Dr. Jacobs ayuda a aliviar el dolor de los pacientes de manera r\u00e1pida y efectiva. Horario flexible<\/p>\n<h2><strong><span style=\"font-size: 12pt;\">Los pasantes podr\u00e1n<\/span><\/strong><\/h2>\n<ul>\n<li style=\"list-style-type: none;\">\n<ul>\n<li>Tratamiento de sombreado<\/li>\n<li>Ayuda con la investigaci\u00f3n<\/li>\n<li>Trabajo de oficina<\/li>\n<li>Limpiar mesas y herramientas<\/li>\n<li>Crear publicaciones en redes sociales<\/li>\n<li>Educaci\u00f3n del paciente<\/li>\n<\/ul>\n<\/li>\n<\/ul>\n<\/div>\n<div class=\"profile\">\n<h2><strong><span style=\"font-size: 12pt;\">Habilidades que se aprender\u00e1n relacionadas con:<\/span><\/strong><\/h2>\n<p>fisioterapia, tratamiento, educaci\u00f3n del paciente, investigaci\u00f3n, dolor, prescripci\u00f3n de ejercicios, rehabilitaci\u00f3n ortop\u00e9dica, terapia manual, ejercicios, ergonom\u00eda, medicina deportiva, nutrici\u00f3n, rehabilitaci\u00f3n, prevenci\u00f3n de lesiones, kinesiolog\u00eda, rehabilitaci\u00f3n vestibular, ortopedia ambulatoria, rehabilitaci\u00f3n geri\u00e1trica<\/p>\n<div class=\"profile\">\n<h2><strong><span style=\"font-size: 12pt;\">Requisitos de pasant\u00eda:<\/span><\/strong><\/h2>\n<ul>\n<li>Haz el test de personalidad\u00a0<span style=\"color: #0000ff;\"><a style=\"color: #0000ff;\" href=\"https:\/\/www.16personalities.com\" target=\"_blank\" rel=\"noopener\">16personalidades.com<\/a><\/span><\/li>\n<li>Env\u00ede por correo electr\u00f3nico su curr\u00edculum, carta de presentaci\u00f3n y resultados de la prueba de personalidad: <span style=\"color: #0000ff;\"><a style=\"color: #0000ff;\" href=\"mailto:support@ASTRinstitute.com\">support@ASTRinstitute.com<\/a><\/span><\/li>\n<li>Rellene los siguientes formularios <span style=\"color: #0000ff;\"><a style=\"color: #0000ff;\" href=\"https:\/\/advancedsofttissuerelease.com\/wp-content\/uploads\/2019\/08\/Intern-Consent-Form.pdf\">Formulario de consentimiento interno<\/a><\/span>\u00a0&amp;<span style=\"color: #0000ff;\"> <a style=\"color: #0000ff;\" href=\"https:\/\/advancedsofttissuerelease.com\/wp-content\/uploads\/2019\/08\/Non-discoulsure.pdf\">No-divulgaci\u00f3n<\/a><\/span><\/li>\n<li>Para estar preparado para la pasant\u00eda, mire la primera <strong>7 v\u00eddeos<\/strong> en esto<span style=\"color: #0000ff;\"> <a style=\"color: #0000ff;\" href=\"https:\/\/advancedsofttissuerelease.com\/es\/videos-educativos-2\/\">p\u00e1gina<\/a><\/span><\/li>\n<\/ul>\n<\/div>\n<\/div>","protected":false},"excerpt":{"rendered":"<p>Physical Therapy Internship In Ada County (Boise, ID) Internship &#8211; Part Time, Unpaid Boise, ID Interns will be able to shadow Dr. Joseph Jacobs, Inventor of ASTR speciality. Come learn about ASTR specialty and how Dr. Jacobs helps to relieve patients pain quickly and affectively. Flexible hours Interns will be able to Shadowing treatment Help [&hellip;]<\/p>\n","protected":false},"author":1,"featured_media":0,"parent":0,"menu_order":0,"comment_status":"closed","ping_status":"closed","template":"","meta":{"_analytify_skip_tracking":false,"footnotes":""},"class_list":["post-5332","page","type-page","status-publish","hentry"],"_links":{"self":[{"href":"https:\/\/advancedsofttissuerelease.com\/es\/wp-json\/wp\/v2\/pages\/5332","targetHints":{"allow":["GET"]}}],"collection":[{"href":"https:\/\/advancedsofttissuerelease.com\/es\/wp-json\/wp\/v2\/pages"}],"about":[{"href":"https:\/\/advancedsofttissuerelease.com\/es\/wp-json\/wp\/v2\/types\/page"}],"author":[{"embeddable":true,"href":"https:\/\/advancedsofttissuerelease.com\/es\/wp-json\/wp\/v2\/users\/1"}],"replies":[{"embeddable":true,"href":"https:\/\/advancedsofttissuerelease.com\/es\/wp-json\/wp\/v2\/comments?post=5332"}],"version-history":[{"count":0,"href":"https:\/\/advancedsofttissuerelease.com\/es\/wp-json\/wp\/v2\/pages\/5332\/revisions"}],"wp:attachment":[{"href":"https:\/\/advancedsofttissuerelease.com\/es\/wp-json\/wp\/v2\/media?parent=5332"}],"curies":[{"name":"wp","href":"https:\/\/api.w.org\/{rel}","templated":true}]}}