{"id":72,"date":"2015-07-06T00:22:14","date_gmt":"2015-07-06T00:22:14","guid":{"rendered":"https:\/\/advancedsofttissuerelease.com\/home\/"},"modified":"2018-12-26T06:35:29","modified_gmt":"2018-12-26T06:35:29","slug":"casa-2","status":"publish","type":"page","link":"https:\/\/advancedsofttissuerelease.com\/es\/home\/","title":{"rendered":"Inicio"},"content":{"rendered":"<p class=\"p1\"> \t<span style=\"font-size:16px;\"><span style=\"font-family:verdana,geneva,sans-serif;\"><span style=\"color:#696969;\"><span class=\"s1\">Liberaci\u00f3n avanzada de tejidos blandos<\/span><span class=\"s2\"><b><sup>\u00ae&nbsp;<\/sup><\/b><\/span><span class=\"s1\">&nbsp;(ASTR<\/span><span class=\"s2\"><b><sup>\u00ae<\/sup><\/b><\/span><span class=\"s1\">)<\/span><\/span><span class=\"s1\"><a href=\"https:\/\/advancedsofttissuerelease.com\/es\/about-astr\/que-es-astr-2\/\"><span style=\"color:#696969;\"><span class=\"s3\">&nbsp;<\/span><\/span><\/a><\/span><span style=\"color:#696969;\"><span class=\"s1\">est\u00e1 cambiando la forma en que los pacientes experimentan&nbsp;<b>Alivio del dolor a largo plazo<\/b>. ASTR fue desarrollado en 2011 por el Dr. Joseph Jacobs, Doctor en Fisioterapia. Dr. Jacobs es un&nbsp;<\/span><\/span><span class=\"s4\">sobreviviente de c\u00e1ncer<\/span><span class=\"s1\">&nbsp;<span style=\"color:#696969;\">que sufr\u00eda de<\/span>&nbsp;<\/span><span class=\"s4\">migra\u00f1as cr\u00f3nicas, dolores de cabeza, fatiga&nbsp;<\/span><span class=\"s5\">y<\/span><span class=\"s4\">&nbsp;dolor&nbsp;<b>Antes de que inventara ASTR<\/b><\/span><span class=\"s1\">. <span style=\"color:#696969;\">La especialidad de ASTR aborda el dolor agudo y cr\u00f3nico como ninguna otra cosa. Con&nbsp;<b>patentado,<\/b>&nbsp;instrumentos estrat\u00e9gicamente dise\u00f1ados, m\u00e1s de 125 maniobras, evaluaciones \u00fanicas de pacientes y protocolos de tratamiento redactados t\u00e1cticamente, ASTR est\u00e1 dise\u00f1ado para atacar la fuente del dolor y reducirlo dr\u00e1sticamente, aumentando el rango de movimiento y esencialmente mejorando la calidad de vida de las personas.<\/span><\/span><\/span><\/span><\/p>\n<p class=\"p1\"> \t&nbsp;<\/p>\n<hr>\n<p class=\"p1\"> \t&nbsp;<\/p>\n<p class=\"p1\"> \t<span style=\"font-size:18px;\"><span style=\"font-family:verdana,geneva,sans-serif;\"><strong style=\"-webkit-text-stroke-width: initial; color: rgb(105, 105, 105); font-size: 22px; font-family: verdana, geneva, sans-serif;\"><span class=\"s1\">ASTR: El futuro de la medicina<\/span><\/strong><\/span><\/span><\/p>\n<p class=\"p1\"> \t&nbsp;<\/p>\n<ul class=\"ul1\">\n<li class=\"li2\"> \t\t<span style=\"font-size:16px;\"><span style=\"font-family:verdana,geneva,sans-serif;\"><span style=\"color:#696969;\"><span class=\"s7\"><b>40+<\/b><\/span><span class=\"s8\"><b>&nbsp;<\/b>Los estudios respaldan el modelo de tratamiento de ASTR<\/span><\/span><\/span><\/span><\/li>\n<li class=\"li2\"> \t\t<span style=\"font-size:16px;\"><span style=\"font-family:verdana,geneva,sans-serif;\"><span style=\"color:#696969;\"><span class=\"s7\"><b>400+<\/b><\/span><span class=\"s8\"><b>&nbsp;<\/b>Los estudios de investigaci\u00f3n se integran en el modelo de tratamiento de ASTR<\/span><\/span><\/span><\/span><\/li>\n<li class=\"li2\"> \t\t<span style=\"font-size:16px;\"><span style=\"font-family:verdana,geneva,sans-serif;\"><span style=\"color:#696969;\"><span class=\"s7\"><b>16,000+<\/b><\/span><span class=\"s8\">&nbsp;Los estudios de investigaci\u00f3n han sido revisados por nuestro equipo.<\/span><\/span><\/span><\/span><\/li>\n<li class=\"li2\"> \t\t<span style=\"font-size:16px;\"><span style=\"font-family:verdana,geneva,sans-serif;\"><span style=\"color:#696969;\"><span class=\"s7\"><b>300+&nbsp;<\/b><\/span><span class=\"s8\">V\u00eddeos de tratamientos y testimonios&nbsp;<\/span><\/span><\/span><\/span><\/li>\n<li class=\"li3\"> \t\t<span style=\"font-size:16px;\"><span style=\"font-family:verdana,geneva,sans-serif;\"><span style=\"color:#ff0000;\"><span class=\"s8\">La evidencia se basa en la practica<\/span><\/span><span style=\"color:#696969;\"><span class=\"s8\"> &amp; Modelo Biopsicosocial<\/span><\/span><\/span><\/span><\/li>\n<li class=\"li2\"> \t\t<span style=\"font-size:16px;\"><span style=\"font-family:verdana,geneva,sans-serif;\"><span style=\"color:#696969;\"><span class=\"s8\">trata el&nbsp;<\/span><span class=\"s7\"><b>fuente<\/b><\/span><span class=\"s8\">&nbsp;de dolor<\/span><\/span><\/span><\/span><\/li>\n<li class=\"li2\"> \t\t<span style=\"font-size:16px;\"><span style=\"font-family:verdana,geneva,sans-serif;\"><span style=\"color:#696969;\"><span class=\"s7\"><b>no invasivo<\/b><\/span><span class=\"s8\">&nbsp;tratamiento natural<\/span><\/span><\/span><\/span><\/li>\n<\/ul>\n<hr>\n<p class=\"p1\"> \t&nbsp;<\/p>\n<p class=\"p1\"> \t<span style=\"font-size:22px;\"><span style=\"font-family:verdana,geneva,sans-serif;\"><span style=\"color:#696969;\"><strong><span class=\"s1\">\u00bfQu\u00e9 es ASTR?<\/span><\/strong><\/span><\/span><\/span><\/p>\n<p class=\"p1\"> \t&nbsp;<\/p>\n<p class=\"p2\"> \t<span style=\"font-size:16px;\"><span style=\"font-family:verdana,geneva,sans-serif;\"><span style=\"color:#696969;\"><span class=\"s1\">ASTR es un modelo de tratamiento biopsicosocial que utiliza instrumentos, maniobras, teor\u00edas y metodolog\u00edas \u00fanicas de ASTR para tratar el dolor en su origen. El tratamiento ASTR incluye trabajar en m\u00faltiples aspectos que incluyen: tejido cicatricial, restricci\u00f3n de la fascia, puntos gatillo, espasmos musculares, ergonom\u00eda, marcha, ejercicio, nutrici\u00f3n, inflamaci\u00f3n, manejo del estr\u00e9s y modificaci\u00f3n del comportamiento. Los resultados de un estudio reciente del cuello realizado en pacientes con ASTR encontraron que hab\u00eda una&nbsp;<\/span><span class=\"s4\">Tasa de \u00e9xito 87%&nbsp;<\/span><span class=\"s1\">para los pacientes que pasaron por nuestro programa!<b>&nbsp;<\/b><\/span><\/span><span class=\"s1\"><a href=\"https:\/\/advancedsofttissuerelease.com\/es\/investigar-2\/\"><span style=\"color:#696969;\"><span class=\"s11\">Obtenga m\u00e1s informaci\u00f3n aqu\u00ed<\/span><\/span><\/a><\/span><span style=\"color:#696969;\"><span class=\"s3\">!<\/span><\/span><\/span><\/span><\/p>\n<p class=\"p2\" style=\"text-align: center;\"> \t&nbsp;<\/p>\n<hr>\n<style type=\"text\/css\"> p.p1 {margin: 0.0px 0.0px 0.0px 0.0px; font: 16.0px Verdana; color: #000000; -webkit-text-stroke: #000000; background-color: #ffffff} p.p2 {margin: 0.0px 0.0px 0.0px 0.0px; font: 16.0px Verdana; color: #000000; -webkit-text-stroke: #000000} p.p4 {margin: 0.0px 0.0px 0.0px 0.0px; font: 16.0px Verdana; color: #000000; -webkit-text-stroke: #000000; background-color: #ffffff; min-height: 19.0px} li.li2 {margin: 0.0px 0.0px 0.0px 0.0px; font: 16.0px Verdana; color: #000000; -webkit-text-stroke: #000000} li.li3 {margin: 0.0px 0.0px 0.0px 0.0px; font: 16.0px Verdana; color: #696969; -webkit-text-stroke: #696969} span.s1 {font-kerning: none} span.s2 {font: 10.7px Verdana; font-kerning: none; color: #6a6a6a; -webkit-text-stroke: 0px #6a6a6a} span.s3 {font-kerning: none; color: #428bca; -webkit-text-stroke: 0px #428bca} span.s4 {font-kerning: none; color: #ff0000; -webkit-text-stroke: 0px #ff0000} span.s5 {font-kerning: none; color: #696969; -webkit-text-stroke: 0px #696969} span.s6 {color: #ff0000} span.s7 {font-kerning: none; color: #ff0000; background-color: #ffffff; -webkit-text-stroke: 0px #ff0000} span.s8 {font-kerning: none; background-color: #ffffff} span.s9 {color: #ff0000; -webkit-text-stroke: 0px #000000} span.s10 {font-kerning: none; color: #000000; background-color: #ffffff; -webkit-text-stroke: 0px #ff0000} span.s11 {font-kerning: none; color: #428bca; background-color: transparent; -webkit-text-stroke: 0px #428bca} span.s12 {font-kerning: none; color: #808080; -webkit-text-stroke: 0px #808080} span.s13 {text-decoration: underline ; font-kerning: none; background-color: transparent} ul.ul1 {list-style-type: disc}\t<\/style>","protected":false},"excerpt":{"rendered":"<p>Advanced Soft Tissue Release\u00ae&nbsp;&nbsp;(ASTR\u00ae)&nbsp;is changing the way that patients experience&nbsp;Long-Term&nbsp;pain relief. ASTR was developed in 2011 by&nbsp;Dr. Joseph Jacobs,&nbsp;Doctor of Physical Therapy. Dr.Jacobs is a&nbsp;cancer survivor&nbsp;who used to suffer from&nbsp;chronic migraines, headaches, fatigue&nbsp;and&nbsp;pain&nbsp;Before he invented ASTR. ASTR specialty addresses acute and chronic pain unlike anything else. With&nbsp;Patented,&nbsp;strategically designed instruments, over 125 maneuvers, unique patient assessments, [&hellip;]<\/p>\n","protected":false},"author":2447,"featured_media":0,"parent":0,"menu_order":19,"comment_status":"closed","ping_status":"closed","template":"","meta":{"_analytify_skip_tracking":false,"footnotes":""},"class_list":["post-72","page","type-page","status-publish","hentry"],"_links":{"self":[{"href":"https:\/\/advancedsofttissuerelease.com\/es\/wp-json\/wp\/v2\/pages\/72","targetHints":{"allow":["GET"]}}],"collection":[{"href":"https:\/\/advancedsofttissuerelease.com\/es\/wp-json\/wp\/v2\/pages"}],"about":[{"href":"https:\/\/advancedsofttissuerelease.com\/es\/wp-json\/wp\/v2\/types\/page"}],"author":[{"embeddable":true,"href":"https:\/\/advancedsofttissuerelease.com\/es\/wp-json\/wp\/v2\/users\/2447"}],"replies":[{"embeddable":true,"href":"https:\/\/advancedsofttissuerelease.com\/es\/wp-json\/wp\/v2\/comments?post=72"}],"version-history":[{"count":0,"href":"https:\/\/advancedsofttissuerelease.com\/es\/wp-json\/wp\/v2\/pages\/72\/revisions"}],"wp:attachment":[{"href":"https:\/\/advancedsofttissuerelease.com\/es\/wp-json\/wp\/v2\/media?parent=72"}],"curies":[{"name":"wp","href":"https:\/\/api.w.org\/{rel}","templated":true}]}}