{"id":75,"date":"2015-07-06T00:39:44","date_gmt":"2015-07-06T00:39:44","guid":{"rendered":"https:\/\/advancedsofttissuerelease.com\/testimonials\/"},"modified":"2018-12-26T03:24:37","modified_gmt":"2018-12-26T03:24:37","slug":"testimonios-2","status":"publish","type":"page","link":"https:\/\/advancedsofttissuerelease.com\/es\/what-is-astr\/testimonials\/","title":{"rendered":"Testimonios"},"content":{"rendered":"<p style=\"text-align: center;\"> \t<iframe title=\"Back Pain Relieved After 2 ASTR treatments!\" width=\"800\" height=\"450\" src=\"https:\/\/www.youtube.com\/embed\/UyVCTuUKhvo?feature=oembed\" frameborder=\"0\" allow=\"accelerometer; autoplay; clipboard-write; encrypted-media; gyroscope; picture-in-picture; web-share\" allowfullscreen><\/iframe><\/p>\n<p style=\"text-align: center;\"> \t<iframe title=\"Back &amp; Hip Pain Relieved Without Surgery After 2 ASTR Treatments\" width=\"800\" height=\"450\" src=\"https:\/\/www.youtube.com\/embed\/qcCzOO3CPwU?feature=oembed\" frameborder=\"0\" allow=\"accelerometer; autoplay; clipboard-write; encrypted-media; gyroscope; picture-in-picture; web-share\" allowfullscreen><\/iframe><\/p>\n<p style=\"text-align: center;\"> \t<iframe title=\"Chronic Shoulder Restriction Was Relieved in Just Minutes!\" width=\"800\" height=\"450\" src=\"https:\/\/www.youtube.com\/embed\/YIwqsd5LWWQ?feature=oembed\" frameborder=\"0\" allow=\"accelerometer; autoplay; clipboard-write; encrypted-media; gyroscope; picture-in-picture; web-share\" allowfullscreen><\/iframe><\/p>\n<p style=\"text-align: center;\"> \t<iframe title=\"Chronic Shoulder Pain Relieved in Minutes With ASTR! (SAFE, REAL RELIEF!!)\" width=\"800\" height=\"450\" src=\"https:\/\/www.youtube.com\/embed\/-nzEn6EXdLg?feature=oembed\" frameborder=\"0\" allow=\"accelerometer; autoplay; clipboard-write; encrypted-media; gyroscope; picture-in-picture; web-share\" allowfullscreen><\/iframe><\/p>\n<p style=\"text-align: center;\"> \t<iframe title=\"Chronic Knee Pain Relieved After 2 ASTR treatments!\" width=\"800\" height=\"450\" src=\"https:\/\/www.youtube.com\/embed\/VfFs2JiM2uI?feature=oembed\" frameborder=\"0\" allow=\"accelerometer; autoplay; clipboard-write; encrypted-media; gyroscope; picture-in-picture; web-share\" allowfullscreen><\/iframe><\/p>\n<p style=\"text-align: center;\"> \t<iframe title=\"Jaw Pain Relieved in Minutes! (SAFE AND PROVEN!!)\" width=\"800\" height=\"450\" src=\"https:\/\/www.youtube.com\/embed\/zGJodacqH2Y?feature=oembed\" frameborder=\"0\" allow=\"accelerometer; autoplay; clipboard-write; encrypted-media; gyroscope; picture-in-picture; web-share\" allowfullscreen><\/iframe><\/p>\n<p style=\"text-align: center;\"> \t<iframe title=\"Unbelievable Chronic Shoulder Pain Relief! (REAL RESULTS)\" width=\"800\" height=\"450\" src=\"https:\/\/www.youtube.com\/embed\/_8w5qTyRVb0?feature=oembed\" frameborder=\"0\" allow=\"accelerometer; autoplay; clipboard-write; encrypted-media; gyroscope; picture-in-picture; web-share\" allowfullscreen><\/iframe><\/p>\n<p style=\"text-align: center;\"> \t<iframe title=\"Back &amp; Neck Pain Relieved in Just 1 ASTR Treatment\" width=\"800\" height=\"450\" src=\"https:\/\/www.youtube.com\/embed\/l6h0G1y52g4?feature=oembed\" frameborder=\"0\" allow=\"accelerometer; autoplay; clipboard-write; encrypted-media; gyroscope; picture-in-picture; web-share\" allowfullscreen><\/iframe><\/p>\n<p style=\"text-align: center;\"> \t<iframe title=\"Chronic Knee Pain Relieved in Minutes with ASTR!\" width=\"800\" height=\"450\" src=\"https:\/\/www.youtube.com\/embed\/Iu7J9aCRhqU?feature=oembed\" frameborder=\"0\" allow=\"accelerometer; autoplay; clipboard-write; encrypted-media; gyroscope; picture-in-picture; web-share\" allowfullscreen><\/iframe><\/p>\n<p style=\"text-align: center;\"> \t<iframe title=\"\u00bfQu\u00e9 es ASTR?\" width=\"800\" height=\"450\" src=\"https:\/\/www.youtube.com\/embed\/e5zGCWidWm0?feature=oembed\" frameborder=\"0\" allow=\"accelerometer; autoplay; clipboard-write; encrypted-media; gyroscope; picture-in-picture; web-share\" allowfullscreen><\/iframe><\/p>\n<p style=\"text-align: center;\"> \t<iframe title=\"Chronic Back &amp; Neck Pain Relieved After 1 ASTR Treatment! (SHOCKING RESULTS!!)\" width=\"800\" height=\"450\" src=\"https:\/\/www.youtube.com\/embed\/WTwFLCjh1iQ?feature=oembed\" frameborder=\"0\" allow=\"accelerometer; autoplay; clipboard-write; encrypted-media; gyroscope; picture-in-picture; web-share\" allowfullscreen><\/iframe><\/p>\n<p> \t<span style=\"color: rgb(105, 105, 105); font-family: verdana, geneva, sans-serif;\">\u00a1Obtenga m\u00e1s informaci\u00f3n sobre la liberaci\u00f3n avanzada de tejidos blandos de pacientes que experimentaron alivio del dolor a trav\u00e9s de esta nueva especialidad revolucionaria! Puede encontrar testimonios basados en el problema que presenta el paciente, pero a continuaci\u00f3n hay algunos puntos destacados.<\/span><\/p>\n<p> \t&nbsp;<\/p>\n<hr \/>\n<p> \t&nbsp;<\/p>\n<p style=\"box-sizing: border-box; line-height: 1.6em; color: rgb(34, 34, 34); font-family: Arial, Verdana, sans-serif; font-size: 12px;\"> \t<span style=\"font-family:verdana,geneva,sans-serif;\"><span style=\"color:#696969;\"><span style=\"box-sizing: border-box;\"><span style=\"box-sizing: border-box;\"><span style=\"box-sizing: border-box; font-size: 14px;\"><span style=\"box-sizing: border-box; line-height: 16px;\">\u201cDespu\u00e9s de mi primera cita con el doctor Jacobs,&nbsp;<strong style=\"box-sizing: border-box;\">me sent\u00ed mucho mejor<\/strong>. Las t\u00e9cnicas que us\u00f3 conmigo no eran &quot;t\u00edpicas&quot;. Pero realmente funcionaron. Despu\u00e9s de muchas sesiones con el Dr. Jacobs, junto con un cambio en mi dieta a alimentos m\u00e1s naturales y org\u00e1nicos, soy un&nbsp;<strong style=\"box-sizing: border-box;\">persona completamente diferente<\/strong>. Aunque la enfermedad cel\u00edaca y la artritis es algo que no puedo cambiar, muchas otras cosas han cambiado para mejor. Mi \u00faltima gammagraf\u00eda \u00f3sea result\u00f3 b\u00e1sicamente normal. Mis s\u00edntomas de Fibromialgia se han 80% ido. Mis s\u00edntomas del t\u00fanel carpiano se han 100% ido. Y por \u00faltimo, pero no menos importante, estoy 100% sin pastillas narc\u00f3ticas. He ganado cerca de 40 libras y ahora tengo 3 trabajos con un total de 60 horas a la semana.&nbsp;<\/span><\/span><\/span><\/span><\/span><\/span><\/p>\n<p style=\"box-sizing: border-box; line-height: 1.6em; color: rgb(34, 34, 34); font-family: Arial, Verdana, sans-serif; font-size: 12px;\"> \t<span style=\"font-family:verdana,geneva,sans-serif;\"><span style=\"color:#696969;\"><span style=\"box-sizing: border-box;\"><span style=\"box-sizing: border-box;\"><span style=\"box-sizing: border-box; font-size: 14px;\"><span style=\"box-sizing: border-box; line-height: 16px;\"><strong style=\"box-sizing: border-box;\">Doctor Jacobs es absolutamente incre\u00edble<\/strong>&nbsp;y sus t\u00e9cnicas son innovadoras. Pon tu confianza en \u00e9l y mejorar\u00e1s. Eso es algo que te puedo prometer. A los 23, estoy muy agradecida de recuperar mi vida. Gracias, Doctora Jacobs, por hacer que esa calidad de vida sea incre\u00edblemente mejor de lo que era.&nbsp;<strong style=\"box-sizing: border-box;\">Ninguna cantidad de dinero podr\u00eda pagarte por todo lo que has hecho.<\/strong>&#8221;&nbsp;<\/span><\/span><\/span><\/span><\/span><\/span><\/p>\n<p style=\"box-sizing: border-box; line-height: 1.6em; color: rgb(34, 34, 34); font-family: Arial, Verdana, sans-serif; font-size: 12px; text-align: right;\"> \t<span style=\"font-family:verdana,geneva,sans-serif;\"><span style=\"color:#696969;\"><span style=\"box-sizing: border-box;\"><span style=\"box-sizing: border-box;\"><span style=\"box-sizing: border-box; font-size: 14px;\">Un cliente agradecido<\/span><\/span><\/span><\/span><\/span><\/p>\n<p style=\"box-sizing: border-box; line-height: 1.6em; color: rgb(34, 34, 34); font-family: Arial, Verdana, sans-serif; font-size: 12px; text-align: right;\"> \t<span style=\"font-family:verdana,geneva,sans-serif;\"><span style=\"color:#696969;\"><span style=\"box-sizing: border-box;\"><strong style=\"box-sizing: border-box;\"><span style=\"box-sizing: border-box; font-size: 14px; line-height: 16px;\">fibromialgia<\/span><\/strong><span style=\"box-sizing: border-box; font-size: 14px;\">&nbsp;<\/span><\/span><\/span><\/span><\/p>\n<hr \/>\n<p style=\"box-sizing: border-box; line-height: 1.6em; font-size: small; font-family: arial;\"> \t<span style=\"font-family:verdana,geneva,sans-serif;\"><span style=\"color:#696969;\"><span style=\"box-sizing: border-box;\"><span style=\"box-sizing: border-box;\"><span style=\"box-sizing: border-box; font-size: 14px;\"><span style=\"box-sizing: border-box; line-height: 16px;\">\u201cDespu\u00e9s de recibir 18 meses de fisioterapia tradicional despu\u00e9s de dos cirug\u00edas de rodilla para reemplazar mi LCA, estaba esc\u00e9ptico de que se pudiera hacer algo m\u00e1s para aliviar el dolor y la rigidez de mi rodilla.<strong style=\"box-sizing: border-box;\">&nbsp;Despu\u00e9s de una sola visita<\/strong>\u00a1Me sorprendieron los resultados que el Doctor Jacobs pudo producir con su t\u00e9cnica avanzada de liberaci\u00f3n de tejido blando! Fue muy minucioso, cort\u00e9s y servicial durante toda la visita. Se tom\u00f3 el tiempo de explicarme la t\u00e9cnica y c\u00f3mo funciona. Me impresion\u00f3 mucho c\u00f3mo respondi\u00f3 y se afloj\u00f3 mi rodilla, especialmente porque han pasado dos a\u00f1os desde mi cirug\u00eda original.&nbsp;<strong style=\"box-sizing: border-box;\">\u00a1Fui esc\u00e9ptico y ahora soy un creyente!&nbsp;<\/strong><\/span><\/span><\/span><\/span><\/span><\/span><\/p>\n<p style=\"box-sizing: border-box; line-height: 1.6em; font-size: small; text-align: right; font-family: arial;\"> \t<span style=\"font-family:verdana,geneva,sans-serif;\"><span style=\"color:#696969;\"><span style=\"box-sizing: border-box;\"><span style=\"box-sizing: border-box;\"><span style=\"box-sizing: border-box; font-size: 14px;\">Mychal T.<\/span><\/span><\/span><\/span><\/span><\/p>\n<p style=\"box-sizing: border-box; line-height: 1.6em; font-size: small; text-align: right; font-family: arial;\"> \t<span style=\"font-family:verdana,geneva,sans-serif;\"><span style=\"color:#696969;\"><span style=\"box-sizing: border-box;\"><strong style=\"box-sizing: border-box;\"><span style=\"box-sizing: border-box;\"><span style=\"box-sizing: border-box; font-size: 14px;\">Dolor de rodilla<\/span><\/span><\/strong><\/span><\/span><\/span><\/p>\n<p style=\"box-sizing: border-box; line-height: 1.6em; font-size: small; text-align: right; font-family: arial;\"> \t<span style=\"font-family:verdana,geneva,sans-serif;\"><span style=\"color:#696969;\"><span style=\"box-sizing: border-box;\"><span style=\"box-sizing: border-box;\"><span style=\"box-sizing: border-box; font-size: 14px;\">(Pheonix, AZ)<\/span><\/span><\/span><\/span><\/span><\/p>\n<hr \/>\n<p style=\"box-sizing: border-box; line-height: 1.6em; font-size: small; font-family: arial;\"> \t<span style=\"font-family:verdana,geneva,sans-serif;\"><span style=\"color:#696969;\"><span style=\"box-sizing: border-box;\"><span style=\"box-sizing: border-box;\"><span style=\"box-sizing: border-box; font-size: 14px;\">\u201cEl doctor Jacobs no solo me ayud\u00f3 con mis dolencias, sino que tambi\u00e9n me ense\u00f1\u00f3 a ayudarme a m\u00ed mismo. Inicialmente comenc\u00e9 un tratamiento con el Doctor Jacobs para las migra\u00f1as. Junto con<strong style=\"box-sizing: border-box;\">&nbsp;la eliminaci\u00f3n de la medicaci\u00f3n<\/strong>, su&nbsp;<strong style=\"box-sizing: border-box;\">La t\u00e9cnica ASTR redujo enormemente la frecuencia e intensidad de mis migra\u00f1as<\/strong>. Junto a mi cita con el Doctor Jacobs, hice mis ejercicios asignados en casa. La combinaci\u00f3n fue altamente efectiva. Escuch\u00f3 activamente mis preocupaciones y me trat\u00f3 en consecuencia. Fue genial con sus comentarios y conocedor de mi dolor y condiciones. A lo largo de mi Terapia F\u00edsica, la Doctora Jacobs me ayud\u00f3 con la fibromialgia, dolores musculares en los pies, piernas, espalda y hombros y dolores de cabeza por migra\u00f1a. Me dio informaci\u00f3n para ayudarme a ayudarme a m\u00ed mismo. Definitivamente tambi\u00e9n utilizar\u00e9 el programa de Bienestar de Doctor Jacobs en el futuro.\u201d<\/span><\/span><\/span><\/span><\/span><\/p>\n<p style=\"box-sizing: border-box; line-height: 1.6em; font-size: small; text-align: right; font-family: arial;\"> \t<span style=\"font-family:verdana,geneva,sans-serif;\"><span style=\"color:#696969;\"><span style=\"box-sizing: border-box;\"><span style=\"box-sizing: border-box;\"><span style=\"box-sizing: border-box; font-size: 14px;\">J\u00e9ssica Y.<\/span><\/span><\/span><\/span><\/span><\/p>\n<p style=\"box-sizing: border-box; line-height: 1.6em; font-size: small; text-align: right; font-family: arial;\"> \t<span style=\"font-family:verdana,geneva,sans-serif;\"><span style=\"color:#696969;\"><span style=\"box-sizing: border-box;\"><strong style=\"box-sizing: border-box;\"><span style=\"box-sizing: border-box;\"><span style=\"box-sizing: border-box; font-size: 14px;\">Migra\u00f1as<\/span><\/span><\/strong><\/span><\/span><\/span><\/p>\n<p style=\"box-sizing: border-box; line-height: 1.6em; font-size: small; text-align: right; font-family: arial;\"> \t<span style=\"font-family:verdana,geneva,sans-serif;\"><span style=\"color:#696969;\"><span style=\"box-sizing: border-box;\"><span style=\"box-sizing: border-box;\"><span style=\"box-sizing: border-box; font-size: 14px;\">(Ca\u00f1\u00f3n de Trabuco, CA)<\/span><\/span><\/span><\/span><\/span><\/p>\n<hr \/>\n<div style=\"box-sizing: border-box; color: rgb(69, 68, 68); font-family: 'Open Sans', sans-serif; font-size: 14px; line-height: 20px;\"> \t<span style=\"font-family:verdana,geneva,sans-serif;\"><span style=\"color:#696969;\"><span style=\"box-sizing: border-box;\">\u201cTraje a mi hija, Daisy, porque ten\u00eda varias radiograf\u00edas que mostraban que su curva de escoliosis era de 53 grados. Estaba muy desequilibrada. Los m\u00e9dicos dijeron que no hab\u00eda esperanza, que era cirug\u00eda o nada. Acud\u00ed al Dr. Jacobs para ver si hab\u00eda algo que pudi\u00e9ramos hacer. <strong>\u00a1Daisy ha tenido un progreso incre\u00edble!<\/strong> Apenas me doy cuenta cuando camina frente a m\u00ed. Ella es mucho m\u00e1s heterosexual. Ella camina totalmente diferente. <strong>\u00a1Se ve 90% mejor que antes de que vini\u00e9ramos aqu\u00ed!<\/strong> El Dr. Jacob liber\u00f3 la tirantez del tejido cicatricial para que ya no sufriera tirones en la columna. \u00a1Las sesiones son indoloras y nunca se queja del tratamiento!\u201d<\/span><\/span><\/span><\/div>\n<div style=\"box-sizing: border-box; color: rgb(69, 68, 68); font-family: 'Open Sans', sans-serif; font-size: 14px; line-height: 20px; text-align: right;\"> \t<span style=\"font-family:verdana,geneva,sans-serif;\"><span style=\"color:#696969;\"><span style=\"box-sizing: border-box;\">celeste<\/span><\/span><\/span><\/div>\n<div style=\"box-sizing: border-box; color: rgb(69, 68, 68); font-family: 'Open Sans', sans-serif; font-size: 14px; line-height: 20px; text-align: right;\">\n<p> \t\t<span style=\"font-family:verdana,geneva,sans-serif;\"><span style=\"color:#696969;\"><span style=\"box-sizing: border-box;\"><strong style=\"box-sizing: border-box;\">hija tiene escoliosis<\/strong><\/span><\/span><\/span><\/p>\n<hr \/>\n<p style=\"text-align: left;\"> \t\t<span style=\"font-family:verdana,geneva,sans-serif;\"><span style=\"color:#696969;\">\u201cSolo quer\u00eda decir la gran experiencia que he tenido. El doctor Jacobs ha usado la t\u00e9cnica ASTR conmigo para ayudarme con mi manguito rotador, que era realmente muy doloroso cuando llegu\u00e9 aqu\u00ed. Tambi\u00e9n tengo escoliosis y he tenido dolor constante con eso. El dolor del manguito de los rotadores desapareci\u00f3 de inmediato. Dir\u00eda que dentro de las primeras dos o tres citas, <strong>Me sent\u00ed mucho mejor y ahora tengo total flexibilidad, \u00a1lo cual es incre\u00edble!<\/strong> Mi dolor de escoliosis est\u00e1 desapareciendo. \u00a1Casi ha disminuido por completo y esto es solo dentro de un mes y medio! Gracias, Dra. Jacobs. \u00a1Realmente aprecio todo lo que has hecho!\u201d<\/span><\/span><\/p>\n<div style=\"box-sizing: border-box;\"> \t\t&nbsp;<\/div>\n<div style=\"box-sizing: border-box;\"> \t\t<span style=\"font-family:verdana,geneva,sans-serif;\"><span style=\"color:#696969;\"><span style=\"box-sizing: border-box;\"><span style=\"box-sizing: border-box;\">alegr\u00eda h<\/span><\/span><\/span><\/span><\/div>\n<div style=\"box-sizing: border-box;\"> \t\t<span style=\"font-family:verdana,geneva,sans-serif;\"><span style=\"color:#696969;\"><span style=\"box-sizing: border-box;\"><strong style=\"box-sizing: border-box;\"><span style=\"box-sizing: border-box;\">Dolor de Hombro\/ Escoliosis<\/span><\/strong><\/span><\/span><\/span><\/div>\n<div style=\"box-sizing: border-box; font-size: small; line-height: 25.6px; font-family: arial;\"> \t\t<span style=\"font-family:verdana,geneva,sans-serif;\"><span style=\"color:#696969;\"><span style=\"box-sizing: border-box;\"><span style=\"box-sizing: border-box;\"><span style=\"box-sizing: border-box;\"><span style=\"box-sizing: border-box; font-size: 14px;\">(Misi\u00f3n Viejo, CA)<\/span><\/span><\/span><\/span><\/span><\/span> \t\t<\/p>\n<hr \/><\/div>\n<p style=\"text-align: left;\"> \t\t&nbsp;<\/p>\n<div style=\"box-sizing: border-box; text-align: left;\"> \t\t<span style=\"font-family:verdana,geneva,sans-serif;\"><span style=\"color:#696969;\">\u201cSoy un sobreviviente de un derrame cerebral. Tuve un derrame cerebral en diciembre de 2010, y durante los \u00faltimos 4 a\u00f1os he estado entrando y saliendo de numerosos centros de terapia\/rehabilitaci\u00f3n. Cuando llegu\u00e9 al Dr. Jacobs, todav\u00eda ten\u00eda algo de par\u00e1lisis en la mano y el brazo izquierdos. <strong>A trav\u00e9s del programa ASTR del Dr. Jacob, pudo romper el tejido cicatricial y hacer que mis dedos comenzaran a moverse. <\/strong>dentro de dos meses de estar aqu\u00ed.\u201d&nbsp;<\/span><\/span><\/div>\n<div style=\"box-sizing: border-box;\"> \t\t<span style=\"font-family:verdana,geneva,sans-serif;\"><span style=\"color:#696969;\">cris<\/span><\/span><\/div>\n<div style=\"box-sizing: border-box;\"> \t\t<span style=\"font-family:verdana,geneva,sans-serif;\"><span style=\"color:#696969;\"><strong style=\"box-sizing: border-box;\">Sobreviviente de accidente cerebrovascular con par\u00e1lisis de la mano<\/strong><\/span><\/span><\/div>\n<hr \/><\/div>","protected":false},"excerpt":{"rendered":"<p>Learn more about Advanced Soft Tissue Release from patients who experienced pain relief through this revolutionary new specialty! You can find testimonials based on the patient&#8217;s presenting issue, but below are a few highlights. &nbsp; &nbsp; &#8220;After my first appointment with Doctor Jacobs,&nbsp;I felt so much better. The techniques he used on me weren&#8217;t &#8220;typical.&#8221; [&hellip;]<\/p>\n","protected":false},"author":2447,"featured_media":0,"parent":73,"menu_order":257,"comment_status":"closed","ping_status":"closed","template":"","meta":{"_analytify_skip_tracking":false,"footnotes":""},"class_list":["post-75","page","type-page","status-publish","hentry"],"_links":{"self":[{"href":"https:\/\/advancedsofttissuerelease.com\/es\/wp-json\/wp\/v2\/pages\/75","targetHints":{"allow":["GET"]}}],"collection":[{"href":"https:\/\/advancedsofttissuerelease.com\/es\/wp-json\/wp\/v2\/pages"}],"about":[{"href":"https:\/\/advancedsofttissuerelease.com\/es\/wp-json\/wp\/v2\/types\/page"}],"author":[{"embeddable":true,"href":"https:\/\/advancedsofttissuerelease.com\/es\/wp-json\/wp\/v2\/users\/2447"}],"replies":[{"embeddable":true,"href":"https:\/\/advancedsofttissuerelease.com\/es\/wp-json\/wp\/v2\/comments?post=75"}],"version-history":[{"count":0,"href":"https:\/\/advancedsofttissuerelease.com\/es\/wp-json\/wp\/v2\/pages\/75\/revisions"}],"up":[{"embeddable":true,"href":"https:\/\/advancedsofttissuerelease.com\/es\/wp-json\/wp\/v2\/pages\/73"}],"wp:attachment":[{"href":"https:\/\/advancedsofttissuerelease.com\/es\/wp-json\/wp\/v2\/media?parent=75"}],"curies":[{"name":"wp","href":"https:\/\/api.w.org\/{rel}","templated":true}]}}