{"id":89,"date":"2015-07-18T14:21:32","date_gmt":"2015-07-18T14:21:32","guid":{"rendered":"https:\/\/advancedsofttissuerelease.com\/shoulder-testimonials\/"},"modified":"2015-07-18T14:21:32","modified_gmt":"2015-07-18T14:21:32","slug":"hombro-testimonios-2","status":"publish","type":"page","link":"https:\/\/advancedsofttissuerelease.com\/es\/shoulder-testimonials\/","title":{"rendered":"Testimonios de hombro"},"content":{"rendered":"<h1 style=\"text-align: center;\"> \t<span style=\"color:#696969;\"><strong>&nbsp;Testimonios de dolor de hombro<\/strong><\/span><\/h1>\n<div style=\"color: rgb(69, 68, 68); font-family: 'Open Sans', sans-serif; font-size: 14px; line-height: 20px; text-align: center;\"> \t&nbsp;<\/div>\n<div style=\"color: rgb(69, 68, 68); font-family: 'Open Sans', sans-serif; font-size: 14px; line-height: 20px; text-align: center;\">\n<div style=\"box-sizing: border-box; text-align: left;\">\n<p style=\"box-sizing: border-box; line-height: 1.6em; color: rgb(34, 34, 34); font-family: Arial, Verdana, sans-serif; font-size: 12px;\"> \t\t\t<span style=\"color:#696969;\"><span style=\"box-sizing: border-box;\"><span style=\"box-sizing: border-box; font-family: verdana, geneva, sans-serif;\"><span style=\"box-sizing: border-box; font-size: 14px;\">\u201cMi experiencia con el Doctor Jacobs ha sido&nbsp;<strong style=\"box-sizing: border-box;\">totalmente diferente a mi experiencia anterior con la fisioterapia<\/strong>. Su t\u00e9cnica ASTR aborda la&nbsp;<strong style=\"box-sizing: border-box;\">ra\u00edz del problema<\/strong>&nbsp;y el gasta&nbsp;<strong style=\"box-sizing: border-box;\">tiempo uno a uno<\/strong>&nbsp;con sus pacientes. Despu\u00e9s&nbsp;<strong style=\"box-sizing: border-box;\">7 visitas<\/strong>, Siento que la mayor parte de mi dolor se ha ido.&nbsp;<strong style=\"box-sizing: border-box;\">Puedo dormir por la noche ahora.<\/strong>&nbsp;\u00a1Recomendar\u00eda encarecidamente al Doctor Jacobs a cualquiera!\u201d<\/span><\/span><\/span><\/span><\/p>\n<p style=\"box-sizing: border-box; line-height: 1.6em; color: rgb(34, 34, 34); font-family: Arial, Verdana, sans-serif; font-size: 12px; text-align: right;\"> \t\t\t<span style=\"color:#696969;\"><span style=\"box-sizing: border-box;\"><span style=\"box-sizing: border-box; font-family: verdana, geneva, sans-serif;\"><span style=\"box-sizing: border-box; font-size: 14px;\">Mahvah F.<\/span><\/span><\/span><\/span><\/p>\n<p style=\"box-sizing: border-box; line-height: 1.6em; color: rgb(34, 34, 34); font-family: Arial, Verdana, sans-serif; font-size: 12px; text-align: right;\"> \t\t\t<span style=\"color:#696969;\"><span style=\"box-sizing: border-box;\"><span style=\"box-sizing: border-box; font-family: verdana, geneva, sans-serif;\"><span style=\"box-sizing: border-box; font-size: 14px;\"><strong style=\"box-sizing: border-box;\">Hombro<\/strong><\/span><\/span><\/span><\/span><\/p>\n<p style=\"box-sizing: border-box; line-height: 1.6em; color: rgb(34, 34, 34); font-family: Arial, Verdana, sans-serif; font-size: 12px; text-align: right;\"> \t\t\t<span style=\"color:#696969;\"><span style=\"box-sizing: border-box;\"><span style=\"box-sizing: border-box; font-family: verdana, geneva, sans-serif;\"><span style=\"box-sizing: border-box; font-size: 14px;\">(Misi\u00f3n Viejo, CA)<\/span><\/span><\/span><\/span><\/p>\n<hr \/>\n<div> \t\t\t<span style=\"color:#696969;\"><span style=\"font-family: verdana, geneva, sans-serif;\">\u201cSolo quer\u00eda decir la gran experiencia que he tenido. El doctor Jacobs ha usado la t\u00e9cnica ASTR conmigo para ayudarme con mi manguito rotador, que era realmente muy doloroso cuando llegu\u00e9 aqu\u00ed. Tambi\u00e9n tengo escoliosis y he tenido dolor constante con eso. El dolor del manguito de los rotadores desapareci\u00f3 de inmediato. Dir\u00eda que dentro de las primeras dos o tres citas, <strong>Me sent\u00ed mucho mejor y ahora tengo total flexibilidad, \u00a1lo cual es incre\u00edble!<\/strong> Mi dolor de escoliosis est\u00e1 desapareciendo. \u00a1Casi ha disminuido por completo y esto es solo dentro de un mes y medio! Gracias, Dra. Jacobs. \u00a1Realmente aprecio todo lo que has hecho!\u201d<\/span><\/span><\/div>\n<div> \t\t\t&nbsp;<\/div>\n<div style=\"text-align: right;\"> \t\t\t<span style=\"color:#696969;\"><span style=\"font-family: verdana, geneva, sans-serif;\">alegr\u00eda h<\/span><\/span><\/div>\n<div style=\"text-align: right;\"> \t\t\t<span style=\"color:#696969;\"><strong><span style=\"font-family: verdana, geneva, sans-serif;\">Dolor de Hombro\/ Escoliosis<\/span><\/strong><\/span><\/div>\n<div style=\"box-sizing: border-box; font-size: small; line-height: 25.6px; text-align: right; font-family: arial;\"> \t\t\t<span style=\"color:#696969;\"><span style=\"box-sizing: border-box;\"><span style=\"box-sizing: border-box; font-family: verdana, geneva, sans-serif;\"><span style=\"box-sizing: border-box; font-size: 14px;\">(Misi\u00f3n Viejo, CA)<\/span><\/span><\/span><\/span> \t\t\t<\/p>\n<hr \/><\/div>\n<\/p><\/div>\n<div style=\"box-sizing: border-box;\"> \t\t&nbsp;<\/div>\n<div style=\"box-sizing: border-box;\"> \t\t<span style=\"font-size:22px;\"><span style=\"color:#696969;\"><span style=\"box-sizing: border-box; font-family: verdana, geneva, sans-serif;\">\u00a1Vea videos de testimonios de pacientes que experimentaron alivio del dolor de hombro a trav\u00e9s de Advanced Soft Tissue Release!<\/span><\/span><\/span><\/div>\n<div> \t\t&nbsp;<\/div>\n<\/p><\/div>\n<div style=\"color: rgb(69, 68, 68); font-family: 'Open Sans', sans-serif; font-size: 14px; line-height: 20px; text-align: center;\"> \t&nbsp;<\/div>\n<div style=\"color: rgb(69, 68, 68); font-family: 'Open Sans', sans-serif; font-size: 14px; line-height: 20px; text-align: center;\"> \thttp:\/\/www.youtube.com\/watch?v=OrW24_nK5DU<\/div>\n<div style=\"color: rgb(69, 68, 68); font-family: 'Open Sans', sans-serif; font-size: 14px; line-height: 20px; text-align: center;\"> \thttp:\/\/www.youtube.com\/watch?v=MH-ncsFdkik<\/div>\n<div style=\"color: rgb(69, 68, 68); font-family: 'Open Sans', sans-serif; font-size: 14px; line-height: 20px; text-align: center;\"> \thttp:\/\/www.youtube.com\/watch?v=9I8oQtTGhHI<\/div>\n<div style=\"color: rgb(69, 68, 68); font-family: 'Open Sans', sans-serif; font-size: 14px; line-height: 20px; text-align: center;\"> \thttp:\/\/www.youtube.com\/watch?v=EP8HCevdyr4<\/div>\n<div style=\"color: rgb(69, 68, 68); font-family: 'Open Sans', sans-serif; font-size: 14px; line-height: 20px; text-align: center;\"> \thttp:\/\/www.youtube.com\/watch?v=m4enZU69P0A<\/div>\n<div style=\"color: rgb(69, 68, 68); font-family: 'Open Sans', sans-serif; font-size: 14px; line-height: 20px; text-align: center;\"> \thttp:\/\/www.youtube.com\/watch?v=Xwn_Vc3u0R8<\/div>\n<div style=\"color: rgb(69, 68, 68); font-family: 'Open Sans', sans-serif; font-size: 14px; line-height: 20px; text-align: center;\"> \thttp:\/\/www.youtube.com\/watch?v=wb4t1dP8Ubs<\/div>\n<div style=\"color: rgb(69, 68, 68); font-family: 'Open Sans', sans-serif; font-size: 14px; line-height: 20px; text-align: center;\"> \thttp:\/\/www.youtube.com\/watch?v=BGcwgXKwYiw<\/div>\n<div style=\"color: rgb(69, 68, 68); font-family: 'Open Sans', sans-serif; font-size: 14px; line-height: 20px; text-align: center;\">\n<div> \t\thttp:\/\/www.youtube.com\/watch?v=zmKbc9dA4_k<\/div>\n<div> \t\thttp:\/\/www.youtube.com\/watch?v=GdPemS1bRk0<\/div>\n<\/p><\/div>\n<div style=\"color: rgb(69, 68, 68); font-family: 'Open Sans', sans-serif; font-size: 14px; line-height: 20px; text-align: center;\"> \thttp:\/\/www.youtube.com\/watch?v=1S8m9fcU_Ns<\/div>\n<div style=\"color: rgb(69, 68, 68); font-family: 'Open Sans', sans-serif; font-size: 14px; line-height: 20px; text-align: center;\"> \thttp:\/\/www.youtube.com\/watch?v=t55BovzkSfY<\/div>\n<div style=\"color: rgb(69, 68, 68); font-family: 'Open Sans', sans-serif; font-size: 14px; line-height: 20px; text-align: center;\"> \thttp:\/\/www.youtube.com\/watch?v=Jz8JyMPZ5C4<\/div>\n<div style=\"color: rgb(69, 68, 68); font-family: 'Open Sans', sans-serif; font-size: 14px; line-height: 20px; text-align: center;\"> \thttp:\/\/www.youtube.com\/watch?v=k4U0nUDq-II<\/div>\n<div>\n<p> \t\t&nbsp;<\/p>\n<\/p><\/div>","protected":false},"excerpt":{"rendered":"<p>&nbsp;Shoulder Pain Testimonials &nbsp; &#8220;My experience with Doctor Jacobs has been&nbsp;totally different than my experience with physical therapy before. His ASTR technique addresses the&nbsp;root of the problem&nbsp;and he spends&nbsp;one-on-one time&nbsp;with his patients. After&nbsp;7 visits, I feel like most of my pain is gone.&nbsp;I can sleep at night now.&nbsp;I would highly recommend Doctor Jacobs to anyone!&#8221; [&hellip;]<\/p>\n","protected":false},"author":2447,"featured_media":0,"parent":0,"menu_order":250,"comment_status":"closed","ping_status":"closed","template":"","meta":{"_analytify_skip_tracking":false,"footnotes":""},"class_list":["post-89","page","type-page","status-publish","hentry"],"_links":{"self":[{"href":"https:\/\/advancedsofttissuerelease.com\/es\/wp-json\/wp\/v2\/pages\/89","targetHints":{"allow":["GET"]}}],"collection":[{"href":"https:\/\/advancedsofttissuerelease.com\/es\/wp-json\/wp\/v2\/pages"}],"about":[{"href":"https:\/\/advancedsofttissuerelease.com\/es\/wp-json\/wp\/v2\/types\/page"}],"author":[{"embeddable":true,"href":"https:\/\/advancedsofttissuerelease.com\/es\/wp-json\/wp\/v2\/users\/2447"}],"replies":[{"embeddable":true,"href":"https:\/\/advancedsofttissuerelease.com\/es\/wp-json\/wp\/v2\/comments?post=89"}],"version-history":[{"count":0,"href":"https:\/\/advancedsofttissuerelease.com\/es\/wp-json\/wp\/v2\/pages\/89\/revisions"}],"wp:attachment":[{"href":"https:\/\/advancedsofttissuerelease.com\/es\/wp-json\/wp\/v2\/media?parent=89"}],"curies":[{"name":"wp","href":"https:\/\/api.w.org\/{rel}","templated":true}]}}