{"id":9029,"date":"2020-01-01T20:13:56","date_gmt":"2020-01-02T04:13:56","guid":{"rendered":"https:\/\/advancedsofttissuerelease.com\/?page_id=9029"},"modified":"2020-01-08T11:20:17","modified_gmt":"2020-01-08T19:20:17","slug":"programas-descargo-de-responsabilidad-2","status":"publish","type":"page","link":"https:\/\/advancedsofttissuerelease.com\/es\/programs-disclaimer\/","title":{"rendered":"Descargo de responsabilidad de los programas"},"content":{"rendered":"<p>&nbsp;<\/p>\n<p><strong>Descargo de responsabilidad de los programas<\/strong><\/p>\n<p>Estas declaraciones no han sido evaluadas por la Administraci\u00f3n de Alimentos y Medicamentos. Estos productos no est\u00e1n destinados a diagnosticar, tratar, curar o prevenir ninguna enfermedad. El contenido de nuestros programas\/cursos no puede sustituirse por asistencia profesional. Si le preocupa un problema m\u00e9dico, consulte a su proveedor de atenci\u00f3n m\u00e9dica, m\u00e9dico u otro profesional m\u00e9dico. El Dr. Joseph Jacobs y el instituto ASTR no son de ninguna manera responsables por cualquier acci\u00f3n, servicio o producto adquirido a trav\u00e9s de este sitio web. El instituto ASTR y sus organizaciones o personas asociadas no son responsables de ninguna lesi\u00f3n o da\u00f1o causado por la aplicaci\u00f3n de las herramientas ASTR, nuestros programas y cursos. Las herramientas ASTR son generalmente seguras cuando se practican con la t\u00e9cnica y el cuidado adecuados. Se recomienda que revise sus preguntas y\/o inquietudes con un profesional m\u00e9dico. Deje de usar inmediatamente si el dolor o las condiciones empeoran. \u00daselo bajo su propio riesgo.<\/p>","protected":false},"excerpt":{"rendered":"<p>&nbsp; Programs Disclaimer These statements have not been evaluated by the Food and Drug Administration. These products are not intended to diagnose, treat, cure, or prevent any disease. The content on our programs\/ courses cannot be substituted for professional assistance. If you are concerned about a medical issue, please consult your healthcare provider, physician, or [&hellip;]<\/p>\n","protected":false},"author":1,"featured_media":0,"parent":0,"menu_order":0,"comment_status":"closed","ping_status":"closed","template":"","meta":{"_analytify_skip_tracking":false,"footnotes":""},"class_list":["post-9029","page","type-page","status-publish","hentry"],"_links":{"self":[{"href":"https:\/\/advancedsofttissuerelease.com\/es\/wp-json\/wp\/v2\/pages\/9029","targetHints":{"allow":["GET"]}}],"collection":[{"href":"https:\/\/advancedsofttissuerelease.com\/es\/wp-json\/wp\/v2\/pages"}],"about":[{"href":"https:\/\/advancedsofttissuerelease.com\/es\/wp-json\/wp\/v2\/types\/page"}],"author":[{"embeddable":true,"href":"https:\/\/advancedsofttissuerelease.com\/es\/wp-json\/wp\/v2\/users\/1"}],"replies":[{"embeddable":true,"href":"https:\/\/advancedsofttissuerelease.com\/es\/wp-json\/wp\/v2\/comments?post=9029"}],"version-history":[{"count":0,"href":"https:\/\/advancedsofttissuerelease.com\/es\/wp-json\/wp\/v2\/pages\/9029\/revisions"}],"wp:attachment":[{"href":"https:\/\/advancedsofttissuerelease.com\/es\/wp-json\/wp\/v2\/media?parent=9029"}],"curies":[{"name":"wp","href":"https:\/\/api.w.org\/{rel}","templated":true}]}}