{"id":91,"date":"2015-07-18T14:23:32","date_gmt":"2015-07-18T14:23:32","guid":{"rendered":"https:\/\/advancedsofttissuerelease.com\/pediatrics-testimonials\/"},"modified":"2015-07-18T14:23:32","modified_gmt":"2015-07-18T14:23:32","slug":"pediatria-testimonios-2","status":"publish","type":"page","link":"https:\/\/advancedsofttissuerelease.com\/es\/pediatrics-testimonials\/","title":{"rendered":"Testimonios de Pediatr\u00eda"},"content":{"rendered":"<h1 style=\"color: rgb(69, 68, 68); font-family: 'Open Sans', sans-serif; font-size: 14px; line-height: 20px; text-align: center;\"> \t<span style=\"font-size:36px;\"><span style=\"color:#696969;\"><strong>Testimonios pedi\u00e1tricos<\/strong><\/span><\/span><\/h1>\n<div style=\"box-sizing: border-box; color: rgb(69, 68, 68); font-family: 'Open Sans', sans-serif; font-size: 14px; line-height: 20px; text-align: center;\"> \t&nbsp;<\/div>\n<div style=\"box-sizing: border-box; color: rgb(69, 68, 68); font-family: 'Open Sans', sans-serif; font-size: 14px; line-height: 20px;\"> \t&nbsp;<\/div>\n<div style=\"box-sizing: border-box; color: rgb(69, 68, 68); font-family: 'Open Sans', sans-serif; font-size: 14px; line-height: 20px;\"> \t<span style=\"color:#696969;\">\u201cTuve un espasmo en el cuello hace tres d\u00edas y no pod\u00eda mover el cuello. Mi cuello estaba r\u00edgido y mi hombro estaba realmente entumecido. Ahora casi no tengo dolor. Tuve tres tratamientos y ahora puedo mover mi cuello\u201d.<\/span><\/div>\n<div style=\"box-sizing: border-box; color: rgb(69, 68, 68); font-family: 'Open Sans', sans-serif; font-size: 14px; line-height: 20px;\"> \t&nbsp;<\/div>\n<div style=\"box-sizing: border-box; color: rgb(69, 68, 68); font-family: 'Open Sans', sans-serif; font-size: 14px; line-height: 20px; text-align: right;\"> \t<span style=\"color:#696969;\">Anthony<\/span><\/div>\n<div style=\"box-sizing: border-box; color: rgb(69, 68, 68); font-family: 'Open Sans', sans-serif; font-size: 14px; line-height: 20px; text-align: right;\">\n<p> \t\t<span style=\"color:#696969;\"><strong>Dolor de cuello<\/strong><\/span><\/p>\n<hr \/><\/div>\n<div style=\"box-sizing: border-box; color: rgb(69, 68, 68); font-family: 'Open Sans', sans-serif; font-size: 14px; line-height: 20px;\"> \t<span style=\"color:#696969;\">\u201cTraje a mi hija, Daisy, porque ten\u00eda varias radiograf\u00edas que mostraban que su curva de escoliosis era de 53 grados. Estaba muy desequilibrada. Los m\u00e9dicos dijeron que no hab\u00eda esperanza, que era cirug\u00eda o nada. Acud\u00ed al Dr. Jacobs para ver si hab\u00eda algo que pudi\u00e9ramos hacer. <strong>\u00a1Daisy ha tenido un progreso incre\u00edble!<\/strong> Apenas me doy cuenta cuando camina frente a m\u00ed. Ella es mucho m\u00e1s heterosexual. Ella camina totalmente diferente. <strong>\u00a1Se ve 90% mejor que antes de que vini\u00e9ramos aqu\u00ed!<\/strong> El Dr. Jacob liber\u00f3 la tirantez del tejido cicatricial para que ya no sufriera tirones en la columna. \u00a1Las sesiones son indoloras y nunca se queja del tratamiento!\u201d<\/span><\/div>\n<div style=\"box-sizing: border-box; color: rgb(69, 68, 68); font-family: 'Open Sans', sans-serif; font-size: 14px; line-height: 20px; text-align: right;\"> \t<span style=\"color:#696969;\">celeste<\/span><\/div>\n<div style=\"box-sizing: border-box; color: rgb(69, 68, 68); font-family: 'Open Sans', sans-serif; font-size: 14px; line-height: 20px; text-align: right;\"> \t<span style=\"color:#696969;\"><strong>hija tiene escoliosis<\/strong><\/span> \t<\/p>\n<hr \/><\/div>\n<div style=\"box-sizing: border-box; color: rgb(69, 68, 68); font-family: 'Open Sans', sans-serif; font-size: 14px; line-height: 20px; text-align: center;\"> \t<span style=\"font-size:22px;\"><span style=\"color:#696969;\"><span style=\"box-sizing: border-box; font-family: verdana, geneva, sans-serif;\">\u00a1Vea videos de testimonios de pacientes pedi\u00e1tricos que experimentaron alivio del dolor a trav\u00e9s de Advanced Soft Tissue Release!<\/span><\/span><\/span><\/div>\n<div> \t&nbsp;<\/div>\n<p style=\"color: rgb(69, 68, 68); font-family: 'Open Sans', sans-serif; font-size: 14px; line-height: 20px; text-align: center;\"> \t<iframe title=\"Effective Torticollis Treatment! (INCREDIBLE RESULTS!!)\" width=\"800\" height=\"450\" src=\"https:\/\/www.youtube.com\/embed\/5aiqxq3JswQ?feature=oembed\" frameborder=\"0\" allow=\"accelerometer; autoplay; clipboard-write; encrypted-media; gyroscope; picture-in-picture; web-share\" allowfullscreen><\/iframe><\/p>\n<p style=\"color: rgb(69, 68, 68); font-family: 'Open Sans', sans-serif; font-size: 14px; line-height: 20px; text-align: center;\"> \t<iframe title=\"Effective Scoliosis Treatment! (DISCOVER RELIEF NOW!!)\" width=\"800\" height=\"450\" src=\"https:\/\/www.youtube.com\/embed\/a-X8NYdXHws?feature=oembed\" frameborder=\"0\" allow=\"accelerometer; autoplay; clipboard-write; encrypted-media; gyroscope; picture-in-picture; web-share\" allowfullscreen><\/iframe><\/p>\n<p style=\"color: rgb(69, 68, 68); font-family: 'Open Sans', sans-serif; font-size: 14px; line-height: 20px; text-align: center;\"> \t<iframe title=\"Back &amp; Hip Pain Relieved Without Surgery After 2 ASTR Treatments\" width=\"800\" height=\"450\" src=\"https:\/\/www.youtube.com\/embed\/qcCzOO3CPwU?feature=oembed\" frameborder=\"0\" allow=\"accelerometer; autoplay; clipboard-write; encrypted-media; gyroscope; picture-in-picture; web-share\" allowfullscreen><\/iframe><\/p>\n<p style=\"color: rgb(69, 68, 68); font-family: 'Open Sans', sans-serif; font-size: 14px; line-height: 20px; text-align: center;\"> \t&nbsp;<\/p>","protected":false},"excerpt":{"rendered":"<p>Pediatric Testimonials &nbsp; &nbsp; &#8220;I had a neck spasm three days ago and I couldn&#8217;t move my neck. My neck was stiff and my shoulder was really numb. Now I have almost no pain. I had three treatments and now I can move my neck.&#8221; &nbsp; Anthony Neck Pain &#8220;I brought my daughter, Daisy, in [&hellip;]<\/p>\n","protected":false},"author":2447,"featured_media":0,"parent":0,"menu_order":248,"comment_status":"closed","ping_status":"closed","template":"","meta":{"_analytify_skip_tracking":false,"footnotes":""},"class_list":["post-91","page","type-page","status-publish","hentry"],"_links":{"self":[{"href":"https:\/\/advancedsofttissuerelease.com\/es\/wp-json\/wp\/v2\/pages\/91","targetHints":{"allow":["GET"]}}],"collection":[{"href":"https:\/\/advancedsofttissuerelease.com\/es\/wp-json\/wp\/v2\/pages"}],"about":[{"href":"https:\/\/advancedsofttissuerelease.com\/es\/wp-json\/wp\/v2\/types\/page"}],"author":[{"embeddable":true,"href":"https:\/\/advancedsofttissuerelease.com\/es\/wp-json\/wp\/v2\/users\/2447"}],"replies":[{"embeddable":true,"href":"https:\/\/advancedsofttissuerelease.com\/es\/wp-json\/wp\/v2\/comments?post=91"}],"version-history":[{"count":0,"href":"https:\/\/advancedsofttissuerelease.com\/es\/wp-json\/wp\/v2\/pages\/91\/revisions"}],"wp:attachment":[{"href":"https:\/\/advancedsofttissuerelease.com\/es\/wp-json\/wp\/v2\/media?parent=91"}],"curies":[{"name":"wp","href":"https:\/\/api.w.org\/{rel}","templated":true}]}}