{"id":92,"date":"2015-07-18T14:25:28","date_gmt":"2015-07-18T14:25:28","guid":{"rendered":"https:\/\/advancedsofttissuerelease.com\/tmj-jaw-testimonials\/"},"modified":"2015-07-18T14:25:28","modified_gmt":"2015-07-18T14:25:28","slug":"tmj-mandibula-testimonios-2","status":"publish","type":"page","link":"https:\/\/advancedsofttissuerelease.com\/es\/tmj-jaw-testimonials\/","title":{"rendered":"Testimonios de ATM\/mand\u00edbula"},"content":{"rendered":"<h1 style=\"color: rgb(69, 68, 68); font-family: &quot;Open Sans&quot;, sans-serif; font-size: 14px; line-height: 20px; text-align: center;\"> \t<span style=\"color:#696969;\"><span style=\"font-size:36px;\"><span style=\"font-family:verdana,geneva,sans-serif;\"><strong>Testimonios de dolor de mand\u00edbula\/TMJ<\/strong><\/span><\/span><\/span><\/h1>\n<p> \t&nbsp;<\/p>\n<div style=\"box-sizing: border-box; font-family: verdana; font-size: small; line-height: 25.6px; text-align: right;\"> \t&nbsp;<\/div>\n<div style=\"box-sizing: border-box; font-size: small; line-height: 25.6px; font-family: arial;\"> \t<span style=\"color:#696969;\"><span style=\"box-sizing: border-box;\"><span style=\"box-sizing: border-box; font-family: verdana, geneva, sans-serif;\"><span style=\"box-sizing: border-box; font-size: 14px;\">\u201cDespu\u00e9s de sufrir los efectos de&nbsp;<strong style=\"box-sizing: border-box;\">ATM<\/strong>&nbsp;y&nbsp;<strong style=\"box-sizing: border-box;\">dolor de cabeza<\/strong>&nbsp;dolor por casi&nbsp;<strong style=\"box-sizing: border-box;\">5 a\u00f1os<\/strong>, el Doctor Jacobs pudo aliviar mi dolor usando su Liberaci\u00f3n Avanzada de Tejido Blando dentro de&nbsp;<strong style=\"box-sizing: border-box;\">unos minutos<\/strong>. Su t\u00e9cnica era muy&nbsp;<strong style=\"box-sizing: border-box;\">amable<\/strong>&nbsp;y no fue doloroso en absoluto.\u201d<\/span><\/span><\/span><\/span><\/div>\n<p style=\"box-sizing: border-box; line-height: 1.6em; font-size: small; font-family: arial;\"> \t&nbsp;<\/p>\n<div style=\"box-sizing: border-box; font-size: small; line-height: 25.6px; text-align: right; font-family: arial;\"> \t<span style=\"color:#696969;\"><span style=\"box-sizing: border-box;\"><span style=\"box-sizing: border-box; font-family: verdana, geneva, sans-serif;\"><span style=\"box-sizing: border-box; font-size: 14px;\">lindsay j.<\/span><\/span><\/span><\/span><\/div>\n<div style=\"box-sizing: border-box; font-size: small; line-height: 25.6px; text-align: right; font-family: arial;\"> \t<span style=\"color:#696969;\"><span style=\"box-sizing: border-box;\"><strong style=\"box-sizing: border-box;\"><span style=\"box-sizing: border-box; font-family: verdana, geneva, sans-serif;\"><span style=\"box-sizing: border-box; font-size: 14px;\">ATM<\/span><\/span><\/strong><\/span><\/span><\/div>\n<div style=\"box-sizing: border-box; font-size: small; line-height: 25.6px; text-align: right; font-family: arial;\"> \t<span style=\"color:#696969;\"><span style=\"box-sizing: border-box;\"><span style=\"box-sizing: border-box; font-family: verdana, geneva, sans-serif;\"><span style=\"box-sizing: border-box; font-size: 14px;\">(Misi\u00f3n Viejo, CA)<\/span><\/span><\/span><\/span> \t<\/p>\n<hr \/><\/div>\n<div style=\"box-sizing: border-box; font-size: small; line-height: 25.6px; text-align: right; font-family: arial;\">\n<p style=\"box-sizing: border-box; line-height: 25.6px; color: rgb(43, 43, 43); font-family: verdana; font-size: 16px; text-align: left;\"> \t\t<span style=\"font-size: 14px; font-family: verdana, geneva, sans-serif; color: rgb(105, 105, 105); line-height: 1.6em;\">&quot;Tengo&nbsp;<\/span><strong style=\"font-size: 14px; font-family: verdana, geneva, sans-serif; color: rgb(105, 105, 105); line-height: 1.6em; box-sizing: border-box;\">se recuper\u00f3 r\u00e1pidamente<\/strong><span style=\"font-size: 14px; font-family: verdana, geneva, sans-serif; color: rgb(105, 105, 105); line-height: 1.6em;\">&nbsp;gracias al Doctor Jacobs; mi dolor no solo ha disminuido significativamente, sino que ha sido eliminado por completo. La t\u00e9cnica ASTR del doctor Jacob funciona r\u00e1pidamente. Lo que m\u00e1s me gusta es que es&nbsp;<\/span><strong style=\"font-size: 14px; font-family: verdana, geneva, sans-serif; color: rgb(105, 105, 105); line-height: 1.6em; box-sizing: border-box;\">sin dolor<\/strong><span style=\"font-size: 14px; font-family: verdana, geneva, sans-serif; color: rgb(105, 105, 105); line-height: 1.6em;\">. Definitivamente recomendar\u00eda su terapia a cualquiera que conozca con dolor cr\u00f3nico.\u201d<\/span><\/p>\n<p style=\"box-sizing: border-box; line-height: 1.6em; color: rgb(34, 34, 34); font-family: Arial, Verdana, sans-serif; font-size: 12px;\"> \t\t<span style=\"color:#696969;\"><span style=\"box-sizing: border-box;\"><span style=\"box-sizing: border-box; font-family: verdana, geneva, sans-serif;\"><span style=\"box-sizing: border-box; font-size: 14px;\">Candace P.<\/span><\/span><\/span><\/span><\/p>\n<p style=\"box-sizing: border-box; line-height: 1.6em; color: rgb(34, 34, 34); font-family: Arial, Verdana, sans-serif; font-size: 12px;\"> \t\t<span style=\"color:#696969;\"><span style=\"box-sizing: border-box;\"><strong style=\"box-sizing: border-box;\"><span style=\"box-sizing: border-box; font-family: verdana, geneva, sans-serif;\"><span style=\"box-sizing: border-box; font-size: 14px;\">ATM<\/span><\/span><\/strong><\/span><\/span><\/p>\n<p style=\"box-sizing: border-box; line-height: 1.6em; color: rgb(34, 34, 34); font-family: Arial, Verdana, sans-serif; font-size: 12px;\"> \t\t<span style=\"color:#696969;\"><span style=\"box-sizing: border-box;\"><span style=\"box-sizing: border-box; font-family: verdana, geneva, sans-serif;\"><span style=\"box-sizing: border-box; font-size: 14px;\">(Rancho Santa Margarita, CA)<\/span><\/span><\/span><\/span><\/p>\n<hr \/>\n<p style=\"box-sizing: border-box; line-height: 25.6px; color: rgb(43, 43, 43); font-family: verdana; font-size: 16px;\"> \t\t&nbsp;<\/p>\n<div>\n<p style=\"box-sizing: border-box; line-height: 1.6em; color: rgb(34, 34, 34); font-family: Arial, Verdana, sans-serif; font-size: 12px;\"> \t\t\t&nbsp;<\/p>\n<\/p><\/div>\n<\/p><\/div>\n<div style=\"box-sizing: border-box; font-family: verdana; font-size: small; line-height: 25.6px; text-align: center;\"> \t<span style=\"font-size:22px;\"><span style=\"font-family: verdana, geneva, sans-serif; color: rgb(105, 105, 105); line-height: 20px; text-align: center;\">\u00a1Vea videos testimoniales de pacientes que alivian el dolor de la ATM y la mand\u00edbula a trav\u00e9s de la liberaci\u00f3n avanzada de tejidos blandos!<\/span><\/span><\/div>\n<div style=\"box-sizing: border-box; color: rgb(69, 68, 68); font-family: 'Open Sans', sans-serif; font-size: 14px; line-height: 20px; text-align: center;\"> \t&nbsp;<\/div>\n<p style=\"color: rgb(69, 68, 68); font-family: 'Open Sans', sans-serif; font-size: 14px; line-height: 20px; text-align: center;\"> \t&nbsp;<\/p>\n<p style=\"color: rgb(69, 68, 68); font-family: 'Open Sans', sans-serif; font-size: 14px; line-height: 20px; text-align: center;\"> \t<iframe title=\"TMJ, Headaches &amp; Fibromyalgia Relieved with ASTR Follow Up!\" width=\"800\" height=\"450\" src=\"https:\/\/www.youtube.com\/embed\/RT4zuyDFOhY?feature=oembed\" frameborder=\"0\" allow=\"accelerometer; autoplay; clipboard-write; encrypted-media; gyroscope; picture-in-picture; web-share\" allowfullscreen><\/iframe><\/p>\n<p style=\"color: rgb(69, 68, 68); font-family: 'Open Sans', sans-serif; font-size: 14px; line-height: 20px; text-align: center;\"> \t<iframe title=\"TMJ Relieved With Only 1 ASTR Session!\" width=\"800\" height=\"450\" src=\"https:\/\/www.youtube.com\/embed\/0W5OeKYFUB4?feature=oembed\" frameborder=\"0\" allow=\"accelerometer; autoplay; clipboard-write; encrypted-media; gyroscope; picture-in-picture; web-share\" allowfullscreen><\/iframe><\/p>\n<p style=\"color: rgb(69, 68, 68); font-family: 'Open Sans', sans-serif; font-size: 14px; line-height: 20px; text-align: center;\"> \t<iframe title=\"5 Years of Jaw Pain &amp; Headaches Relieved with ASTR\" width=\"800\" height=\"450\" src=\"https:\/\/www.youtube.com\/embed\/heP6kwQ2NHM?feature=oembed\" frameborder=\"0\" allow=\"accelerometer; autoplay; clipboard-write; encrypted-media; gyroscope; picture-in-picture; web-share\" allowfullscreen><\/iframe><\/p>\n<p style=\"color: rgb(69, 68, 68); font-family: 'Open Sans', sans-serif; font-size: 14px; line-height: 20px; text-align: center;\"> \t<iframe title=\"Mastectomy &amp; Lymphoma Pain Relieved with 1 ASTR Session!\" width=\"800\" height=\"450\" src=\"https:\/\/www.youtube.com\/embed\/EP8HCevdyr4?feature=oembed\" frameborder=\"0\" allow=\"accelerometer; autoplay; clipboard-write; encrypted-media; gyroscope; picture-in-picture; web-share\" allowfullscreen><\/iframe><\/p>\n<p style=\"color: rgb(69, 68, 68); font-family: 'Open Sans', sans-serif; font-size: 14px; line-height: 20px; text-align: center;\"> \t<iframe title=\"ASTR Relieves Head and Neck Pain In Only A Few Sessions!\" width=\"800\" height=\"450\" src=\"https:\/\/www.youtube.com\/embed\/z6LHFNxMWX0?feature=oembed\" frameborder=\"0\" allow=\"accelerometer; autoplay; clipboard-write; encrypted-media; gyroscope; picture-in-picture; web-share\" allowfullscreen><\/iframe><\/p>\n<p style=\"color: rgb(69, 68, 68); font-family: 'Open Sans', sans-serif; font-size: 14px; line-height: 20px; text-align: center;\"> \t<iframe title=\"Chronic TMJ Pain Relieved With ASTR\" width=\"800\" height=\"450\" src=\"https:\/\/www.youtube.com\/embed\/yW_Xr7rgLOo?feature=oembed\" frameborder=\"0\" allow=\"accelerometer; autoplay; clipboard-write; encrypted-media; gyroscope; picture-in-picture; web-share\" allowfullscreen><\/iframe><\/p>\n<p style=\"color: rgb(69, 68, 68); font-family: 'Open Sans', sans-serif; font-size: 14px; line-height: 20px; text-align: center;\"> \t<iframe title=\"2 Years of Neck &amp; TMJ Pain Relieved with ASTR!\" width=\"800\" height=\"450\" src=\"https:\/\/www.youtube.com\/embed\/iSJd9l-MqaA?feature=oembed\" frameborder=\"0\" allow=\"accelerometer; autoplay; clipboard-write; encrypted-media; gyroscope; picture-in-picture; web-share\" allowfullscreen><\/iframe><\/p>\n<p style=\"color: rgb(69, 68, 68); font-family: 'Open Sans', sans-serif; font-size: 14px; line-height: 20px; text-align: center;\"> \t<iframe title=\"Trigeminal Neuralgia (facial pain) Relieved With ASTR After 2 Treatments\" width=\"800\" height=\"450\" src=\"https:\/\/www.youtube.com\/embed\/Cm3QMfMaR7k?feature=oembed\" frameborder=\"0\" allow=\"accelerometer; autoplay; clipboard-write; encrypted-media; gyroscope; picture-in-picture; web-share\" allowfullscreen><\/iframe><\/p>\n<p style=\"color: rgb(69, 68, 68); font-family: 'Open Sans', sans-serif; font-size: 14px; line-height: 20px; text-align: center;\"> \t<iframe title=\"Relieve Chronic TMJ with ASTR!\" width=\"800\" height=\"450\" src=\"https:\/\/www.youtube.com\/embed\/Gpb_wfL6uoQ?feature=oembed\" frameborder=\"0\" allow=\"accelerometer; autoplay; clipboard-write; encrypted-media; gyroscope; picture-in-picture; web-share\" allowfullscreen><\/iframe><\/p>\n<p style=\"color: rgb(69, 68, 68); font-family: 'Open Sans', sans-serif; line-height: 20px; font-size: 14.4444446563721px; text-align: center;\"> \t<iframe title=\"Effective Treatment for Lockjaw\" width=\"800\" height=\"450\" src=\"https:\/\/www.youtube.com\/embed\/rJGhZJ1PYPg?feature=oembed\" frameborder=\"0\" allow=\"accelerometer; autoplay; clipboard-write; encrypted-media; gyroscope; picture-in-picture; web-share\" allowfullscreen><\/iframe><\/p>\n<p style=\"color: rgb(69, 68, 68); font-family: 'Open Sans', sans-serif; font-size: 14px; line-height: 20px; text-align: center;\"> \t<iframe title=\"Take Your Life Back from TMJ!\" width=\"800\" height=\"450\" src=\"https:\/\/www.youtube.com\/embed\/L1o0JNd-Cjs?feature=oembed\" frameborder=\"0\" allow=\"accelerometer; autoplay; clipboard-write; encrypted-media; gyroscope; picture-in-picture; web-share\" allowfullscreen><\/iframe><\/p>\n<p style=\"color: rgb(69, 68, 68); font-family: 'Open Sans', sans-serif; font-size: 14px; line-height: 20px; text-align: center;\"> \t<iframe title=\"9 Months of Jaw, Neck Pain &amp; Headache Relieved After 3 ASTR Sessions\" width=\"800\" height=\"450\" src=\"https:\/\/www.youtube.com\/embed\/5KcgS866PaI?feature=oembed\" frameborder=\"0\" allow=\"accelerometer; autoplay; clipboard-write; encrypted-media; gyroscope; picture-in-picture; web-share\" allowfullscreen><\/iframe><\/p>\n<p style=\"line-height: 20px; color: rgb(34, 34, 34); font-family: Arial, Verdana, sans-serif; font-size: 12px; text-align: center;\"> \t<iframe title=\"Neck &amp; Jaw Pain Relieved After 4 ASTR sessions!\" width=\"800\" height=\"450\" src=\"https:\/\/www.youtube.com\/embed\/SbMIupO7sko?feature=oembed\" frameborder=\"0\" allow=\"accelerometer; autoplay; clipboard-write; encrypted-media; gyroscope; picture-in-picture; web-share\" allowfullscreen><\/iframe><\/p>\n<p style=\"line-height: 20px; color: rgb(34, 34, 34); font-family: Arial, Verdana, sans-serif; font-size: 12px; text-align: center;\"> \t<iframe title=\"Jaw &amp; Ear Pain Relieved After 2 ASTR treatments!\" width=\"800\" height=\"450\" src=\"https:\/\/www.youtube.com\/embed\/CgR8QJU92jc?feature=oembed\" frameborder=\"0\" allow=\"accelerometer; autoplay; clipboard-write; encrypted-media; gyroscope; picture-in-picture; web-share\" allowfullscreen><\/iframe><\/p>\n<p style=\"line-height: 20px; color: rgb(34, 34, 34); font-family: Arial, Verdana, sans-serif; font-size: 12px; text-align: center;\"> \t<span style=\"font-size: 14px; font-family: verdana, geneva, sans-serif;\">http:\/\/www.youtube.com\/watch?v=8yzWbWCWCeg<\/span><\/p>\n<p style=\"color: rgb(69, 68, 68); font-family: 'Open Sans', sans-serif; font-size: 14px; line-height: 20px; text-align: center;\"> \t<iframe title=\"TMJ Pain Relieved with Just 1 ASTR Session!\" width=\"800\" height=\"450\" src=\"https:\/\/www.youtube.com\/embed\/j9ogqo-5k1M?feature=oembed\" frameborder=\"0\" allow=\"accelerometer; autoplay; clipboard-write; encrypted-media; gyroscope; picture-in-picture; web-share\" allowfullscreen><\/iframe><\/p>\n<p style=\"color: rgb(69, 68, 68); font-family: 'Open Sans', sans-serif; font-size: 14px; line-height: 20px; text-align: center;\"> \t<iframe title=\"TMJ Pain Relieved After 3 ASTR Sessions!\" width=\"800\" height=\"450\" src=\"https:\/\/www.youtube.com\/embed\/EUcTHXWbAgg?feature=oembed\" frameborder=\"0\" allow=\"accelerometer; autoplay; clipboard-write; encrypted-media; gyroscope; picture-in-picture; web-share\" allowfullscreen><\/iframe><\/p>\n<p style=\"color: rgb(69, 68, 68); font-family: 'Open Sans', sans-serif; font-size: 14px; line-height: 20px; text-align: center;\"> \t<iframe title=\"TMJ\/ Jaw Pain Treatment - Doctor - Orange County\" width=\"800\" height=\"450\" src=\"https:\/\/www.youtube.com\/embed\/wnjKzprhPE0?feature=oembed\" frameborder=\"0\" allow=\"accelerometer; autoplay; clipboard-write; encrypted-media; gyroscope; picture-in-picture; web-share\" allowfullscreen><\/iframe><\/p>\n<div> \t&nbsp;<\/div>","protected":false},"excerpt":{"rendered":"<p>TMJ\/ Jaw Pain Testimonials &nbsp; &nbsp; \u201cAfter suffering from the effects of&nbsp;TMJ&nbsp;and&nbsp;headache&nbsp;pain for nearly&nbsp;5 years, Doctor Jacobs was able to relieve my pain using his Advanced Soft Tissue Release within&nbsp;a few minutes. His technique was very&nbsp;gentle&nbsp;and was not painful at all.\u201d &nbsp; Lindsay J. TMJ (Mission Viejo, CA) &#8220;I have&nbsp;recovered quickly&nbsp;thanks to Doctor Jacobs; my [&hellip;]<\/p>\n","protected":false},"author":2447,"featured_media":0,"parent":0,"menu_order":247,"comment_status":"closed","ping_status":"closed","template":"","meta":{"_analytify_skip_tracking":false,"footnotes":""},"class_list":["post-92","page","type-page","status-publish","hentry"],"_links":{"self":[{"href":"https:\/\/advancedsofttissuerelease.com\/es\/wp-json\/wp\/v2\/pages\/92","targetHints":{"allow":["GET"]}}],"collection":[{"href":"https:\/\/advancedsofttissuerelease.com\/es\/wp-json\/wp\/v2\/pages"}],"about":[{"href":"https:\/\/advancedsofttissuerelease.com\/es\/wp-json\/wp\/v2\/types\/page"}],"author":[{"embeddable":true,"href":"https:\/\/advancedsofttissuerelease.com\/es\/wp-json\/wp\/v2\/users\/2447"}],"replies":[{"embeddable":true,"href":"https:\/\/advancedsofttissuerelease.com\/es\/wp-json\/wp\/v2\/comments?post=92"}],"version-history":[{"count":0,"href":"https:\/\/advancedsofttissuerelease.com\/es\/wp-json\/wp\/v2\/pages\/92\/revisions"}],"wp:attachment":[{"href":"https:\/\/advancedsofttissuerelease.com\/es\/wp-json\/wp\/v2\/media?parent=92"}],"curies":[{"name":"wp","href":"https:\/\/api.w.org\/{rel}","templated":true}]}}