{"id":93,"date":"2015-07-18T14:26:10","date_gmt":"2015-07-18T14:26:10","guid":{"rendered":"https:\/\/advancedsofttissuerelease.com\/hip-knee-testimonials\/"},"modified":"2015-07-18T14:26:10","modified_gmt":"2015-07-18T14:26:10","slug":"cadera-rodilla-testimonios","status":"publish","type":"page","link":"https:\/\/advancedsofttissuerelease.com\/es\/hip-knee-testimonials\/","title":{"rendered":"Testimonios de cadera\/rodilla"},"content":{"rendered":"<div style=\"color: rgb(69, 68, 68); font-family: 'Open Sans', sans-serif; font-size: 14px; line-height: 20px; text-align: center;\"> \t<span style=\"color:#696969;\"><span style=\"font-family:verdana,geneva,sans-serif;\"><span style=\"font-size:36px;\"><strong>Testimonios de cadera\/rodilla<\/strong><\/span><\/span><\/span><\/div>\n<div style=\"color: rgb(69, 68, 68); font-family: 'Open Sans', sans-serif; font-size: 14px; line-height: 20px; text-align: center;\"> \t&nbsp;<\/div>\n<div style=\"color: rgb(69, 68, 68); font-family: 'Open Sans', sans-serif; font-size: 14px; line-height: 20px; text-align: center;\">\n<div style=\"box-sizing: border-box; text-align: left;\">\n<p style=\"box-sizing: border-box; line-height: 1.6em; font-size: small; font-family: arial;\"> \t\t\t&nbsp;<\/p>\n<p style=\"box-sizing: border-box; line-height: 1.6em; font-size: small; font-family: arial;\"> \t\t\t<span style=\"color:#696969;\"><span style=\"box-sizing: border-box;\"><span style=\"box-sizing: border-box; font-family: verdana, geneva, sans-serif;\"><span style=\"box-sizing: border-box; font-size: 14px;\"><span style=\"box-sizing: border-box; line-height: 16px;\">\u201cDespu\u00e9s de recibir 18 meses de fisioterapia tradicional despu\u00e9s de dos cirug\u00edas de rodilla para reemplazar mi LCA, estaba esc\u00e9ptico de que se pudiera hacer algo m\u00e1s para aliviar el dolor y la rigidez de mi rodilla.<strong style=\"box-sizing: border-box;\">&nbsp;Despu\u00e9s de una sola visita<\/strong>\u00a1Me sorprendieron los resultados que el Doctor Jacobs pudo producir con su t\u00e9cnica avanzada de liberaci\u00f3n de tejido blando! Fue muy minucioso, cort\u00e9s y servicial durante toda la visita. Se tom\u00f3 el tiempo de explicarme la t\u00e9cnica y c\u00f3mo funciona. Me impresion\u00f3 mucho c\u00f3mo respondi\u00f3 y se afloj\u00f3 mi rodilla, especialmente porque han pasado dos a\u00f1os desde mi cirug\u00eda original.&nbsp;<strong style=\"box-sizing: border-box;\">\u00a1Fui esc\u00e9ptico y ahora soy un creyente!\u201d&nbsp;<\/strong><\/span><\/span><\/span><\/span><\/span><\/p>\n<p style=\"box-sizing: border-box; line-height: 1.6em; font-size: small; text-align: right; font-family: arial;\"> \t\t\t<span style=\"color:#696969;\"><span style=\"box-sizing: border-box;\"><span style=\"box-sizing: border-box; font-family: verdana, geneva, sans-serif;\"><span style=\"box-sizing: border-box; font-size: 14px;\">Mychal T.<\/span><\/span><\/span><\/span><\/p>\n<p style=\"box-sizing: border-box; line-height: 1.6em; font-size: small; text-align: right; font-family: arial;\"> \t\t\t<span style=\"color:#696969;\"><span style=\"box-sizing: border-box;\"><strong style=\"box-sizing: border-box;\"><span style=\"box-sizing: border-box; font-family: verdana, geneva, sans-serif;\"><span style=\"box-sizing: border-box; font-size: 14px;\">Dolor de rodilla<\/span><\/span><\/strong><\/span><\/span><\/p>\n<p style=\"box-sizing: border-box; line-height: 1.6em; font-size: small; text-align: right; font-family: arial;\"> \t\t\t<span style=\"color:#696969;\"><span style=\"box-sizing: border-box;\"><span style=\"box-sizing: border-box; font-family: verdana, geneva, sans-serif;\"><span style=\"box-sizing: border-box; font-size: 14px;\">(Pheonix, AZ)<\/span><\/span><\/span><\/span><\/p>\n<\/p><\/div>\n<hr \/>\n<p style=\"text-align: left;\"> \t\t&nbsp;<\/p>\n<p style=\"box-sizing: border-box; line-height: 1.6em; color: rgb(34, 34, 34); font-family: Arial, Verdana, sans-serif; font-size: 12px; text-align: left;\"> \t\t<span style=\"color:#696969;\"><span style=\"box-sizing: border-box;\"><span style=\"box-sizing: border-box; font-family: verdana, geneva, sans-serif;\"><span style=\"box-sizing: border-box; font-size: 14px;\">\u201cFui al Doctor Jacobs para tratar dos problemas: dolores dolorosos y lo que pens\u00e9 que era ci\u00e1tica. Descubri\u00f3 que mis verdaderos problemas eran la fascitis plantar y una pelvis desalineada.<strong style=\"box-sizing: border-box;\">&nbsp;Su tratamiento ha aliviado mi dolor.<\/strong>&nbsp;y los ejercicios que me hace hacer deber\u00edan aliviar completamente mis s\u00edntomas en un tiempo razonable\u201d.<\/span><\/span><\/span><\/span><\/p>\n<p style=\"box-sizing: border-box; line-height: 1.6em; color: rgb(34, 34, 34); font-family: Arial, Verdana, sans-serif; font-size: 12px; text-align: right;\"> \t\t<span style=\"color:#696969;\"><span style=\"box-sizing: border-box;\"><span style=\"box-sizing: border-box; font-family: verdana, geneva, sans-serif;\"><span style=\"box-sizing: border-box; font-size: 14px;\">linda w.<\/span><\/span><\/span><\/span><\/p>\n<p style=\"box-sizing: border-box; line-height: 1.6em; color: rgb(34, 34, 34); font-family: Arial, Verdana, sans-serif; font-size: 12px; text-align: right;\"> \t\t<span style=\"color:#696969;\"><span style=\"box-sizing: border-box;\"><strong style=\"box-sizing: border-box;\"><span style=\"box-sizing: border-box; font-family: verdana, geneva, sans-serif;\"><span style=\"box-sizing: border-box; font-size: 14px;\">Ci\u00e1tica<\/span><\/span><\/strong><\/span><\/span><\/p>\n<p style=\"text-align: right;\"> \t\t<span style=\"color:#696969;\"><span style=\"font-family: verdana, geneva, sans-serif; line-height: 1.6em;\">(Lake Forest, California)<\/span><\/span><span style=\"color: rgb(105, 105, 105);\">&nbsp;<\/span><\/p>\n<hr \/>\n<h3> \t\t<span style=\"font-family: verdana, geneva, sans-serif; color: rgb(105, 105, 105);\">\u00a1Vea videos de testimonios de pacientes que alivian el dolor de cadera y rodilla a trav\u00e9s de Advanced Soft Tissue Release!<\/span><\/h3>\n<div> \t\t&nbsp;<\/div>\n<\/p><\/div>\n<div style=\"color: rgb(69, 68, 68); font-family: 'Open Sans', sans-serif; font-size: 14px; line-height: 20px; text-align: center;\"> \thttp:\/\/www.youtube.com\/watch?v=AHyK6nX8d9M<\/div>\n<div style=\"color: rgb(69, 68, 68); font-family: 'Open Sans', sans-serif; font-size: 14px; line-height: 20px; text-align: center;\"> \thttp:\/\/www.youtube.com\/watch?v=0yO7HBdbvR4<\/div>\n<div style=\"color: rgb(69, 68, 68); font-family: 'Open Sans', sans-serif; font-size: 14px; line-height: 20px; text-align: center;\">\n<div> \t\thttp:\/\/www.youtube.com\/watch?v=qcCzOO3CPwU&amp;<\/div>\n<div> \t\thttp:\/\/www.youtube.com\/watch?v=g3ZGu3OqB4w<\/div>\n<div> \t\thttp:\/\/www.youtube.com\/watch?v=lAjeO5a9POg<\/div>\n<\/p><\/div>\n<div style=\"color: rgb(69, 68, 68); font-family: 'Open Sans', sans-serif; font-size: 14px; line-height: 20px; text-align: center;\"> \thttp:\/\/www.youtube.com\/watch?v=amjHlnn3p_E<\/div>\n<div style=\"color: rgb(69, 68, 68); font-family: 'Open Sans', sans-serif; font-size: 14px; line-height: 20px; text-align: center;\"> \thttp:\/\/www.youtube.com\/watch?v=1S8m9fcU_Ns<\/div>\n<div style=\"color: rgb(69, 68, 68); font-family: 'Open Sans', sans-serif; font-size: 14px; line-height: 20px; text-align: center;\"> \thttp:\/\/www.youtube.com\/watch?v=f7JWifMwYIg<\/div>\n<div style=\"color: rgb(69, 68, 68); font-family: 'Open Sans', sans-serif; font-size: 14px; line-height: 20px; text-align: center;\"> \thttp:\/\/www.youtube.com\/watch?v=FA_5msPmQ8Q<\/div>\n<div style=\"color: rgb(69, 68, 68); font-family: 'Open Sans', sans-serif; font-size: 14px; line-height: 20px; text-align: center;\"> \thttp:\/\/www.youtube.com\/watch?v=9BLMA4b0F84<\/div>\n<div style=\"color: rgb(69, 68, 68); font-family: 'Open Sans', sans-serif; font-size: 14px; line-height: 20px; text-align: center;\"> \thttp:\/\/www.youtube.com\/watch?v=xuF0T2Bktis<\/div>","protected":false},"excerpt":{"rendered":"<p>Hip\/ Knee Testimonials &nbsp; &nbsp; &#8220;After having 18 months of traditional physical therapy after two knee surgeries to replace my ACL, I was skeptical that anything more could be done to help my knee pain and stiffness.&nbsp;After just one visit, I was amazed with the results that Doctor Jacobs was able to produce with his [&hellip;]<\/p>\n","protected":false},"author":2447,"featured_media":0,"parent":0,"menu_order":246,"comment_status":"closed","ping_status":"closed","template":"","meta":{"_analytify_skip_tracking":false,"footnotes":""},"class_list":["post-93","page","type-page","status-publish","hentry"],"_links":{"self":[{"href":"https:\/\/advancedsofttissuerelease.com\/es\/wp-json\/wp\/v2\/pages\/93","targetHints":{"allow":["GET"]}}],"collection":[{"href":"https:\/\/advancedsofttissuerelease.com\/es\/wp-json\/wp\/v2\/pages"}],"about":[{"href":"https:\/\/advancedsofttissuerelease.com\/es\/wp-json\/wp\/v2\/types\/page"}],"author":[{"embeddable":true,"href":"https:\/\/advancedsofttissuerelease.com\/es\/wp-json\/wp\/v2\/users\/2447"}],"replies":[{"embeddable":true,"href":"https:\/\/advancedsofttissuerelease.com\/es\/wp-json\/wp\/v2\/comments?post=93"}],"version-history":[{"count":0,"href":"https:\/\/advancedsofttissuerelease.com\/es\/wp-json\/wp\/v2\/pages\/93\/revisions"}],"wp:attachment":[{"href":"https:\/\/advancedsofttissuerelease.com\/es\/wp-json\/wp\/v2\/media?parent=93"}],"curies":[{"name":"wp","href":"https:\/\/api.w.org\/{rel}","templated":true}]}}