{"id":10108,"date":"2020-03-06T18:45:02","date_gmt":"2020-03-07T01:45:02","guid":{"rendered":"https:\/\/advancedsofttissuerelease.com\/?post_type=product&#038;p=10108"},"modified":"2025-09-23T20:46:00","modified_gmt":"2025-09-24T00:46:00","slug":"kit-de-suplemento-para-el-alivio-de-la-inflamacion-2","status":"publish","type":"product","link":"https:\/\/advancedsofttissuerelease.com\/es\/product\/inflammation-relief-supplement-kit\/","title":{"rendered":"Kit de alivio de inflamaci\u00f3n severa"},"content":{"rendered":"<h1><span style=\"font-size: 12pt; color: #333333;\"><strong>Kit de alivio de inflamaci\u00f3n severa<\/strong><\/span><\/h1>\n<p><span style=\"color: #333333;\">En este programa paso a paso, el Dr. Jacobs le mostrar\u00e1 c\u00f3mo reducir la inflamaci\u00f3n de manera r\u00e1pida y efectiva al implementar la dieta antiinflamatoria de ASTR con nuestro kit de suplementos antiinflamatorios. Si experimenta dolor a corto plazo o cr\u00f3nico, \u00a1este kit iniciar\u00e1 su viaje hacia el alivio del dolor al reducir r\u00e1pidamente la inflamaci\u00f3n moderada a severa!<\/span><\/p>\n<p><span style=\"color: #333333;\"><strong>El kit de alivio de la inflamaci\u00f3n severa incluye<\/strong><\/span><\/p>\n<ol>\n<li><span style=\"color: #333333;\">Joint &amp; Muscle Repair Pack<\/span><\/li>\n<li><span style=\"color: #333333;\">Col\u00e1geno Activo<\/span><\/li>\n<li>omega activo<\/li>\n<li><span style=\"color: #333333;\">Magnesio Activo<\/span><\/li>\n<li><span style=\"color: #333333;\">K2 y D3 completos<\/span><\/li>\n<li><span style=\"color: #333333;\">ASTR diet, including recipes<\/span><\/li>\n<\/ol>\n<p><span style=\"color: #0000ff;\"><a style=\"color: #0000ff;\" href=\"https:\/\/advancedsofttissuerelease.com\/es\/producto\/infla-facilidad-2-3\/\"><strong><span style=\"font-size: 12pt;\">Joint &amp; Muscle Repair Pack &gt;<\/span><\/strong><\/a><\/span><\/p>\n<ul>\n<li>Supports joint &amp; muscle repair<\/li>\n<li>Apoya una respuesta inflamatoria saludable<\/li>\n<li>Mejorar la salud musculoesquel\u00e9tica<\/li>\n<li>Presume de salud articular<\/li>\n<li>Potencia el movimiento articular<\/li>\n<li>Aumenta la funci\u00f3n f\u00edsica<\/li>\n<li>Mejora el tiempo de recuperaci\u00f3n del entrenamiento.<\/li>\n<\/ul>\n<p><span style=\"color: #0000ff;\"><a style=\"color: #0000ff;\" href=\"https:\/\/advancedsofttissuerelease.com\/es\/producto\/colageno-activo-2\/\"><strong><span style=\"font-size: 12pt;\">Col\u00e1geno Activo &gt;<\/span><\/strong><\/a><\/span><\/p>\n<ul>\n<li>Apoya el proceso de autorreparaci\u00f3n del cart\u00edlago<\/li>\n<li>Apoya el proceso de autorreparaci\u00f3n del tend\u00f3n.<\/li>\n<li>Apoya el proceso de autorreparaci\u00f3n de los ligamentos<\/li>\n<li>Apoya el proceso de autorreparaci\u00f3n de la fascia.<\/li>\n<li>Apoya el cabello saludable<\/li>\n<li>Apoya una piel sana<\/li>\n<li>Apoya las u\u00f1as saludables.<\/li>\n<li>Apoya la lubricaci\u00f3n de las articulaciones.<\/li>\n<li>Apoya la amortiguaci\u00f3n de las articulaciones.<\/li>\n<li>Promueve la bios\u00edntesis del tejido conectivo<\/li>\n<\/ul>\n<div class=\"page\" title=\"P\u00e1gina 1\">\n<div class=\"section\">\n<div class=\"layoutArea\">\n<div class=\"column\">\n<p>El col\u00e1geno es un elemento crucial de la piel, el cabello, las u\u00f1as, las articulaciones y el tejido conectivo. Col\u00e1geno Activos: vitamina c, magnesio, col\u00e1geno tipo 1, \u00e1cido hialur\u00f3nico, hidrolizado de gelatina. El col\u00e1geno activo apoya la funci\u00f3n saludable del cart\u00edlago, tend\u00f3n, ligamento, fascia y articulaci\u00f3n.<\/p>\n<\/div>\n<\/div>\n<\/div>\n<\/div>\n<p><span style=\"color: #0000ff;\"><a style=\"color: #0000ff;\" href=\"https:\/\/advancedsofttissuerelease.com\/es\/producto\/omega-activo-2\/\"><strong><span style=\"font-size: 12pt;\">Activo Omega &gt;<\/span><\/strong><\/a><\/span><\/p>\n<ul>\n<li>Apoya la salud cardiovascular<\/li>\n<li>Apoya el metabolismo del az\u00facar en la sangre<\/li>\n<li>Apoya la funci\u00f3n cognitiva<\/li>\n<li>Apoya el desarrollo cognitivo<\/li>\n<li>Apoya una piel sana<\/li>\n<li>Apoya las articulaciones saludables<\/li>\n<li>Apoya los tejidos conectivos saludables<\/li>\n<li>Aumenta la salud visual y ocular<\/li>\n<li>Mantiene el equilibrio inflamatorio normal.<\/li>\n<\/ul>\n<p><span style=\"color: #0000ff;\"><a style=\"color: #0000ff;\" href=\"https:\/\/advancedsofttissuerelease.com\/es\/producto\/magnesio-activo-2\/\"><strong><span style=\"font-size: 12pt;\">Magnesio Activo &gt;<\/span><\/strong><\/a><\/span><\/p>\n<ul>\n<li><span style=\"color: #333333;\">Proporciona 3 formas de magnesio de alta absorci\u00f3n.<\/span><\/li>\n<li><span style=\"color: #333333;\">Magnesio de alta concentraci\u00f3n para apoyo cardiovascular<\/span><\/li>\n<li><span style=\"color: #333333;\">El magnesio juega un papel vital en cientos de actividades metab\u00f3licas<\/span><\/li>\n<li><span style=\"color: #333333;\">Ayudar a mantener una presi\u00f3n arterial saludable<\/span><\/li>\n<li><span style=\"color: #333333;\">Ayuda a mantener niveles saludables de glucosa.<\/span><\/li>\n<li><span style=\"color: #333333;\">Promueve la producci\u00f3n de energ\u00eda.<\/span><\/li>\n<li><span style=\"color: #333333;\">Favorece la relajaci\u00f3n muscular<\/span><\/li>\n<li><span style=\"color: #333333;\">Apoya la funci\u00f3n muscular<\/span><\/li>\n<li><span style=\"color: #333333;\">Apoyar la funci\u00f3n nerviosa<\/span><\/li>\n<\/ul>\n<div class=\"page\" title=\"P\u00e1gina 1\"><\/div>\n<p><span style=\"color: #0000ff;\"><a style=\"color: #0000ff;\" href=\"https:\/\/advancedsofttissuerelease.com\/es\/producto\/k2-d3-completa-2\/\"><strong><span style=\"font-size: 12pt;\">K2 y D3 completos &gt;<\/span><\/strong><\/a><\/span><\/p>\n<ul>\n<li><span style=\"color: #333333;\">Apoya la circulaci\u00f3n sangu\u00ednea saludable<\/span><\/li>\n<li><span style=\"color: #333333;\">Promueve la salud \u00f3sea \u00f3ptima<\/span><\/li>\n<li><span style=\"color: #333333;\">Promueve el almacenamiento adecuado de calcio<\/span><\/li>\n<li><span style=\"color: #333333;\">Mantiene la funci\u00f3n cardiometab\u00f3lica saludable<\/span><\/li>\n<li><span style=\"color: #333333;\">Apoya la elasticidad arterial<\/span><\/li>\n<li><span style=\"color: #333333;\">Aumenta la funci\u00f3n inmunol\u00f3gica<\/span><\/li>\n<li><span style=\"color: #333333;\">Apoya el equilibrio saludable de calcio<\/span><\/li>\n<li><span style=\"color: #333333;\">Apoya el equilibrio del az\u00facar en la sangre\u00a0<\/span><\/li>\n<\/ul>\n<div class=\"page\" title=\"P\u00e1gina 1\">\n<div class=\"section\">\n<div class=\"layoutArea\">\n<div class=\"column\">\n<p><span style=\"color: #333333;\">La investigaci\u00f3n actual ha encontrado que la suplementaci\u00f3n de alta concentraci\u00f3n de K2, a 180 mcg\/d\u00eda, produce mejores resultados cl\u00ednicos en comparaci\u00f3n con la suplementaci\u00f3n en dosis m\u00e1s bajas*. K2 &amp; D3 complete proporciona 180 mcg de MenaQ7\u00ae PRO, la forma de vitamina K2 m\u00e1s estudiada como MK-7, junto con 5000 UI de vitamina D3 para un soporte \u00f3ptimo de la salud \u00f3sea y cardiovascular.<\/span><\/p>\n<p><span style=\"color: #0000ff;\"><strong style=\"color: #0000ff;\"><span style=\"font-size: 12pt;\"><a style=\"color: #0000ff;\" href=\"https:\/\/advancedsofttissuerelease.com\/es\/producto\/crema-analgesica-2\/\">Crema para aliviar el dolor &gt;<\/a><\/span><\/strong><\/span><\/p>\n<\/div>\n<div class=\"page\" title=\"P\u00e1gina 1\">\n<div class=\"section\">\n<p><strong>Para adultos y ni\u00f1os<\/strong><\/p>\n<ul>\n<li>Apoya el alivio del dolor muscular y articular<\/li>\n<li>Apoya la cicatrizaci\u00f3n de heridas.<\/li>\n<li>Apoya la salud normal de la piel y las u\u00f1as.<\/li>\n<li>Apoya una respuesta inflamatoria saludable<\/li>\n<li>Mejora la salud musculoesquel\u00e9tica<\/li>\n<li>Presume de salud articular<\/li>\n<li>Potencia el movimiento articular<\/li>\n<\/ul>\n<p><strong>La crema para aliviar el dolor se usa para:<\/strong><\/p>\n<ul>\n<li>Alivio del dolor<\/li>\n<li>Disminuir la inflamaci\u00f3n<\/li>\n<li>Artritis<\/li>\n<li>Cuidado de las heridas<\/li>\n<li>Eczema<\/li>\n<li>Acn\u00e9<\/li>\n<li>Dermatitis<\/li>\n<li>Soriasis<\/li>\n<\/ul>\n<\/div>\n<\/div>\n<\/div>\n<\/div>\n<\/div>\n<p style=\"text-align: center;\"><span style=\"font-size: 8pt; color: #333333;\">*Estas declaraciones no han sido evaluadas por la Administraci\u00f3n de Alimentos y Medicamentos. Este producto no est\u00e1 destinado a diagnosticar, tratar, curar o prevenir ninguna enfermedad.\u00a0<\/span><\/p>","protected":false},"excerpt":{"rendered":"<p><span class=\"\">Programa paso a paso que incluye consejos para aliviar la inflamaci\u00f3n,\u00a0<\/span><span class=\"\">plan de nutrici\u00f3n, <\/span><span class=\"\">recetas, listas de compras y suplementos que lo ayudar\u00e1n a abordar la fuente de sus problemas de salud subyacentes.<\/span><\/p>","protected":false},"featured_media":41492,"template":"","meta":{"_analytify_skip_tracking":false},"product_brand":[],"product_cat":[1782],"product_tag":[2326,1942,1789,1791,1792,1408],"woo-feed-brand":[],"class_list":{"0":"post-10108","1":"product","2":"type-product","3":"status-publish","4":"has-post-thumbnail","6":"product_cat-health-supplement-kits","7":"product_tag-collagen","8":"product_tag-inflammation-relief","9":"product_tag-inflammation-supplements","10":"product_tag-k2-d3-complete","11":"product_tag-magnesium-active","12":"product_tag-omega-3","13":"product_shipping_class-regular-shipping","15":"first","16":"instock","17":"sale","18":"taxable","19":"shipping-taxable","20":"purchasable","21":"product-type-simple"},"exclude_global_add_ons":false,"addons":[{"name":"Crema para el alivio del dolor para el dolor, la inflamaci\u00f3n y acelerar la curaci\u00f3n","type":"checkbox","position":0,"required":true,"title_format":"heading","default":"","description_enable":false,"description":"","placeholder_enable":false,"placeholder":"","display":"select","restrictions_type":"any_text","adjust_price":false,"price":"","price_type":"flat_fee","restrictions":false,"min":"0","max":"0","options":[{"label":"Yes (save $10)","price":"49","price_type":"flat_fee","image":0,"visibility":true},{"label":"No","price":"","price_type":"flat_fee","image":0,"visibility":true}],"id":1671889258},{"name":"Do you own our tool kit? (A1, A2, A3, A4 & A5)","type":"multiple_choice","position":0,"required":true,"title_format":"heading","default":"","description_enable":false,"description":"","placeholder_enable":false,"placeholder":"","display":"radiobutton","restrictions_type":"any_text","adjust_price":false,"price":"","price_type":"flat_fee","restrictions":false,"min":"0","max":"0","options":[{"label":"Yes","price":"0","price_type":"flat_fee","image":0,"visibility":true},{"label":"No","price":"399","price_type":"flat_fee","image":0,"visibility":true}]}],"_links":{"self":[{"href":"https:\/\/advancedsofttissuerelease.com\/es\/wp-json\/wp\/v2\/product\/10108","targetHints":{"allow":["GET"]}}],"collection":[{"href":"https:\/\/advancedsofttissuerelease.com\/es\/wp-json\/wp\/v2\/product"}],"about":[{"href":"https:\/\/advancedsofttissuerelease.com\/es\/wp-json\/wp\/v2\/types\/product"}],"version-history":[{"count":0,"href":"https:\/\/advancedsofttissuerelease.com\/es\/wp-json\/wp\/v2\/product\/10108\/revisions"}],"wp:featuredmedia":[{"embeddable":true,"href":"https:\/\/advancedsofttissuerelease.com\/es\/wp-json\/wp\/v2\/media\/41492"}],"wp:attachment":[{"href":"https:\/\/advancedsofttissuerelease.com\/es\/wp-json\/wp\/v2\/media?parent=10108"}],"wp:term":[{"taxonomy":"product_brand","embeddable":true,"href":"https:\/\/advancedsofttissuerelease.com\/es\/wp-json\/wp\/v2\/product_brand?post=10108"},{"taxonomy":"product_cat","embeddable":true,"href":"https:\/\/advancedsofttissuerelease.com\/es\/wp-json\/wp\/v2\/product_cat?post=10108"},{"taxonomy":"product_tag","embeddable":true,"href":"https:\/\/advancedsofttissuerelease.com\/es\/wp-json\/wp\/v2\/product_tag?post=10108"},{"taxonomy":"woo-feed-brand","embeddable":true,"href":"https:\/\/advancedsofttissuerelease.com\/es\/wp-json\/wp\/v2\/woo-feed-brand?post=10108"}],"curies":[{"name":"wp","href":"https:\/\/api.w.org\/{rel}","templated":true}]}}