{"id":10110,"date":"2020-03-07T17:21:54","date_gmt":"2020-03-08T00:21:54","guid":{"rendered":"https:\/\/advancedsofttissuerelease.com\/?post_type=product&#038;p=10110"},"modified":"2025-09-22T22:05:23","modified_gmt":"2025-09-23T02:05:23","slug":"kit-fatiga-cronica-2","status":"publish","type":"product","link":"https:\/\/advancedsofttissuerelease.com\/es\/product\/chronic-fatigue-kit\/","title":{"rendered":"Kit de Fatiga Cr\u00f3nica"},"content":{"rendered":"<h1><span style=\"font-size: 12pt; color: #333333;\"><strong>Kit de suplementos para la fatiga cr\u00f3nica<\/strong><\/span><\/h1>\n<p><span style=\"color: #333333;\">En este programa paso a paso, el Dr. Jacobs le mostrar\u00e1 c\u00f3mo reducir la fatiga de manera r\u00e1pida y efectiva al implementar la dieta antiinflamatoria de ASTR con nuestro kit de suplementos para la fatiga cr\u00f3nica. Si experimenta fatiga a corto plazo o cr\u00f3nica, \u00a1este kit iniciar\u00e1 su viaje para experimentar un aumento de energ\u00eda!<\/span><\/p>\n<p><span style=\"color: #333333;\"><strong>El kit de suplementos para la fatiga cr\u00f3nica incluye<\/strong><\/span><\/p>\n<ol>\n<li><span style=\"color: #333333;\">B Activo<\/span><\/li>\n<li><span style=\"color: #333333;\">Magnesio Activo<\/span><\/li>\n<li><span style=\"color: #333333;\">Coq 10 Activo<\/span><\/li>\n<li><span style=\"color: #333333;\">Vitamina C y bioflavonoides\u00a0<\/span><\/li>\n<li>yodo activo<\/li>\n<li><span style=\"color: #333333;\">ASTR diet, including recipes<\/span><\/li>\n<\/ol>\n<p><span style=\"color: #0000ff;\"><a style=\"color: #0000ff;\" href=\"https:\/\/advancedsofttissuerelease.com\/es\/producto\/b-activo-2\/\"><strong>B Activo &gt;<\/strong><\/a><\/span><\/p>\n<ul>\n<li><span style=\"color: #333333;\">Apoya el metabolismo de los carbohidratos.<\/span><\/li>\n<li><span style=\"color: #333333;\">Apoya el funcionamiento del sistema nervioso.<\/span><\/li>\n<li><span style=\"color: #333333;\">Apoya el funcionamiento del sistema suprarrenal<\/span><\/li>\n<li><span style=\"color: #333333;\">Apoya el funcionamiento del sistema inmunol\u00f3gico.<\/span><\/li>\n<li><span style=\"color: #333333;\">Apoya la salud cardiovascular<\/span><\/li>\n<li><span style=\"color: #333333;\">Protege contra las deficiencias diet\u00e9ticas.<\/span><\/li>\n<li><span style=\"color: #333333;\">Protege contra el agotamiento de nutrientes inducido por el estr\u00e9s.<\/span><\/li>\n<li><span style=\"color: #333333;\">Apoya la funci\u00f3n mental saludable y el estado de \u00e1nimo.<\/span><\/li>\n<\/ul>\n<p><span style=\"color: #333333;\">El suplemento activo ASTR B ayuda a apoyar el metabolismo de los carbohidratos, el funcionamiento del sistema nervioso\/suprarrenal\/inmunitario, la salud cardiovascular y el funcionamiento mental y el estado de \u00e1nimo saludables. B Active contiene todo el espectro de vitaminas B; formas activadas de B2, B6 y B12; y folato.*<\/span><\/p>\n<p><span style=\"color: #0000ff;\"><a style=\"color: #0000ff;\" href=\"https:\/\/advancedsofttissuerelease.com\/es\/producto\/coq-10-activo-2\/\"><strong>CoQ 10 Activo &gt;<\/strong><\/a><\/span><\/p>\n<ul>\n<li><span style=\"color: #333333;\">Apoya la generaci\u00f3n de energ\u00eda natural<\/span><\/li>\n<li><span style=\"color: #333333;\">Apoya el funcionamiento mitocondrial<\/span><\/li>\n<li><span style=\"color: #333333;\">Apoya la salud del plasma y los tejidos.<\/span><\/li>\n<li><span style=\"color: #333333;\">Apoya la salud y el funcionamiento del sistema cardiovascular.<\/span><\/li>\n<li><span style=\"color: #333333;\">Apoya la salud neuromuscular<\/span><\/li>\n<li><span style=\"color: #333333;\">Apoya el funcionamiento del sistema nervioso central<\/span><\/li>\n<\/ul>\n<p><span style=\"color: #333333;\">El suplemento ASTR CoQ 10 apoya la generaci\u00f3n de energ\u00eda natural y la salud mitocondrial, el funcionamiento saludable del sistema cardiovascular y la salud neuromuscular y del sistema nervioso central. Se ha demostrado cl\u00ednicamente que ASTR CoQ 10 es m\u00e1s absorbible para una utilizaci\u00f3n \u00f3ptima en apoyo de las necesidades de salud cardiovasculares y energ\u00e9ticas.<\/span><\/p>\n<p><span style=\"color: #0000ff;\"><a style=\"color: #0000ff;\" href=\"https:\/\/advancedsofttissuerelease.com\/es\/producto\/k2-d3-completa-2\/\"><strong><span style=\"font-size: 12pt;\">Magnesio Activo &gt;<\/span><\/strong><\/a><\/span><\/p>\n<ul>\n<li><span style=\"color: #333333;\">Proporciona 3 formas de magnesio de alta absorci\u00f3n.<\/span><\/li>\n<li><span style=\"color: #333333;\">Magnesio de alta concentraci\u00f3n para apoyo cardiovascular<\/span><\/li>\n<li><span style=\"color: #333333;\">El magnesio juega un papel vital en cientos de actividades metab\u00f3licas<\/span><\/li>\n<li><span style=\"color: #333333;\">Ayudar a mantener una presi\u00f3n arterial saludable<\/span><\/li>\n<li><span style=\"color: #333333;\">Ayuda a mantener niveles saludables de glucosa.<\/span><\/li>\n<li><span style=\"color: #333333;\">Promueve la producci\u00f3n de energ\u00eda.<\/span><\/li>\n<li><span style=\"color: #333333;\">Favorece la relajaci\u00f3n muscular<\/span><\/li>\n<li><span style=\"color: #333333;\">Apoya la funci\u00f3n muscular<\/span><\/li>\n<li><span style=\"color: #333333;\">Apoyar la funci\u00f3n nerviosa<\/span><\/li>\n<\/ul>\n<p><a href=\"https:\/\/advancedsofttissuerelease.com\/es\/producto\/vitamina-c-y-bioflavonoides-2\/\"><strong><span style=\"color: #0000ff;\">Vitamina C &amp;\u00a0<span style=\"caret-color: #0000ff;\">bioflavonoides<\/span>\u00a0 &gt;\u00a0<\/span><\/strong><\/a><\/p>\n<ul>\n<li>F\u00f3rmula de vitamina C de alta potencia<\/li>\n<li>Apoya el sistema inmunol\u00f3gico<\/li>\n<li>Apoya los sistemas antioxidantes<\/li>\n<li>Apoyar la s\u00edntesis de vasos sangu\u00edneos<\/li>\n<li>Apoya la producci\u00f3n de col\u00e1geno.<\/li>\n<li>Apoya la producci\u00f3n de carnitina<\/li>\n<li>Apoya la producci\u00f3n de neurotransmisores<\/li>\n<\/ul>\n<p>La vitamina C y los bioflavonoides combinan vitamina C de alta potencia con un complejo de bioflavonoides c\u00edtricos de espectro completo estandarizado. Tanto la vitamina C como los bioflavonoides han sido ampliamente investigados por sus funciones en el apoyo a la funci\u00f3n antioxidante e inmunol\u00f3gica. Adem\u00e1s, la investigaci\u00f3n indica que la vitamina C es necesaria para la s\u00edntesis de col\u00e1geno, neurotransmisores y carnitina. Los bioflavonoides parecen apoyar el metabolismo y la cognici\u00f3n saludables al funcionar como agentes de se\u00f1alizaci\u00f3n celular.*<\/p>\n<p><span style=\"color: #0000ff;\"><a style=\"color: #0000ff;\" href=\"https:\/\/advancedsofttissuerelease.com\/es\/producto\/activo-con-yodo-2\/\"><strong><span style=\"font-size: 12pt;\">yodo activo &gt;<\/span><\/strong><\/a><\/span><\/p>\n<ul>\n<li>Apoya la salud de la tiroides<\/li>\n<li>Ayuda a mantener el tejido mamario sano.<\/li>\n<li>Apoya la s\u00edntesis saludable de hormonas tiroideas<\/li>\n<li>Reducir el estr\u00e9s oxidativo<\/li>\n<li>Apoya ojos saludables<\/li>\n<li>Apoya el revestimiento gastrointestinal saludable<\/li>\n<li>antioxidante<\/li>\n<\/ul>\n<div class=\"page\" title=\"P\u00e1gina 1\">\n<div class=\"section\">\n<div class=\"layoutArea\">\n<div class=\"column\">\n<p>F\u00f3rmula de yodo y selenio para una funci\u00f3n \u00f3ptima de la gl\u00e1ndula tiroides<\/p>\n<p><span style=\"color: #0000ff;\"><strong style=\"color: #0000ff;\"><span style=\"font-size: 12pt;\"><a style=\"color: #0000ff;\" href=\"https:\/\/advancedsofttissuerelease.com\/es\/producto\/crema-analgesica-2\/\">Crema para aliviar el dolor &gt;<\/a><\/span><\/strong><\/span><\/p>\n<\/div>\n<\/div>\n<\/div>\n<\/div>\n<div class=\"page\" title=\"P\u00e1gina 1\">\n<div class=\"section\">\n<div class=\"layoutArea\">\n<div class=\"column\">\n<div class=\"page\" title=\"P\u00e1gina 1\">\n<div class=\"section\">\n<p><strong>Para adultos y ni\u00f1os<\/strong><\/p>\n<ul>\n<li>Apoya el alivio del dolor muscular y articular<\/li>\n<li>Apoya la cicatrizaci\u00f3n de heridas.<\/li>\n<li>Apoya la salud normal de la piel y las u\u00f1as.<\/li>\n<li>Apoya una respuesta inflamatoria saludable<\/li>\n<li>Mejora la salud musculoesquel\u00e9tica<\/li>\n<li>Presume de salud articular<\/li>\n<li>Potencia el movimiento articular<\/li>\n<\/ul>\n<p><strong>La crema para aliviar el dolor se usa para:<\/strong><\/p>\n<ul>\n<li>Alivio del dolor<\/li>\n<li>Disminuir la inflamaci\u00f3n<\/li>\n<li>Artritis<\/li>\n<li>Cuidado de las heridas<\/li>\n<li>Eczema<\/li>\n<li>Acn\u00e9<\/li>\n<li>Dermatitis<\/li>\n<li>Soriasis<\/li>\n<\/ul>\n<\/div>\n<\/div>\n<\/div>\n<\/div>\n<\/div>\n<\/div>\n<p style=\"text-align: center;\"><span style=\"font-size: 8pt; color: #333333;\">*Estas declaraciones no han sido evaluadas por la Administraci\u00f3n de Alimentos y Medicamentos. Este producto no est\u00e1 destinado a diagnosticar, tratar, curar o prevenir ninguna enfermedad.\u00a0<\/span><\/p>","protected":false},"excerpt":{"rendered":"<p><span class=\"\">Programa paso a paso que incluye consejos para aliviar la fatiga,\u00a0<\/span><span class=\"\">plan de nutrici\u00f3n, <\/span><span class=\"\">recetas, listas de compras y suplementos que lo ayudar\u00e1n a abordar la fuente de sus problemas de salud subyacentes.<\/span><\/p>","protected":false},"featured_media":47789,"template":"","meta":{"_analytify_skip_tracking":false},"product_brand":[],"product_cat":[1782],"product_tag":[1799,1790,1800,604,2345,1792],"woo-feed-brand":[],"class_list":{"0":"post-10110","1":"product","2":"type-product","3":"status-publish","4":"has-post-thumbnail","6":"product_cat-health-supplement-kits","7":"product_tag-b-complex","8":"product_tag-c-active","9":"product_tag-chronic-fatigue-supplements","10":"product_tag-coq-10","11":"product_tag-fatigue-vitamins","12":"product_tag-magnesium-active","13":"product_shipping_class-regular-shipping","15":"first","16":"instock","17":"sale","18":"taxable","19":"shipping-taxable","20":"purchasable","21":"product-type-simple"},"exclude_global_add_ons":false,"addons":[{"name":"Crema para el alivio del dolor para el dolor, la inflamaci\u00f3n y acelerar la curaci\u00f3n","type":"checkbox","position":0,"required":false,"title_format":"heading","default":"","description_enable":false,"description":"","placeholder_enable":false,"placeholder":"","display":"select","restrictions_type":"any_text","adjust_price":false,"price":"","price_type":"flat_fee","restrictions":false,"min":"0","max":"0","options":[{"label":"Yes (save $10)","price":"49","price_type":"flat_fee","image":0,"visibility":true},{"label":"No","price":"","price_type":"flat_fee","image":0,"visibility":true}],"id":1724186133},{"name":"Do you own our tool kit? (A1, A2, A3, A4 & A5)","type":"multiple_choice","position":0,"required":true,"title_format":"heading","default":"","description_enable":false,"description":"","placeholder_enable":false,"placeholder":"","display":"radiobutton","restrictions_type":"any_text","adjust_price":false,"price":"","price_type":"flat_fee","restrictions":false,"min":"0","max":"0","options":[{"label":"Yes","price":"0","price_type":"flat_fee","image":0,"visibility":true},{"label":"No","price":"399","price_type":"flat_fee","image":0,"visibility":true}]}],"_links":{"self":[{"href":"https:\/\/advancedsofttissuerelease.com\/es\/wp-json\/wp\/v2\/product\/10110","targetHints":{"allow":["GET"]}}],"collection":[{"href":"https:\/\/advancedsofttissuerelease.com\/es\/wp-json\/wp\/v2\/product"}],"about":[{"href":"https:\/\/advancedsofttissuerelease.com\/es\/wp-json\/wp\/v2\/types\/product"}],"version-history":[{"count":0,"href":"https:\/\/advancedsofttissuerelease.com\/es\/wp-json\/wp\/v2\/product\/10110\/revisions"}],"wp:featuredmedia":[{"embeddable":true,"href":"https:\/\/advancedsofttissuerelease.com\/es\/wp-json\/wp\/v2\/media\/47789"}],"wp:attachment":[{"href":"https:\/\/advancedsofttissuerelease.com\/es\/wp-json\/wp\/v2\/media?parent=10110"}],"wp:term":[{"taxonomy":"product_brand","embeddable":true,"href":"https:\/\/advancedsofttissuerelease.com\/es\/wp-json\/wp\/v2\/product_brand?post=10110"},{"taxonomy":"product_cat","embeddable":true,"href":"https:\/\/advancedsofttissuerelease.com\/es\/wp-json\/wp\/v2\/product_cat?post=10110"},{"taxonomy":"product_tag","embeddable":true,"href":"https:\/\/advancedsofttissuerelease.com\/es\/wp-json\/wp\/v2\/product_tag?post=10110"},{"taxonomy":"woo-feed-brand","embeddable":true,"href":"https:\/\/advancedsofttissuerelease.com\/es\/wp-json\/wp\/v2\/woo-feed-brand?post=10110"}],"curies":[{"name":"wp","href":"https:\/\/api.w.org\/{rel}","templated":true}]}}