{"id":10119,"date":"2020-03-07T19:02:33","date_gmt":"2020-03-08T03:02:33","guid":{"rendered":"https:\/\/advancedsofttissuerelease.com\/?post_type=product&#038;p=10119"},"modified":"2025-09-23T20:11:35","modified_gmt":"2025-09-24T00:11:35","slug":"presion-arterial-colesterol","status":"publish","type":"product","link":"https:\/\/advancedsofttissuerelease.com\/es\/product\/blood-pressure-cholesterol\/","title":{"rendered":"Kit de presi\u00f3n arterial y colesterol"},"content":{"rendered":"<h1><span style=\"font-size: 12pt; color: #333333;\"><strong>Kit de suplementos para la presi\u00f3n arterial y el colesterol<\/strong><\/span><\/h1>\n<p><span style=\"color: #333333;\">En este programa paso a paso, el Dr. Jacobs le mostrar\u00e1 c\u00f3mo reducir r\u00e1pida y eficazmente la presi\u00f3n arterial y el nivel de colesterol al implementar la dieta antiinflamatoria de ASTR con nuestro kit de suplementos para la presi\u00f3n arterial y el colesterol. Si experimenta presi\u00f3n arterial alta cr\u00f3nica o a corto plazo o nivel de colesterol, \u00a1este kit iniciar\u00e1 su viaje para reducir su presi\u00f3n arterial y nivel de colesterol de forma natural y efectiva!<\/span><\/p>\n<p><span style=\"color: #333333;\"><strong>El kit de suplementos para la presi\u00f3n arterial y el colesterol incluye<\/strong><\/span><\/p>\n<ol>\n<li><span style=\"color: #333333;\">B Activo<\/span><\/li>\n<li><span style=\"color: #333333;\">Magnesio Activo<\/span><\/li>\n<li><span style=\"color: #333333;\">K2 y D3 completos<\/span><\/li>\n<li><span style=\"color: #333333;\">CoQ 10 Activo<\/span><\/li>\n<li>omega activo<\/li>\n<li><span style=\"color: #333333;\">niacina<\/span><\/li>\n<li><span style=\"color: #333333;\">ASTR diet, including recipes<\/span><\/li>\n<\/ol>\n<p><span style=\"color: #0000ff;\"><a style=\"color: #0000ff;\" href=\"https:\/\/advancedsofttissuerelease.com\/es\/producto\/b-activo-2\/\"><strong>B Activo &gt;<\/strong><\/a><\/span><\/p>\n<ul>\n<li><span style=\"color: #333333;\">Apoya el metabolismo de los carbohidratos.<\/span><\/li>\n<li><span style=\"color: #333333;\">Apoya el funcionamiento del sistema nervioso.<\/span><\/li>\n<li><span style=\"color: #333333;\">Apoya el funcionamiento del sistema suprarrenal<\/span><\/li>\n<li><span style=\"color: #333333;\">Apoya el funcionamiento del sistema inmunol\u00f3gico.<\/span><\/li>\n<li><span style=\"color: #333333;\">Apoya la salud cardiovascular<\/span><\/li>\n<li><span style=\"color: #333333;\">Protege contra las deficiencias diet\u00e9ticas.<\/span><\/li>\n<li><span style=\"color: #333333;\">Protege contra el agotamiento de nutrientes inducido por el estr\u00e9s.<\/span><\/li>\n<li><span style=\"color: #333333;\">Apoya la funci\u00f3n mental saludable y el estado de \u00e1nimo.<\/span><\/li>\n<\/ul>\n<p><span style=\"color: #333333;\">El suplemento activo ASTR B ayuda a apoyar el metabolismo de los carbohidratos, el funcionamiento del sistema nervioso\/suprarrenal\/inmunitario, la salud cardiovascular y el funcionamiento mental y el estado de \u00e1nimo saludables. B Active contiene todo el espectro de vitaminas B; formas activadas de B2, B6 y B12; y folato.*<\/span><\/p>\n<p><span style=\"color: #0000ff;\"><a style=\"color: #0000ff;\" href=\"https:\/\/advancedsofttissuerelease.com\/es\/producto\/magnesio-activo-2\/\"><strong><span style=\"font-size: 12pt;\">Magnesio Activo &gt;<\/span><\/strong><\/a><\/span><\/p>\n<ul>\n<li><span style=\"color: #333333;\">Proporciona 3 formas de magnesio de alta absorci\u00f3n.<\/span><\/li>\n<li><span style=\"color: #333333;\">Magnesio de alta concentraci\u00f3n para apoyo cardiovascular<\/span><\/li>\n<li><span style=\"color: #333333;\">El magnesio juega un papel vital en cientos de actividades metab\u00f3licas<\/span><\/li>\n<li><span style=\"color: #333333;\">Ayudar a mantener una presi\u00f3n arterial saludable<\/span><\/li>\n<li><span style=\"color: #333333;\">Ayuda a mantener niveles saludables de glucosa.<\/span><\/li>\n<li><span style=\"color: #333333;\">Promueve la producci\u00f3n de energ\u00eda.<\/span><\/li>\n<li><span style=\"color: #333333;\">Favorece la relajaci\u00f3n muscular<\/span><\/li>\n<li><span style=\"color: #333333;\">Apoya la funci\u00f3n muscular<\/span><\/li>\n<li><span style=\"color: #333333;\">Apoyar la funci\u00f3n nerviosa<\/span><\/li>\n<\/ul>\n<p><span style=\"color: #0000ff;\"><a style=\"color: #0000ff;\" href=\"https:\/\/advancedsofttissuerelease.com\/es\/producto\/omega-activo-2\/\"><strong><span style=\"font-size: 12pt;\">Activo Omega &gt;<\/span><\/strong><\/a><\/span><\/p>\n<ul>\n<li>Apoya la salud cardiovascular<\/li>\n<li>Apoya el metabolismo del az\u00facar en la sangre<\/li>\n<li>Apoya la funci\u00f3n cognitiva<\/li>\n<li>Apoya el desarrollo cognitivo<\/li>\n<li>Apoya una piel sana<\/li>\n<li>Apoya las articulaciones saludables<\/li>\n<li>Apoya los tejidos conectivos saludables<\/li>\n<li>Aumenta la salud visual y ocular<\/li>\n<li>Mantiene el equilibrio inflamatorio normal.<\/li>\n<\/ul>\n<p><span style=\"color: #0000ff;\"><a style=\"color: #0000ff;\" href=\"https:\/\/advancedsofttissuerelease.com\/es\/producto\/liberacion-sostenida-de-niacina-2\/\"><strong>Niacin Active &gt;<\/strong><\/a><\/span><\/p>\n<ul>\n<li><span style=\"color: #333333;\">Apoya los l\u00edpidos sangu\u00edneos saludables<\/span><\/li>\n<li><span style=\"color: #333333;\">Apoya la salud del colesterol de lipoprote\u00ednas de alta densidad (HDL)<\/span><\/li>\n<li><span style=\"color: #333333;\">F\u00f3rmula de liberaci\u00f3n prolongada que se completa en siete u ocho horas<\/span><\/li>\n<li><span style=\"color: #333333;\">Admite el grosor normal de la \u00edntima-media carot\u00eddea (CIMT)<\/span><\/li>\n<li><span style=\"color: #333333;\">Tiene un menor efecto de rubor en comparaci\u00f3n con la niacina de liberaci\u00f3n instant\u00e1nea<\/span><\/li>\n<\/ul>\n<p><span style=\"color: #0000ff;\"><a style=\"color: #0000ff;\" href=\"https:\/\/advancedsofttissuerelease.com\/es\/producto\/k2-d3-completa-2\/\"><strong>K2 y D3 completos &gt;<\/strong><\/a><\/span><\/p>\n<ul>\n<li><span style=\"color: #333333;\">Apoya la circulaci\u00f3n sangu\u00ednea saludable<\/span><\/li>\n<li><span style=\"color: #333333;\">Promueve la salud \u00f3sea \u00f3ptima<\/span><\/li>\n<li><span style=\"color: #333333;\">Promueve el almacenamiento adecuado de calcio<\/span><\/li>\n<li><span style=\"color: #333333;\">Mantiene la funci\u00f3n cardiometab\u00f3lica saludable<\/span><\/li>\n<li><span style=\"color: #333333;\">Apoya la elasticidad arterial<\/span><\/li>\n<li><span style=\"color: #333333;\">Aumenta la funci\u00f3n inmunol\u00f3gica<\/span><\/li>\n<li><span style=\"color: #333333;\">Apoya el equilibrio saludable de calcio<\/span><\/li>\n<li><span style=\"color: #333333;\">Apoya el equilibrio del az\u00facar en la sangre<\/span><\/li>\n<\/ul>\n<div class=\"page\" title=\"P\u00e1gina 1\">\n<div class=\"section\">\n<div class=\"layoutArea\">\n<div class=\"column\">\n<p><span style=\"color: #333333;\">La investigaci\u00f3n actual ha encontrado que la suplementaci\u00f3n de alta concentraci\u00f3n de K2, a 180 mcg\/d\u00eda, produce mejores resultados cl\u00ednicos en comparaci\u00f3n con la suplementaci\u00f3n en dosis m\u00e1s bajas*. K2 &amp; D3 complete proporciona 180 mcg de MenaQ7\u00ae PRO, la forma de vitamina K2 m\u00e1s estudiada como MK-7, junto con 5000 UI de vitamina D3 para un soporte \u00f3ptimo de la salud \u00f3sea y cardiovascular.<\/span><\/p>\n<p><span style=\"color: #0000ff;\"><a style=\"color: #0000ff;\" href=\"https:\/\/advancedsofttissuerelease.com\/es\/producto\/coq-10-activo-2\/\"><strong>CoQ 10 Activo &gt;<\/strong><\/a><\/span><\/p>\n<ul>\n<li><span style=\"color: #333333;\">Apoya la generaci\u00f3n de energ\u00eda natural<\/span><\/li>\n<li><span style=\"color: #333333;\">Apoya el funcionamiento mitocondrial<\/span><\/li>\n<li><span style=\"color: #333333;\">Apoya la salud del plasma y los tejidos.<\/span><\/li>\n<li><span style=\"color: #333333;\">Apoya la salud y el funcionamiento del sistema cardiovascular.<\/span><\/li>\n<li><span style=\"color: #333333;\">Apoya la salud neuromuscular<\/span><\/li>\n<li><span style=\"color: #333333;\">Apoya el funcionamiento del sistema nervioso central<\/span><\/li>\n<\/ul>\n<p><span style=\"color: #333333;\">El suplemento ASTR CoQ 10 apoya la generaci\u00f3n de energ\u00eda natural y la salud mitocondrial, el funcionamiento saludable del sistema cardiovascular y la salud neuromuscular y del sistema nervioso central. Se ha demostrado cl\u00ednicamente que ASTR CoQ 10 es m\u00e1s absorbible para una utilizaci\u00f3n \u00f3ptima en apoyo de las necesidades de salud cardiovasculares y energ\u00e9ticas.*<\/span><\/p>\n<\/div>\n<\/div>\n<\/div>\n<\/div>\n<p style=\"text-align: center;\"><span style=\"font-size: 8pt; color: #333333;\">*Estas declaraciones no han sido evaluadas por la Administraci\u00f3n de Alimentos y Medicamentos. Este producto no est\u00e1 destinado a diagnosticar, tratar, curar o prevenir ninguna enfermedad.\u00a0<\/span><\/p>","protected":false},"excerpt":{"rendered":"<p><span class=\"\">Programa paso a paso que incluye consejos sobre la salud de la presi\u00f3n arterial y el colesterol,\u00a0<\/span><span class=\"\">plan de nutrici\u00f3n, <\/span><span class=\"\">recetas, listas de compras y suplementos que lo ayudar\u00e1n a abordar la fuente de sus problemas de salud subyacentes.<\/span><\/p>","protected":false},"featured_media":36741,"template":"","meta":{"_analytify_skip_tracking":false},"product_brand":[],"product_cat":[1782],"product_tag":[1799,1830,604,1809,1808,1792,1831,1408],"woo-feed-brand":[],"class_list":{"0":"post-10119","1":"product","2":"type-product","3":"status-publish","4":"has-post-thumbnail","6":"product_cat-health-supplement-kits","7":"product_tag-b-complex","8":"product_tag-blood-pressure-cholesterol-supplements","9":"product_tag-coq-10","10":"product_tag-d3-vitamin","11":"product_tag-k2-vitamin","12":"product_tag-magnesium-active","13":"product_tag-niacin","14":"product_tag-omega-3","15":"product_shipping_class-regular-shipping","17":"first","18":"instock","19":"sale","20":"taxable","21":"shipping-taxable","22":"purchasable","23":"product-type-simple"},"exclude_global_add_ons":[],"addons":[],"_links":{"self":[{"href":"https:\/\/advancedsofttissuerelease.com\/es\/wp-json\/wp\/v2\/product\/10119","targetHints":{"allow":["GET"]}}],"collection":[{"href":"https:\/\/advancedsofttissuerelease.com\/es\/wp-json\/wp\/v2\/product"}],"about":[{"href":"https:\/\/advancedsofttissuerelease.com\/es\/wp-json\/wp\/v2\/types\/product"}],"version-history":[{"count":0,"href":"https:\/\/advancedsofttissuerelease.com\/es\/wp-json\/wp\/v2\/product\/10119\/revisions"}],"wp:featuredmedia":[{"embeddable":true,"href":"https:\/\/advancedsofttissuerelease.com\/es\/wp-json\/wp\/v2\/media\/36741"}],"wp:attachment":[{"href":"https:\/\/advancedsofttissuerelease.com\/es\/wp-json\/wp\/v2\/media?parent=10119"}],"wp:term":[{"taxonomy":"product_brand","embeddable":true,"href":"https:\/\/advancedsofttissuerelease.com\/es\/wp-json\/wp\/v2\/product_brand?post=10119"},{"taxonomy":"product_cat","embeddable":true,"href":"https:\/\/advancedsofttissuerelease.com\/es\/wp-json\/wp\/v2\/product_cat?post=10119"},{"taxonomy":"product_tag","embeddable":true,"href":"https:\/\/advancedsofttissuerelease.com\/es\/wp-json\/wp\/v2\/product_tag?post=10119"},{"taxonomy":"woo-feed-brand","embeddable":true,"href":"https:\/\/advancedsofttissuerelease.com\/es\/wp-json\/wp\/v2\/woo-feed-brand?post=10119"}],"curies":[{"name":"wp","href":"https:\/\/api.w.org\/{rel}","templated":true}]}}