{"id":10139,"date":"2020-03-09T12:33:51","date_gmt":"2020-03-09T18:33:51","guid":{"rendered":"https:\/\/advancedsofttissuerelease.com\/?post_type=product&#038;p=10139"},"modified":"2025-09-23T20:40:29","modified_gmt":"2025-09-24T00:40:29","slug":"kit-de-apoyo-inmunologico-2","status":"publish","type":"product","link":"https:\/\/advancedsofttissuerelease.com\/es\/product\/immune-support-kit\/","title":{"rendered":"Kit de apoyo inmunol\u00f3gico"},"content":{"rendered":"<h1><span style=\"font-size: 12pt; color: #333333;\"><strong>Kit de suplementos de apoyo inmunol\u00f3gico<\/strong><\/span><\/h1>\n<p><span style=\"color: #333333;\">En este programa paso a paso, el Dr. Jacobs le mostrar\u00e1 c\u00f3mo fortalecer r\u00e1pida y efectivamente la funci\u00f3n de su sistema inmunol\u00f3gico al implementar la dieta antiinflamatoria de ASTR con nuestro kit de suplementos de apoyo inmunol\u00f3gico. Si est\u00e1 experimentando una infecci\u00f3n a corto plazo o cr\u00f3nica, \u00a1este kit iniciar\u00e1 su viaje para mejorar la funci\u00f3n de su sistema inmunol\u00f3gico para combatir la infecci\u00f3n!<\/span><\/p>\n<p><span style=\"color: #333333;\"><strong>El kit de suplementos de apoyo inmunol\u00f3gico incluye<\/strong><\/span><\/p>\n<ol>\n<li><span style=\"color: #333333;\">Mushroom Active<\/span><\/li>\n<li><span style=\"color: #333333;\">Zinc Activo<\/span><\/li>\n<li><span style=\"color: #333333;\">K2 y D3 completos<\/span><\/li>\n<li>yodo activo<\/li>\n<li>NAC<\/li>\n<li><span style=\"color: #333333;\">Vitamina C y bioflavonoides\u00a0<\/span><\/li>\n<li><span style=\"color: #333333;\">ASTR diet, including recipes<\/span><\/li>\n<\/ol>\n<p><a href=\"https:\/\/advancedsofttissuerelease.com\/es\/producto\/suprarrenal-2-3\/\"><strong><span style=\"color: #0000ff;\"><span style=\"caret-color: #0000ff;\"><u>Mushroom Active &gt;<\/u><\/span><\/span><\/strong><\/a><\/p>\n<ul>\n<li>Reduces fatigue and improves stress resilience<\/li>\n<li>Supports the immune system<\/li>\n<li>Helps eliminate unwanted organisms<\/li>\n<li>Supports modulate and strengthen the immune response<\/li>\n<li>Apoya el equilibrio inflamatorio normal<\/li>\n<li>Supports the body\u2019s response to stress<\/li>\n<\/ul>\n<p><span style=\"color: #0000ff;\"><a style=\"color: #0000ff;\" href=\"https:\/\/advancedsofttissuerelease.com\/es\/producto\/zinc-activo-2\/\"><strong>Zinc activo &gt;<\/strong><\/a><\/span><\/p>\n<ul>\n<li><span style=\"color: #333333;\">Apoya el sistema inmunol\u00f3gico<\/span><\/li>\n<li><span style=\"color: #333333;\">Apoya la funci\u00f3n neurol\u00f3gica<\/span><\/li>\n<li><span style=\"color: #333333;\">Apoya el metabolismo de los nutrientes.<\/span><\/li>\n<li><span style=\"color: #333333;\">Apoya la salud reproductiva<\/span><\/li>\n<li><span style=\"color: #333333;\">Apoya el equilibrio hormonal<\/span><\/li>\n<li><span style=\"color: #333333;\">Apoyar la percepci\u00f3n sensorial<\/span><\/li>\n<li><span style=\"color: #333333;\">Apoya la actividad antioxidante<\/span><\/li>\n<li><span style=\"color: #333333;\">Apoya las reacciones enzim\u00e1ticas.<\/span><\/li>\n<li><span style=\"color: #333333;\">Apoya el metabolismo de las prote\u00ednas<\/span><\/li>\n<\/ul>\n<p><a href=\"https:\/\/advancedsofttissuerelease.com\/es\/producto\/vitamina-c-y-bioflavonoides-2\/\"><strong>Vitamina C y bioflavonoides &gt;\u00a0<\/strong><\/a><\/p>\n<ul>\n<li>F\u00f3rmula de vitamina C de alta potencia<\/li>\n<li>Apoya el sistema inmunol\u00f3gico<\/li>\n<li>Apoya los sistemas antioxidantes<\/li>\n<li>Apoyar la s\u00edntesis de vasos sangu\u00edneos<\/li>\n<li>Apoya la producci\u00f3n de col\u00e1geno.<\/li>\n<li>Apoya la producci\u00f3n de carnitina<\/li>\n<li>Apoya la producci\u00f3n de neurotransmisores<\/li>\n<\/ul>\n<p>La vitamina C y los bioflavonoides combinan vitamina C de alta potencia con un complejo de bioflavonoides c\u00edtricos de espectro completo estandarizado. Tanto la vitamina C como los bioflavonoides han sido ampliamente investigados por sus funciones en el apoyo a la funci\u00f3n antioxidante e inmunol\u00f3gica. Adem\u00e1s, la investigaci\u00f3n indica que la vitamina C es necesaria para la s\u00edntesis de col\u00e1geno, neurotransmisores y carnitina. Los bioflavonoides parecen apoyar el metabolismo y la cognici\u00f3n saludables al funcionar como agentes de se\u00f1alizaci\u00f3n celular.*<\/p>\n<p><span style=\"color: #0000ff;\"><a style=\"color: #0000ff;\" href=\"https:\/\/advancedsofttissuerelease.com\/es\/producto\/activo-con-yodo-2\/\"><strong>yodo activo &gt;<\/strong><\/a><\/span><\/p>\n<ul>\n<li>Apoya la salud de la tiroides<\/li>\n<li>Ayuda a mantener el tejido mamario sano.<\/li>\n<li>Apoya la s\u00edntesis saludable de hormonas tiroideas<\/li>\n<li>Reducir el estr\u00e9s oxidativo<\/li>\n<li>Apoya ojos saludables<\/li>\n<li>Apoya el sistema inmunol\u00f3gico<\/li>\n<li>Apoya el proceso de desintoxicaci\u00f3n<\/li>\n<li>Apoya el revestimiento gastrointestinal saludable<\/li>\n<li>antioxidante<\/li>\n<\/ul>\n<p><a href=\"https:\/\/advancedsofttissuerelease.com\/es\/producto\/nac-n-acetyl-l-cysteine\/\"><span style=\"font-size: 12pt; color: #0000ff;\"><strong>N-acetil-L-ciste\u00edna (NAC) &gt;<\/strong><\/span><\/a><\/p>\n<div class=\"page\" title=\"P\u00e1gina 1\">\n<div class=\"section\">\n<div class=\"layoutArea\">\n<div class=\"column\">\n<ul>\n<li>Apoya la s\u00edntesis de glutati\u00f3n<\/li>\n<li>Apoya la desintoxicaci\u00f3n de toxinas y contaminantes ambientales.<\/li>\n<li>Apoya la funci\u00f3n inmunol\u00f3gica<\/li>\n<li>Apoya la funci\u00f3n hep\u00e1tica<\/li>\n<li>Apoya la actividad antioxidante en todas las c\u00e9lulas del cuerpo.<\/li>\n<li>Apoya la funci\u00f3n respiratoria saludable<\/li>\n<\/ul>\n<\/div>\n<\/div>\n<\/div>\n<\/div>\n<div class=\"page\" title=\"P\u00e1gina 1\">\n<div class=\"section\">\n<div class=\"layoutArea\">\n<div class=\"column\">\n<p><span style=\"color: #0000ff;\"><a style=\"color: #0000ff;\" href=\"https:\/\/advancedsofttissuerelease.com\/es\/producto\/k2-d3-completa-2\/\"><strong>K2 y D3 completos &gt;<\/strong><\/a><\/span><\/p>\n<ul>\n<li><span style=\"color: #333333;\">Apoya la circulaci\u00f3n sangu\u00ednea saludable<\/span><\/li>\n<li><span style=\"color: #333333;\">Promueve la salud \u00f3sea \u00f3ptima<\/span><\/li>\n<li><span style=\"color: #333333;\">Promueve el almacenamiento adecuado de calcio<\/span><\/li>\n<li><span style=\"color: #333333;\">Mantiene la funci\u00f3n cardiometab\u00f3lica saludable<\/span><\/li>\n<li><span style=\"color: #333333;\">Apoya la elasticidad arterial<\/span><\/li>\n<li><span style=\"color: #333333;\">Aumenta la funci\u00f3n inmunol\u00f3gica<\/span><\/li>\n<li><span style=\"color: #333333;\">Apoya el equilibrio saludable de calcio<\/span><\/li>\n<li><span style=\"color: #333333;\">Apoya el equilibrio del az\u00facar en la sangre<\/span><\/li>\n<\/ul>\n<p><span style=\"color: #333333;\">La investigaci\u00f3n actual ha encontrado que la suplementaci\u00f3n de alta concentraci\u00f3n de K2, a 180 mcg\/d\u00eda, produce mejores resultados cl\u00ednicos en comparaci\u00f3n con la suplementaci\u00f3n en dosis m\u00e1s bajas*. K2 &amp; D3 complete proporciona 180 mcg de MenaQ7\u00ae PRO, la forma de vitamina K2 m\u00e1s estudiada como MK-7, junto con 5000 UI de vitamina D3 para un soporte \u00f3ptimo de la salud \u00f3sea y cardiovascular.<\/span><\/p>\n<\/div>\n<\/div>\n<\/div>\n<\/div>\n<p style=\"text-align: center;\"><span style=\"font-size: 8pt; color: #333333;\">*Estas declaraciones no han sido evaluadas por la Administraci\u00f3n de Alimentos y Medicamentos. Este producto no est\u00e1 destinado a diagnosticar, tratar, curar o prevenir ninguna enfermedad.\u00a0<\/span><\/p>","protected":false},"excerpt":{"rendered":"<p><span class=\"\">Programa paso a paso que incluye consejos de apoyo inmunitario,\u00a0<\/span><span class=\"\">plan de nutrici\u00f3n, <\/span><span class=\"\">recetas, listas de compras y suplementos que lo ayudar\u00e1n a abordar la fuente de sus problemas de salud subyacentes.<\/span><\/p>","protected":false},"featured_media":41982,"template":"","meta":{"_analytify_skip_tracking":false},"product_brand":[],"product_cat":[1782],"product_tag":[1993,534,1792,2367,1885,529,1412,1807],"woo-feed-brand":[],"class_list":{"0":"post-10139","1":"product","2":"type-product","3":"status-publish","4":"has-post-thumbnail","6":"product_cat-health-supplement-kits","7":"product_tag-immune-support-supplements","8":"product_tag-immune-system","9":"product_tag-magnesium-active","10":"product_tag-mushroom-complex","11":"product_tag-nac","12":"product_tag-vitamin-c","13":"product_tag-vitamin-d3","14":"product_tag-zinc-active","15":"product_shipping_class-regular-shipping","17":"first","18":"instock","19":"sale","20":"taxable","21":"shipping-taxable","22":"purchasable","23":"product-type-simple"},"exclude_global_add_ons":[],"addons":[],"_links":{"self":[{"href":"https:\/\/advancedsofttissuerelease.com\/es\/wp-json\/wp\/v2\/product\/10139","targetHints":{"allow":["GET"]}}],"collection":[{"href":"https:\/\/advancedsofttissuerelease.com\/es\/wp-json\/wp\/v2\/product"}],"about":[{"href":"https:\/\/advancedsofttissuerelease.com\/es\/wp-json\/wp\/v2\/types\/product"}],"version-history":[{"count":0,"href":"https:\/\/advancedsofttissuerelease.com\/es\/wp-json\/wp\/v2\/product\/10139\/revisions"}],"wp:featuredmedia":[{"embeddable":true,"href":"https:\/\/advancedsofttissuerelease.com\/es\/wp-json\/wp\/v2\/media\/41982"}],"wp:attachment":[{"href":"https:\/\/advancedsofttissuerelease.com\/es\/wp-json\/wp\/v2\/media?parent=10139"}],"wp:term":[{"taxonomy":"product_brand","embeddable":true,"href":"https:\/\/advancedsofttissuerelease.com\/es\/wp-json\/wp\/v2\/product_brand?post=10139"},{"taxonomy":"product_cat","embeddable":true,"href":"https:\/\/advancedsofttissuerelease.com\/es\/wp-json\/wp\/v2\/product_cat?post=10139"},{"taxonomy":"product_tag","embeddable":true,"href":"https:\/\/advancedsofttissuerelease.com\/es\/wp-json\/wp\/v2\/product_tag?post=10139"},{"taxonomy":"woo-feed-brand","embeddable":true,"href":"https:\/\/advancedsofttissuerelease.com\/es\/wp-json\/wp\/v2\/woo-feed-brand?post=10139"}],"curies":[{"name":"wp","href":"https:\/\/api.w.org\/{rel}","templated":true}]}}