{"id":10516,"date":"2020-03-16T13:26:44","date_gmt":"2020-03-16T19:26:44","guid":{"rendered":"https:\/\/advancedsofttissuerelease.com\/?post_type=product&#038;p=10516"},"modified":"2025-09-23T20:00:30","modified_gmt":"2025-09-24T00:00:30","slug":"kit-salud-intestinal-2","status":"publish","type":"product","link":"https:\/\/advancedsofttissuerelease.com\/es\/product\/gut-health-kit\/","title":{"rendered":"Kit de salud intestinal"},"content":{"rendered":"<h1><span style=\"font-size: 12pt; color: #333333;\"><strong>Kit de suplementos para la salud intestinal<\/strong><\/span><\/h1>\n<p>En este programa paso a paso, el Dr. Jacobs le mostrar\u00e1 c\u00f3mo reducir r\u00e1pida y eficazmente los problemas intestinales (gastrointestinales) al implementar la dieta antiinflamatoria de ASTR con nuestro kit de suplementos para la salud intestinal. Si tiene problemas gastrointestinales cr\u00f3nicos o a corto plazo, \u00a1este kit lo ayudar\u00e1 a vivir sin las molestias diarias que experimenta actualmente!<\/p>\n<p><span style=\"color: #333333;\"><strong>El kit de suplementos para la salud intestinal incluye<\/strong><\/span><\/p>\n<ol>\n<li><span style=\"color: #333333;\">GI<\/span><\/li>\n<li><span style=\"color: #333333;\">GI e inmune<\/span><\/li>\n<li>Probiotic Max<\/li>\n<li>Enzimas<\/li>\n<li><span style=\"color: #333333;\">ASTR diet, including recipes<\/span><\/li>\n<\/ol>\n<p><span style=\"color: #0000ff;\"><strong><a style=\"color: #0000ff;\" href=\"https:\/\/advancedsofttissuerelease.com\/es\/producto\/soldado-americano-2\/\">GI &gt;<\/a><\/strong><\/span><\/p>\n<ul>\n<li>Apoya la integridad y el funcionamiento \u00f3ptimo del tracto gastrointestinal<\/li>\n<li>Apoya la mucosa gastrointestinal<\/li>\n<li>Apoya la inulina prebi\u00f3tica<\/li>\n<\/ul>\n<p>El suplemento ASTR GI apoya la integridad y el funcionamiento \u00f3ptimo del tracto gastrointestinal. GI presenta L-glutamina, zinc y \u00e1cido pantot\u00e9nico para ayudar a la mucosa gastrointestinal y la inulina prebi\u00f3tica para nutrir las c\u00e9lulas de la mucosa. Tambi\u00e9n cuenta con extracto de hoja de aloe, que tradicionalmente se ha utilizado para una funci\u00f3n gastrointestinal \u00f3ptima.*<\/p>\n<p><span style=\"color: #0000ff;\"><a style=\"color: #0000ff;\" href=\"https:\/\/advancedsofttissuerelease.com\/es\/producto\/gi-inmune-2\/\"><strong>GI e inmune &gt;<\/strong><\/a><\/span><\/p>\n<ul>\n<li>Promueve el equilibrio microbiano<\/li>\n<li>Ayuda a mantener el confort gastrointestinal.<\/li>\n<li>Apoya el funcionamiento inmunol\u00f3gico saludable<\/li>\n<li>Aporta nutrientes que aumentan la protecci\u00f3n antioxidante<\/li>\n<li>Mejora la funci\u00f3n inmunol\u00f3gica<\/li>\n<li>Apoya la respuesta inmune natural<\/li>\n<\/ul>\n<p><span style=\"color: #0000ff;\"><strong><a style=\"color: #0000ff;\" href=\"https:\/\/advancedsofttissuerelease.com\/es\/producto\/probiotico-max-2\/\">Probi\u00f3tico Max \u2013 18 cepas&gt;<\/a><\/strong><\/span><\/p>\n<ul>\n<li>Apoya una microbiota saludable<\/li>\n<li>Apoya la respuesta inmune natural<\/li>\n<li>Apoya la digesti\u00f3n de la lactosa<\/li>\n<li>Apoya la regularidad intestinal<\/li>\n<li>Apoya un microbioma intestinal saludable<\/li>\n<li>Seleccionado por su viabilidad y estabilidad<\/li>\n<\/ul>\n<p>El suplemento ASTR Probiotic Max apoya una microbiota saludable, la respuesta inmune natural, la digesti\u00f3n de la lactosa y la regularidad intestinal. Probiotic Max Strain presenta diversas cepas probi\u00f3ticas para apoyar un microbioma intestinal saludable. Estas cepas no solo fueron seleccionadas por sus beneficios para la salud y acciones complementarias, sino tambi\u00e9n por su viabilidad y estabilidad. Para proteger a las bacterias de la luz y la humedad, se utilizan envases opacos y revestidos con aluminio para ambas f\u00f3rmulas.*<\/p>\n<p><span style=\"color: #0000ff;\"><a style=\"color: #0000ff;\" href=\"https:\/\/advancedsofttissuerelease.com\/es\/producto\/enzimas-2\/\"><strong>Enzimas &gt;<\/strong><\/a><\/span><\/p>\n<ul>\n<li>Apoya la digesti\u00f3n saludable de los macronutrientes.<\/li>\n<li>Mejora la absorci\u00f3n de nutrientes.<\/li>\n<li>Apoya la descomposici\u00f3n de los polisac\u00e1ridos.<\/li>\n<li>Apoya el funcionamiento del p\u00e1ncreas<\/li>\n<li>Apoya la descomposici\u00f3n de la lactosa.<\/li>\n<\/ul>\n<p>Los suplementos de enzimas ASTR apoyan tanto la digesti\u00f3n saludable como la absorci\u00f3n de macronutrientes. Enzymes est\u00e1 dise\u00f1ado para ayudar a la digesti\u00f3n de grasas, prote\u00ednas, carbohidratos, fibra y lactosa. ASTR cre\u00f3 enzimas usando una mir\u00edada de diferentes enzimas digestivas clave para funcionar dentro de un amplio rango de pH.*<\/p>\n<p><strong>NO CONTIENE:<\/strong>\u00a0 gluten, colorantes artificiales, conservantes artificiales o edulcorantes artificiales.<\/p>\n<p style=\"text-align: center;\"><span style=\"font-size: 8pt; color: #333333;\">*Estas declaraciones no han sido evaluadas por la Administraci\u00f3n de Alimentos y Medicamentos. Este producto no est\u00e1 destinado a diagnosticar, tratar, curar o prevenir ninguna enfermedad.\u00a0<\/span><\/p>","protected":false},"excerpt":{"rendered":"<p><span class=\"\">Programa paso a paso que incluye consejos para la salud intestinal,\u00a0<\/span><span class=\"\">plan de nutrici\u00f3n, <\/span><span class=\"\">recetas, listas de compras y suplementos que lo ayudar\u00e1n a abordar la fuente de sus problemas de salud subyacentes.<\/span><\/p>","protected":false},"featured_media":37354,"template":"","meta":{"_analytify_skip_tracking":false},"product_brand":[],"product_cat":[1782],"product_tag":[644,1898,662,1895,1896,1897],"woo-feed-brand":[],"class_list":{"0":"post-10516","1":"product","2":"type-product","3":"status-publish","4":"has-post-thumbnail","6":"product_cat-health-supplement-kits","7":"product_tag-enzymes","8":"product_tag-fiber","9":"product_tag-gi","10":"product_tag-gut-supplements","11":"product_tag-leaky-gut-supplements","12":"product_tag-probiotics","13":"product_shipping_class-regular-shipping","15":"first","16":"instock","17":"sale","18":"taxable","19":"shipping-taxable","20":"purchasable","21":"product-type-simple"},"exclude_global_add_ons":[],"addons":[],"_links":{"self":[{"href":"https:\/\/advancedsofttissuerelease.com\/es\/wp-json\/wp\/v2\/product\/10516","targetHints":{"allow":["GET"]}}],"collection":[{"href":"https:\/\/advancedsofttissuerelease.com\/es\/wp-json\/wp\/v2\/product"}],"about":[{"href":"https:\/\/advancedsofttissuerelease.com\/es\/wp-json\/wp\/v2\/types\/product"}],"version-history":[{"count":0,"href":"https:\/\/advancedsofttissuerelease.com\/es\/wp-json\/wp\/v2\/product\/10516\/revisions"}],"wp:featuredmedia":[{"embeddable":true,"href":"https:\/\/advancedsofttissuerelease.com\/es\/wp-json\/wp\/v2\/media\/37354"}],"wp:attachment":[{"href":"https:\/\/advancedsofttissuerelease.com\/es\/wp-json\/wp\/v2\/media?parent=10516"}],"wp:term":[{"taxonomy":"product_brand","embeddable":true,"href":"https:\/\/advancedsofttissuerelease.com\/es\/wp-json\/wp\/v2\/product_brand?post=10516"},{"taxonomy":"product_cat","embeddable":true,"href":"https:\/\/advancedsofttissuerelease.com\/es\/wp-json\/wp\/v2\/product_cat?post=10516"},{"taxonomy":"product_tag","embeddable":true,"href":"https:\/\/advancedsofttissuerelease.com\/es\/wp-json\/wp\/v2\/product_tag?post=10516"},{"taxonomy":"woo-feed-brand","embeddable":true,"href":"https:\/\/advancedsofttissuerelease.com\/es\/wp-json\/wp\/v2\/woo-feed-brand?post=10516"}],"curies":[{"name":"wp","href":"https:\/\/api.w.org\/{rel}","templated":true}]}}