{"id":10554,"date":"2020-03-17T10:02:40","date_gmt":"2020-03-17T16:02:40","guid":{"rendered":"https:\/\/advancedsofttissuerelease.com\/?post_type=product&#038;p=10554"},"modified":"2025-09-22T22:04:43","modified_gmt":"2025-09-23T02:04:43","slug":"kit-apoyo-para-dormir-2","status":"publish","type":"product","link":"https:\/\/advancedsofttissuerelease.com\/es\/product\/sleep-support-kit\/","title":{"rendered":"Kit de apoyo al sue\u00f1o"},"content":{"rendered":"<div dir=\"ltr\">\n<h1><strong><span class=\"\" style=\"font-size: 12pt; color: #333333;\">Kit de suplementos de apoyo al sue\u00f1o<\/span><\/strong><\/h1>\n<p>En este programa paso a paso, el Dr. Jacobs le mostrar\u00e1 c\u00f3mo implementar la dieta ASTR con nuestro kit de suplementos de apoyo para dormir para experimentar un sue\u00f1o \u00f3ptimo. Si experimenta insomnio a corto plazo o cr\u00f3nico, \u00a1este kit iniciar\u00e1 su viaje para experimentar un sue\u00f1o reparador!<\/p>\n<p><strong>El kit de suplemento de soporte para dormir incluye<\/strong><\/p>\n<ol>\n<li>omega activo<\/li>\n<li>Magnesio Activo<\/li>\n<li>B Activo<\/li>\n<li>ASTR diet, including recipes<\/li>\n<\/ol>\n<\/div>\n<p><span style=\"color: #0000ff;\"><a style=\"color: #0000ff;\" href=\"https:\/\/advancedsofttissuerelease.com\/es\/producto\/b-activo-2\/\"><strong>B Activo &gt;<\/strong><\/a><\/span><\/p>\n<ul>\n<li><span style=\"color: #333333;\">Apoya el metabolismo de los carbohidratos.<\/span><\/li>\n<li><span style=\"color: #333333;\">Apoya el funcionamiento del sistema nervioso.<\/span><\/li>\n<li><span style=\"color: #333333;\">Apoya el funcionamiento del sistema suprarrenal<\/span><\/li>\n<li><span style=\"color: #333333;\">Apoya el funcionamiento del sistema inmunol\u00f3gico.<\/span><\/li>\n<li><span style=\"color: #333333;\">Apoya la salud cardiovascular<\/span><\/li>\n<li><span style=\"color: #333333;\">Apoya la funci\u00f3n mental saludable y el estado de \u00e1nimo.<\/span><\/li>\n<\/ul>\n<p><span style=\"color: #333333;\">El suplemento activo ASTR B ayuda a apoyar el metabolismo de los carbohidratos, el funcionamiento del sistema nervioso\/suprarrenal\/inmunitario, la salud cardiovascular y el funcionamiento mental y el estado de \u00e1nimo saludables. B Active contiene todo el espectro de vitaminas B; formas activadas de B2, B6 y B12; benfotiamina; y folato.*<\/span><\/p>\n<p><span style=\"color: #0000ff;\"><a style=\"color: #0000ff;\" href=\"https:\/\/advancedsofttissuerelease.com\/es\/producto\/omega-activo-2\/\"><strong><span style=\"font-size: 12pt;\">Activo Omega &gt;<\/span><\/strong><\/a><\/span><\/p>\n<ul>\n<li>Apoya la salud cardiovascular<\/li>\n<li>Apoya el metabolismo del az\u00facar en la sangre<\/li>\n<li>Apoya la funci\u00f3n cognitiva<\/li>\n<li>Apoya el desarrollo cognitivo<\/li>\n<li>Apoya una piel sana<\/li>\n<li>Apoya las articulaciones saludables<\/li>\n<li>Apoya los tejidos conectivos saludables<\/li>\n<li>Aumenta la salud visual y ocular<\/li>\n<li>Mantiene el equilibrio inflamatorio normal.<\/li>\n<\/ul>\n<p><span style=\"color: #0000ff;\"><a style=\"color: #0000ff;\" href=\"https:\/\/advancedsofttissuerelease.com\/es\/producto\/magnesio-activo-2\/\"><strong>Magnesio Activo &gt;<\/strong><\/a><\/span><\/p>\n<ul>\n<li>Proporciona 3 formas de magnesio de alta absorci\u00f3n.<\/li>\n<li>Magnesio de alta concentraci\u00f3n para apoyo cardiovascular<\/li>\n<li>El magnesio juega un papel vital en cientos de actividades metab\u00f3licas<\/li>\n<li>Ayudar a mantener una presi\u00f3n arterial saludable<\/li>\n<li>Ayuda a mantener niveles saludables de glucosa.<\/li>\n<li>Promueve la producci\u00f3n de energ\u00eda.<\/li>\n<li>Favorece la relajaci\u00f3n muscular<\/li>\n<li>Apoya la funci\u00f3n muscular<\/li>\n<li>Apoyar la funci\u00f3n nerviosa<\/li>\n<\/ul>\n<p style=\"text-align: center;\"><span style=\"color: #333333; font-size: 8pt;\">Estas declaraciones no han sido evaluadas por la Administraci\u00f3n de Alimentos y Medicamentos. Este producto no est\u00e1 destinado a diagnosticar, tratar, curar o prevenir ninguna enfermedad.<\/span><\/p>","protected":false},"excerpt":{"rendered":"<p><span class=\"\">Programa paso a paso que incluye consejos de ayuda para dormir,\u00a0<\/span><span class=\"\">plan de nutrici\u00f3n, <\/span><span class=\"\">recetas, listas de compras y suplementos que lo ayudar\u00e1n a abordar la fuente de sus problemas de salud subyacentes.<\/span><\/p>","protected":false},"featured_media":48283,"template":"","meta":{"_analytify_skip_tracking":false},"product_brand":[],"product_cat":[1782],"product_tag":[1799,1949,1329,1408,1931,1930],"woo-feed-brand":[],"class_list":{"0":"post-10554","1":"product","2":"type-product","3":"status-publish","4":"has-post-thumbnail","6":"product_cat-health-supplement-kits","7":"product_tag-b-complex","8":"product_tag-insomnia-treatment","9":"product_tag-magnesium","10":"product_tag-omega-3","11":"product_tag-sleep-support","12":"product_tag-sleep-support-supplement","13":"product_shipping_class-regular-shipping","15":"first","16":"instock","17":"sale","18":"featured","19":"taxable","20":"shipping-taxable","21":"purchasable","22":"product-type-simple"},"exclude_global_add_ons":[],"addons":[],"_links":{"self":[{"href":"https:\/\/advancedsofttissuerelease.com\/es\/wp-json\/wp\/v2\/product\/10554","targetHints":{"allow":["GET"]}}],"collection":[{"href":"https:\/\/advancedsofttissuerelease.com\/es\/wp-json\/wp\/v2\/product"}],"about":[{"href":"https:\/\/advancedsofttissuerelease.com\/es\/wp-json\/wp\/v2\/types\/product"}],"version-history":[{"count":0,"href":"https:\/\/advancedsofttissuerelease.com\/es\/wp-json\/wp\/v2\/product\/10554\/revisions"}],"wp:featuredmedia":[{"embeddable":true,"href":"https:\/\/advancedsofttissuerelease.com\/es\/wp-json\/wp\/v2\/media\/48283"}],"wp:attachment":[{"href":"https:\/\/advancedsofttissuerelease.com\/es\/wp-json\/wp\/v2\/media?parent=10554"}],"wp:term":[{"taxonomy":"product_brand","embeddable":true,"href":"https:\/\/advancedsofttissuerelease.com\/es\/wp-json\/wp\/v2\/product_brand?post=10554"},{"taxonomy":"product_cat","embeddable":true,"href":"https:\/\/advancedsofttissuerelease.com\/es\/wp-json\/wp\/v2\/product_cat?post=10554"},{"taxonomy":"product_tag","embeddable":true,"href":"https:\/\/advancedsofttissuerelease.com\/es\/wp-json\/wp\/v2\/product_tag?post=10554"},{"taxonomy":"woo-feed-brand","embeddable":true,"href":"https:\/\/advancedsofttissuerelease.com\/es\/wp-json\/wp\/v2\/woo-feed-brand?post=10554"}],"curies":[{"name":"wp","href":"https:\/\/api.w.org\/{rel}","templated":true}]}}